{"id":1939,"date":"2024-12-16T09:14:41","date_gmt":"2024-12-16T09:14:41","guid":{"rendered":"https:\/\/mj-clothing.com\/?post_type=product&#038;p=1939"},"modified":"2024-12-17T03:42:51","modified_gmt":"2024-12-17T03:42:51","slug":"womens-spring-tops-2024","status":"publish","type":"product","link":"https:\/\/mj-clothing.com\/sl\/manufacturer\/womens-spring-tops-2024\/","title":{"rendered":"\u017denski spomladanski topi 2024"},"content":{"rendered":"<p data-sourcepos=\"1:1-1:118\"><span class=\"citation-0 recitation citation-end-0\">\u017denske majice za pomlad 2024 so me\u0161anica klasi\u010dnih stilov s sodobnimi preobrati.<\/span> Tukaj je nekaj glavnih trendov:<\/p>\n<h3 data-sourcepos=\"1:1-1:118\"><strong>1. \u017denske spomladanske majice 2024 Vzorci:<\/strong><\/h3>\n<ul data-sourcepos=\"5:1-7:0\">\n<li data-sourcepos=\"5:1-5:80\"><strong>Ne\u017eno cvetje:<\/strong> Mehki, romanti\u010dni cvetli\u010dni potiski so klasi\u010den pomladni trend.<\/li>\n<li data-sourcepos=\"6:1-7:0\"><strong>Drzne cvetlice:<\/strong> Veliki, \u017eivahni cvetli\u010dni vzorci so izraziti.<\/li>\n<\/ul>\n<h3 data-sourcepos=\"8:1-8:20\"><strong>2. \u017denske spomladanske majice 2024 Relaxed Fits:<\/strong><\/h3>\n<ul data-sourcepos=\"10:1-12:0\">\n<li data-sourcepos=\"10:1-10:99\"><strong>Prevelike silhuete:<\/strong> Udobni in elegantni preveliki topi so kot nala\u0161\u010d za vsakdanji videz.<\/li>\n<li data-sourcepos=\"11:1-12:0\"><strong>Valovite bluze:<\/strong> Lahke in zra\u010dne bluze so idealne za toplej\u0161e vreme.<\/li>\n<\/ul>\n<h3 data-sourcepos=\"13:1-13:21\"><strong>3. \u017denske spomladanske majice 2024 svetlih barv:<\/strong><\/h3>\n<ul data-sourcepos=\"15:1-17:0\">\n<li data-sourcepos=\"15:1-15:83\"><strong>Drzni odtenki:<\/strong> \u017divahne barve, kot so ro\u017enata, rumena in oran\u017ena, dodajo vesel pridih.<\/li>\n<li data-sourcepos=\"16:1-17:0\"><strong>Pastelni toni:<\/strong> Mehki pastelni odtenki, kot so sivka, metina zelena in otro\u0161ko modra, so kot nala\u0161\u010d za romanti\u010den videz.<\/li>\n<\/ul>\n<h3 data-sourcepos=\"18:1-18:24\"><strong>4. Edinstveni izrezi:<\/strong><\/h3>\n<ul data-sourcepos=\"20:1-23:0\">\n<li data-sourcepos=\"20:1-20:59\"><strong>Brez ramen:<\/strong> \u017denstven in laskav izrez.<\/li>\n<li data-sourcepos=\"21:1-21:55\"><strong>Kvadratni izrez:<\/strong> Sodoben in prefinjen videz.<\/li>\n<li data-sourcepos=\"22:1-23:0\"><strong>Eno ramo:<\/strong> Drzna in dramati\u010dna izbira.<\/li>\n<\/ul>\n<h3 data-sourcepos=\"24:1-24:24\"><strong>5. Teksturirane tkanine:<\/strong><\/h3>\n<ul data-sourcepos=\"26:1-29:0\">\n<li data-sourcepos=\"26:1-26:52\"><strong>\u010cipke:<\/strong> Dodaja pridih elegance in \u017eenstvenosti.<\/li>\n<li data-sourcepos=\"27:1-27:49\"><strong>Pletenine:<\/strong> Udobna in udobna za hladnej\u0161e dni.<\/li>\n<li data-sourcepos=\"28:1-29:0\"><strong>Saten:<\/strong> Razko\u0161na in glamurozna tkanina.<\/li>\n<\/ul>\n<h3 data-sourcepos=\"30:1-30:27\"><strong>6. Trajnostne tkanine:<\/strong><\/h3>\n<ul data-sourcepos=\"32:1-35:0\">\n<li data-sourcepos=\"32:1-32:44\"><strong>Organski bomba\u017e:<\/strong> Okolju prijazen in mehak.<\/li>\n<li data-sourcepos=\"33:1-33:50\"><strong>Recikliran poliester:<\/strong> Trajnostno in trajno.<\/li>\n<li data-sourcepos=\"34:1-35:0\"><strong><span class=\"citation-1 recitation\">Tencel:<\/span><\/strong><span class=\"citation-1 recitation citation-end-1\"> Tkanina, ki diha in odvaja vlago.<\/span><span class=\"button-container hide-from-message-actions ng-star-inserted\"> \u00a0<\/span>\n<div class=\"container ng-tns-c2946245707-383 hide\">\n<div class=\"carousel-container ng-tns-c2946245707-383\"><\/div>\n<\/div>\n<\/li>\n<\/ul>\n<p data-sourcepos=\"36:1-36:226\">Ne pozabite, da je najbolj\u0161i na\u010din, da najdete popoln spomladanski top, eksperimentiranje z razli\u010dnimi slogi, barvami in tkaninami. Pri izbiri upo\u0161tevajte svoj osebni slog in prilo\u017enost, za katero boste top nosili.<\/p>","protected":false},"excerpt":{"rendered":"<table style=\"height: 470px;\" width=\"398\">\n<tbody>\n<tr>\n<td width=\"146\"><strong><b>Izdelek<\/b><\/strong>\u00a0<strong><b>Ime:<\/b><\/strong><\/td>\n<td width=\"601\"><strong>\u017denski spomladanski topi 2024<\/strong><\/td>\n<\/tr>\n<tr>\n<td width=\"146\"><strong><b>Materlal:<\/b><\/strong><\/td>\n<td width=\"601\">Pletenje<\/td>\n<\/tr>\n<tr>\n<td width=\"146\"><strong><b>Tehnika:<\/b><\/strong><\/td>\n<td width=\"601\">Izvezen<\/td>\n<\/tr>\n<tr>\n<td width=\"146\"><strong><b>Slog:<\/b><\/strong><\/td>\n<td width=\"601\">Prilo\u017enostno<\/td>\n<\/tr>\n<tr>\n<td width=\"146\"><strong><b>Barva<\/b><\/strong><strong><b>:<\/b><\/strong><\/td>\n<td width=\"601\">\u00a0Barve po meri<\/td>\n<\/tr>\n<tr>\n<td width=\"146\"><strong><b>Velikost:<\/b><\/strong><\/td>\n<td width=\"601\">S \/M \/L \/XL \/2XL<\/td>\n<\/tr>\n<tr>\n<td width=\"146\"><strong><b>OEM\/ODM:<\/b><\/strong><\/td>\n<td width=\"601\">Sprejemljivo<\/td>\n<\/tr>\n<tr>\n<td width=\"146\"><strong><b>Kakovost:<\/b><\/strong><\/td>\n<td width=\"601\">100% Visoka kakovost<\/td>\n<\/tr>\n<tr>\n<td width=\"146\"><strong><b>M<\/b><\/strong><strong><b>OQ:<\/b><\/strong><\/td>\n<td width=\"601\">200 kosov<\/td>\n<\/tr>\n<\/tbody>\n<\/table>","protected":false},"featured_media":1940,"template":"","meta":[],"product_brand":[],"product_cat":[39],"product_tag":[],"class_list":{"0":"post-1939","1":"product","2":"type-product","3":"status-publish","4":"has-post-thumbnail","6":"product_cat-womens-clothing","8":"first","9":"instock","10":"shipping-taxable","11":"product-type-simple"},"_links":{"self":[{"href":"https:\/\/mj-clothing.com\/sl\/wp-json\/wp\/v2\/product\/1939","targetHints":{"allow":["GET"]}}],"collection":[{"href":"https:\/\/mj-clothing.com\/sl\/wp-json\/wp\/v2\/product"}],"about":[{"href":"https:\/\/mj-clothing.com\/sl\/wp-json\/wp\/v2\/types\/product"}],"wp:featuredmedia":[{"embeddable":true,"href":"https:\/\/mj-clothing.com\/sl\/wp-json\/wp\/v2\/media\/1940"}],"wp:attachment":[{"href":"https:\/\/mj-clothing.com\/sl\/wp-json\/wp\/v2\/media?parent=1939"}],"wp:term":[{"taxonomy":"product_brand","embeddable":true,"href":"https:\/\/mj-clothing.com\/sl\/wp-json\/wp\/v2\/product_brand?post=1939"},{"taxonomy":"product_cat","embeddable":true,"href":"https:\/\/mj-clothing.com\/sl\/wp-json\/wp\/v2\/product_cat?post=1939"},{"taxonomy":"product_tag","embeddable":true,"href":"https:\/\/mj-clothing.com\/sl\/wp-json\/wp\/v2\/product_tag?post=1939"}],"curies":[{"name":"wp","href":"https:\/\/api.w.org\/{rel}","templated":true}]}}