{"id":1946,"date":"2024-12-17T02:48:08","date_gmt":"2024-12-17T02:48:08","guid":{"rendered":"https:\/\/mj-clothing.com\/?post_type=product&#038;p=1946"},"modified":"2024-12-17T03:42:21","modified_gmt":"2024-12-17T03:42:21","slug":"easy-to-sew-womens-tops","status":"publish","type":"product","link":"https:\/\/mj-clothing.com\/sl\/manufacturer\/easy-to-sew-womens-tops\/","title":{"rendered":"Enostavno \u0161ivati \u017eenske vrhovi"},"content":{"rendered":"<div class=\"experimental-mode-disclaimer-container ng-star-inserted\">\n<div class=\"disclaimer\">\n<div class=\"disclaimer-text ng-star-inserted\"><\/div>\n<\/div>\n<\/div>\n<div id=\"model-response-message-contentr_97504a3a3735aa12\" class=\"markdown markdown-main-panel response-optimization\" dir=\"ltr\">\n<p data-sourcepos=\"1:1-1:139\">Sli\u0161i se, kot da i\u0161\u010dete Enostavno \u0161ivanje \u017eenskih majic! Tukaj je raz\u010dlenitev idej in virov za za\u010detek:<\/p>\n<h3 data-sourcepos=\"3:1-3:33\"><strong>Klju\u010dni elementi za enostavno \u0161ivanje \u017eenskih majic:<\/strong><\/h3>\n<ul data-sourcepos=\"5:1-9:0\">\n<li data-sourcepos=\"5:1-5:153\"><strong>Enostavne oblike:<\/strong> Poi\u0161\u010dite vzorce z osnovnimi oblikami, kot so pravokotniki, kvadrati ali minimalne krivulje. Ti zahtevajo manj zapleteno rezanje in sestavljanje.<\/li>\n<li data-sourcepos=\"6:1-6:172\"><strong><span class=\"citation-0 recitation\">Pletenine Tkanine:<\/span><\/strong><span class=\"citation-0 recitation citation-end-0\"> Te tkanine so raztegljive, zato so bolj prijazne za za\u010detnike.<\/span> Pogosto tudi ni treba zaklju\u010diti robov, kar vam prihrani \u010das.<span class=\"button-container hide-from-message-actions ng-star-inserted\">\u00a0 \u00a0<\/span>\n<div class=\"container ng-tns-c2960411664-24 hide\">\n<div class=\"carousel-container ng-tns-c2960411664-24\"><\/div>\n<\/div>\n<\/li>\n<li data-sourcepos=\"7:1-7:95\"><strong>Minimalni \u0161ivi:<\/strong> \u010cim manj \u0161ivov ima vzorec, tem hitreje in la\u017eje bo \u0161ivanje.<\/li>\n<li data-sourcepos=\"8:1-9:0\"><strong>Brez zapletenih zapiranj:<\/strong> Na za\u010detku se izogibajte vzorcem z zadrgami, luknjami za gumbe ali zapletenimi zapenjanji.<\/li>\n<\/ul>\n<h3 data-sourcepos=\"10:1-10:32\"><strong>Enostavno \u0161ivanje \u017eenskih vrhov za razmislek:<\/strong><\/h3>\n<ul data-sourcepos=\"12:1-17:0\">\n<li data-sourcepos=\"12:1-12:133\"><strong>Majice:<\/strong> Klasika z razlogom! <span class=\"citation-1 recitation citation-end-1\">Osnovni vzorci majic so na voljo in so odli\u010dno izhodi\u0161\u010de.<\/span><span class=\"button-container hide-from-message-actions ng-star-inserted\"> \u00a0<\/span>\n<div class=\"container ng-tns-c2960411664-25 hide\">\n<div class=\"carousel-container ng-tns-c2960411664-25\"><\/div>\n<\/div>\n<\/li>\n<li data-sourcepos=\"13:1-13:96\"><strong>Majice:<\/strong> Enostavne majice s \u0161irokimi naramnicami ali osnovnimi oblikami je zelo enostavno izdelati.<\/li>\n<li data-sourcepos=\"14:1-14:110\"><strong>Zgornji deli kimona:<\/strong> Pogosto gre za \u0161ivanje ravnih linij, ki so lahko izdelane iz \u010dudovitih drapiranih tkanin.<\/li>\n<li data-sourcepos=\"15:1-15:97\"><strong>Preproste tunike:<\/strong> Ohlapne tunike z minimalnim oblikovanjem so udobne in preproste za \u0161ivanje.<\/li>\n<li data-sourcepos=\"16:1-17:0\"><strong>Zbrane majice:<\/strong> Tope z elasti\u010dnimi izrezi ali nabranimi deli je presenetljivo preprosto izdelati.<\/li>\n<\/ul>\n<h3 data-sourcepos=\"18:1-18:43\"><strong>Kje enostavno \u0161ivati \u017eenske majice Poi\u0161\u010dite vzorce in navdih:<\/strong><\/h3>\n<ul data-sourcepos=\"20:1-24:0\">\n<li data-sourcepos=\"20:1-20:97\"><strong>Bistveno za \u0161ivanje:<\/strong> To spletno mesto ponuja razli\u010dne vzorce in vire za za\u010detnike.<\/li>\n<li data-sourcepos=\"21:1-21:99\"><strong>Enostavno \u0161ivanje:<\/strong> <span class=\"citation-2 recitation citation-end-2\">Osredoto\u010dajo se na preproste in elegantne vzorce z jasnimi navodili.<\/span><span class=\"button-container hide-from-message-actions ng-star-inserted\">\u00a0<\/span>\n<div class=\"container ng-tns-c2960411664-26 hide\">\n<div class=\"carousel-container ng-tns-c2960411664-26\"><\/div>\n<\/div>\n<\/li>\n<li data-sourcepos=\"22:1-22:120\"><strong><span class=\"citation-3 recitation\">Pinterest:<\/span><\/strong><span class=\"citation-3 recitation citation-end-3\"> Zakladnica idej DIY, vklju\u010dno s \u0161tevilnimi brezpla\u010dnimi vadnicami in vzorci za enostavne vrhove.<\/span><span class=\"button-container hide-from-message-actions ng-star-inserted\"> \u00a0<\/span>\n<div class=\"container ng-tns-c2960411664-27 hide\">\n<div class=\"carousel-container ng-tns-c2960411664-27\"><\/div>\n<\/div>\n<\/li>\n<li data-sourcepos=\"23:1-24:0\"><strong>Simplicity, McCall's, Butterick:<\/strong> Ta podjetja imajo \u0161iroko paleto vzorcev, ki so pogosto razvr\u0161\u010deni po stopnjah znanja.<\/li>\n<\/ul>\n<h3 data-sourcepos=\"25:1-25:23\"><strong>Nasveti za za\u010detnike:<\/strong><\/h3>\n<ul data-sourcepos=\"27:1-31:0\">\n<li data-sourcepos=\"27:1-27:102\"><strong>Za\u010dnite s preprostim projektom:<\/strong> V prvem poskusu se ne posku\u0161ajte lotiti ne\u010desa preve\u010d zapletenega.<\/li>\n<li data-sourcepos=\"28:1-28:99\"><strong>Izberite pravo tkanino:<\/strong> S pleteninami je na splo\u0161no la\u017eje delati kot s tkaninami.<\/li>\n<li data-sourcepos=\"29:1-29:93\"><strong>Pozorno preberite navodila:<\/strong> Preden za\u010dnete, se prepri\u010dajte, da ste razumeli vse korake.<\/li>\n<li data-sourcepos=\"30:1-31:0\"><strong>Ne bojte se prositi za pomo\u010d:<\/strong> Na voljo so \u0161tevilne spletne skupnosti in viri, ki vam bodo pomagali, \u010de se vam bo zataknilo.<\/li>\n<\/ul>\n<p data-sourcepos=\"32:1-32:128\">Pripravljen sem vam pomagati, \u010de imate kak\u0161na posebna vpra\u0161anja ali \u017eelite raziskati dolo\u010den slog zgornjega dela. Povejte mi!<\/p>\n<\/div>\n<div class=\"skeleton-loader-container\"><\/div>","protected":false},"excerpt":{"rendered":"<table style=\"height: 518px;\" width=\"411\">\n<tbody>\n<tr>\n<td width=\"146\"><strong><b>Izdelek<\/b><\/strong>\u00a0<strong><b>Ime:<\/b><\/strong><\/td>\n<td width=\"601\"><strong>Enostavno \u0161ivati \u017eenske vrhovi<\/strong><\/td>\n<\/tr>\n<tr>\n<td width=\"146\"><strong><b>Materlal:<\/b><\/strong><\/td>\n<td width=\"601\">Pletenje<\/td>\n<\/tr>\n<tr>\n<td width=\"146\"><strong><b>Tehnika:<\/b><\/strong><\/td>\n<td width=\"601\">Izvezen<\/td>\n<\/tr>\n<tr>\n<td width=\"146\"><strong><b>Slog:<\/b><\/strong><\/td>\n<td width=\"601\">Prilo\u017enostno<\/td>\n<\/tr>\n<tr>\n<td width=\"146\"><strong><b>Barva<\/b><\/strong><strong><b>:<\/b><\/strong><\/td>\n<td width=\"601\">\u00a0Barve po meri<\/td>\n<\/tr>\n<tr>\n<td width=\"146\"><strong><b>Velikost:<\/b><\/strong><\/td>\n<td width=\"601\">S \/M \/L \/XL \/2XL<\/td>\n<\/tr>\n<tr>\n<td width=\"146\"><strong><b>OEM\/ODM:<\/b><\/strong><\/td>\n<td width=\"601\">Sprejemljivo<\/td>\n<\/tr>\n<tr>\n<td width=\"146\"><strong><b>Kakovost:<\/b><\/strong><\/td>\n<td width=\"601\">100% Visoka kakovost<\/td>\n<\/tr>\n<tr>\n<td width=\"146\"><strong><b>M<\/b><\/strong><strong><b>OQ:<\/b><\/strong><\/td>\n<td width=\"601\">200 kosov<\/td>\n<\/tr>\n<\/tbody>\n<\/table>","protected":false},"featured_media":1956,"template":"","meta":[],"product_brand":[],"product_cat":[39],"product_tag":[],"class_list":{"0":"post-1946","1":"product","2":"type-product","3":"status-publish","4":"has-post-thumbnail","6":"product_cat-womens-clothing","8":"first","9":"instock","10":"shipping-taxable","11":"product-type-simple"},"_links":{"self":[{"href":"https:\/\/mj-clothing.com\/sl\/wp-json\/wp\/v2\/product\/1946","targetHints":{"allow":["GET"]}}],"collection":[{"href":"https:\/\/mj-clothing.com\/sl\/wp-json\/wp\/v2\/product"}],"about":[{"href":"https:\/\/mj-clothing.com\/sl\/wp-json\/wp\/v2\/types\/product"}],"wp:featuredmedia":[{"embeddable":true,"href":"https:\/\/mj-clothing.com\/sl\/wp-json\/wp\/v2\/media\/1956"}],"wp:attachment":[{"href":"https:\/\/mj-clothing.com\/sl\/wp-json\/wp\/v2\/media?parent=1946"}],"wp:term":[{"taxonomy":"product_brand","embeddable":true,"href":"https:\/\/mj-clothing.com\/sl\/wp-json\/wp\/v2\/product_brand?post=1946"},{"taxonomy":"product_cat","embeddable":true,"href":"https:\/\/mj-clothing.com\/sl\/wp-json\/wp\/v2\/product_cat?post=1946"},{"taxonomy":"product_tag","embeddable":true,"href":"https:\/\/mj-clothing.com\/sl\/wp-json\/wp\/v2\/product_tag?post=1946"}],"curies":[{"name":"wp","href":"https:\/\/api.w.org\/{rel}","templated":true}]}}