{"id":1957,"date":"2024-12-17T02:54:13","date_gmt":"2024-12-17T02:54:13","guid":{"rendered":"https:\/\/mj-clothing.com\/?post_type=product&#038;p=1957"},"modified":"2024-12-18T06:10:01","modified_gmt":"2024-12-18T06:10:01","slug":"womens-shell-top","status":"publish","type":"product","link":"https:\/\/mj-clothing.com\/sl\/manufacturer\/womens-shell-top\/","title":{"rendered":"\u017denski zgornji del s \u0161koljko"},"content":{"rendered":"<p data-sourcepos=\"1:1-1:134\"><span class=\"citation-0 recitation citation-end-0\">\u017denski zgornji del s \u0161koljko je vsestranski in klasi\u010den kos garderobe.<\/span> Tukaj je raz\u010dlenitev, kaj je to in zakaj je tako priljubljen:<span class=\"button-container hide-from-message-actions ng-star-inserted\"> \u00a0<\/span><\/p>\n<h3 data-sourcepos=\"3:1-3:24\"><strong>Kaj je \u017eenski zgornji del \u0161koljke?<\/strong><\/h3>\n<ul data-sourcepos=\"5:1-9:0\">\n<li data-sourcepos=\"5:1-5:173\"><strong><span class=\"citation-1 recitation\">Preprosto in brez rokavov:<\/span><\/strong><span class=\"citation-1 recitation citation-end-1\"> To je v bistvu osnovna majica brez rokavov.<\/span> Pogosto ima preprost izrez (kot je izrez v obliki \u010drpalke, vratu ali V-izreza) in nima ovratnika.<span class=\"button-container hide-from-message-actions ng-star-inserted\"> \u00a0<\/span>\n<div class=\"container ng-tns-c2960411664-35 hide\">\n<div class=\"carousel-container ng-tns-c2960411664-35\"><\/div>\n<\/div>\n<\/li>\n<li data-sourcepos=\"6:1-6:278\"><strong>Vsestranska tkanina:<\/strong> <span class=\"citation-2 recitation citation-end-2\">Zgornji del je lahko izdelan iz razli\u010dnih tkanin, kot so bomba\u017e, svila, lan, umetno vlakno ali me\u0161anice.<\/span> <span class=\"citation-3 recitation citation-end-3\">Izbira tkanine lahko mo\u010dno vpliva na videz in po\u010dutje majice, zato je primerna za vsakdanje ali bolj formalne prilo\u017enosti.<\/span>\n<div class=\"container ng-tns-c2960411664-36 hide\">\n<div class=\"carousel-container ng-tns-c2960411664-36\"><\/div>\n<\/div>\n<\/li>\n<li data-sourcepos=\"7:1-7:186\"><strong>Pomembno je plastenje:<\/strong> Mi\u0161ice so odli\u010dne za obla\u010denje pod jopicami, blazerji, suknji\u010di ali celo prosojnimi topi. Zagotavljajo gladek osnovni sloj, ne da bi pove\u010dali obseg rok.<\/li>\n<li data-sourcepos=\"8:1-9:0\"><strong><span class=\"citation-4 recitation\">Samostojni kos:<\/span><\/strong><span class=\"citation-4 recitation citation-end-4\"> \u010ceprav so odli\u010dne za plastenje, jih lahko nosite tudi samostojno, zlasti v toplej\u0161em vremenu.<\/span>\n<div class=\"container ng-tns-c2960411664-37 hide\">\n<div class=\"carousel-container ng-tns-c2960411664-37\"><\/div>\n<\/div>\n<\/li>\n<\/ul>\n<h3 data-sourcepos=\"10:1-10:24\"><strong>Glavne zna\u010dilnosti:<\/strong><\/h3>\n<ul data-sourcepos=\"12:1-15:0\">\n<li data-sourcepos=\"12:1-12:120\"><strong>\u010ciste linije:<\/strong> Zgornji deli obla\u010dil so obi\u010dajno \u010diste in preproste oblike, brez pretiranih okraskov ali podrobnosti.<\/li>\n<li data-sourcepos=\"13:1-13:128\"><strong>Prilagojena ali polprilagojena:<\/strong> Obi\u010dajno so oblikovane tako, da se prilegajo telesu in oblikujejo laskavo silhueto.<\/li>\n<li data-sourcepos=\"14:1-15:0\"><strong>Brez\u010dasen slog:<\/strong> Majica je klasi\u010den kos, ki zaradi svoje preprostosti in prilagodljivosti \u017ee desetletja ostaja stilsko dovr\u0161en.<\/li>\n<\/ul>\n<h3 data-sourcepos=\"16:1-16:25\"><strong>Zakaj so \u017eenske Shell Top priljubljene?<\/strong><\/h3>\n<ul data-sourcepos=\"18:1-22:0\">\n<li data-sourcepos=\"18:1-18:95\"><strong>Vsestranskost:<\/strong> Kot smo \u017ee omenili, jih lahko oble\u010dete navzgor ali navzdol in nosite v razli\u010dnih okoljih.<\/li>\n<li data-sourcepos=\"19:1-19:130\"><strong>Udobje:<\/strong> Zaradi oblike brez rokavov in pogosto lahkih tkanin so udobne za no\u0161enje, zlasti v toplej\u0161em podnebju.<\/li>\n<li data-sourcepos=\"20:1-20:92\"><strong>Sposobnost plastenja:<\/strong> Odli\u010dne so za oblikovanje ve\u010dplastnih obla\u010dil, ne da bi jih dodatno obremenjevali.<\/li>\n<li data-sourcepos=\"21:1-22:0\"><strong>Brez\u010dasnost:<\/strong> So klasi\u010dni kos garderobe, ki nikoli ne gre iz mode.<\/li>\n<\/ul>\n<h3 data-sourcepos=\"23:1-23:28\"><strong>Kako nositi \u017eensko majico s \u0161koljko:<\/strong><\/h3>\n<ul data-sourcepos=\"25:1-28:0\">\n<li data-sourcepos=\"25:1-25:81\"><strong>Prilo\u017enostno:<\/strong> Zdru\u017eite jo s kavbojkami, kratkimi hla\u010dami ali krilom za spro\u0161\u010den videz.<\/li>\n<li data-sourcepos=\"26:1-26:122\"><strong>Poslovna obleka:<\/strong> Nosite jo pod suknji\u010dem s hla\u010dami ali krilom svin\u010dnika in si zagotovite profesionalno, a udobno obleko.<\/li>\n<li data-sourcepos=\"27:1-28:0\"><strong>Obla\u010dite se:<\/strong> Izberite zgornji del iz razko\u0161ne tkanine, kot sta svila ali saten, in ga za ve\u010derni dogodek kombinirajte z elegantnim krilom ali hla\u010dami.<\/li>\n<\/ul>\n<p data-sourcepos=\"29:1-29:132\">Ne glede na to, ali i\u0161\u010dete osnovni element za plastenje ali preprost top za toplo vreme, je lupinasta majica vsestranska in elegantna izbira.<\/p>","protected":false},"excerpt":{"rendered":"<table style=\"height: 495px;\" width=\"411\">\n<tbody>\n<tr>\n<td width=\"146\"><strong><b>Izdelek<\/b><\/strong>\u00a0<strong><b>Ime:<\/b><\/strong><\/td>\n<td width=\"601\"><strong>\u017denski zgornji del s \u0161koljko<\/strong><\/td>\n<\/tr>\n<tr>\n<td width=\"146\"><strong><b>Materlal:<\/b><\/strong><\/td>\n<td width=\"601\">Pletenje<\/td>\n<\/tr>\n<tr>\n<td width=\"146\"><strong><b>Tehnika:<\/b><\/strong><\/td>\n<td width=\"601\">Izvezen<\/td>\n<\/tr>\n<tr>\n<td width=\"146\"><strong><b>Slog:<\/b><\/strong><\/td>\n<td width=\"601\">Prilo\u017enostno<\/td>\n<\/tr>\n<tr>\n<td width=\"146\"><strong><b>Barva<\/b><\/strong><strong><b>:<\/b><\/strong><\/td>\n<td width=\"601\">\u00a0Barve po meri<\/td>\n<\/tr>\n<tr>\n<td width=\"146\"><strong><b>Velikost:<\/b><\/strong><\/td>\n<td width=\"601\">S \/M \/L \/XL \/2XL<\/td>\n<\/tr>\n<tr>\n<td width=\"146\"><strong><b>OEM\/ODM:<\/b><\/strong><\/td>\n<td width=\"601\">Sprejemljivo<\/td>\n<\/tr>\n<tr>\n<td width=\"146\"><strong><b>Kakovost:<\/b><\/strong><\/td>\n<td width=\"601\">100% Visoka kakovost<\/td>\n<\/tr>\n<tr>\n<td width=\"146\"><strong><b>M<\/b><\/strong><strong><b>OQ:<\/b><\/strong><\/td>\n<td width=\"601\">200 kosov<\/td>\n<\/tr>\n<\/tbody>\n<\/table>","protected":false},"featured_media":1958,"template":"","meta":[],"product_brand":[],"product_cat":[39],"product_tag":[],"class_list":{"0":"post-1957","1":"product","2":"type-product","3":"status-publish","4":"has-post-thumbnail","6":"product_cat-womens-clothing","8":"first","9":"instock","10":"shipping-taxable","11":"product-type-simple"},"_links":{"self":[{"href":"https:\/\/mj-clothing.com\/sl\/wp-json\/wp\/v2\/product\/1957","targetHints":{"allow":["GET"]}}],"collection":[{"href":"https:\/\/mj-clothing.com\/sl\/wp-json\/wp\/v2\/product"}],"about":[{"href":"https:\/\/mj-clothing.com\/sl\/wp-json\/wp\/v2\/types\/product"}],"wp:featuredmedia":[{"embeddable":true,"href":"https:\/\/mj-clothing.com\/sl\/wp-json\/wp\/v2\/media\/1958"}],"wp:attachment":[{"href":"https:\/\/mj-clothing.com\/sl\/wp-json\/wp\/v2\/media?parent=1957"}],"wp:term":[{"taxonomy":"product_brand","embeddable":true,"href":"https:\/\/mj-clothing.com\/sl\/wp-json\/wp\/v2\/product_brand?post=1957"},{"taxonomy":"product_cat","embeddable":true,"href":"https:\/\/mj-clothing.com\/sl\/wp-json\/wp\/v2\/product_cat?post=1957"},{"taxonomy":"product_tag","embeddable":true,"href":"https:\/\/mj-clothing.com\/sl\/wp-json\/wp\/v2\/product_tag?post=1957"}],"curies":[{"name":"wp","href":"https:\/\/api.w.org\/{rel}","templated":true}]}}