{"id":1960,"date":"2024-12-17T03:10:50","date_gmt":"2024-12-17T03:10:50","guid":{"rendered":"https:\/\/mj-clothing.com\/?post_type=product&#038;p=1960"},"modified":"2024-12-17T03:10:50","modified_gmt":"2024-12-17T03:10:50","slug":"periwinkle-womens-tops","status":"publish","type":"product","link":"https:\/\/mj-clothing.com\/sl\/manufacturer\/periwinkle-womens-tops\/","title":{"rendered":"Periwinkle \u017denske vrhovi"},"content":{"rendered":"<div id=\"model-response-message-contentr_7f973865284483ec\" class=\"markdown markdown-main-panel response-optimization\" dir=\"ltr\">\n<p data-sourcepos=\"1:1-1:279\">Periwinkle Womens Tops je lepa, mehka in vsestranska barva, ki lahko vsaki obleki doda pridih elegance in \u017eenstvenosti. <span class=\"citation-0 recitation citation-end-0\">Je svetlo vijoli\u010dna s pridihom modre barve, pogosto opisana kot svetlo sivka ali svetlo vijoli\u010dna.<\/span> Tukaj je opisano, zakaj so \u017eenski topi v barvi periwinkle tako privla\u010dni:<span class=\"button-container hide-from-message-actions ng-star-inserted\">\u00a0 \u00a0<\/span><\/p>\n<h3 data-sourcepos=\"3:1-3:39\"><strong>Zakaj Periwinkle Womens Tops dobro deluje za tope:<\/strong><\/h3>\n<ul data-sourcepos=\"5:1-9:0\">\n<li data-sourcepos=\"5:1-5:138\"><strong>Prijetna za \u0161tevilne odtenke ko\u017ee:<\/strong> Barva Periwinkle ima hladne in tople odtenke, zato je primerna za \u0161iroko paleto polti.<\/li>\n<li data-sourcepos=\"6:1-6:105\"><strong>Mehka in pomirjujo\u010da:<\/strong> <span class=\"citation-1 recitation citation-end-1\">To je ne\u017ena barva, ki vzbuja ob\u010dutke miru in spokojnosti.<\/span><span class=\"button-container hide-from-message-actions ng-star-inserted\"> \u00a0<\/span>\n<div class=\"container ng-tns-c2960411664-45 hide\">\n<div class=\"carousel-container ng-tns-c2960411664-45\"><\/div>\n<\/div>\n<\/li>\n<li data-sourcepos=\"7:1-7:111\"><strong><span class=\"citation-2 recitation\">Vsestranski:<\/span><\/strong><span class=\"citation-2 recitation citation-end-2\"> Periwinkle lahko oble\u010dete navzgor ali navzdol, zato je primerna za razli\u010dne prilo\u017enosti.<\/span><span class=\"button-container hide-from-message-actions ng-star-inserted\"> \u00a0<\/span>\n<div class=\"container ng-tns-c2960411664-46 hide\">\n<div class=\"carousel-container ng-tns-c2960411664-46\"><\/div>\n<\/div>\n<\/li>\n<li data-sourcepos=\"8:1-9:0\"><strong>Dobro se ujema z drugimi barvami:<\/strong> Dopolnjuje nevtralne barve, kot so bela, siva in be\u017e, ter druge barve, kot so ro\u017enata, zelena in celo rumena.<\/li>\n<\/ul>\n<h3 data-sourcepos=\"10:1-10:44\"><strong>Vrste Periwinkle Womens Tops, ki jih lahko najdete:<\/strong><\/h3>\n<ul data-sourcepos=\"12:1-16:0\">\n<li data-sourcepos=\"12:1-12:164\"><strong>Majice in majice za prosti \u010das:<\/strong> Majica ali majica v barvi periwinkle je kot nala\u0161\u010d za vsakodnevno no\u0161enje. Zdru\u017eite jo s kavbojkami, kratkimi hla\u010dami ali prilo\u017enostnim krilom za spro\u0161\u010den videz.<\/li>\n<li data-sourcepos=\"13:1-13:198\"><strong><span class=\"citation-3 recitation\">Bluze in obleke:<\/span><\/strong><span class=\"citation-3 recitation citation-end-3\"> Sivkasto bluzo iz svile, satena ali \u0161ifona lahko oble\u010dete za bolj formalne prilo\u017enosti.<\/span> Zdru\u017eite jo s hla\u010dami, krilom ali celo pod suknji\u010dem.<span class=\"button-container hide-from-message-actions ng-star-inserted\"> \u00a0<\/span>\n<div class=\"container ng-tns-c2960411664-47 hide\">\n<div class=\"carousel-container ng-tns-c2960411664-47\"><\/div>\n<\/div>\n<\/li>\n<li data-sourcepos=\"14:1-14:110\"><strong>Puloverji in jopice:<\/strong> Periwinkle pulover ali jopica je odli\u010den kos za plastenje v hladnej\u0161em vremenu.<\/li>\n<li data-sourcepos=\"15:1-16:0\"><strong><span class=\"citation-4 recitation\">Majice in telovniki:<\/span><\/strong><span class=\"citation-4 recitation citation-end-4\"> V toplem vremenu lahko periwinkle tank top ali camisole nosite samostojno ali pa ga lahko oble\u010dete pod druge tope.<\/span><span class=\"button-container hide-from-message-actions ng-star-inserted\">\u00a0<\/span>\n<div class=\"container ng-tns-c2960411664-48 hide\">\n<div class=\"carousel-container ng-tns-c2960411664-48\">\n<div class=\"carousel-content ng-tns-c2960411664-48\">\n<div class=\"sources-carousel-source ng-tns-c2960411664-48 hide ng-star-inserted\" data-test-id=\"sources-carousel-source\"><\/div>\n<\/div>\n<\/div>\n<\/div>\n<\/li>\n<\/ul>\n<h3 data-sourcepos=\"17:1-17:33\"><strong>Kako stilirati periwinkle majice:<\/strong><\/h3>\n<ul data-sourcepos=\"19:1-23:0\">\n<li data-sourcepos=\"19:1-19:100\"><strong>Prilo\u017enostno:<\/strong> Zdru\u017eite majico v barvi periwinkle z belimi kavbojkami in \u0161portnimi copati ter si zagotovite sve\u017e in le\u017eeren videz.<\/li>\n<li data-sourcepos=\"20:1-20:117\"><strong>Poslovna obleka:<\/strong> Oblecite bluzo v barvi periwinkle s sivimi hla\u010dami in petami ter si zagotovite profesionalno, a elegantno obleko.<\/li>\n<li data-sourcepos=\"21:1-21:104\"><strong>Obla\u010dite se:<\/strong> Eleganten ve\u010derni videz dose\u017eete, \u010de zgornji del iz satena v barvi periwinkle kombinirate s \u010drnim krilom in petami.<\/li>\n<li data-sourcepos=\"22:1-23:0\"><strong>Boemski:<\/strong> V bohemskem slogu kombinirajte plapolajo\u010d top z dolgim krilom in sandali.<\/li>\n<\/ul>\n<p data-sourcepos=\"32:1-32:113\">\n<\/div>","protected":false},"excerpt":{"rendered":"<table style=\"height: 501px;\" width=\"369\">\n<tbody>\n<tr>\n<td width=\"146\"><strong><b>Izdelek<\/b><\/strong>\u00a0<strong><b>Ime:<\/b><\/strong><\/td>\n<td width=\"601\"><strong>Periwinkle \u017denske vrhovi<\/strong><\/td>\n<\/tr>\n<tr>\n<td width=\"146\"><strong><b>Materlal:<\/b><\/strong><\/td>\n<td width=\"601\">Pletenje<\/td>\n<\/tr>\n<tr>\n<td width=\"146\"><strong><b>Tehnika: <\/b><\/strong><\/td>\n<td width=\"601\">Izvezen<\/td>\n<\/tr>\n<tr>\n<td width=\"146\"><strong><b>Slog: <\/b><\/strong><\/td>\n<td width=\"601\">Prilo\u017enostno<\/td>\n<\/tr>\n<tr>\n<td width=\"146\"><strong><b>Barva<\/b><\/strong><strong><b>:<\/b><\/strong><\/td>\n<td width=\"601\">\u00a0Barve po meri<\/td>\n<\/tr>\n<tr>\n<td width=\"146\"><strong><b>Velikost:<\/b><\/strong><\/td>\n<td width=\"601\">S \/M \/L \/XL \/2XL<\/td>\n<\/tr>\n<tr>\n<td width=\"146\"><strong><b>OEM\/ODM:<\/b><\/strong><\/td>\n<td width=\"601\">Sprejemljivo<\/td>\n<\/tr>\n<tr>\n<td width=\"146\"><strong><b>Kakovost:<\/b><\/strong><\/td>\n<td width=\"601\">100% Visoka kakovost<\/td>\n<\/tr>\n<tr>\n<td width=\"146\"><strong><b>M<\/b><\/strong><strong><b>OQ:<\/b><\/strong><\/td>\n<td width=\"601\">200 kosov<\/td>\n<\/tr>\n<\/tbody>\n<\/table>","protected":false},"featured_media":1961,"template":"","meta":[],"product_brand":[],"product_cat":[39],"product_tag":[],"class_list":{"0":"post-1960","1":"product","2":"type-product","3":"status-publish","4":"has-post-thumbnail","6":"product_cat-womens-clothing","8":"first","9":"instock","10":"shipping-taxable","11":"product-type-simple"},"_links":{"self":[{"href":"https:\/\/mj-clothing.com\/sl\/wp-json\/wp\/v2\/product\/1960","targetHints":{"allow":["GET"]}}],"collection":[{"href":"https:\/\/mj-clothing.com\/sl\/wp-json\/wp\/v2\/product"}],"about":[{"href":"https:\/\/mj-clothing.com\/sl\/wp-json\/wp\/v2\/types\/product"}],"wp:featuredmedia":[{"embeddable":true,"href":"https:\/\/mj-clothing.com\/sl\/wp-json\/wp\/v2\/media\/1961"}],"wp:attachment":[{"href":"https:\/\/mj-clothing.com\/sl\/wp-json\/wp\/v2\/media?parent=1960"}],"wp:term":[{"taxonomy":"product_brand","embeddable":true,"href":"https:\/\/mj-clothing.com\/sl\/wp-json\/wp\/v2\/product_brand?post=1960"},{"taxonomy":"product_cat","embeddable":true,"href":"https:\/\/mj-clothing.com\/sl\/wp-json\/wp\/v2\/product_cat?post=1960"},{"taxonomy":"product_tag","embeddable":true,"href":"https:\/\/mj-clothing.com\/sl\/wp-json\/wp\/v2\/product_tag?post=1960"}],"curies":[{"name":"wp","href":"https:\/\/api.w.org\/{rel}","templated":true}]}}