{"id":2003,"date":"2024-12-17T08:19:49","date_gmt":"2024-12-17T08:19:49","guid":{"rendered":"https:\/\/mj-clothing.com\/?post_type=product&#038;p=2003"},"modified":"2025-01-04T03:04:40","modified_gmt":"2025-01-04T03:04:40","slug":"womens-tops-for-winter","status":"publish","type":"product","link":"https:\/\/mj-clothing.com\/sl\/manufacturer\/womens-tops-for-winter\/","title":{"rendered":"\u017denski zgornji deli za zimo"},"content":{"rendered":"<p data-sourcepos=\"1:1-1:137\">Pri \u017eenskih majicah za zimo je klju\u010dno, da stil uskladite s toploto in udobjem. Tukaj je nekaj priljubljenih in prakti\u010dnih mo\u017enosti za \u017eenske:<\/p>\n<h3 data-sourcepos=\"3:1-3:28\"><strong>Za \u017eenske majice Za zimsko toploto in plastenje:<\/strong><\/h3>\n<ul data-sourcepos=\"5:1-9:0\">\n<li data-sourcepos=\"5:1-5:239\"><strong>Turlenecki in mock neck:<\/strong> Te so odli\u010dne za ohranjanje toplote vratu in jih lahko nosite samostojno ali pa jih polo\u017eite pod puloverje ali jakne. Poi\u0161\u010dite jih iz materialov, kot so volna merino, ka\u0161mir ali termo pletenine, ki zagotavljajo dodatno toploto.<\/li>\n<li data-sourcepos=\"6:1-6:205\"><strong>Termi\u010dni topi z dolgimi rokavi:<\/strong> Te so zasnovane tako, da zadr\u017eujejo toploto in ohranjajo toploto tudi v zelo mrzlih razmerah. Odli\u010dne so za plastenje pod druge majice ali samostojno no\u0161enje pri dejavnostih na prostem.<\/li>\n<li data-sourcepos=\"7:1-7:199\"><strong>Puloverji:<\/strong> Puloverji so klasi\u010dni zimski kosi in so na voljo v razli\u010dnih slogih, kot so z vratom, V-izrezom, jopico in rolojem. Za najve\u010djo toploto izberite materiale, kot so volna, ka\u0161mir ali flis.<\/li>\n<li data-sourcepos=\"8:1-9:0\"><strong>Vrhovi iz flisa:<\/strong> Te so izjemno mehke, tople in udobne. Odli\u010dne so za vsakodnevno no\u0161enje in dejavnosti na prostem.<\/li>\n<\/ul>\n<h3 data-sourcepos=\"10:1-10:20\"><strong>\u017denski topi za zimske elegantne mo\u017enosti:<\/strong><\/h3>\n<ul data-sourcepos=\"12:1-16:0\">\n<li data-sourcepos=\"12:1-12:140\"><strong>Obleke iz puloverja:<\/strong> To je modna in udobna izbira za zimo. Lahko jih kombinirate z nogavicami in \u0161kornji, da bo obleka popolna.<\/li>\n<li data-sourcepos=\"13:1-13:144\"><strong>Pletene tunike:<\/strong> Te zagotavljajo spro\u0161\u010deno in udobno prileganje, hkrati pa so \u0161e vedno videti elegantno. Kombinirate jih lahko z gama\u0161ami ali oprijetimi kavbojkami.<\/li>\n<li data-sourcepos=\"14:1-14:142\"><strong>\u017dametne majice:<\/strong> \u017damet doda eleganco in toplino vsaki obleki. Odli\u010dni so za prazni\u010dne zabave ali druge posebne prilo\u017enosti.<\/li>\n<li data-sourcepos=\"15:1-16:0\"><strong>Srajce z gumbi (flanel ali man\u0161estr):<\/strong> Nosite jih lahko samostojno ali pa jih za dodatno toploto prekrijete z rolojem ali toplotno majico.<\/li>\n<\/ul>\n<h3 data-sourcepos=\"17:1-17:26\"><strong>Materiali za iskanje \u017eenskih majic za zimo:<\/strong><\/h3>\n<ul data-sourcepos=\"19:1-24:0\">\n<li data-sourcepos=\"19:1-19:68\"><strong>Volna:<\/strong> Naravni izolator, ki ohranja toploto tudi, ko je moker.<\/li>\n<li data-sourcepos=\"20:1-20:90\"><strong>Ka\u0161mir:<\/strong> Razko\u0161en in izjemno mehak material, ki zagotavlja odli\u010dno toploto.<\/li>\n<li data-sourcepos=\"21:1-21:91\"><strong>Flis:<\/strong> Mehak in topel sinteti\u010dni material, ki je tudi lahek in zra\u010den.<\/li>\n<li data-sourcepos=\"22:1-22:82\"><strong>Termi\u010dne pletenine:<\/strong> Zasnovana je tako, da zadr\u017euje toploto in ohranja toploto v hladnih razmerah.<\/li>\n<li data-sourcepos=\"23:1-24:0\"><strong>Bomba\u017e:<\/strong> \u010ceprav bomba\u017e ni tako topel kot volna ali flis, pa diha in je udoben za plastenje.<\/li>\n<\/ul>\n<h3 data-sourcepos=\"25:1-25:34\"><strong>Nasveti za \u017eenske majice za zimo:<\/strong><\/h3>\n<ul data-sourcepos=\"27:1-30:0\">\n<li data-sourcepos=\"27:1-27:222\"><strong>Upo\u0161tevajte podnebje:<\/strong> \u010ce \u017eivite v zelo hladnem podnebju, dajte prednost toploti in izberite materiale, kot sta volna ali flis. \u010ce \u017eivite v milej\u0161em podnebju, lahko izberete la\u017eje materiale, kot so bomba\u017e ali tanj\u0161e pletenine.<\/li>\n<li data-sourcepos=\"28:1-28:107\"><strong>Razmislite o plastenju:<\/strong> Izberite majice, ki jih je mogo\u010de preprosto zlo\u017eiti pod druga obla\u010dila, da se dodatno ogrejete.<\/li>\n<li data-sourcepos=\"29:1-30:0\"><strong>Ne pozabite na slog:<\/strong> Zimski vrhovi so lahko funkcionalni in modni. Izberite sloge in barve, ki so vam v\u0161e\u010d in dopolnjujejo va\u0161o garderobo.<\/li>\n<\/ul>\n<p data-sourcepos=\"31:1-31:126\">Z upo\u0161tevanjem teh dejavnikov lahko najdete popolne \u017eenske majice, ki vas bodo grele in bile elegantne v zimski sezoni.<\/p>","protected":false},"excerpt":{"rendered":"<table style=\"height: 515px;\" width=\"480\">\n<tbody>\n<tr>\n<td width=\"146\"><strong><b>Izdelek<\/b><\/strong>\u00a0<strong><b>Ime:<\/b><\/strong><\/td>\n<td width=\"601\"><strong>\u017denski zgornji deli za zimo<\/strong><\/td>\n<\/tr>\n<tr>\n<td width=\"146\"><strong><b>Materlal:<\/b><\/strong><\/td>\n<td width=\"601\">Pletenje<\/td>\n<\/tr>\n<tr>\n<td width=\"146\"><strong><b>Tehnika:<\/b><\/strong><\/td>\n<td width=\"601\">Izvezen<\/td>\n<\/tr>\n<tr>\n<td width=\"146\"><strong><b>Slog:<\/b><\/strong><\/td>\n<td width=\"601\">Prilo\u017enostno<\/td>\n<\/tr>\n<tr>\n<td width=\"146\"><strong><b>Barva<\/b><\/strong><strong><b>:<\/b><\/strong><\/td>\n<td width=\"601\">\u00a0Barve po meri<\/td>\n<\/tr>\n<tr>\n<td width=\"146\"><strong><b>Velikost:<\/b><\/strong><\/td>\n<td width=\"601\">S \/M \/L \/XL \/2XL<\/td>\n<\/tr>\n<tr>\n<td width=\"146\"><strong><b>OEM\/ODM:<\/b><\/strong><\/td>\n<td width=\"601\">Sprejemljivo<\/td>\n<\/tr>\n<tr>\n<td width=\"146\"><strong><b>Kakovost:<\/b><\/strong><\/td>\n<td width=\"601\">100% Visoka kakovost<\/td>\n<\/tr>\n<tr>\n<td width=\"146\"><strong><b>M<\/b><\/strong><strong><b>OQ:<\/b><\/strong><\/td>\n<td width=\"601\">200 kosov<\/td>\n<\/tr>\n<\/tbody>\n<\/table>","protected":false},"featured_media":2088,"template":"","meta":[],"product_brand":[],"product_cat":[39],"product_tag":[],"class_list":{"0":"post-2003","1":"product","2":"type-product","3":"status-publish","4":"has-post-thumbnail","6":"product_cat-womens-clothing","8":"first","9":"instock","10":"shipping-taxable","11":"product-type-simple"},"_links":{"self":[{"href":"https:\/\/mj-clothing.com\/sl\/wp-json\/wp\/v2\/product\/2003","targetHints":{"allow":["GET"]}}],"collection":[{"href":"https:\/\/mj-clothing.com\/sl\/wp-json\/wp\/v2\/product"}],"about":[{"href":"https:\/\/mj-clothing.com\/sl\/wp-json\/wp\/v2\/types\/product"}],"wp:featuredmedia":[{"embeddable":true,"href":"https:\/\/mj-clothing.com\/sl\/wp-json\/wp\/v2\/media\/2088"}],"wp:attachment":[{"href":"https:\/\/mj-clothing.com\/sl\/wp-json\/wp\/v2\/media?parent=2003"}],"wp:term":[{"taxonomy":"product_brand","embeddable":true,"href":"https:\/\/mj-clothing.com\/sl\/wp-json\/wp\/v2\/product_brand?post=2003"},{"taxonomy":"product_cat","embeddable":true,"href":"https:\/\/mj-clothing.com\/sl\/wp-json\/wp\/v2\/product_cat?post=2003"},{"taxonomy":"product_tag","embeddable":true,"href":"https:\/\/mj-clothing.com\/sl\/wp-json\/wp\/v2\/product_tag?post=2003"}],"curies":[{"name":"wp","href":"https:\/\/api.w.org\/{rel}","templated":true}]}}