{"id":2005,"date":"2024-12-17T08:27:39","date_gmt":"2024-12-17T08:27:39","guid":{"rendered":"https:\/\/mj-clothing.com\/?post_type=product&#038;p=2005"},"modified":"2024-12-18T06:08:53","modified_gmt":"2024-12-18T06:08:53","slug":"glorya-long-sleeve-hooded-top-womens","status":"publish","type":"product","link":"https:\/\/mj-clothing.com\/sl\/manufacturer\/glorya-long-sleeve-hooded-top-womens\/","title":{"rendered":"Torba s kapuco z dolgimi rokavi Glorya - \u017eenska"},"content":{"rendered":"<div id=\"model-response-message-contentr_2042c454bde921df\" class=\"markdown markdown-main-panel response-optimization\" dir=\"ltr\">\n<p data-sourcepos=\"1:1-1:220\">Zdi se, da vas zanima majica s kapuco z dolgimi rokavi Glorya Long-Sleeve Hooded Top-Women's. To je priljubljen kos znamke Patagonia, znan po svojem udobju in vsestranskosti. Tukaj je raz\u010dlenjeno, po \u010dem izstopa:<\/p>\n<h3 data-sourcepos=\"3:1-3:17\"><strong>Klju\u010dne lastnosti Glorya Long-Sleeve Hooded Top-Women's:<\/strong><\/h3>\n<ul data-sourcepos=\"5:1-12:0\">\n<li data-sourcepos=\"5:1-5:186\"><strong>Lahka in udobna:<\/strong> <span class=\"citation-0 recitation citation-end-0\">Mikina je izdelana iz mehke me\u0161anice recikliranega poliestra, liocelov TENCEL\u2122 in spandeksa ter je zasnovana za udobje in svobodo gibanja.<\/span>\n<div class=\"container ng-tns-c2960411664-80 hide\">\n<div class=\"carousel-container ng-tns-c2960411664-80\"><\/div>\n<\/div>\n<\/li>\n<li data-sourcepos=\"6:1-6:176\"><strong>Odvajanje vlage in hitro su\u0161enje:<\/strong> <span class=\"citation-1 recitation citation-end-1\">Tkanina odli\u010dno odvaja vlago in se hitro su\u0161i, zato je primerna za aktivno no\u0161enje ali vsakodnevno uporabo.<\/span><span class=\"button-container hide-from-message-actions ng-star-inserted\">\u00a0 \u00a0<\/span>\n<div class=\"container ng-tns-c2960411664-81 hide\">\n<div class=\"carousel-container ng-tns-c2960411664-81\"><\/div>\n<\/div>\n<\/li>\n<li data-sourcepos=\"7:1-7:106\"><strong>Spro\u0161\u010den kroj:<\/strong> <span class=\"citation-2 recitation citation-end-2\">Majica Glorya Hoody je spro\u0161\u010denega kroja, ki omogo\u010da udobno plastenje.<\/span><span class=\"button-container hide-from-message-actions ng-star-inserted\">\u00a0<\/span>\n<div class=\"container ng-tns-c2960411664-82 hide\">\n<div class=\"carousel-container ng-tns-c2960411664-82\"><\/div>\n<\/div>\n<\/li>\n<li data-sourcepos=\"8:1-8:121\"><strong>Nastavljiva kapuca:<\/strong> <span class=\"citation-3 recitation citation-end-3\">Kapuca je opremljena z vrvico, s katero jo lahko prilagodite za optimalno pokritost in toploto.<\/span><span class=\"button-container hide-from-message-actions ng-star-inserted\">\u00a0<\/span>\n<div class=\"container ng-tns-c2960411664-83 hide\">\n<div class=\"carousel-container ng-tns-c2960411664-83\"><\/div>\n<\/div>\n<\/li>\n<li data-sourcepos=\"9:1-9:157\"><strong>Vsestranski:<\/strong> <span class=\"citation-4 recitation citation-end-4\">Nosite jo lahko samostojno ali jo plastite na druge majice, zato je odli\u010dna izbira za razli\u010dne dejavnosti in vremenske razmere.<\/span><span class=\"button-container hide-from-message-actions ng-star-inserted\"> \u00a0<\/span>\n<div class=\"container ng-tns-c2960411664-84 hide\">\n<div class=\"carousel-container ng-tns-c2960411664-84\"><\/div>\n<\/div>\n<\/li>\n<li data-sourcepos=\"10:1-10:148\"><strong><span class=\"citation-5 recitation\">Trajnostni materiali:<\/span><\/strong><span class=\"citation-5 recitation citation-end-5\"> Ta jopa je izdelana iz recikliranega poliestra in liocelov TENCEL\u2122, zato je okolju prijaznej\u0161a izbira.<\/span><span class=\"button-container hide-from-message-actions ng-star-inserted\"> \u00a0<\/span>\n<div class=\"container ng-tns-c2960411664-85 hide\">\n<div class=\"carousel-container ng-tns-c2960411664-85\"><\/div>\n<\/div>\n<\/li>\n<li data-sourcepos=\"11:1-12:0\"><strong><span class=\"citation-6 recitation\">Fair Trade Certified\u2122 \u0160ivano:<\/span><\/strong><span class=\"citation-6 recitation citation-end-6\"> To pomeni, da so ljudje, ki so obla\u010dila izdelali, za svoje delo zaslu\u017eili dodatek.<\/span><span class=\"button-container hide-from-message-actions ng-star-inserted\">\u00a0<\/span>\n<div class=\"container ng-tns-c2960411664-86 hide\">\n<div class=\"carousel-container ng-tns-c2960411664-86\"><\/div>\n<\/div>\n<\/li>\n<\/ul>\n<h3 data-sourcepos=\"13:1-13:30\"><strong>Zakaj je priljubljena izbira Glorya Dolgimi rokavi s kapuco - \u017eenski:<\/strong><\/h3>\n<ul data-sourcepos=\"15:1-19:0\">\n<li data-sourcepos=\"15:1-15:151\"><strong>Udobje za gibanje:<\/strong> <span class=\"citation-7 recitation citation-end-7\">Zaradi lahke in raztegljive tkanine je idealna za dejavnosti, kot so pohodni\u0161tvo, joga ali preprosto tek po opravkih.<\/span><span class=\"button-container hide-from-message-actions ng-star-inserted\">\u00a0<\/span>\n<div class=\"container ng-tns-c2960411664-87 hide\">\n<div class=\"carousel-container ng-tns-c2960411664-87\"><\/div>\n<\/div>\n<\/li>\n<li data-sourcepos=\"16:1-16:101\"><strong>Vsakodnevno no\u0161enje:<\/strong> Zaradi le\u017eernega sloga in udobnega kroja je odli\u010dna izbira za vsakodnevno no\u0161enje.<\/li>\n<li data-sourcepos=\"17:1-17:91\"><strong>Plastenje kosa:<\/strong> V hladnej\u0161em vremenu je kot nala\u0161\u010d za obla\u010denje pod jakne ali telovnike.<\/li>\n<li data-sourcepos=\"18:1-19:0\"><strong>Kakovost in vzdr\u017eljivost:<\/strong> Patagonija je znana po tem, da izdeluje visokokakovostne in trpe\u017ene izdelke.<\/li>\n<\/ul>\n<h3 data-sourcepos=\"20:1-20:21\"><strong>Kje najti Glorya Long-Sleeve Hooded Top-Women's:<\/strong><\/h3>\n<p data-sourcepos=\"22:1-22:86\">Vrhnji del s kapuco Patagonia Glorya z dolgimi rokavi lahko obi\u010dajno najdete pri teh prodajalcih na drobno:<\/p>\n<ul data-sourcepos=\"24:1-27:0\">\n<li data-sourcepos=\"24:1-24:80\"><strong>Patagonijino spletno mesto:<\/strong> To je uradni vir za izdelke Patagonija.<\/li>\n<li data-sourcepos=\"25:1-25:114\"><strong>Trgovci na drobno na prostem:<\/strong> <span class=\"citation-8 recitation citation-end-8\">V trgovinah, kot so REI, Backcountry in Moosejaw, so pogosto na voljo obla\u010dila znamke Patagonia.<\/span><span class=\"button-container hide-from-message-actions ng-star-inserted\">\u00a0<\/span>\n<div class=\"container ng-tns-c2960411664-88 hide\">\n<div class=\"carousel-container ng-tns-c2960411664-88\"><\/div>\n<\/div>\n<\/li>\n<li data-sourcepos=\"26:1-27:0\"><strong>Trgovine z obla\u010dili:<\/strong> V nekaterih veleblagovnicah so lahko na voljo tudi izdelki Patagonia.<\/li>\n<\/ul>\n<p data-sourcepos=\"28:1-28:153\">\u010ce i\u0161\u010dete udobno, vsestransko in trajnostno izdelano majico s kapuco, je majica s kapuco Glorya z dolgimi rokavi Patagonia vsekakor vredna razmisleka.<\/p>\n<\/div>\n<div class=\"skeleton-loader-container\"><\/div>\n<div class=\"response-footer gap complete\">\n<div class=\"container ng-tns-c2960411664-79\">\n<div class=\"carousel-container ng-tns-c2960411664-79\">\n<div class=\"carousel-content ng-tns-c2960411664-79\">\n<div class=\"sources-carousel-source ng-tns-c2960411664-79 ng-star-inserted\" data-test-id=\"sources-carousel-source\">\n<div class=\"source-card-container\">\n<div class=\"source-card-content\">\n<div class=\"source-card-body\">\n<div class=\"source-card-header\">\n<div class=\"source-card-title\"><\/div>\n<\/div>\n<\/div>\n<\/div>\n<\/div>\n<\/div>\n<\/div>\n<\/div>\n<\/div>\n<\/div>","protected":false},"excerpt":{"rendered":"<table style=\"height: 661px;\" width=\"527\">\n<tbody>\n<tr>\n<td width=\"146\"><strong><b>Izdelek<\/b><\/strong>\u00a0<strong><b>Ime:<\/b><\/strong><\/td>\n<td width=\"601\"><strong>Torba s kapuco z dolgimi rokavi Glorya - \u017eenska<\/strong><\/td>\n<\/tr>\n<tr>\n<td width=\"146\"><strong><b>Materlal:<\/b><\/strong><\/td>\n<td width=\"601\">Pletenje<\/td>\n<\/tr>\n<tr>\n<td width=\"146\"><strong><b>Tehnika:<\/b><\/strong><\/td>\n<td width=\"601\">Izvezen<\/td>\n<\/tr>\n<tr>\n<td width=\"146\"><strong><b>Slog:<\/b><\/strong><\/td>\n<td width=\"601\">Prilo\u017enostno<\/td>\n<\/tr>\n<tr>\n<td width=\"146\"><strong><b>Barva<\/b><\/strong><strong><b>:<\/b><\/strong><\/td>\n<td width=\"601\">\u00a0Barve po meri<\/td>\n<\/tr>\n<tr>\n<td width=\"146\"><strong><b>Velikost:<\/b><\/strong><\/td>\n<td width=\"601\">S \/M \/L \/XL \/2XL<\/td>\n<\/tr>\n<tr>\n<td width=\"146\"><strong><b>OEM\/ODM:<\/b><\/strong><\/td>\n<td width=\"601\">Sprejemljivo<\/td>\n<\/tr>\n<tr>\n<td width=\"146\"><strong><b>Kakovost:<\/b><\/strong><\/td>\n<td width=\"601\">100% Visoka kakovost<\/td>\n<\/tr>\n<tr>\n<td width=\"146\"><strong><b>M<\/b><\/strong><strong><b>OQ:<\/b><\/strong><\/td>\n<td width=\"601\">200 kosov<\/td>\n<\/tr>\n<\/tbody>\n<\/table>","protected":false},"featured_media":2006,"template":"","meta":[],"product_brand":[],"product_cat":[39],"product_tag":[],"class_list":{"0":"post-2005","1":"product","2":"type-product","3":"status-publish","4":"has-post-thumbnail","6":"product_cat-womens-clothing","8":"first","9":"instock","10":"shipping-taxable","11":"product-type-simple"},"_links":{"self":[{"href":"https:\/\/mj-clothing.com\/sl\/wp-json\/wp\/v2\/product\/2005","targetHints":{"allow":["GET"]}}],"collection":[{"href":"https:\/\/mj-clothing.com\/sl\/wp-json\/wp\/v2\/product"}],"about":[{"href":"https:\/\/mj-clothing.com\/sl\/wp-json\/wp\/v2\/types\/product"}],"wp:featuredmedia":[{"embeddable":true,"href":"https:\/\/mj-clothing.com\/sl\/wp-json\/wp\/v2\/media\/2006"}],"wp:attachment":[{"href":"https:\/\/mj-clothing.com\/sl\/wp-json\/wp\/v2\/media?parent=2005"}],"wp:term":[{"taxonomy":"product_brand","embeddable":true,"href":"https:\/\/mj-clothing.com\/sl\/wp-json\/wp\/v2\/product_brand?post=2005"},{"taxonomy":"product_cat","embeddable":true,"href":"https:\/\/mj-clothing.com\/sl\/wp-json\/wp\/v2\/product_cat?post=2005"},{"taxonomy":"product_tag","embeddable":true,"href":"https:\/\/mj-clothing.com\/sl\/wp-json\/wp\/v2\/product_tag?post=2005"}],"curies":[{"name":"wp","href":"https:\/\/api.w.org\/{rel}","templated":true}]}}