{"id":2008,"date":"2024-12-17T08:49:20","date_gmt":"2024-12-17T08:49:20","guid":{"rendered":"https:\/\/mj-clothing.com\/?post_type=product&#038;p=2008"},"modified":"2024-12-17T08:56:51","modified_gmt":"2024-12-17T08:56:51","slug":"womens-cashmere-long-coat","status":"publish","type":"product","link":"https:\/\/mj-clothing.com\/sl\/manufacturer\/womens-cashmere-long-coat\/","title":{"rendered":"\u017denski dolgi pla\u0161\u010d iz ka\u0161mirja"},"content":{"rendered":"<div id=\"model-response-message-contentr_21586b4a0aa106d5\" class=\"markdown markdown-main-panel response-optimization\" dir=\"ltr\">\n<p data-sourcepos=\"1:1-1:191\">\u017denski dolgi pla\u0161\u010d iz ka\u0161mirja je utele\u0161enje razko\u0161ja, topline in brez\u010dasnega sloga. Je pomembna nalo\u017eba, ki lahko izbolj\u0161a vsako zimsko garderobo. Tukaj je opisano, zakaj so tako posebni:<\/p>\n<h3 data-sourcepos=\"3:1-3:17\"><strong>Zakaj \u017eenski dolgi pla\u0161\u010d iz ka\u0161mirja?<\/strong><\/h3>\n<ul data-sourcepos=\"5:1-9:0\">\n<li data-sourcepos=\"5:1-5:146\"><strong><span class=\"citation-0 recitation\">Neprimerljiva mehkoba:<\/span><\/strong><span class=\"citation-0 recitation citation-end-0\"> Ka\u0161mirska vlakna so izjemno tanka, zato so na ko\u017ei razko\u0161no mehka in gladka.<\/span><span class=\"button-container hide-from-message-actions ng-star-inserted\"> \u00a0<\/span>\n<div class=\"container ng-tns-c2960411664-95 hide\">\n<div class=\"carousel-container ng-tns-c2960411664-95\"><\/div>\n<\/div>\n<\/li>\n<li data-sourcepos=\"6:1-6:147\"><strong><span class=\"citation-1 recitation\">Izjemna toplota:<\/span><\/strong><span class=\"citation-1 recitation citation-end-1\"> \u010ceprav je ka\u0161mir lahek, odli\u010dno izolira, zato vas greje, ne da bi se po\u010dutili okorno.<\/span><span class=\"button-container hide-from-message-actions ng-star-inserted\">\u00a0<\/span>\n<div class=\"container ng-tns-c2960411664-96 hide\">\n<div class=\"carousel-container ng-tns-c2960411664-96\"><\/div>\n<\/div>\n<\/li>\n<li data-sourcepos=\"7:1-7:152\"><strong>Lahka in udobna:<\/strong> <span class=\"citation-2 recitation citation-end-2\">Obla\u010dila iz ka\u0161mirja so znana po svoji lahkotnosti, zato so udobna za dalj\u0161e no\u0161enje.<\/span><span class=\"button-container hide-from-message-actions ng-star-inserted\">\u00a0 \u00a0<\/span>\n<div class=\"container ng-tns-c2960411664-97 hide\">\n<div class=\"carousel-container ng-tns-c2960411664-97\"><\/div>\n<\/div>\n<\/li>\n<li data-sourcepos=\"8:1-9:0\"><strong><span class=\"citation-3 recitation\">Trajnost:<\/span><\/strong><span class=\"citation-3 recitation citation-end-3\"> Z ustrezno nego lahko visokokakovostni ka\u0161mirski pla\u0161\u010d zdr\u017ei ve\u010d let, zato je vredna nalo\u017eba.<\/span><span class=\"button-container hide-from-message-actions ng-star-inserted\">\u00a0 \u00a0<\/span>\n<div class=\"container ng-tns-c2960411664-98 hide\">\n<div class=\"carousel-container ng-tns-c2960411664-98\"><\/div>\n<\/div>\n<\/li>\n<\/ul>\n<h3 data-sourcepos=\"10:1-10:41\"><strong>Klju\u010dne lastnosti \u017eenskega dolgega pla\u0161\u010da iz ka\u0161mirja:<\/strong><\/h3>\n<ul data-sourcepos=\"12:1-22:0\">\n<li data-sourcepos=\"12:1-12:85\"><strong>Dol\u017eina:<\/strong> Obi\u010dajno se spusti pod kolena, kar zagotavlja maksimalno pokritost in toploto.<\/li>\n<li data-sourcepos=\"13:1-16:93\"><strong>Klasi\u010dni slogi:<\/strong> Pogosto ima brez\u010dasne silhuete, kot so:\n<ul data-sourcepos=\"14:5-16:93\">\n<li data-sourcepos=\"14:5-14:88\"><strong>Enobarvna:<\/strong> Klasi\u010den in vsestranski slog z eno vrsto gumbov.<\/li>\n<li data-sourcepos=\"15:5-15:87\"><strong>Dvojno zapeto:<\/strong> <span class=\"citation-4 recitation citation-end-4\">Bolj formalen slog z dvema vrstama gumbov.<\/span><span class=\"button-container hide-from-message-actions ng-star-inserted\">\u00a0 \u00a0<\/span>\n<div class=\"container ng-tns-c2960411664-99 hide\">\n<div class=\"carousel-container ng-tns-c2960411664-99\"><\/div>\n<\/div>\n<\/li>\n<li data-sourcepos=\"16:5-16:93\"><strong><span class=\"citation-5 recitation\">Ovijalni pla\u0161\u010d:<\/span><\/strong><span class=\"citation-5 recitation citation-end-5\"> Spro\u0161\u010den in eleganten slog, ki ga lahko pove\u017eete s pasom.<\/span><span class=\"button-container hide-from-message-actions ng-star-inserted\"> \u00a0<\/span>\n<div class=\"container ng-tns-c2960411664-100 hide\">\n<div class=\"carousel-container ng-tns-c2960411664-100\">\n<div class=\"carousel-content ng-tns-c2960411664-100\">\n<div class=\"sources-carousel-source ng-tns-c2960411664-100 hide ng-star-inserted\" data-test-id=\"sources-carousel-source\"><\/div>\n<\/div>\n<\/div>\n<\/div>\n<\/li>\n<\/ul>\n<\/li>\n<li data-sourcepos=\"17:1-20:67\"><strong>Mo\u017enosti ovratnika:<\/strong> Lahko imajo razli\u010dne sloge ovratnikov, kot so:\n<ul data-sourcepos=\"18:5-20:67\">\n<li data-sourcepos=\"18:5-18:69\"><strong><span class=\"citation-6 recitation\">Klop z zarezami:<\/span><\/strong><span class=\"citation-6 recitation citation-end-6\"> Klasi\u010den in vsestranski ovratnik.<\/span><span class=\"button-container hide-from-message-actions ng-star-inserted\">\u00a0<\/span>\n<div class=\"container ng-tns-c2960411664-101 hide\">\n<div class=\"carousel-container ng-tns-c2960411664-101\"><\/div>\n<\/div>\n<\/li>\n<li data-sourcepos=\"19:5-19:57\"><strong>\u0160al ovratnik:<\/strong> Bolj spro\u0161\u010den in udoben ovratnik.<\/li>\n<li data-sourcepos=\"20:5-20:67\"><strong>Stojni ovratnik:<\/strong> Zagotavlja dodatno toploto okoli vratu.<\/li>\n<\/ul>\n<\/li>\n<li data-sourcepos=\"21:1-22:0\"><strong>Minimalno detajliranje:<\/strong> Pogosto ima \u010diste linije in minimalne podrobnosti, ki poudarjajo razko\u0161no tkanino.<\/li>\n<\/ul>\n<h3 data-sourcepos=\"23:1-23:56\"><strong>Stvari, ki jih je treba upo\u0161tevati pri nakupu \u017eenskega dolgega pla\u0161\u010da iz ka\u0161mirja:<\/strong><\/h3>\n<ul data-sourcepos=\"25:1-30:0\">\n<li data-sourcepos=\"25:1-25:129\"><strong>Ka\u0161mir Kakovost:<\/strong> Poi\u0161\u010dite pla\u0161\u010de iz ka\u0161mirja 100% ali ka\u0161mirja z visokim dele\u017eem me\u0161anice z drugimi finimi vlakni.<\/li>\n<li data-sourcepos=\"26:1-26:134\"><strong>Te\u017ea:<\/strong> Te\u017ea ka\u0161mirja vpliva na njegovo toploto in draperijo. Te\u017eji ka\u0161mir je na splo\u0161no toplej\u0161i, vendar je lahko tudi bolj voluminozen.<\/li>\n<li data-sourcepos=\"27:1-27:89\"><strong>Gradnja:<\/strong> Preverite kakovost \u0161ivov in podloge, da zagotovite vzdr\u017eljivost.<\/li>\n<li data-sourcepos=\"28:1-28:99\"><strong>Prileganje:<\/strong> Izberite pla\u0161\u010d, ki se dobro prilega ramenom in omogo\u010da udobno plastenje.<\/li>\n<li data-sourcepos=\"29:1-30:0\"><strong>Cena:<\/strong> <span class=\"citation-7 recitation citation-end-7\">Pla\u0161\u010di iz ka\u0161mirja so nalo\u017eba, zato se pripravite na to, da boste porabili precej\u0161en znesek.<\/span> Vendar bo ob ustrezni negi slu\u017eil ve\u010d let.<span class=\"button-container hide-from-message-actions ng-star-inserted\">\u00a0<\/span>\n<div class=\"container ng-tns-c2960411664-102 hide\">\n<div class=\"carousel-container ng-tns-c2960411664-102\"><\/div>\n<\/div>\n<\/li>\n<\/ul>\n<h3 data-sourcepos=\"31:1-31:46\"><strong>Kje najti \u017eenske dolge pla\u0161\u010de iz ka\u0161mirja:<\/strong><\/h3>\n<ul data-sourcepos=\"33:1-37:0\">\n<li data-sourcepos=\"33:1-33:80\"><strong>Visokokakovostne veleblagovnice:<\/strong> Nordstrom, Saks Fifth Avenue, Bloomingdale's<\/li>\n<li data-sourcepos=\"34:1-34:52\"><strong>Luksuzne blagovne znamke:<\/strong> Max Mara, Loro Piana, The Row<\/li>\n<li data-sourcepos=\"35:1-35:80\"><strong>Specializirani trgovci na drobno s ka\u0161mirjem:<\/strong> <span class=\"citation-8 recitation citation-end-8\">GOBI Cashmere, Sofia Cashmere<\/span><span class=\"button-container hide-from-message-actions ng-star-inserted\">\u00a0 \u00a0<\/span>\n<div class=\"container ng-tns-c2960411664-103 hide\">\n<div class=\"carousel-container ng-tns-c2960411664-103\"><\/div>\n<\/div>\n<\/li>\n<li data-sourcepos=\"36:1-37:0\"><strong>Spletni trgovci na drobno:<\/strong> Farfetch, Net-a-Porter, Mytheresa<\/li>\n<\/ul>\n<p data-sourcepos=\"38:1-38:122\">\u017denski dolgi pla\u0161\u010d iz ka\u0161mirja je razko\u0161na in brez\u010dasna nalo\u017eba, ki vam bo zagotavljala toploto in slog \u0161e dolga leta.<\/p>\n<\/div>\n<div class=\"response-footer gap complete\">\n<div class=\"container ng-tns-c2960411664-94\">\n<div class=\"carousel-container ng-tns-c2960411664-94\">\n<div class=\"carousel-content ng-tns-c2960411664-94\">\n<div class=\"sources-carousel-source ng-tns-c2960411664-94 ng-star-inserted\" data-test-id=\"sources-carousel-source\">\n<div class=\"source-card-container\">\n<div class=\"source-card-content\">\n<div class=\"source-card-body\">\n<div class=\"source-card-header\">\n<div class=\"source-card-title\"><\/div>\n<\/div>\n<\/div>\n<\/div>\n<\/div>\n<\/div>\n<\/div>\n<\/div>\n<\/div>\n<\/div>","protected":false},"excerpt":{"rendered":"<table style=\"height: 596px;\" width=\"487\">\n<tbody>\n<tr>\n<td width=\"146\"><strong><b>Izdelek<\/b><\/strong>\u00a0<strong><b>Ime:<\/b><\/strong><\/td>\n<td width=\"601\"><strong>\u017denski dolgi pla\u0161\u010d iz ka\u0161mirja<\/strong><\/td>\n<\/tr>\n<tr>\n<td width=\"146\"><strong><b>Materlal:<\/b><\/strong><\/td>\n<td width=\"601\">Pletenje<\/td>\n<\/tr>\n<tr>\n<td width=\"146\"><strong><b>Tehnika:<\/b><\/strong><\/td>\n<td width=\"601\">Izvezen<\/td>\n<\/tr>\n<tr>\n<td width=\"146\"><strong><b>Slog:<\/b><\/strong><\/td>\n<td width=\"601\">Prilo\u017enostno<\/td>\n<\/tr>\n<tr>\n<td width=\"146\"><strong><b>Barva<\/b><\/strong><strong><b>:<\/b><\/strong><\/td>\n<td width=\"601\">\u00a0Barve po meri<\/td>\n<\/tr>\n<tr>\n<td width=\"146\"><strong><b>Velikost:<\/b><\/strong><\/td>\n<td width=\"601\">S \/M \/L \/XL \/2XL<\/td>\n<\/tr>\n<tr>\n<td width=\"146\"><strong><b>OEM\/ODM:<\/b><\/strong><\/td>\n<td width=\"601\">Sprejemljivo<\/td>\n<\/tr>\n<tr>\n<td width=\"146\"><strong><b>Kakovost:<\/b><\/strong><\/td>\n<td width=\"601\">100% Visoka kakovost<\/td>\n<\/tr>\n<tr>\n<td width=\"146\"><strong><b>M<\/b><\/strong><strong><b>OQ:<\/b><\/strong><\/td>\n<td width=\"601\">200 kosov<\/td>\n<\/tr>\n<\/tbody>\n<\/table>","protected":false},"featured_media":2009,"template":"","meta":[],"product_brand":[],"product_cat":[39],"product_tag":[],"class_list":{"0":"post-2008","1":"product","2":"type-product","3":"status-publish","4":"has-post-thumbnail","6":"product_cat-womens-clothing","8":"first","9":"instock","10":"shipping-taxable","11":"product-type-simple"},"_links":{"self":[{"href":"https:\/\/mj-clothing.com\/sl\/wp-json\/wp\/v2\/product\/2008","targetHints":{"allow":["GET"]}}],"collection":[{"href":"https:\/\/mj-clothing.com\/sl\/wp-json\/wp\/v2\/product"}],"about":[{"href":"https:\/\/mj-clothing.com\/sl\/wp-json\/wp\/v2\/types\/product"}],"wp:featuredmedia":[{"embeddable":true,"href":"https:\/\/mj-clothing.com\/sl\/wp-json\/wp\/v2\/media\/2009"}],"wp:attachment":[{"href":"https:\/\/mj-clothing.com\/sl\/wp-json\/wp\/v2\/media?parent=2008"}],"wp:term":[{"taxonomy":"product_brand","embeddable":true,"href":"https:\/\/mj-clothing.com\/sl\/wp-json\/wp\/v2\/product_brand?post=2008"},{"taxonomy":"product_cat","embeddable":true,"href":"https:\/\/mj-clothing.com\/sl\/wp-json\/wp\/v2\/product_cat?post=2008"},{"taxonomy":"product_tag","embeddable":true,"href":"https:\/\/mj-clothing.com\/sl\/wp-json\/wp\/v2\/product_tag?post=2008"}],"curies":[{"name":"wp","href":"https:\/\/api.w.org\/{rel}","templated":true}]}}