{"id":2010,"date":"2024-12-17T08:55:56","date_gmt":"2024-12-17T08:55:56","guid":{"rendered":"https:\/\/mj-clothing.com\/?post_type=product&#038;p=2010"},"modified":"2024-12-17T08:55:56","modified_gmt":"2024-12-17T08:55:56","slug":"black-long-wool-coat-womens","status":"publish","type":"product","link":"https:\/\/mj-clothing.com\/sl\/manufacturer\/black-long-wool-coat-womens\/","title":{"rendered":"\u010crn dolg volneni pla\u0161\u010d Women's"},"content":{"rendered":"<p data-sourcepos=\"1:1-1:191\">\u010crn dolg volneni pla\u0161\u010d za \u017eenske je pravi temeljni element garderobe vsake \u017eenske. Je klasi\u010den kos, ki zdru\u017euje prakti\u010dnost, toploto in brez\u010dasen slog. Tukaj je raz\u010dlenitev tega, zaradi \u010desar so tako odli\u010dni:<\/p>\n<h3 data-sourcepos=\"3:1-3:13\"><strong>Zakaj \u010drni dolgi volneni pla\u0161\u010d \u017eenske volne?<\/strong><\/h3>\n<ul data-sourcepos=\"5:1-9:0\">\n<li data-sourcepos=\"5:1-5:116\"><strong><span class=\"citation-0 recitation\">Toplota:<\/span><\/strong><span class=\"citation-0 recitation citation-end-0\"> Volna je naravni izolator, ki zagotavlja odli\u010dno toploto tudi pri zelo nizkih temperaturah.<\/span><span class=\"button-container hide-from-message-actions ng-star-inserted\"> \u00a0<\/span>\n<div class=\"container ng-tns-c2960411664-110 hide\">\n<div class=\"carousel-container ng-tns-c2960411664-110\"><\/div>\n<\/div>\n<\/li>\n<li data-sourcepos=\"6:1-6:114\"><strong><span class=\"citation-1 recitation\">Trajnost:<\/span><\/strong><span class=\"citation-1 recitation citation-end-1\"> Volnena vlakna so mo\u010dna in pro\u017ena, zato so volneni pla\u0161\u010di trpe\u017eni in dolgotrajni.<\/span><span class=\"button-container hide-from-message-actions ng-star-inserted\"> \u00a0<\/span>\n<div class=\"container ng-tns-c2960411664-111 hide\">\n<div class=\"carousel-container ng-tns-c2960411664-111\"><\/div>\n<\/div>\n<\/li>\n<li data-sourcepos=\"7:1-7:130\"><strong><span class=\"citation-2 recitation\">Odpornost na vodo:<\/span><\/strong><span class=\"citation-2 recitation citation-end-2\"> Volna ima naravne vodoodbojne lastnosti, zato vas ohranja suhe v rahlem de\u017eju ali snegu.<\/span><span class=\"button-container hide-from-message-actions ng-star-inserted\"> \u00a0<\/span>\n<div class=\"container ng-tns-c2960411664-112 hide\">\n<div class=\"carousel-container ng-tns-c2960411664-112\"><\/div>\n<\/div>\n<\/li>\n<li data-sourcepos=\"8:1-9:0\"><strong><span class=\"citation-3 recitation\">Prepustnost za dihanje:<\/span><\/strong><span class=\"citation-3 recitation citation-end-3\"> Volna diha, zato pomaga uravnavati telesno temperaturo in prepre\u010duje pregrevanje.<\/span><span class=\"button-container hide-from-message-actions ng-star-inserted\">\u00a0 \u00a0<\/span>\n<div class=\"container ng-tns-c2960411664-113 hide\">\n<div class=\"carousel-container ng-tns-c2960411664-113\"><\/div>\n<\/div>\n<\/li>\n<\/ul>\n<h3 data-sourcepos=\"10:1-10:43\"><strong>Klju\u010dne lastnosti \u010drnega dolgega volnenega pla\u0161\u010da za \u017eenske:<\/strong><\/h3>\n<ul data-sourcepos=\"12:1-23:0\">\n<li data-sourcepos=\"12:1-12:137\"><strong>Dol\u017eina:<\/strong> Obi\u010dajno se spusti pod kolena, kar zagotavlja maksimalno pokritost in toploto. Ta dol\u017eina je tudi zelo laskava in podalj\u0161uje.<\/li>\n<li data-sourcepos=\"13:1-13:125\"><strong>Barva:<\/strong> \u010crna barva je neverjetno vsestranska in se ujema z vsem. Je klasi\u010dna izbira, ki ne bo nikoli iz mode.<\/li>\n<li data-sourcepos=\"14:1-18:62\"><strong>Klasi\u010dni slogi:<\/strong> Obi\u010dajni slogi vklju\u010dujejo:\n<ul data-sourcepos=\"15:5-18:62\">\n<li data-sourcepos=\"15:5-15:89\"><strong>Enobarvna:<\/strong> Brez\u010dasen in vsestranski slog z eno vrsto gumbov.<\/li>\n<li data-sourcepos=\"16:5-16:102\"><strong>Dvojno zapeto:<\/strong> <span class=\"citation-4 recitation citation-end-4\">Bolj formalen in strukturiran slog z dvema vrstama gumbov.<\/span><span class=\"button-container hide-from-message-actions ng-star-inserted\">\u00a0<\/span>\n<div class=\"container ng-tns-c2960411664-114 hide\">\n<div class=\"carousel-container ng-tns-c2960411664-114\"><\/div>\n<\/div>\n<\/li>\n<li data-sourcepos=\"17:5-17:93\"><strong><span class=\"citation-5 recitation\">Ovijalni pla\u0161\u010d:<\/span><\/strong><span class=\"citation-5 recitation citation-end-5\"> Spro\u0161\u010den in eleganten slog, ki ga lahko pove\u017eete s pasom.<\/span><span class=\"button-container hide-from-message-actions ng-star-inserted\"> \u00a0<\/span>\n<div class=\"container ng-tns-c2960411664-115 hide\">\n<div class=\"carousel-container ng-tns-c2960411664-115\"><\/div>\n<\/div>\n<\/li>\n<li data-sourcepos=\"18:5-18:62\"><strong>Chesterfield:<\/strong> Formalni slog z \u017eametnim ovratnikom.<\/li>\n<\/ul>\n<\/li>\n<li data-sourcepos=\"19:1-23:0\"><strong>Mo\u017enosti ovratnika:<\/strong>\n<ul data-sourcepos=\"20:5-23:0\">\n<li data-sourcepos=\"20:5-20:69\"><strong><span class=\"citation-6 recitation\">Klop z zarezami:<\/span><\/strong><span class=\"citation-6 recitation citation-end-6\"> Klasi\u010den in vsestranski ovratnik.<\/span><span class=\"button-container hide-from-message-actions ng-star-inserted\"> \u00a0<\/span>\n<div class=\"container ng-tns-c2960411664-116 hide\">\n<div class=\"carousel-container ng-tns-c2960411664-116\"><\/div>\n<\/div>\n<\/li>\n<li data-sourcepos=\"21:5-21:71\"><strong><span class=\"citation-7 recitation\">Vrhunska klop:<\/span><\/strong><span class=\"citation-7 recitation citation-end-7\"> Bolj formalen in dramati\u010den ovratnik.<\/span><span class=\"button-container hide-from-message-actions ng-star-inserted\"> \u00a0<\/span>\n<div class=\"container ng-tns-c2960411664-117 hide\">\n<div class=\"carousel-container ng-tns-c2960411664-117\"><\/div>\n<\/div>\n<\/li>\n<li data-sourcepos=\"22:5-23:0\"><strong>Stojni ovratnik:<\/strong> Zagotavlja dodatno toploto okoli vratu.<\/li>\n<\/ul>\n<\/li>\n<\/ul>\n<h3 data-sourcepos=\"24:1-24:58\"><strong>Stvari, ki jih je treba upo\u0161tevati pri nakupu \u010drnega dolgega volnenega pla\u0161\u010da za \u017eenske:<\/strong><\/h3>\n<ul data-sourcepos=\"26:1-31:0\">\n<li data-sourcepos=\"26:1-26:101\"><strong>Kakovost volne:<\/strong> Poi\u0161\u010dite pla\u0161\u010de iz visokokakovostne volne, kot sta merino volna ali devi\u0161ka volna.<\/li>\n<li data-sourcepos=\"27:1-27:75\"><strong>Podloga:<\/strong> Dobra podloga bo pove\u010dala toploto in vzdr\u017eljivost pla\u0161\u010da.<\/li>\n<li data-sourcepos=\"28:1-28:99\"><strong>Prileganje:<\/strong> Prepri\u010dajte se, da se pla\u0161\u010d dobro prilega ramenom in omogo\u010da udobno plastenje.<\/li>\n<li data-sourcepos=\"29:1-29:72\"><strong>Podrobnosti:<\/strong> Upo\u0161tevajte podrobnosti, kot so \u017eepi, gumbi in zanke za pas.<\/li>\n<li data-sourcepos=\"30:1-31:0\"><strong><span class=\"citation-8 recitation\">Cena:<\/span><\/strong><span class=\"citation-8 recitation citation-end-8\"> Kakovosten volneni pla\u0161\u010d je nalo\u017eba, ki pa bo trajala ve\u010d let.<\/span><span class=\"button-container hide-from-message-actions ng-star-inserted\">\u00a0 \u00a0<\/span>\n<div class=\"container ng-tns-c2960411664-118 hide\">\n<div class=\"carousel-container ng-tns-c2960411664-118\"><\/div>\n<\/div>\n<\/li>\n<\/ul>\n<h3 data-sourcepos=\"32:1-32:40\"><strong>Kako stilirati \u010drn dolg volneni pla\u0161\u010d za \u017eenske:<\/strong><\/h3>\n<ul data-sourcepos=\"34:1-37:0\">\n<li data-sourcepos=\"34:1-34:85\"><strong>Prilo\u017enostno:<\/strong> Zdru\u017eite jo s kavbojkami, puloverjem in \u0161kornji za klasi\u010den vsakdanji videz.<\/li>\n<li data-sourcepos=\"35:1-35:95\"><strong>Poslovna obleka:<\/strong> Nosite jo \u010dez bluzo in hla\u010de ali krilo za profesionalen videz.<\/li>\n<li data-sourcepos=\"36:1-37:0\"><strong>Obla\u010dite se:<\/strong> Za prefinjen videz jo prekrijte \u010dez obleko ali ve\u010derno obleko.<\/li>\n<\/ul>\n<p data-sourcepos=\"38:1-38:217\"><span class=\"citation-9 recitation citation-end-9\">\u010crn dolg volneni pla\u0161\u010d je vsestranski in nepogre\u0161ljiv kos, s katerim vam bo toplo in elegantno v zimski sezoni.<\/span> To je vredna nalo\u017eba, ki jo boste lahko nosili \u0161e vrsto let.<span class=\"button-container hide-from-message-actions ng-star-inserted\"> \u00a0 <\/span><\/p>","protected":false},"excerpt":{"rendered":"<table style=\"height: 647px;\" width=\"508\">\n<tbody>\n<tr>\n<td width=\"146\"><strong><b>Izdelek<\/b><\/strong>\u00a0<strong><b>Ime:<\/b><\/strong><\/td>\n<td width=\"601\"><strong>\u010crn dolg volneni pla\u0161\u010d Women's<\/strong><\/td>\n<\/tr>\n<tr>\n<td width=\"146\"><strong><b>Materlal:<\/b><\/strong><\/td>\n<td width=\"601\">Pletenje<\/td>\n<\/tr>\n<tr>\n<td width=\"146\"><strong><b>Tehnika:<\/b><\/strong><\/td>\n<td width=\"601\">Izvezen<\/td>\n<\/tr>\n<tr>\n<td width=\"146\"><strong><b>Slog:<\/b><\/strong><\/td>\n<td width=\"601\">Prilo\u017enostno<\/td>\n<\/tr>\n<tr>\n<td width=\"146\"><strong><b>Barva<\/b><\/strong><strong><b>:<\/b><\/strong><\/td>\n<td width=\"601\">\u00a0Barve po meri<\/td>\n<\/tr>\n<tr>\n<td width=\"146\"><strong><b>Velikost:<\/b><\/strong><\/td>\n<td width=\"601\">S \/M \/L \/XL \/2XL<\/td>\n<\/tr>\n<tr>\n<td width=\"146\"><strong><b>OEM\/ODM:<\/b><\/strong><\/td>\n<td width=\"601\">Sprejemljivo<\/td>\n<\/tr>\n<tr>\n<td width=\"146\"><strong><b>Kakovost:<\/b><\/strong><\/td>\n<td width=\"601\">100% Visoka kakovost<\/td>\n<\/tr>\n<tr>\n<td width=\"146\"><strong><b>M<\/b><\/strong><strong><b>OQ:<\/b><\/strong><\/td>\n<td width=\"601\">200 kosov<\/td>\n<\/tr>\n<\/tbody>\n<\/table>","protected":false},"featured_media":2011,"template":"","meta":[],"product_brand":[],"product_cat":[39],"product_tag":[],"class_list":{"0":"post-2010","1":"product","2":"type-product","3":"status-publish","4":"has-post-thumbnail","6":"product_cat-womens-clothing","8":"first","9":"instock","10":"shipping-taxable","11":"product-type-simple"},"_links":{"self":[{"href":"https:\/\/mj-clothing.com\/sl\/wp-json\/wp\/v2\/product\/2010","targetHints":{"allow":["GET"]}}],"collection":[{"href":"https:\/\/mj-clothing.com\/sl\/wp-json\/wp\/v2\/product"}],"about":[{"href":"https:\/\/mj-clothing.com\/sl\/wp-json\/wp\/v2\/types\/product"}],"wp:featuredmedia":[{"embeddable":true,"href":"https:\/\/mj-clothing.com\/sl\/wp-json\/wp\/v2\/media\/2011"}],"wp:attachment":[{"href":"https:\/\/mj-clothing.com\/sl\/wp-json\/wp\/v2\/media?parent=2010"}],"wp:term":[{"taxonomy":"product_brand","embeddable":true,"href":"https:\/\/mj-clothing.com\/sl\/wp-json\/wp\/v2\/product_brand?post=2010"},{"taxonomy":"product_cat","embeddable":true,"href":"https:\/\/mj-clothing.com\/sl\/wp-json\/wp\/v2\/product_cat?post=2010"},{"taxonomy":"product_tag","embeddable":true,"href":"https:\/\/mj-clothing.com\/sl\/wp-json\/wp\/v2\/product_tag?post=2010"}],"curies":[{"name":"wp","href":"https:\/\/api.w.org\/{rel}","templated":true}]}}