{"id":2013,"date":"2024-12-17T09:06:12","date_gmt":"2024-12-17T09:06:12","guid":{"rendered":"https:\/\/mj-clothing.com\/?post_type=product&#038;p=2013"},"modified":"2024-12-17T09:06:12","modified_gmt":"2024-12-17T09:06:12","slug":"womens-petite-long-wool-coat","status":"publish","type":"product","link":"https:\/\/mj-clothing.com\/sl\/manufacturer\/womens-petite-long-wool-coat\/","title":{"rendered":"\u017denski dolgi volneni pla\u0161\u010d Petite"},"content":{"rendered":"<p data-sourcepos=\"1:1-1:249\">Majhen \u017eenski dolg volneni pla\u0161\u010d je odli\u010dna izbira za ohranjanje toplote in sloga v hladnej\u0161ih mesecih, zlasti \u010de imate manj\u0161o postavo. Klju\u010dno je, da najdete pla\u0161\u010d, ki se dobro prilega in laska va\u0161im proporcem. Vedeti morate, kaj morate upo\u0161tevati:<\/p>\n<h3 data-sourcepos=\"3:1-3:31\"><strong>Kaj je zna\u010dilno za \u017eenski dolgi volneni pla\u0161\u010d Petite?<\/strong><\/h3>\n<p data-sourcepos=\"5:1-5:125\"><span class=\"citation-0 recitation citation-end-0\">Majhna obla\u010dila so namenjena \u017eenskam, ki so praviloma visoke 180 cm in manj.<\/span> Glavne razlike pri pla\u0161\u010dih petite so:<span class=\"button-container hide-from-message-actions ng-star-inserted\">\u00a0 \u00a0<\/span><\/p>\n<ul data-sourcepos=\"7:1-11:0\">\n<li data-sourcepos=\"7:1-7:105\"><strong>Kraj\u0161e dol\u017eine:<\/strong> Celotna dol\u017eina pla\u0161\u010da je kraj\u0161a, da ne bi preobremenil manj\u0161ega telesa.<\/li>\n<li data-sourcepos=\"8:1-8:104\"><strong>Kraj\u0161i rokavi:<\/strong> Rokavi so oblikovani tako, da se ujemajo z zapestjem, zato jih ni treba prilagajati.<\/li>\n<li data-sourcepos=\"9:1-9:82\"><strong>Vi\u0161ji rokavni izrezi:<\/strong> To prepre\u010duje, da bi se odve\u010dna tkanina nabrala pod pazduhami.<\/li>\n<li data-sourcepos=\"10:1-11:0\"><strong><span class=\"citation-1 recitation\">O\u017eja ramena:<\/span><\/strong><span class=\"citation-1 recitation citation-end-1\"> Ramenski \u0161ivi so o\u017eji, da se pravilno prilegajo manj\u0161emu okvirju.<\/span><span class=\"button-container hide-from-message-actions ng-star-inserted\"> \u00a0<\/span>\n<div class=\"container ng-tns-c2960411664-127 hide\">\n<div class=\"carousel-container ng-tns-c2960411664-127\"><\/div>\n<\/div>\n<\/li>\n<\/ul>\n<h3 data-sourcepos=\"12:1-12:56\"><strong>Zakaj izbrati \u017eenski dolgi volneni pla\u0161\u010d (tudi \u010de ste drobne postave)?<\/strong><\/h3>\n<ul data-sourcepos=\"14:1-17:0\">\n<li data-sourcepos=\"14:1-14:111\"><strong><span class=\"citation-2 recitation\">Toplota:<\/span><\/strong><span class=\"citation-2 recitation citation-end-2\"> Dolg volneni pla\u0161\u010d zagotavlja odli\u010dno pokritost in toploto, kot nala\u0161\u010d za hladno vreme.<\/span><span class=\"button-container hide-from-message-actions ng-star-inserted\"> \u00a0<\/span>\n<div class=\"container ng-tns-c2960411664-128 hide\">\n<div class=\"carousel-container ng-tns-c2960411664-128\"><\/div>\n<\/div>\n<\/li>\n<li data-sourcepos=\"15:1-15:97\"><strong>Eleganca:<\/strong> Dolga silhueta je lahko zelo elegantna in laskava tudi za drobne postave.<\/li>\n<li data-sourcepos=\"16:1-17:0\"><strong>Vsestranskost:<\/strong> <span class=\"citation-3 recitation citation-end-3\">Klasi\u010den dolg volneni pla\u0161\u010d lahko oble\u010dete navzgor ali navzdol, zato je vsestranski dodatek k va\u0161i garderobi.<\/span>\n<div class=\"container ng-tns-c2960411664-129 hide\">\n<div class=\"carousel-container ng-tns-c2960411664-129\"><\/div>\n<\/div>\n<\/li>\n<\/ul>\n<h3 data-sourcepos=\"18:1-18:56\"><strong>Klju\u010dne lastnosti, ki jih je treba iskati v \u017eenskem dolgem volnenem pla\u0161\u010du:<\/strong><\/h3>\n<ul data-sourcepos=\"20:1-25:0\">\n<li data-sourcepos=\"20:1-20:144\"><strong>Dol\u017eina:<\/strong> Najbolje bi bilo, \u010de bi pla\u0161\u010d segal do kolen ali malo pod njimi. Izogibajte se predolgih pla\u0161\u010dev, saj lahko preobremenijo va\u0161o postavo.<\/li>\n<li data-sourcepos=\"21:1-21:140\"><strong>Prileganje:<\/strong> Bodite pozorni na prileganje v ramenih in prsih. Pla\u0161\u010d se mora udobno prilegati, ne sme biti pretesen ali preohlapen.<\/li>\n<li data-sourcepos=\"22:1-22:108\"><strong>Rokavi:<\/strong> Rokavi morajo segati do zapestja. \u010ce so predolgi, ste lahko zaradi njih videti kraj\u0161i.<\/li>\n<li data-sourcepos=\"23:1-23:146\"><strong>Slog:<\/strong> Razmislite o klasi\u010dnih slogih, kot so enonadstropni, dvonadstropni ali zaviti pla\u0161\u010di. Ti slogi so ponavadi v\u0161e\u010d drobnim postavam.<\/li>\n<li data-sourcepos=\"24:1-25:0\"><strong>Barva:<\/strong> \u010crna, mornarska in siva so klasi\u010dne in vsestranske izbire. Lahko pa razmislite tudi o drugih barvah, ki dopolnjujejo va\u0161 odtenek ko\u017ee.<\/li>\n<\/ul>\n<h3 data-sourcepos=\"26:1-26:45\"><strong>Nasveti za drobne \u017eenske drobne dolge volnene pla\u0161\u010de:<\/strong><\/h3>\n<ul data-sourcepos=\"28:1-32:0\">\n<li data-sourcepos=\"28:1-28:124\"><strong>Izogibajte se prevelikim slogom:<\/strong> Preveliki pla\u0161\u010di lahko preobremenijo drobno postavo. Izberite pla\u0161\u010d, ki je bolj prilegajo\u010d ali krojen.<\/li>\n<li data-sourcepos=\"29:1-29:127\"><strong>Bodite pozorni na podrobnosti:<\/strong> Podrobnosti, kot so pasovi, gumbi in ovratniki, lahko pripomorejo k oblikovanju bolj laskave silhuete.<\/li>\n<li data-sourcepos=\"30:1-30:117\"><strong>Nosite pete ali \u0161kornje s peto:<\/strong> S tem lahko podalj\u0161ate noge in uravnovesite proporce pla\u0161\u010da.<\/li>\n<li data-sourcepos=\"31:1-32:0\"><strong>Upo\u0161tevajte tkanino:<\/strong> Izberite lahkotno ali srednje te\u017eko volno, da se izognete dodatnemu volumnu.<\/li>\n<\/ul>\n<h3 data-sourcepos=\"33:1-33:41\"><strong>Kje najti \u017eenske dolge volnene pla\u0161\u010de Petite:<\/strong><\/h3>\n<ul data-sourcepos=\"35:1-38:0\">\n<li data-sourcepos=\"35:1-35:124\"><strong><span class=\"citation-4 recitation\">Trgovine z obla\u010dili:<\/span><\/strong><span class=\"citation-4 recitation citation-end-4\"> \u0160tevilne veleblagovnice imajo posebne oddelke za peti\u010dne modele z razli\u010dnimi slogi pla\u0161\u010dev.<\/span><span class=\"button-container hide-from-message-actions ng-star-inserted\"> \u00a0<\/span>\n<div class=\"container ng-tns-c2960411664-130 hide\">\n<div class=\"carousel-container ng-tns-c2960411664-130\"><\/div>\n<\/div>\n<\/li>\n<li data-sourcepos=\"36:1-36:124\"><strong>Specializirani trgovci na drobno:<\/strong> <span class=\"citation-5 recitation citation-end-5\">Nekateri trgovci na drobno so specializirani za peti\u010dna obla\u010dila in ponujajo ve\u010djo izbiro pla\u0161\u010dev.<\/span><span class=\"button-container hide-from-message-actions ng-star-inserted\">\u00a0 \u00a0<\/span>\n<div class=\"container ng-tns-c2960411664-131 hide\">\n<div class=\"carousel-container ng-tns-c2960411664-131\"><\/div>\n<\/div>\n<\/li>\n<li data-sourcepos=\"37:1-38:0\"><strong><span class=\"citation-6 recitation\">Spletni trgovci na drobno:<\/span><\/strong><span class=\"citation-6 recitation citation-end-6\"> Spletni trgovci na drobno ponujajo veliko izbiro pla\u0161\u010dev za peti\u010dne osebe v razli\u010dnih slogih in cenovnih razredih.<\/span><span class=\"button-container hide-from-message-actions ng-star-inserted\">\u00a0<\/span>\n<div class=\"container ng-tns-c2960411664-132 hide\">\n<div class=\"carousel-container ng-tns-c2960411664-132\"><\/div>\n<\/div>\n<\/li>\n<\/ul>\n<p data-sourcepos=\"39:1-39:150\">\u010ce upo\u0161tevate te nasvete, lahko najdete popoln droben dolg volneni pla\u0161\u010d, v katerem vam bo toplo, elegantno in samozavestno vso zimo.<\/p>","protected":false},"excerpt":{"rendered":"<table style=\"height: 521px;\" width=\"496\">\n<tbody>\n<tr>\n<td width=\"146\"><strong><b>Izdelek<\/b><\/strong>\u00a0<strong><b>Ime:<\/b><\/strong><\/td>\n<td width=\"601\"><strong>\u017denski dolgi volneni pla\u0161\u010d Petite<\/strong><\/td>\n<\/tr>\n<tr>\n<td width=\"146\"><strong><b>Materlal:<\/b><\/strong><\/td>\n<td width=\"601\">Pletenje<\/td>\n<\/tr>\n<tr>\n<td width=\"146\"><strong><b>Tehnika:<\/b><\/strong><\/td>\n<td width=\"601\">Izvezen<\/td>\n<\/tr>\n<tr>\n<td width=\"146\"><strong><b>Slog:<\/b><\/strong><\/td>\n<td width=\"601\">Prilo\u017enostno<\/td>\n<\/tr>\n<tr>\n<td width=\"146\"><strong><b>Barva<\/b><\/strong><strong><b>:<\/b><\/strong><\/td>\n<td width=\"601\">\u00a0Barve po meri<\/td>\n<\/tr>\n<tr>\n<td width=\"146\"><strong><b>Velikost:<\/b><\/strong><\/td>\n<td width=\"601\">S \/M \/L \/XL \/2XL<\/td>\n<\/tr>\n<tr>\n<td width=\"146\"><strong><b>OEM\/ODM:<\/b><\/strong><\/td>\n<td width=\"601\">Sprejemljivo<\/td>\n<\/tr>\n<tr>\n<td width=\"146\"><strong><b>Kakovost:<\/b><\/strong><\/td>\n<td width=\"601\">100% Visoka kakovost<\/td>\n<\/tr>\n<tr>\n<td width=\"146\"><strong><b>M<\/b><\/strong><strong><b>OQ:<\/b><\/strong><\/td>\n<td width=\"601\">200 kosov<\/td>\n<\/tr>\n<\/tbody>\n<\/table>","protected":false},"featured_media":2014,"template":"","meta":[],"product_brand":[],"product_cat":[39],"product_tag":[],"class_list":{"0":"post-2013","1":"product","2":"type-product","3":"status-publish","4":"has-post-thumbnail","6":"product_cat-womens-clothing","8":"first","9":"instock","10":"shipping-taxable","11":"product-type-simple"},"_links":{"self":[{"href":"https:\/\/mj-clothing.com\/sl\/wp-json\/wp\/v2\/product\/2013","targetHints":{"allow":["GET"]}}],"collection":[{"href":"https:\/\/mj-clothing.com\/sl\/wp-json\/wp\/v2\/product"}],"about":[{"href":"https:\/\/mj-clothing.com\/sl\/wp-json\/wp\/v2\/types\/product"}],"wp:featuredmedia":[{"embeddable":true,"href":"https:\/\/mj-clothing.com\/sl\/wp-json\/wp\/v2\/media\/2014"}],"wp:attachment":[{"href":"https:\/\/mj-clothing.com\/sl\/wp-json\/wp\/v2\/media?parent=2013"}],"wp:term":[{"taxonomy":"product_brand","embeddable":true,"href":"https:\/\/mj-clothing.com\/sl\/wp-json\/wp\/v2\/product_brand?post=2013"},{"taxonomy":"product_cat","embeddable":true,"href":"https:\/\/mj-clothing.com\/sl\/wp-json\/wp\/v2\/product_cat?post=2013"},{"taxonomy":"product_tag","embeddable":true,"href":"https:\/\/mj-clothing.com\/sl\/wp-json\/wp\/v2\/product_tag?post=2013"}],"curies":[{"name":"wp","href":"https:\/\/api.w.org\/{rel}","templated":true}]}}