{"id":2015,"date":"2024-12-17T09:10:45","date_gmt":"2024-12-17T09:10:45","guid":{"rendered":"https:\/\/mj-clothing.com\/?post_type=product&#038;p=2015"},"modified":"2024-12-17T09:10:45","modified_gmt":"2024-12-17T09:10:45","slug":"womens-petite-long-coats","status":"publish","type":"product","link":"https:\/\/mj-clothing.com\/sl\/manufacturer\/womens-petite-long-coats\/","title":{"rendered":"\u017denski dolgi pla\u0161\u010di Petite"},"content":{"rendered":"<p data-sourcepos=\"1:1-1:144\">I\u0161\u010dete \u017eenske dolge pla\u0161\u010de Petite, ki zagotavljajo toplino, slog in prileganje v zimskem pla\u0161\u010du! Tukaj je vodnik za iskanje idealnega \u017eenskega dolgega pla\u0161\u010da:<\/p>\n<h3 data-sourcepos=\"3:1-3:39\"><strong>Zakaj je za dolge pla\u0161\u010de pomembna oznaka \"Petite\"<\/strong><\/h3>\n<p data-sourcepos=\"5:1-5:132\">Dolgi pla\u0161\u010di standardne velikosti lahko pogosto preobremenijo drobno postavo (na splo\u0161no se \u0161teje, da meri 180 cm in manj). Majhna velikost to re\u0161uje tako, da:<\/p>\n<ul data-sourcepos=\"7:1-11:0\">\n<li data-sourcepos=\"7:1-7:128\"><strong>Skraj\u0161ana dol\u017eina:<\/strong> Celotna dol\u017eina pla\u0161\u010da je manj\u0161a, zato vas ne preplavlja. Naj bo dolg pribli\u017eno do kolen ali malo pod njimi.<\/li>\n<li data-sourcepos=\"8:1-8:112\"><strong>Kraj\u0161i rokavi:<\/strong> Rokavi so oblikovani tako, da se segajo do zapestja, zato ni treba opravljati dragih predelav.<\/li>\n<li data-sourcepos=\"9:1-9:107\"><strong>Vi\u0161ji rokavni izrezi:<\/strong> To prepre\u010duje, da bi se odve\u010dna tkanina nabrala pod pazduhami, in tako oblikuje lep\u0161o silhueto.<\/li>\n<li data-sourcepos=\"10:1-11:0\"><strong>O\u017eja ramena:<\/strong> \u0160ivi na ramenih so prilagojeni manj\u0161emu okvirju, kar prepre\u010duje, da bi se obla\u010dilo izteklo ali slabo prilegalo.<\/li>\n<\/ul>\n<h3 data-sourcepos=\"12:1-12:46\"><strong>Prednosti \u017eenskih dolgih pla\u0161\u010dev Petite (tudi za peti\u010dne\u017ee)<\/strong><\/h3>\n<ul data-sourcepos=\"14:1-17:0\">\n<li data-sourcepos=\"14:1-14:103\"><strong>Najve\u010dja toplota:<\/strong> Dolgi pla\u0161\u010di odli\u010dno pokrivajo in zagotavljajo udobje tudi v najhladnej\u0161em vremenu.<\/li>\n<li data-sourcepos=\"15:1-15:106\"><strong>Elegantna silhueta:<\/strong> Dobro prilegajo\u010di se dolgi pla\u0161\u010d je lahko neverjetno laskav, saj podalj\u0161a va\u0161o postavo.<\/li>\n<li data-sourcepos=\"16:1-17:0\"><strong>Vsestranskost:<\/strong> Oblecite ga s petami in obleko ali s kavbojkami in \u0161kornji - dolg pla\u0161\u010d se prilagaja razli\u010dnim slogom.<\/li>\n<\/ul>\n<h3 data-sourcepos=\"18:1-18:30\"><strong>Klju\u010dne lastnosti \u017eenskih dolgih pla\u0161\u010dev Petite<\/strong><\/h3>\n<ul data-sourcepos=\"20:1-30:0\">\n<li data-sourcepos=\"20:1-20:156\"><strong>Dol\u017eina:<\/strong> Kot smo \u017ee omenili, naj bo dol\u017eina do kolen ali malo pod njimi. Izogibajte se pla\u0161\u010dem do tal, razen \u010de \u017eelite dramati\u010den, modni videz.<\/li>\n<li data-sourcepos=\"21:1-21:174\"><strong>Prileganje:<\/strong> To je klju\u010dnega pomena! Bodite pozorni na prileganje ramen (\u0161ivi morajo biti na robu va\u0161ih ramen) in prileganje prsi (zapreti se morajo udobno in ne vle\u010di).<\/li>\n<li data-sourcepos=\"22:1-22:52\"><strong>Rokavi:<\/strong> Kon\u010dati se morajo pri zapestni kosti.<\/li>\n<li data-sourcepos=\"23:1-27:84\"><strong>Slog:<\/strong>\n<ul data-sourcepos=\"24:5-27:84\">\n<li data-sourcepos=\"24:5-24:87\"><strong>Enobarvna:<\/strong> Klasi\u010dne in vsestranske, pogosto z eno vrsto gumbov.<\/li>\n<li data-sourcepos=\"25:5-25:142\"><strong>Dvojno zapeto:<\/strong> Bolj strukturiran in formalen, z dvema vrstama gumbov. Lahko je te\u017eji za peti\u010dne\u017ee, zato bodite \u0161e posebej pozorni na prileganje.<\/li>\n<li data-sourcepos=\"26:5-26:78\"><strong>Ovijalni pla\u0161\u010d:<\/strong> Ustvarja poudarjen pas in prilagodljivo prileganje s pasom.<\/li>\n<li data-sourcepos=\"27:5-27:84\"><strong>Linija A:<\/strong> Ob spodnjem robu je rahlo raz\u0161irjen, kar uravnove\u0161a \u0161ir\u0161a ramena ali boke.<\/li>\n<\/ul>\n<\/li>\n<li data-sourcepos=\"28:1-28:112\"><strong>Tkanina:<\/strong> Volna je klasi\u010dna izbira za toploto, vendar razmislite tudi o me\u0161anicah za manj\u0161o te\u017eo ali ve\u010djo trpe\u017enost.<\/li>\n<li data-sourcepos=\"29:1-30:0\"><strong>Barva:<\/strong> \u010crna, mornarska in siva so brez\u010dasne. Razmislite o kamelji, burgundski ali gozdno zeleni barvi, ki jo bodo popestrili.<\/li>\n<\/ul>\n<h3 data-sourcepos=\"31:1-31:28\"><strong>Nasveti za styling za drobne<\/strong><\/h3>\n<ul data-sourcepos=\"33:1-37:0\">\n<li data-sourcepos=\"33:1-33:86\"><strong>Izogibajte se prevelikim dimenzijam:<\/strong> Lahko utopi va\u0161 okvir. Izberite krojen ali prilegajo\u010d se slog.<\/li>\n<li data-sourcepos=\"34:1-34:78\"><strong>Pasovi so va\u0161 prijatelj:<\/strong> Oblikujte pas, da ne boste videti brezobli\u010dno.<\/li>\n<li data-sourcepos=\"35:1-35:94\"><strong>Pete ali \u0161kornji s peto:<\/strong> Dodajte vi\u0161ino in podalj\u0161ajte noge, da uravnovesite dol\u017eino pla\u0161\u010da.<\/li>\n<li data-sourcepos=\"36:1-37:0\"><strong>Naj bo preprosto:<\/strong> Izogibajte se prevelikemu obsegu ali okraskom, ki lahko preobremenijo va\u0161 okvir.<\/li>\n<\/ul>","protected":false},"excerpt":{"rendered":"<table style=\"height: 612px;\" width=\"488\">\n<tbody>\n<tr>\n<td width=\"146\"><strong><b>Izdelek<\/b><\/strong>\u00a0<strong><b>Ime:<\/b><\/strong><\/td>\n<td width=\"601\"><strong>\u017denski dolgi pla\u0161\u010di Petite<\/strong><\/td>\n<\/tr>\n<tr>\n<td width=\"146\"><strong><b>Materlal:<\/b><\/strong><\/td>\n<td width=\"601\">Pletenje<\/td>\n<\/tr>\n<tr>\n<td width=\"146\"><strong><b>Tehnika:<\/b><\/strong><\/td>\n<td width=\"601\">Izvezen<\/td>\n<\/tr>\n<tr>\n<td width=\"146\"><strong><b>Slog:<\/b><\/strong><\/td>\n<td width=\"601\">Prilo\u017enostno<\/td>\n<\/tr>\n<tr>\n<td width=\"146\"><strong><b>Barva<\/b><\/strong><strong><b>:<\/b><\/strong><\/td>\n<td width=\"601\">\u00a0Barve po meri<\/td>\n<\/tr>\n<tr>\n<td width=\"146\"><strong><b>Velikost:<\/b><\/strong><\/td>\n<td width=\"601\">S \/M \/L \/XL \/2XL<\/td>\n<\/tr>\n<tr>\n<td width=\"146\"><strong><b>OEM\/ODM:<\/b><\/strong><\/td>\n<td width=\"601\">Sprejemljivo<\/td>\n<\/tr>\n<tr>\n<td width=\"146\"><strong><b>Kakovost:<\/b><\/strong><\/td>\n<td width=\"601\">100% Visoka kakovost<\/td>\n<\/tr>\n<tr>\n<td width=\"146\"><strong><b>M<\/b><\/strong><strong><b>OQ:<\/b><\/strong><\/td>\n<td width=\"601\">200 kosov<\/td>\n<\/tr>\n<\/tbody>\n<\/table>","protected":false},"featured_media":2017,"template":"","meta":[],"product_brand":[],"product_cat":[39],"product_tag":[],"class_list":{"0":"post-2015","1":"product","2":"type-product","3":"status-publish","4":"has-post-thumbnail","6":"product_cat-womens-clothing","8":"first","9":"instock","10":"shipping-taxable","11":"product-type-simple"},"_links":{"self":[{"href":"https:\/\/mj-clothing.com\/sl\/wp-json\/wp\/v2\/product\/2015","targetHints":{"allow":["GET"]}}],"collection":[{"href":"https:\/\/mj-clothing.com\/sl\/wp-json\/wp\/v2\/product"}],"about":[{"href":"https:\/\/mj-clothing.com\/sl\/wp-json\/wp\/v2\/types\/product"}],"wp:featuredmedia":[{"embeddable":true,"href":"https:\/\/mj-clothing.com\/sl\/wp-json\/wp\/v2\/media\/2017"}],"wp:attachment":[{"href":"https:\/\/mj-clothing.com\/sl\/wp-json\/wp\/v2\/media?parent=2015"}],"wp:term":[{"taxonomy":"product_brand","embeddable":true,"href":"https:\/\/mj-clothing.com\/sl\/wp-json\/wp\/v2\/product_brand?post=2015"},{"taxonomy":"product_cat","embeddable":true,"href":"https:\/\/mj-clothing.com\/sl\/wp-json\/wp\/v2\/product_cat?post=2015"},{"taxonomy":"product_tag","embeddable":true,"href":"https:\/\/mj-clothing.com\/sl\/wp-json\/wp\/v2\/product_tag?post=2015"}],"curies":[{"name":"wp","href":"https:\/\/api.w.org\/{rel}","templated":true}]}}