{"id":2037,"date":"2024-12-18T02:59:21","date_gmt":"2024-12-18T02:59:21","guid":{"rendered":"https:\/\/mj-clothing.com\/?post_type=product&#038;p=2037"},"modified":"2024-12-18T03:22:38","modified_gmt":"2024-12-18T03:22:38","slug":"womens-heated-long-coat","status":"publish","type":"product","link":"https:\/\/mj-clothing.com\/sl\/manufacturer\/womens-heated-long-coat\/","title":{"rendered":"\u017denski ogrevani dolgi pla\u0161\u010d"},"content":{"rendered":"<p data-sourcepos=\"1:1-1:216\">\u017denski ogrevani dolgi pla\u0161\u010d je vrsta vrhnjih obla\u010dil, zasnovanih za zagotavljanje izjemne toplote v hladnem vremenu. Vgrajeni so grelni elementi, ki jih napaja baterija, obi\u010dajno name\u0161\u010dena v diskretnem \u017eepu.<\/p>\n<h3 data-sourcepos=\"3:1-3:35\"><strong>Tukaj so njihove posebnosti:<\/strong><\/h3>\n<ul data-sourcepos=\"5:1-8:0\">\n<li data-sourcepos=\"5:1-5:222\"><strong>Vrhunska toplota:<\/strong> Vgrajeni grelni elementi ustvarjajo toploto, kar znatno pove\u010da izolacijske lastnosti pla\u0161\u010da. Zaradi tega je pla\u0161\u010d idealen za izjemno hladno podnebje ali dejavnosti na prostem pri nizkih temperaturah.<\/li>\n<li data-sourcepos=\"6:1-6:159\"><strong>Udobje:<\/strong> \u0160tevilni modeli imajo nastavljive nastavitve toplote, tako da lahko prilagodite raven toplote glede na svoje \u017eelje in jakost mraza.<\/li>\n<li data-sourcepos=\"7:1-8:0\"><strong>Vsestranskost:<\/strong> Glede na obliko in materiale pla\u0161\u010da jih lahko oble\u010dete za razli\u010dne prilo\u017enosti, od prilo\u017enostnih izhodov do bolj formalnih dogodkov.<\/li>\n<\/ul>\n<h3 data-sourcepos=\"9:1-9:56\"><strong>Kaj je treba upo\u0161tevati pri izbiri \u017eenskega ogrevanega dolgega pla\u0161\u010da:<\/strong><\/h3>\n<ul data-sourcepos=\"11:1-15:0\">\n<li data-sourcepos=\"11:1-11:198\"><strong>Tehnologija ogrevanja:<\/strong> Razli\u010dne blagovne znamke uporabljajo razli\u010dne tehnologije ogrevanja. Razi\u0161\u010dite specifi\u010dno tehnologijo, uporabljeno v pla\u0161\u010du, ki vas zanima, da boste razumeli njegovo zmogljivost in varnostne lastnosti.<\/li>\n<li data-sourcepos=\"12:1-12:182\"><strong>\u017divljenjska doba baterije:<\/strong> \u017divljenjska doba baterije je klju\u010dnega pomena. Upo\u0161tevajte, koliko \u010dasa bo baterija zdr\u017eala pri razli\u010dnih nastavitvah toplote, da zagotovite, da bo zadostila va\u0161im potrebam za \u010das trajanja va\u0161ih dejavnosti.<\/li>\n<li data-sourcepos=\"13:1-13:174\"><strong>Udobje in prileganje:<\/strong> Izberite pla\u0161\u010d, ki se dobro prilega in je udoben za no\u0161enje. Poi\u0161\u010dite funkcije, kot so nastavljive man\u0161ete, kapuce in vrvice, ki izbolj\u0161ajo prileganje in toploto.<\/li>\n<li data-sourcepos=\"14:1-15:0\"><strong>Stil in oblikovanje:<\/strong> Izberite pla\u0161\u010d, ki dopolnjuje va\u0161 osebni slog in prilo\u017enosti, za katere ga boste nosili.<\/li>\n<\/ul>\n<p data-sourcepos=\"16:1-16:186\">\u010ce \u017eivite v zelo hladnem podnebju ali se pozimi pogosto ukvarjate z dejavnostmi na prostem, je lahko ogrevan \u017eenski dolg pla\u0161\u010d dragocena nalo\u017eba za ohranjanje toplote in udobja.<\/p>","protected":false},"excerpt":{"rendered":"<table style=\"height: 602px;\" width=\"581\">\n<tbody>\n<tr>\n<td width=\"146\"><strong><b>Izdelek<\/b><\/strong>\u00a0<strong><b>Ime:<\/b><\/strong><\/td>\n<td width=\"601\"><strong>\u017denski ogrevani dolgi pla\u0161\u010d<\/strong><\/td>\n<\/tr>\n<tr>\n<td width=\"146\"><strong><b>Materlal:<\/b><\/strong><\/td>\n<td width=\"601\">Pletenje<\/td>\n<\/tr>\n<tr>\n<td width=\"146\"><strong><b>Tehnika:<\/b><\/strong><\/td>\n<td width=\"601\">Izvezen<\/td>\n<\/tr>\n<tr>\n<td width=\"146\"><strong><b>Slog:<\/b><\/strong><\/td>\n<td width=\"601\">Prilo\u017enostno<\/td>\n<\/tr>\n<tr>\n<td width=\"146\"><strong><b>Barva<\/b><\/strong><strong><b>:<\/b><\/strong><\/td>\n<td width=\"601\">\u00a0Barve po meri<\/td>\n<\/tr>\n<tr>\n<td width=\"146\"><strong><b>Velikost:<\/b><\/strong><\/td>\n<td width=\"601\">S \/M \/L \/XL \/2XL<\/td>\n<\/tr>\n<tr>\n<td width=\"146\"><strong><b>OEM\/ODM:<\/b><\/strong><\/td>\n<td width=\"601\">Sprejemljivo<\/td>\n<\/tr>\n<tr>\n<td width=\"146\"><strong><b>Kakovost:<\/b><\/strong><\/td>\n<td width=\"601\">100% Visoka kakovost<\/td>\n<\/tr>\n<tr>\n<td width=\"146\"><strong><b>M<\/b><\/strong><strong><b>OQ:<\/b><\/strong><\/td>\n<td width=\"601\">200 kosov<\/td>\n<\/tr>\n<\/tbody>\n<\/table>","protected":false},"featured_media":2040,"template":"","meta":[],"product_brand":[],"product_cat":[39],"product_tag":[],"class_list":{"0":"post-2037","1":"product","2":"type-product","3":"status-publish","4":"has-post-thumbnail","6":"product_cat-womens-clothing","8":"first","9":"instock","10":"shipping-taxable","11":"product-type-simple"},"_links":{"self":[{"href":"https:\/\/mj-clothing.com\/sl\/wp-json\/wp\/v2\/product\/2037","targetHints":{"allow":["GET"]}}],"collection":[{"href":"https:\/\/mj-clothing.com\/sl\/wp-json\/wp\/v2\/product"}],"about":[{"href":"https:\/\/mj-clothing.com\/sl\/wp-json\/wp\/v2\/types\/product"}],"wp:featuredmedia":[{"embeddable":true,"href":"https:\/\/mj-clothing.com\/sl\/wp-json\/wp\/v2\/media\/2040"}],"wp:attachment":[{"href":"https:\/\/mj-clothing.com\/sl\/wp-json\/wp\/v2\/media?parent=2037"}],"wp:term":[{"taxonomy":"product_brand","embeddable":true,"href":"https:\/\/mj-clothing.com\/sl\/wp-json\/wp\/v2\/product_brand?post=2037"},{"taxonomy":"product_cat","embeddable":true,"href":"https:\/\/mj-clothing.com\/sl\/wp-json\/wp\/v2\/product_cat?post=2037"},{"taxonomy":"product_tag","embeddable":true,"href":"https:\/\/mj-clothing.com\/sl\/wp-json\/wp\/v2\/product_tag?post=2037"}],"curies":[{"name":"wp","href":"https:\/\/api.w.org\/{rel}","templated":true}]}}