{"id":2041,"date":"2024-12-18T03:08:39","date_gmt":"2024-12-18T03:08:39","guid":{"rendered":"https:\/\/mj-clothing.com\/?post_type=product&#038;p=2041"},"modified":"2024-12-18T03:23:38","modified_gmt":"2024-12-18T03:23:38","slug":"womens-long-wrap-coat","status":"publish","type":"product","link":"https:\/\/mj-clothing.com\/sl\/manufacturer\/womens-long-wrap-coat\/","title":{"rendered":"\u017denski dolg ovit pla\u0161\u010d"},"content":{"rendered":"<p data-sourcepos=\"1:1-1:121\">\u017denski dolgi pla\u0161\u010d je eleganten in vsestranski vrhnji del, ki ponuja pridih elegance in prefinjenosti.<\/p>\n<h3 data-sourcepos=\"3:1-3:17\"><strong>\u017denski dolg ovitek pla\u0161\u010d Klju\u010dne lastnosti:<\/strong><\/h3>\n<ul data-sourcepos=\"5:1-9:0\">\n<li data-sourcepos=\"5:1-5:132\"><strong>Oblikovanje ovitka:<\/strong> Zna\u010dilen je zavit slog, pri katerem se pla\u0161\u010d prekriva in se obi\u010dajno ve\u017ee ali opasuje v pasu.<\/li>\n<li data-sourcepos=\"6:1-6:83\"><strong>Dol\u017eina:<\/strong> Sega pod boke, pogosto do kolen ali celo do sredine goleni.<\/li>\n<li data-sourcepos=\"7:1-7:126\"><strong>Razli\u010dni materiali:<\/strong> Izdelane so lahko iz razli\u010dnih tkanin, vklju\u010dno z volno, ka\u0161mirjem, me\u0161anicami bomba\u017ea in celo umetnim krznom.<\/li>\n<li data-sourcepos=\"8:1-9:0\"><strong><span class=\"citation-0 interactive-span-selected-v2\">Vsestranskost:<\/span><\/strong><span class=\"citation-0 citation-end-0 interactive-span-selected-v2\"> Lahko jih oble\u010dete navzgor ali navzdol, zato so primerne za razli\u010dne prilo\u017enosti, od prilo\u017enostnih izhodov do formalnih dogodkov. <\/span>\n<div class=\"container ng-tns-c3353360079-34\">\n<div class=\"carousel-container ng-tns-c3353360079-34\">\n<div class=\"carousel-content ng-tns-c3353360079-34\">\n<div class=\"sources-carousel-source ng-tns-c3353360079-34 ng-star-inserted\" data-test-id=\"sources-carousel-source\">\n<div class=\"source-card-container\">\n<div class=\"source-card-content\">\n<div class=\"source-card-body\">\n<div class=\"source-card-header\"><\/div>\n<\/div>\n<div class=\"source-card-footer\">\n<div class=\"source-card-attribution\"><\/div>\n<\/div>\n<\/div>\n<\/div>\n<\/div>\n<\/div>\n<\/div>\n<\/div>\n<\/li>\n<\/ul>\n<h3 data-sourcepos=\"10:1-10:24\"><strong>Zakaj jih \u017eenske ljubijo:<\/strong><\/h3>\n<ul data-sourcepos=\"12:1-15:0\">\n<li data-sourcepos=\"12:1-12:108\"><strong>Pohvalna silhueta:<\/strong> Oblika ovitka poudari pas in ustvari laskavo obliko pe\u0161\u010dene ure.<\/li>\n<li data-sourcepos=\"13:1-13:64\"><strong>Udobje:<\/strong> Pogosto zagotavljajo udobno in spro\u0161\u010deno no\u0161enje.<\/li>\n<li data-sourcepos=\"14:1-15:0\"><strong>Slog:<\/strong> Vsaki obleki dodajo pridih \u017eenstvenosti in elegance.<\/li>\n<\/ul>\n<h3 data-sourcepos=\"16:1-16:17\"><strong>Nasveti za oblikovanje:<\/strong><\/h3>\n<ul data-sourcepos=\"18:1-20:0\">\n<li data-sourcepos=\"18:1-18:101\"><strong>V paru z:<\/strong> Kavbojke in \u0161kornji za vsakdanji videz ali obleka in pete za bolj elegantno opravo.<\/li>\n<li data-sourcepos=\"19:1-20:0\"><strong>Dodajte dodatke:<\/strong> Dodajte \u0161al, rokavice in eleganten klobuk, da bo videz popoln.<\/li>\n<\/ul>\n<p data-sourcepos=\"21:1-21:140\">\u010ce i\u0161\u010dete eleganten in vsestranski pla\u0161\u010d za zimsko garderobo, je zagotovo vredno razmisliti o \u017eenskem dolgem pla\u0161\u010du z ovijanjem.<\/p>","protected":false},"excerpt":{"rendered":"<table style=\"height: 617px;\" width=\"599\">\n<tbody>\n<tr>\n<td width=\"146\"><strong><b>Izdelek<\/b><\/strong>\u00a0<strong><b>Ime:<\/b><\/strong><\/td>\n<td width=\"601\"><strong>\u017denski dolg ovit pla\u0161\u010d<\/strong><\/td>\n<\/tr>\n<tr>\n<td width=\"146\"><strong><b>Materlal:<\/b><\/strong><\/td>\n<td width=\"601\">Pletenje<\/td>\n<\/tr>\n<tr>\n<td width=\"146\"><strong><b>Tehnika:<\/b><\/strong><\/td>\n<td width=\"601\">Izvezen<\/td>\n<\/tr>\n<tr>\n<td width=\"146\"><strong><b>Slog:<\/b><\/strong><\/td>\n<td width=\"601\">Prilo\u017enostno<\/td>\n<\/tr>\n<tr>\n<td width=\"146\"><strong><b>Barva<\/b><\/strong><strong><b>:<\/b><\/strong><\/td>\n<td width=\"601\">\u00a0Barve po meri<\/td>\n<\/tr>\n<tr>\n<td width=\"146\"><strong><b>Velikost:<\/b><\/strong><\/td>\n<td width=\"601\">S \/M \/L \/XL \/2XL<\/td>\n<\/tr>\n<tr>\n<td width=\"146\"><strong><b>OEM\/ODM:<\/b><\/strong><\/td>\n<td width=\"601\">Sprejemljivo<\/td>\n<\/tr>\n<tr>\n<td width=\"146\"><strong><b>Kakovost:<\/b><\/strong><\/td>\n<td width=\"601\">100% Visoka kakovost<\/td>\n<\/tr>\n<tr>\n<td width=\"146\"><strong><b>M<\/b><\/strong><strong><b>OQ:<\/b><\/strong><\/td>\n<td width=\"601\">200 kosov<\/td>\n<\/tr>\n<\/tbody>\n<\/table>","protected":false},"featured_media":2042,"template":"","meta":[],"product_brand":[],"product_cat":[39],"product_tag":[],"class_list":{"0":"post-2041","1":"product","2":"type-product","3":"status-publish","4":"has-post-thumbnail","6":"product_cat-womens-clothing","8":"first","9":"instock","10":"shipping-taxable","11":"product-type-simple"},"_links":{"self":[{"href":"https:\/\/mj-clothing.com\/sl\/wp-json\/wp\/v2\/product\/2041","targetHints":{"allow":["GET"]}}],"collection":[{"href":"https:\/\/mj-clothing.com\/sl\/wp-json\/wp\/v2\/product"}],"about":[{"href":"https:\/\/mj-clothing.com\/sl\/wp-json\/wp\/v2\/types\/product"}],"wp:featuredmedia":[{"embeddable":true,"href":"https:\/\/mj-clothing.com\/sl\/wp-json\/wp\/v2\/media\/2042"}],"wp:attachment":[{"href":"https:\/\/mj-clothing.com\/sl\/wp-json\/wp\/v2\/media?parent=2041"}],"wp:term":[{"taxonomy":"product_brand","embeddable":true,"href":"https:\/\/mj-clothing.com\/sl\/wp-json\/wp\/v2\/product_brand?post=2041"},{"taxonomy":"product_cat","embeddable":true,"href":"https:\/\/mj-clothing.com\/sl\/wp-json\/wp\/v2\/product_cat?post=2041"},{"taxonomy":"product_tag","embeddable":true,"href":"https:\/\/mj-clothing.com\/sl\/wp-json\/wp\/v2\/product_tag?post=2041"}],"curies":[{"name":"wp","href":"https:\/\/api.w.org\/{rel}","templated":true}]}}