{"id":2044,"date":"2024-12-18T03:15:03","date_gmt":"2024-12-18T03:15:03","guid":{"rendered":"https:\/\/mj-clothing.com\/?post_type=product&#038;p=2044"},"modified":"2024-12-18T03:23:05","modified_gmt":"2024-12-18T03:23:05","slug":"womens-petite-long-winter-coats","status":"publish","type":"product","link":"https:\/\/mj-clothing.com\/sl\/manufacturer\/womens-petite-long-winter-coats\/","title":{"rendered":"\u017denski majhni dolgi zimski pla\u0161\u010di"},"content":{"rendered":"<p data-sourcepos=\"1:1-1:158\">\u017denski dolgi zimski pla\u0161\u010di so zasnovani posebej za ni\u017eje \u017eenske, da se pravilno prilegajo in prilegajo njihovi silhueti. Tukaj je opisano, v \u010dem je njihova posebnost:<\/p>\n<ul data-sourcepos=\"3:1-6:0\">\n<li data-sourcepos=\"3:1-3:155\"><strong>Proporcionirano za kraj\u0161e okvirje:<\/strong> Ti pla\u0161\u010di so zasnovani z mislijo na kraj\u0161i trup in medno\u017eje, tako da ne pretirano obremenjujejo drobne postave.<\/li>\n<li data-sourcepos=\"4:1-4:144\"><strong>Idealna dol\u017eina:<\/strong> \u010ceprav \u0161e vedno veljajo za \"dolge\", je dol\u017eina prilagojena tako, da se ne vle\u010dejo po tleh in ne ustvarjajo preve\u010d voluminoznega videza.<\/li>\n<li data-sourcepos=\"5:1-6:0\"><strong>Izbolj\u0161ano prileganje:<\/strong> Funkcije, kot so kraj\u0161i rokavi in prilagojen pas, zagotavljajo, da se pla\u0161\u010d udobno in sorazmerno prilega.<\/li>\n<\/ul>\n<h3 data-sourcepos=\"7:1-7:19\"><strong>Priljubljeni slogi:<\/strong><\/h3>\n<ul data-sourcepos=\"9:1-12:0\">\n<li data-sourcepos=\"9:1-9:102\"><strong>Majhni volneni pla\u0161\u010di:<\/strong> Klasi\u010dni in brez\u010dasni, pogosto v slogih, kot so pla\u0161\u010di ali dvonadstropni pla\u0161\u010di.<\/li>\n<li data-sourcepos=\"10:1-10:118\"><strong>Majhni puffer pla\u0161\u010di:<\/strong> Zagotavljajo odli\u010dno toploto ter so na voljo v razli\u010dnih dol\u017einah in slogih, od elegantnih do bolj vsakdanjih.<\/li>\n<li data-sourcepos=\"11:1-12:0\"><strong>Petite Parkas:<\/strong> Idealne so za hladnej\u0161e podnebje, pogosto imajo kapuco, krznene okraske in ve\u010d \u017eepov.<\/li>\n<\/ul>\n<h3 data-sourcepos=\"13:1-13:23\"><strong>Kje najti \u017eenske dolge zimske pla\u0161\u010de Petite:<\/strong><\/h3>\n<p data-sourcepos=\"15:1-15:54\">\u0160tevilni trgovci na drobno ponujajo mo\u017enosti za drobno velikost, vklju\u010dno z:<\/p>\n<ul data-sourcepos=\"17:1-20:0\">\n<li data-sourcepos=\"17:1-17:58\"><strong>Trgovine:<\/strong> Nordstrom, Macy's, Bloomingdale's<\/li>\n<li data-sourcepos=\"18:1-18:52\"><strong>Specializirani trgovci na drobno:<\/strong> Ann Taylor, Loft, Talbots<\/li>\n<li data-sourcepos=\"19:1-20:0\"><strong>Spletni trgovci na drobno:<\/strong> ASOS, Nordstrom Rack, Amazon<\/li>\n<\/ul>\n<h3 data-sourcepos=\"21:1-21:22\"><strong>Nasveti za izbiro:<\/strong><\/h3>\n<ul data-sourcepos=\"23:1-26:0\">\n<li data-sourcepos=\"23:1-23:102\"><strong>Razmislite o tkanini:<\/strong> Poi\u0161\u010dite tople in trpe\u017ene tkanine, kot so volna, puh ali sinteti\u010dna izolacija.<\/li>\n<li data-sourcepos=\"24:1-24:106\"><strong>Preverite dol\u017eino:<\/strong> Prepri\u010dajte se, da je pla\u0161\u010d na pravem mestu na nogah, da se ne bi utopil.<\/li>\n<li data-sourcepos=\"25:1-26:0\"><strong>Preizkusite ga:<\/strong> Vedno pomerite pla\u0161\u010d za majhne, da se prepri\u010date, da se pravilno prilega in da je v\u0161e\u010d va\u0161i postavi.<\/li>\n<\/ul>\n<p data-sourcepos=\"27:1-27:121\">Z izbiro dobro prilegajo\u010dih se \u017eenskih dolgih zimskih pla\u0161\u010dev lahko ni\u017eje \u017eenske ostanejo tople in elegantne v hladnej\u0161ih mesecih.<\/p>","protected":false},"excerpt":{"rendered":"<table style=\"height: 572px;\" width=\"534\">\n<tbody>\n<tr>\n<td width=\"146\"><strong><b>Izdelek<\/b><\/strong>\u00a0<strong><b>Ime:<\/b><\/strong><\/td>\n<td width=\"601\"><strong>\u017denski majhni dolgi zimski pla\u0161\u010di<\/strong><\/td>\n<\/tr>\n<tr>\n<td width=\"146\"><strong><b>Materlal:<\/b><\/strong><\/td>\n<td width=\"601\">Pletenje<\/td>\n<\/tr>\n<tr>\n<td width=\"146\"><strong><b>Tehnika:<\/b><\/strong><\/td>\n<td width=\"601\">Izvezen<\/td>\n<\/tr>\n<tr>\n<td width=\"146\"><strong><b>Slog:<\/b><\/strong><\/td>\n<td width=\"601\">Prilo\u017enostno<\/td>\n<\/tr>\n<tr>\n<td width=\"146\"><strong><b>Barva<\/b><\/strong><strong><b>:<\/b><\/strong><\/td>\n<td width=\"601\">\u00a0Barve po meri<\/td>\n<\/tr>\n<tr>\n<td width=\"146\"><strong><b>Velikost:<\/b><\/strong><\/td>\n<td width=\"601\">S \/M \/L \/XL \/2XL<\/td>\n<\/tr>\n<tr>\n<td width=\"146\"><strong><b>OEM\/ODM:<\/b><\/strong><\/td>\n<td width=\"601\">Sprejemljivo<\/td>\n<\/tr>\n<tr>\n<td width=\"146\"><strong><b>Kakovost:<\/b><\/strong><\/td>\n<td width=\"601\">100% Visoka kakovost<\/td>\n<\/tr>\n<tr>\n<td width=\"146\"><strong><b>M<\/b><\/strong><strong><b>OQ:<\/b><\/strong><\/td>\n<td width=\"601\">200 kosov<\/td>\n<\/tr>\n<\/tbody>\n<\/table>","protected":false},"featured_media":2045,"template":"","meta":[],"product_brand":[],"product_cat":[39],"product_tag":[],"class_list":{"0":"post-2044","1":"product","2":"type-product","3":"status-publish","4":"has-post-thumbnail","6":"product_cat-womens-clothing","8":"first","9":"instock","10":"shipping-taxable","11":"product-type-simple"},"_links":{"self":[{"href":"https:\/\/mj-clothing.com\/sl\/wp-json\/wp\/v2\/product\/2044","targetHints":{"allow":["GET"]}}],"collection":[{"href":"https:\/\/mj-clothing.com\/sl\/wp-json\/wp\/v2\/product"}],"about":[{"href":"https:\/\/mj-clothing.com\/sl\/wp-json\/wp\/v2\/types\/product"}],"wp:featuredmedia":[{"embeddable":true,"href":"https:\/\/mj-clothing.com\/sl\/wp-json\/wp\/v2\/media\/2045"}],"wp:attachment":[{"href":"https:\/\/mj-clothing.com\/sl\/wp-json\/wp\/v2\/media?parent=2044"}],"wp:term":[{"taxonomy":"product_brand","embeddable":true,"href":"https:\/\/mj-clothing.com\/sl\/wp-json\/wp\/v2\/product_brand?post=2044"},{"taxonomy":"product_cat","embeddable":true,"href":"https:\/\/mj-clothing.com\/sl\/wp-json\/wp\/v2\/product_cat?post=2044"},{"taxonomy":"product_tag","embeddable":true,"href":"https:\/\/mj-clothing.com\/sl\/wp-json\/wp\/v2\/product_tag?post=2044"}],"curies":[{"name":"wp","href":"https:\/\/api.w.org\/{rel}","templated":true}]}}