{"id":2066,"date":"2024-12-19T03:05:05","date_gmt":"2024-12-19T03:05:05","guid":{"rendered":"https:\/\/mj-clothing.com\/?post_type=product&#038;p=2066"},"modified":"2024-12-19T03:05:05","modified_gmt":"2024-12-19T03:05:05","slug":"spring-coats-for-ladies","status":"publish","type":"product","link":"https:\/\/mj-clothing.com\/sl\/manufacturer\/spring-coats-for-ladies\/","title":{"rendered":"Spomladanski pla\u0161\u010di za \u017eenske"},"content":{"rendered":"<p data-sourcepos=\"1:1-1:154\">Spomladanski pla\u0161\u010di za \u017eenske je \u010dudovita sezona in pravi \u010das, da svojo garderobo posodobite z elegantnimi spomladanskimi pla\u0161\u010di. Tukaj je nekaj priljubljenih mo\u017enosti za \u017eenske:<\/p>\n<h3 data-sourcepos=\"3:1-3:19\"><strong>1. Spomladanski pla\u0161\u010di za \u017eenske:<\/strong><\/h3>\n<ul data-sourcepos=\"5:1-8:0\">\n<li style=\"list-style-type: none;\">\n<ul data-sourcepos=\"5:1-8:0\">\n<li data-sourcepos=\"5:1-5:94\"><strong>Klasi\u010dno in brez\u010dasno:<\/strong> Pla\u0161\u010d je osnovni kos garderobe, ki ga lahko oble\u010dete navzgor ali navzdol.<\/li>\n<li data-sourcepos=\"6:1-6:60\"><strong>Vsestranski:<\/strong> Odli\u010dna je tako za de\u017eevne kot son\u010dne dni.<\/li>\n<li data-sourcepos=\"7:1-8:0\"><strong>Elegantno:<\/strong> Izbirate lahko med razli\u010dnimi barvami in slogi, ki ustrezajo va\u0161emu okusu.<\/li>\n<\/ul>\n<\/li>\n<\/ul>\n<div class=\"attachment-container search-images\">\n<div class=\"image-container hide-from-message-actions ng-star-inserted\"><strong style=\"color: #555555; font-size: 14.4px;\">2. D\u017eins jakna:<\/strong><\/div>\n<\/div>\n<ul data-sourcepos=\"13:1-16:0\">\n<li style=\"list-style-type: none;\">\n<ul data-sourcepos=\"13:1-16:0\">\n<li data-sourcepos=\"13:1-13:91\"><strong>Prilo\u017enostno in hladno:<\/strong> Jakna iz d\u017einsa je odli\u010den na\u010din, da svoji obleki dodate pridih robatosti.<\/li>\n<li data-sourcepos=\"14:1-14:65\"><strong>Vsestranski:<\/strong> Kombinirate jo lahko s kavbojkami, oblekami ali krili.<\/li>\n<li data-sourcepos=\"15:1-16:0\"><strong>Udobno:<\/strong> D\u017eins je trpe\u017ena in udobna tkanina.<\/li>\n<\/ul>\n<\/li>\n<\/ul>\n<div class=\"attachment-container search-images\">\n<div class=\"image-container hide-from-message-actions ng-star-inserted\">\n<div class=\"caption ellipsis gds-label-m-alt ng-star-inserted\" aria-hidden=\"true\"><strong style=\"color: #555555; font-size: 14.4px;\">3.Spomladanski pla\u0161\u010di za \u017eenske Blazer:<\/strong><\/div>\n<\/div>\n<\/div>\n<ul data-sourcepos=\"21:1-24:0\">\n<li style=\"list-style-type: none;\">\n<ul data-sourcepos=\"21:1-24:0\">\n<li data-sourcepos=\"21:1-21:75\"><strong>Elegantno in prefinjeno:<\/strong> Blazer je odli\u010den na\u010din za izbolj\u0161anje videza.<\/li>\n<li data-sourcepos=\"22:1-22:80\"><strong>Vsestranski:<\/strong> Nosite jo lahko v slu\u017ebo, na ve\u010derjo ali za vsakdanji konec tedna.<\/li>\n<li data-sourcepos=\"23:1-24:0\"><strong>Elegantno:<\/strong> Izbirate lahko med razli\u010dnimi barvami, vzorci in slogi.<\/li>\n<\/ul>\n<\/li>\n<\/ul>\n<div class=\"attachment-container search-images\">\n<div class=\"image-container hide-from-message-actions ng-star-inserted\">\n<div class=\"caption ellipsis gds-label-m-alt ng-star-inserted\" aria-hidden=\"true\"><strong style=\"color: #555555; font-size: 14.4px;\">4. Spomladanski pla\u0161\u010di za \u017eenske Usnjena jakna:<\/strong><\/div>\n<\/div>\n<\/div>\n<ul data-sourcepos=\"29:1-32:0\">\n<li style=\"list-style-type: none;\">\n<ul data-sourcepos=\"29:1-32:0\">\n<li data-sourcepos=\"29:1-29:89\"><strong>Izvirno in kul:<\/strong> Usnjena jakna je odli\u010den na\u010din, da svoji obleki dodate nekaj vedrine.<\/li>\n<li data-sourcepos=\"30:1-30:46\"><strong>Vsestranski:<\/strong> Lahko ga oble\u010dete navzgor ali navzdol.<\/li>\n<li data-sourcepos=\"31:1-32:0\"><strong>Elegantno:<\/strong> Izbirate lahko med razli\u010dnimi barvami in slogi.<\/li>\n<\/ul>\n<\/li>\n<\/ul>\n<div class=\"attachment-container search-images\">\n<div class=\"image-container hide-from-message-actions ng-star-inserted\">\n<div class=\"caption ellipsis gds-label-m-alt ng-star-inserted\" aria-hidden=\"true\"><strong style=\"color: #555555; font-size: 14.4px;\">5. Puffer jakna:<\/strong><\/div>\n<\/div>\n<\/div>\n<ul data-sourcepos=\"37:1-40:0\">\n<li style=\"list-style-type: none;\">\n<ul data-sourcepos=\"37:1-40:0\">\n<li data-sourcepos=\"37:1-37:87\"><strong>Toplo in udobno:<\/strong> Puferska jakna je odli\u010den na\u010din za ohranjanje toplote v hladnih pomladnih dneh.<\/li>\n<li data-sourcepos=\"38:1-38:66\"><strong>Vsestranski:<\/strong> Kombinirate jo lahko s kavbojkami, gama\u0161ami ali krili.<\/li>\n<li data-sourcepos=\"39:1-40:0\"><strong>Elegantno:<\/strong> Izbirate lahko med razli\u010dnimi barvami in slogi.<\/li>\n<\/ul>\n<\/li>\n<\/ul>\n<div class=\"attachment-container search-images\"><\/div>\n<p data-sourcepos=\"43:1-43:46\"><strong>Nasveti za izbiro popolnega spomladanskega pla\u0161\u010da:<\/strong><\/p>\n<ul data-sourcepos=\"45:1-49:0\">\n<li data-sourcepos=\"45:1-45:184\"><strong>Upo\u0161tevajte svoje podnebje:<\/strong> \u010ce \u017eivite v toplem podnebju, boste morda \u017eeleli izbrati la\u017eji pla\u0161\u010d. \u010ce \u017eivite v hladnej\u0161em podnebju, boste morda \u017eeleli izbrati pla\u0161\u010d ve\u010dje te\u017ee.<\/li>\n<li data-sourcepos=\"46:1-46:188\"><strong>Razmislite o svojem \u017eivljenjskem slogu:<\/strong> \u010ce ste aktivni, boste morda \u017eeleli izbrati pla\u0161\u010d, v katerem se boste zlahka gibali. \u010ce delate v profesionalnem okolju, boste morda \u017eeleli izbrati bolj formalen pla\u0161\u010d.<\/li>\n<li data-sourcepos=\"47:1-47:87\"><strong>Izberite barvo, ki vam je v\u0161e\u010d:<\/strong> Bolj verjetno bo\u0161 nosil pla\u0161\u010d, ki ti je v\u0161e\u010d.<\/li>\n<li data-sourcepos=\"48:1-49:0\"><strong>Upo\u0161tevajte prileganje:<\/strong> Dobro prilegajo\u010d se pla\u0161\u010d bo videti in se v njem po\u010dutiti odli\u010dno.<\/li>\n<\/ul>\n<p data-sourcepos=\"50:1-50:202\">Ne glede na to, kak\u0161en je va\u0161 slog, je za vas na voljo popoln spomladanski pla\u0161\u010d. Ker je na izbiro toliko odli\u010dnih mo\u017enosti, boste zagotovo na\u0161li popoln pla\u0161\u010d, s katerim vam bo toplo in elegantno vso sezono.<\/p>","protected":false},"excerpt":{"rendered":"<table style=\"height: 611px;\" width=\"429\">\n<tbody>\n<tr>\n<td width=\"146\"><strong><b>Izdelek<\/b><\/strong>\u00a0<strong><b>Ime:<\/b><\/strong><\/td>\n<td width=\"601\"><strong>Spomladanski pla\u0161\u010di za \u017eenske<\/strong><\/td>\n<\/tr>\n<tr>\n<td width=\"146\"><strong><b>Materlal:<\/b><\/strong><\/td>\n<td width=\"601\">Pletenje<\/td>\n<\/tr>\n<tr>\n<td width=\"146\"><strong><b>Tehnika:<\/b><\/strong><\/td>\n<td width=\"601\">Izvezen<\/td>\n<\/tr>\n<tr>\n<td width=\"146\"><strong><b>Slog:<\/b><\/strong><\/td>\n<td width=\"601\">Prilo\u017enostno<\/td>\n<\/tr>\n<tr>\n<td width=\"146\"><strong><b>Barva<\/b><\/strong><strong><b>:<\/b><\/strong><\/td>\n<td width=\"601\">\u00a0Barve po meri<\/td>\n<\/tr>\n<tr>\n<td width=\"146\"><strong><b>Velikost:<\/b><\/strong><\/td>\n<td width=\"601\">S \/M \/L \/XL \/2XL<\/td>\n<\/tr>\n<tr>\n<td width=\"146\"><strong><b>OEM\/ODM:<\/b><\/strong><\/td>\n<td width=\"601\">Sprejemljivo<\/td>\n<\/tr>\n<tr>\n<td width=\"146\"><strong><b>Kakovost:<\/b><\/strong><\/td>\n<td width=\"601\">100% Visoka kakovost<\/td>\n<\/tr>\n<tr>\n<td width=\"146\"><strong><b>M<\/b><\/strong><strong><b>OQ:<\/b><\/strong><\/td>\n<td width=\"601\">200 kosov<\/td>\n<\/tr>\n<\/tbody>\n<\/table>","protected":false},"featured_media":2075,"template":"","meta":[],"product_brand":[],"product_cat":[39],"product_tag":[],"class_list":{"0":"post-2066","1":"product","2":"type-product","3":"status-publish","4":"has-post-thumbnail","6":"product_cat-womens-clothing","8":"first","9":"instock","10":"shipping-taxable","11":"product-type-simple"},"_links":{"self":[{"href":"https:\/\/mj-clothing.com\/sl\/wp-json\/wp\/v2\/product\/2066","targetHints":{"allow":["GET"]}}],"collection":[{"href":"https:\/\/mj-clothing.com\/sl\/wp-json\/wp\/v2\/product"}],"about":[{"href":"https:\/\/mj-clothing.com\/sl\/wp-json\/wp\/v2\/types\/product"}],"wp:featuredmedia":[{"embeddable":true,"href":"https:\/\/mj-clothing.com\/sl\/wp-json\/wp\/v2\/media\/2075"}],"wp:attachment":[{"href":"https:\/\/mj-clothing.com\/sl\/wp-json\/wp\/v2\/media?parent=2066"}],"wp:term":[{"taxonomy":"product_brand","embeddable":true,"href":"https:\/\/mj-clothing.com\/sl\/wp-json\/wp\/v2\/product_brand?post=2066"},{"taxonomy":"product_cat","embeddable":true,"href":"https:\/\/mj-clothing.com\/sl\/wp-json\/wp\/v2\/product_cat?post=2066"},{"taxonomy":"product_tag","embeddable":true,"href":"https:\/\/mj-clothing.com\/sl\/wp-json\/wp\/v2\/product_tag?post=2066"}],"curies":[{"name":"wp","href":"https:\/\/api.w.org\/{rel}","templated":true}]}}