{"id":2078,"date":"2024-12-19T03:32:27","date_gmt":"2024-12-19T03:32:27","guid":{"rendered":"https:\/\/mj-clothing.com\/?post_type=product&#038;p=2078"},"modified":"2024-12-19T03:32:27","modified_gmt":"2024-12-19T03:32:27","slug":"womens-winter-coats","status":"publish","type":"product","link":"https:\/\/mj-clothing.com\/sl\/manufacturer\/womens-winter-coats\/","title":{"rendered":"\u017denski zimski pla\u0161\u010di"},"content":{"rendered":"<p data-sourcepos=\"1:1-1:131\">Womens Winter Coats are essential for staying warm and stylish during the colder months. Here are some popular styles to consider:<\/p>\n<h3 data-sourcepos=\"3:1-3:19\"><strong>1. Womens Winter Coats:<\/strong><\/h3>\n<ul data-sourcepos=\"5:1-8:0\">\n<li style=\"list-style-type: none;\">\n<ul data-sourcepos=\"5:1-8:0\">\n<li data-sourcepos=\"5:1-5:113\"><strong>Toplo in udobno:<\/strong> Puffer pla\u0161\u010di so znani po odli\u010dni izolaciji, zato so kot nala\u0161\u010d za hladno vreme.<\/li>\n<li data-sourcepos=\"6:1-6:96\"><strong>Vsestranski:<\/strong> Na voljo so v razli\u010dnih dol\u017einah, slogih in barvah, ki ustrezajo razli\u010dnim \u017eeljam.<\/li>\n<li data-sourcepos=\"7:1-8:0\"><strong>Funkcionalno:<\/strong> \u0160tevilni puffer pla\u0161\u010di imajo kapuco, \u017eepe in druge prakti\u010dne podrobnosti.<\/li>\n<\/ul>\n<\/li>\n<\/ul>\n<div class=\"attachment-container search-images\"><\/div>\n<h3 data-sourcepos=\"11:1-11:17\"><strong>2. Wool Womens Winter Coats:<\/strong><\/h3>\n<ul data-sourcepos=\"13:1-16:0\">\n<li style=\"list-style-type: none;\">\n<ul data-sourcepos=\"13:1-16:0\">\n<li data-sourcepos=\"13:1-13:85\"><strong>Elegantno in brez\u010dasno:<\/strong> Volneni pla\u0161\u010di so klasi\u010dna izbira za prefinjen videz.<\/li>\n<li data-sourcepos=\"14:1-14:95\"><strong>Topel in trpe\u017een:<\/strong> Volna je naravni izolator, ki se lahko upre ostrim zimskim razmeram.<\/li>\n<li data-sourcepos=\"15:1-16:0\"><strong>Vsestranski:<\/strong> Volnene pla\u0161\u010de lahko glede na prilo\u017enost oble\u010dete navzgor ali navzdol.<\/li>\n<\/ul>\n<\/li>\n<\/ul>\n<div class=\"attachment-container search-images\">\n<div class=\"image-container hide-from-message-actions ng-star-inserted\">\n<h3 class=\"caption ellipsis gds-label-m-alt ng-star-inserted\" aria-hidden=\"true\"><strong style=\"color: #555555; font-size: 14.4px;\">3. Parka Coat:<\/strong><\/h3>\n<\/div>\n<\/div>\n<ul data-sourcepos=\"21:1-24:0\">\n<li style=\"list-style-type: none;\">\n<ul data-sourcepos=\"21:1-24:0\">\n<li data-sourcepos=\"21:1-21:88\"><strong>Toplo in za\u0161\u010ditno:<\/strong> Parke so zasnovane tako, da vas ohranjajo na toplem v ekstremno hladnem vremenu.<\/li>\n<li data-sourcepos=\"22:1-22:75\"><strong>Funkcionalno:<\/strong> Pogosto imajo kapuco, krznen okras in ve\u010d \u017eepov.<\/li>\n<li data-sourcepos=\"23:1-24:0\"><strong>Elegantno:<\/strong> Parke so lahko elegantne in modne, zlasti s sodobnimi vzorci in barvami.<\/li>\n<\/ul>\n<\/li>\n<\/ul>\n<div class=\"attachment-container search-images\">\n<div class=\"image-container hide-from-message-actions ng-star-inserted\">\n<h3 class=\"caption ellipsis gds-label-m-alt ng-star-inserted\" aria-hidden=\"true\"><strong style=\"color: #555555; font-size: 14.4px;\">4. Peacoat Womens Winter Coats:<\/strong><\/h3>\n<\/div>\n<\/div>\n<ul data-sourcepos=\"29:1-32:0\">\n<li style=\"list-style-type: none;\">\n<ul data-sourcepos=\"29:1-32:0\">\n<li data-sourcepos=\"29:1-29:83\"><strong>Klasi\u010dno in morsko:<\/strong> Pla\u0161\u010d je brez\u010dasen slog z mornarsko dedi\u0161\u010dino.<\/li>\n<li data-sourcepos=\"30:1-30:102\"><strong>Toplo in elegantno:<\/strong> Izdelane so iz debele, tople volne in imajo pogosto dvoredni sprednji del.<\/li>\n<li data-sourcepos=\"31:1-32:0\"><strong>Vsestranski:<\/strong> Pla\u0161\u010de lahko oble\u010dete navzgor ali navzdol, odvisno od prilo\u017enosti.<\/li>\n<\/ul>\n<\/li>\n<\/ul>\n<div class=\"attachment-container search-images\">\n<div class=\"image-container hide-from-message-actions ng-star-inserted\">\n<div class=\"caption ellipsis gds-label-m-alt ng-star-inserted\" aria-hidden=\"true\"><strong style=\"color: #555555; font-size: 14.4px;\">5. Usnjeni pla\u0161\u010d:<\/strong><\/div>\n<\/div>\n<\/div>\n<ul data-sourcepos=\"37:1-40:0\">\n<li style=\"list-style-type: none;\">\n<ul data-sourcepos=\"37:1-40:0\">\n<li data-sourcepos=\"37:1-37:72\"><strong>Elegantno in elegantno:<\/strong> Usnjeni pla\u0161\u010di dodajo vsaki obleki pridih ostrine.<\/li>\n<li data-sourcepos=\"38:1-38:87\"><strong>Trajno in brez\u010dasno:<\/strong> Usnje je trpe\u017een material, ki lahko zdr\u017ei ve\u010d let.<\/li>\n<li data-sourcepos=\"39:1-40:0\"><strong>Vsestranski:<\/strong> Usnjene pla\u0161\u010de lahko glede na slog in prilo\u017enost oble\u010dete navzgor ali navzdol.<\/li>\n<\/ul>\n<\/li>\n<\/ul>\n<div class=\"attachment-container search-images\">\n<div class=\"image-container hide-from-message-actions ng-star-inserted\">\n<div class=\"caption ellipsis gds-label-m-alt ng-star-inserted\" aria-hidden=\"true\"><strong style=\"color: #555555; font-size: 14.4px;\">Tips for Choosing the Womens Winter Coats:<\/strong><\/div>\n<\/div>\n<\/div>\n<ul data-sourcepos=\"45:1-50:0\">\n<li data-sourcepos=\"45:1-45:91\"><strong>Upo\u0161tevajte svoje podnebje:<\/strong> Izberite pla\u0161\u010d, ki je primeren za podnebje, v katerem \u017eivite.<\/li>\n<li data-sourcepos=\"46:1-46:117\"><strong>Razmislite o svojem \u017eivljenjskem slogu:<\/strong> Upo\u0161tevajte svoje vsakodnevne dejavnosti in izberite pla\u0161\u010d, ki je prakti\u010den in udoben.<\/li>\n<li data-sourcepos=\"47:1-47:91\"><strong>Bodite pozorni na prileganje:<\/strong> Pla\u0161\u010d se mora dobro prilegati in ne sme biti pretesen ali preohlapen.<\/li>\n<li data-sourcepos=\"48:1-48:98\"><strong>Izberite slog, ki ustreza va\u0161i osebnosti:<\/strong> Izberite pla\u0161\u010d, ki odra\u017ea va\u0161 osebni slog.<\/li>\n<li data-sourcepos=\"49:1-50:0\"><strong>Upo\u0161tevajte materiale:<\/strong> Poi\u0161\u010dite visokokakovostne materiale, ki vas bodo ohranili tople in suhe.<\/li>\n<\/ul>\n<p data-sourcepos=\"51:1-51:149\">Ker lahko izbirate med \u0161tevilnimi razli\u010dnimi slogi in materiali, boste zagotovo na\u0161li popoln zimski pla\u0161\u010d, v katerem vam bo toplo in elegantno vso sezono.<\/p>","protected":false},"excerpt":{"rendered":"<table style=\"height: 500px;\" width=\"479\">\n<tbody>\n<tr>\n<td width=\"146\"><strong><b>Izdelek<\/b><\/strong>\u00a0<strong><b>Ime:<\/b><\/strong><\/td>\n<td width=\"601\"><strong>\u017denski zimski pla\u0161\u010di<\/strong><\/td>\n<\/tr>\n<tr>\n<td width=\"146\"><strong><b>Materlal:<\/b><\/strong><\/td>\n<td width=\"601\">Pletenje<\/td>\n<\/tr>\n<tr>\n<td width=\"146\"><strong><b>Tehnika:<\/b><\/strong><\/td>\n<td width=\"601\">Izvezen<\/td>\n<\/tr>\n<tr>\n<td width=\"146\"><strong><b>Slog:<\/b><\/strong><\/td>\n<td width=\"601\">Prilo\u017enostno<\/td>\n<\/tr>\n<tr>\n<td width=\"146\"><strong><b>Barva<\/b><\/strong><strong><b>:<\/b><\/strong><\/td>\n<td width=\"601\">\u00a0Barve po meri<\/td>\n<\/tr>\n<tr>\n<td width=\"146\"><strong><b>Velikost:<\/b><\/strong><\/td>\n<td width=\"601\">S \/M \/L \/XL \/2XL<\/td>\n<\/tr>\n<tr>\n<td width=\"146\"><strong><b>OEM\/ODM:<\/b><\/strong><\/td>\n<td width=\"601\">Sprejemljivo<\/td>\n<\/tr>\n<tr>\n<td width=\"146\"><strong><b>Kakovost:<\/b><\/strong><\/td>\n<td width=\"601\">100% Visoka kakovost<\/td>\n<\/tr>\n<tr>\n<td width=\"146\"><strong><b>M<\/b><\/strong><strong><b>OQ:<\/b><\/strong><\/td>\n<td width=\"601\">200 kosov<\/td>\n<\/tr>\n<\/tbody>\n<\/table>","protected":false},"featured_media":2079,"template":"","meta":[],"product_brand":[],"product_cat":[39],"product_tag":[],"class_list":{"0":"post-2078","1":"product","2":"type-product","3":"status-publish","4":"has-post-thumbnail","6":"product_cat-womens-clothing","8":"first","9":"instock","10":"shipping-taxable","11":"product-type-simple"},"_links":{"self":[{"href":"https:\/\/mj-clothing.com\/sl\/wp-json\/wp\/v2\/product\/2078","targetHints":{"allow":["GET"]}}],"collection":[{"href":"https:\/\/mj-clothing.com\/sl\/wp-json\/wp\/v2\/product"}],"about":[{"href":"https:\/\/mj-clothing.com\/sl\/wp-json\/wp\/v2\/types\/product"}],"wp:featuredmedia":[{"embeddable":true,"href":"https:\/\/mj-clothing.com\/sl\/wp-json\/wp\/v2\/media\/2079"}],"wp:attachment":[{"href":"https:\/\/mj-clothing.com\/sl\/wp-json\/wp\/v2\/media?parent=2078"}],"wp:term":[{"taxonomy":"product_brand","embeddable":true,"href":"https:\/\/mj-clothing.com\/sl\/wp-json\/wp\/v2\/product_brand?post=2078"},{"taxonomy":"product_cat","embeddable":true,"href":"https:\/\/mj-clothing.com\/sl\/wp-json\/wp\/v2\/product_cat?post=2078"},{"taxonomy":"product_tag","embeddable":true,"href":"https:\/\/mj-clothing.com\/sl\/wp-json\/wp\/v2\/product_tag?post=2078"}],"curies":[{"name":"wp","href":"https:\/\/api.w.org\/{rel}","templated":true}]}}