{"id":1639,"date":"2024-12-12T03:09:51","date_gmt":"2024-12-12T03:09:51","guid":{"rendered":"https:\/\/mj-clothing.com\/?post_type=product&#038;p=1639"},"modified":"2024-12-17T07:21:12","modified_gmt":"2024-12-17T07:21:12","slug":"luxury-mens-white-shirt","status":"publish","type":"product","link":"https:\/\/mj-clothing.com\/sv\/manufacturer\/luxury-mens-white-shirt\/","title":{"rendered":"Lyxig vit skjorta f\u00f6r herrar"},"content":{"rendered":"<h2>Lyxig vit skjorta f\u00f6r herrar<\/h2>\n<p><span class=\"citation-0 recitation citation-end-0\">En Luxury Mens White Shirt \u00e4r en tidl\u00f6s klassiker som kan f\u00f6rh\u00f6ja vilken garderob som helst.<\/span>H\u00e4r \u00e4r n\u00e5gra viktiga faktorer att t\u00e4nka p\u00e5 n\u00e4r du v\u00e4ljer en lyxig vit skjorta:<\/p>\n<div id=\"model-response-message-contentr_5dd7d1f0a90fdd28\" class=\"markdown markdown-main-panel response-optimization\" dir=\"ltr\">\n<p data-sourcepos=\"3:1-3:11\"><strong>Tyg:<\/strong><\/p>\n<ul data-sourcepos=\"5:1-12:0\">\n<li data-sourcepos=\"5:1-7:29\"><strong><span class=\"citation-1 recitation\">Fin bomull:<\/span><\/strong><span class=\"citation-1 recitation citation-end-1\"> Bomull av h\u00f6g kvalitet, t.ex. egyptisk bomull eller Pima-bomull, ger enast\u00e5ende mjukhet, andningsf\u00f6rm\u00e5ga och h\u00e5llbarhet.<\/span><\/li>\n<li data-sourcepos=\"5:1-7:29\"><strong><span class=\"citation-2 recitation\">Sea Island Cotton:<\/span><\/strong><span class=\"citation-2 recitation citation-end-2\"> Sea Island-bomull \u00e4r k\u00e4nd f\u00f6r sina extra l\u00e5nga fibrer och \u00e4r ett av de lyxigaste tygerna som finns.<\/span> Den \u00e4r otroligt mjuk, len och glansig.<span class=\"button-container hide-from-message-actions ng-star-inserted\">\u00a0<\/span>\n<div class=\"container ng-tns-c3661983433-95 hide\">\n<div class=\"carousel-container ng-tns-c3661983433-95\"><\/div>\n<\/div>\n<div class=\"attachment-container search-images\"><\/div>\n<\/li>\n<li data-sourcepos=\"5:1-7:29\"><strong><span class=\"citation-3 recitation\">Linne:<\/span><\/strong><span class=\"citation-3 recitation citation-end-3\"> Ett naturligt material som andas och passar perfekt f\u00f6r varmare v\u00e4der.<\/span>Den har ofta ett l\u00e4tt strukturerat utseende och en avslappnad, elegant k\u00e4nsla.<span class=\"button-container hide-from-message-actions ng-star-inserted\" style=\"font-size: 14.4px;\">\u00a0\u00a0<\/span>\n<div class=\"container ng-tns-c3661983433-95 hide\">\n<div class=\"carousel-container ng-tns-c3661983433-95\"><\/div>\n<\/div>\n<div class=\"attachment-container search-images\"><\/div>\n<\/li>\n<\/ul>\n<p data-sourcepos=\"13:1-13:17\"><strong>Konstruktion:<\/strong><\/p>\n<ul data-sourcepos=\"15:1-18:0\">\n<li data-sourcepos=\"15:1-15:160\"><strong>Skr\u00e4ddarsydd:<\/strong> Skjortan ska vara v\u00e4lskr\u00e4ddad, med exakta s\u00f6mmar och rena avslut. Var uppm\u00e4rksam p\u00e5 detaljer som krage, manschetter och knapph\u00e5l.<\/li>\n<li data-sourcepos=\"16:1-16:110\"><strong>Passar:<\/strong> Passformen \u00e4r avg\u00f6rande f\u00f6r en lyxig look. En v\u00e4lsittande skjorta ska falla mjukt och bekv\u00e4mt.<\/li>\n<li data-sourcepos=\"17:1-18:0\"><strong>Stil p\u00e5 krage:<\/strong> V\u00e4lj en kragstil som passar din ansiktsform och dina personliga preferenser. <span class=\"citation-4 recitation citation-end-4\">Popul\u00e4ra alternativ inkluderar den klassiska punktkragen, button-down-kragen och cutaway-kragen.<\/span><span class=\"button-container hide-from-message-actions ng-star-inserted\"> \u00a0<\/span>\n<div class=\"container ng-tns-c3661983433-96 hide\">\n<div class=\"carousel-container ng-tns-c3661983433-96\">\n<div class=\"carousel-content ng-tns-c3661983433-96\">\n<div class=\"sources-carousel-source ng-tns-c3661983433-96 hide ng-star-inserted\" data-test-id=\"sources-carousel-source\"><\/div>\n<\/div>\n<\/div>\n<\/div>\n<\/li>\n<\/ul>\n<p data-sourcepos=\"19:1-19:11\"><strong>Design:<\/strong><\/p>\n<ul data-sourcepos=\"21:1-23:0\">\n<li data-sourcepos=\"21:1-21:168\"><strong>Minimalistisk elegans:<\/strong> En enkel, ren design utstr\u00e5lar ofta mest lyx. V\u00e4lj en skjorta med subtila detaljer som knappar i p\u00e4rlemor eller ett fint monogram.<\/li>\n<li data-sourcepos=\"22:1-23:0\"><strong>Subtila m\u00f6nster:<\/strong> Om du f\u00f6redrar en touch av m\u00f6nster kan du \u00f6verv\u00e4ga en subtil rand eller en liten ruta.<\/li>\n<\/ul>\n<p data-sourcepos=\"24:1-24:11\"><strong>Varum\u00e4rken:<\/strong><\/p>\n<\/div>\n<div class=\"skeleton-loader-container\">\n<p data-sourcepos=\"26:1-26:70\">Flera lyxm\u00e4rken \u00e4r k\u00e4nda f\u00f6r sina Luxury Mens White Shirt:<\/p>\n<ul data-sourcepos=\"28:1-36:0\">\n<li data-sourcepos=\"28:1-29:43\"><strong>Turnbull &amp; Asser:<\/strong> <span class=\"citation-5 recitation citation-end-5\">K\u00e4nda f\u00f6r sin skr\u00e4ddarsydda konfektion och sina lyxiga tyger.<\/span><\/li>\n<li data-sourcepos=\"28:1-29:43\"><strong><span class=\"citation-6 recitation\">Charvet:<\/span><\/strong><span class=\"citation-6 recitation citation-end-6\"> Ett historiskt franskt skjortmakeri som erbjuder uts\u00f6kt hantverk och elegant design.<\/span><\/li>\n<li data-sourcepos=\"28:1-29:43\"><strong><span class=\"citation-7 recitation\">Brioni:<\/span><\/strong><span class=\"citation-7 recitation citation-end-7\"> Ett italienskt lyxvarum\u00e4rke med fokus p\u00e5 finskr\u00e4dderi och oklanderlig kvalitet.<\/span><\/li>\n<li data-sourcepos=\"28:1-29:43\">\n<div class=\"container\"><strong><span class=\"citation-8 recitation\">Kiton:<\/span><\/strong><span class=\"citation-8 recitation citation-end-8\"> Ett annat italienskt lyxvarum\u00e4rke som tillverkar n\u00e5gra av de finaste skjortorna i v\u00e4rlden.<\/span><\/div>\n<p><span class=\"button-container hide-from-message-actions ng-star-inserted\"> \u00a0 <\/span><\/li>\n<\/ul>\n<\/div>\n<div class=\"response-footer gap complete\">\n<div class=\"container ng-tns-c3661983433-86\">\n<div class=\"carousel-container ng-tns-c3661983433-86\">\n<div class=\"carousel-content ng-tns-c3661983433-86\">\n<div class=\"sources-carousel-source ng-tns-c3661983433-86 ng-star-inserted\" data-test-id=\"sources-carousel-source\">\n<div class=\"source-card-container\">\n<div class=\"source-card-content\">\n<div class=\"source-card-body\">\n<div class=\"source-card-header\">\n<div class=\"source-card-title\"><\/div>\n<\/div>\n<\/div>\n<\/div>\n<\/div>\n<\/div>\n<\/div>\n<\/div>\n<\/div>\n<\/div>","protected":false},"excerpt":{"rendered":"<table style=\"height: 485px;\" width=\"491\">\n<tbody>\n<tr>\n<td width=\"146\"><strong><b>Produkt<\/b><\/strong>\u00a0<strong><b>Namn:<\/b><\/strong><\/td>\n<td width=\"601\"><strong>Lyxig vit skjorta f\u00f6r herrar<\/strong><\/td>\n<\/tr>\n<tr>\n<td width=\"146\"><strong><b>Materlal:<\/b><\/strong><\/td>\n<td width=\"601\">Polyester\/bomull<\/td>\n<\/tr>\n<tr>\n<td width=\"146\"><strong><b>Teknik:<\/b><\/strong><\/td>\n<td width=\"601\">Tryckning och f\u00e4rgning<\/td>\n<\/tr>\n<tr>\n<td width=\"146\"><strong><b>Stil:<\/b><\/strong><\/td>\n<td width=\"601\">Avslappnad<\/td>\n<\/tr>\n<tr>\n<td width=\"146\"><strong><b>F\u00e4rg<\/b><\/strong><strong><b>:<\/b><\/strong><\/td>\n<td width=\"601\">\u00a0Anpassade f\u00e4rger<\/td>\n<\/tr>\n<tr>\n<td width=\"146\"><strong><b>Storlek:<\/b><\/strong><\/td>\n<td width=\"601\">S \/M \/L \/XL \/2XL<\/td>\n<\/tr>\n<tr>\n<td width=\"146\"><strong><b>OEM\/ODM:<\/b><\/strong><\/td>\n<td width=\"601\">Godtagbar<\/td>\n<\/tr>\n<tr>\n<td width=\"146\"><strong><b>Kvalitet:<\/b><\/strong><\/td>\n<td width=\"601\">100% H\u00f6g kvalitet<\/td>\n<\/tr>\n<tr>\n<td width=\"146\"><strong><b>M<\/b><\/strong><strong><b>OQ:<\/b><\/strong><\/td>\n<td width=\"601\">200 st.<\/td>\n<\/tr>\n<\/tbody>\n<\/table>","protected":false},"featured_media":1748,"template":"","meta":[],"product_brand":[],"product_cat":[38],"product_tag":[],"class_list":{"0":"post-1639","1":"product","2":"type-product","3":"status-publish","4":"has-post-thumbnail","6":"product_cat-mens-clothing","8":"first","9":"instock","10":"shipping-taxable","11":"product-type-simple"},"_links":{"self":[{"href":"https:\/\/mj-clothing.com\/sv\/wp-json\/wp\/v2\/product\/1639","targetHints":{"allow":["GET"]}}],"collection":[{"href":"https:\/\/mj-clothing.com\/sv\/wp-json\/wp\/v2\/product"}],"about":[{"href":"https:\/\/mj-clothing.com\/sv\/wp-json\/wp\/v2\/types\/product"}],"wp:featuredmedia":[{"embeddable":true,"href":"https:\/\/mj-clothing.com\/sv\/wp-json\/wp\/v2\/media\/1748"}],"wp:attachment":[{"href":"https:\/\/mj-clothing.com\/sv\/wp-json\/wp\/v2\/media?parent=1639"}],"wp:term":[{"taxonomy":"product_brand","embeddable":true,"href":"https:\/\/mj-clothing.com\/sv\/wp-json\/wp\/v2\/product_brand?post=1639"},{"taxonomy":"product_cat","embeddable":true,"href":"https:\/\/mj-clothing.com\/sv\/wp-json\/wp\/v2\/product_cat?post=1639"},{"taxonomy":"product_tag","embeddable":true,"href":"https:\/\/mj-clothing.com\/sv\/wp-json\/wp\/v2\/product_tag?post=1639"}],"curies":[{"name":"wp","href":"https:\/\/api.w.org\/{rel}","templated":true}]}}