{"id":1662,"date":"2024-12-12T03:40:11","date_gmt":"2024-12-12T03:40:11","guid":{"rendered":"https:\/\/mj-clothing.com\/?post_type=product&#038;p=1662"},"modified":"2024-12-17T07:20:07","modified_gmt":"2024-12-17T07:20:07","slug":"mens-lounge-shirts","status":"publish","type":"product","link":"https:\/\/mj-clothing.com\/sv\/manufacturer\/mens-lounge-shirts\/","title":{"rendered":"Lounge skjortor f\u00f6r herrar"},"content":{"rendered":"<div class=\"user-query-container ng-star-inserted\">\n<div id=\"user-query-content-5\" class=\"query-content\">\n<div class=\"query-text ng-star-inserted\" dir=\"ltr\" role=\"heading\" aria-level=\"2\">\n<h2 class=\"query-text-line ng-star-inserted\">Lounge skjortor f\u00f6r herrar<\/h2>\n<\/div>\n<\/div>\n<div class=\"button-gutter\"><span class=\"citation-0 recitation citation-end-0\" style=\"font-size: 14.4px; color: #555555;\">En Mens Lounge Shirts \u00e4r ett bekv\u00e4mt och snyggt kl\u00e4desplagg som \u00e4r designat f\u00f6r avkoppling och fritid.<\/span><span style=\"font-size: 14.4px; color: #555555;\"> Den \u00e4r perfekt f\u00f6r att slappna av hemma, springa \u00e4renden eller bara njuta av en avslappnad dag ute.<\/span><\/div>\n<div>\n<p data-sourcepos=\"3:1-3:61\">H\u00e4r \u00e4r n\u00e5gra viktiga funktioner och stilar f\u00f6r lounge skjortor f\u00f6r m\u00e4n:<\/p>\n<p data-sourcepos=\"5:1-5:17\"><strong>Viktiga egenskaper:<\/strong><\/p>\n<ul data-sourcepos=\"7:1-10:0\">\n<li data-sourcepos=\"7:1-7:123\"><strong><span class=\"citation-1 recitation\">Komfort:<\/span><\/strong><span class=\"citation-1 recitation citation-end-1\"> Lounge shirts \u00e4r vanligtvis tillverkade av mjuka, ventilerande material som bomull, flanell eller jersey.<\/span><\/li>\n<li data-sourcepos=\"7:1-7:123\"><strong>Avslappnad passform:<\/strong> De har ofta en avslappnad eller \u00f6verdimensionerad passform f\u00f6r maximal komfort.<\/li>\n<li data-sourcepos=\"7:1-7:123\"><strong>Avslappnad stil:<\/strong> Lounge-skjortor finns i en m\u00e4ngd olika avslappnade stilar, inklusive enf\u00e4rgade, randiga och m\u00f6nstrade.\n<p data-sourcepos=\"11:1-11:19\"><strong>Popul\u00e4ra stilar:<\/strong><\/p>\n<\/li>\n<li data-sourcepos=\"7:1-7:123\">\n<p data-sourcepos=\"11:1-11:19\"><strong style=\"color: #333333; font-size: 14.4px;\">Flanellskjorta:<\/strong><span style=\"color: #333333; font-size: 14.4px;\"> Flanellskjortor \u00e4r ett klassiskt val f\u00f6r kallare v\u00e4der och \u00e4r perfekta f\u00f6r att mysa i soffan.<\/span><\/p>\n<\/li>\n<li data-sourcepos=\"7:1-7:123\"><strong><span class=\"citation-2 recitation\">Oxfordskjorta:<\/span><\/strong><span class=\"citation-2 recitation citation-end-2\"> Oxfordskjortor \u00e4r ett mer polerat alternativ och kan kl\u00e4s upp eller ner<\/span><\/li>\n<li data-sourcepos=\"7:1-7:123\"><strong><span class=\"citation-3 recitation\">Jersey skjorta:<\/span><\/strong><span class=\"citation-3 recitation citation-end-3\"> Jerseyskjortor \u00e4r ett mjukt och stretchigt alternativ som \u00e4r perfekt f\u00f6r att slappna av hemma.<sup class=\"superscript visible\" data-turn-source-index=\"4\">\u00a0<\/sup><\/span><\/li>\n<li data-sourcepos=\"7:1-7:123\"><strong><span class=\"citation-4 recitation\">Henley skjorta:<\/span><\/strong><span class=\"citation-4 recitation citation-end-4\"> Henley-skjortor \u00e4r ett avslappnat och bekv\u00e4mt alternativ som passar perfekt f\u00f6r en avslappnad look.<\/span>\n<div class=\"container\">\n<p data-sourcepos=\"22:1-22:38\"><strong>Hur man stylar en herr lounge skjorta:<\/strong><\/p>\n<ul data-sourcepos=\"24:1-27:0\">\n<li data-sourcepos=\"24:1-24:88\"><strong>Avslappnad look:<\/strong> Kombinera en flanell- eller jerseyskjorta med jeans eller sweatpants och sneakers.<\/li>\n<li data-sourcepos=\"25:1-25:85\"><strong>F\u00f6rh\u00f6jd look:<\/strong> Kl\u00e4 upp en oxfordskjorta med chinos eller dressade byxor och loafers.<\/li>\n<li data-sourcepos=\"26:1-27:0\"><strong>Skiktad look:<\/strong> L\u00e4gg en flanellskjorta \u00f6ver en t-shirt f\u00f6r en mysig och snygg look.<\/li>\n<\/ul>\n<\/div>\n<\/li>\n<\/ul>\n<\/div>\n<\/div>","protected":false},"excerpt":{"rendered":"<table style=\"height: 527px;\" width=\"492\">\n<tbody>\n<tr>\n<td width=\"146\"><strong><b>Produkt<\/b><\/strong>\u00a0<strong><b>Namn:<\/b><\/strong><\/td>\n<td width=\"601\"><strong>Lounge skjortor f\u00f6r herrar<\/strong><\/td>\n<\/tr>\n<tr>\n<td width=\"146\"><strong><b>Materlal:<\/b><\/strong><\/td>\n<td width=\"601\">Polyester\/bomull<\/td>\n<\/tr>\n<tr>\n<td width=\"146\"><strong><b>Teknik:<\/b><\/strong><\/td>\n<td width=\"601\">Tryckning och f\u00e4rgning<\/td>\n<\/tr>\n<tr>\n<td width=\"146\"><strong><b>Stil:<\/b><\/strong><\/td>\n<td width=\"601\">Avslappnad<\/td>\n<\/tr>\n<tr>\n<td width=\"146\"><strong><b>F\u00e4rg<\/b><\/strong><strong><b>:<\/b><\/strong><\/td>\n<td width=\"601\">\u00a0Anpassade f\u00e4rger<\/td>\n<\/tr>\n<tr>\n<td width=\"146\"><strong><b>Storlek:<\/b><\/strong><\/td>\n<td width=\"601\">S \/M \/L \/XL \/2XL<\/td>\n<\/tr>\n<tr>\n<td width=\"146\"><strong><b>OEM\/ODM:<\/b><\/strong><\/td>\n<td width=\"601\">Godtagbar<\/td>\n<\/tr>\n<tr>\n<td width=\"146\"><strong><b>Kvalitet:<\/b><\/strong><\/td>\n<td width=\"601\">100% H\u00f6g kvalitet<\/td>\n<\/tr>\n<tr>\n<td width=\"146\"><strong><b>M<\/b><\/strong><strong><b>OQ:<\/b><\/strong><\/td>\n<td width=\"601\">200 st.<\/td>\n<\/tr>\n<\/tbody>\n<\/table>","protected":false},"featured_media":1747,"template":"","meta":[],"product_brand":[],"product_cat":[38],"product_tag":[],"class_list":{"0":"post-1662","1":"product","2":"type-product","3":"status-publish","4":"has-post-thumbnail","6":"product_cat-mens-clothing","8":"first","9":"instock","10":"shipping-taxable","11":"product-type-simple"},"_links":{"self":[{"href":"https:\/\/mj-clothing.com\/sv\/wp-json\/wp\/v2\/product\/1662","targetHints":{"allow":["GET"]}}],"collection":[{"href":"https:\/\/mj-clothing.com\/sv\/wp-json\/wp\/v2\/product"}],"about":[{"href":"https:\/\/mj-clothing.com\/sv\/wp-json\/wp\/v2\/types\/product"}],"wp:featuredmedia":[{"embeddable":true,"href":"https:\/\/mj-clothing.com\/sv\/wp-json\/wp\/v2\/media\/1747"}],"wp:attachment":[{"href":"https:\/\/mj-clothing.com\/sv\/wp-json\/wp\/v2\/media?parent=1662"}],"wp:term":[{"taxonomy":"product_brand","embeddable":true,"href":"https:\/\/mj-clothing.com\/sv\/wp-json\/wp\/v2\/product_brand?post=1662"},{"taxonomy":"product_cat","embeddable":true,"href":"https:\/\/mj-clothing.com\/sv\/wp-json\/wp\/v2\/product_cat?post=1662"},{"taxonomy":"product_tag","embeddable":true,"href":"https:\/\/mj-clothing.com\/sv\/wp-json\/wp\/v2\/product_tag?post=1662"}],"curies":[{"name":"wp","href":"https:\/\/api.w.org\/{rel}","templated":true}]}}