{"id":1687,"date":"2024-12-12T06:29:02","date_gmt":"2024-12-12T06:29:02","guid":{"rendered":"https:\/\/mj-clothing.com\/?post_type=product&#038;p=1687"},"modified":"2024-12-13T03:09:53","modified_gmt":"2024-12-13T03:09:53","slug":"mens-linnen-ecru-shirt","status":"publish","type":"product","link":"https:\/\/mj-clothing.com\/sv\/manufacturer\/mens-linnen-ecru-shirt\/","title":{"rendered":"Herr Linnen Ecru Skjorta"},"content":{"rendered":"<h2><strong>Herr Linnen Ecru Skjorta<\/strong><\/h2>\n<p><span class=\"citation-0 recitation citation-end-0\">En Linnen Ecru Shirt f\u00f6r herrar \u00e4r ett snyggt och m\u00e5ngsidigt plagg som passar perfekt f\u00f6r varmt v\u00e4der.<\/span> H\u00e4r \u00e4r sk\u00e4let till det:<\/p>\n<h3 data-sourcepos=\"3:1-3:14\"><strong>\u00a0 \u00a0 \u00a0 Varf\u00f6r linne?<\/strong><\/h3>\n<ul data-sourcepos=\"5:1-9:0\">\n<li data-sourcepos=\"5:1-5:157\"><strong>Andningsf\u00f6rm\u00e5ga:<\/strong> <span class=\"citation-1 recitation citation-end-1\">Linne \u00e4r en naturlig fiber som absorberar fukt och l\u00e5ter luften cirkulera, vilket g\u00f6r att du h\u00e5ller dig sval och bekv\u00e4m.<\/span><\/li>\n<li data-sourcepos=\"5:1-5:157\"><strong style=\"font-size: 14.4px;\"><span class=\"citation-2 recitation\">H\u00e5llbarhet:<\/span><\/strong><span class=\"citation-2 recitation citation-end-2\" style=\"font-size: 14.4px;\"> Trots sitt skira utseende \u00e4r linne f\u00f6rv\u00e5nansv\u00e4rt slitstarkt och l\u00e5nglivat.<\/span><\/li>\n<li data-sourcepos=\"5:1-5:157\"><strong><span class=\"citation-3 recitation\">Mjukhet:<\/span><\/strong><span class=\"citation-3 recitation citation-end-3\"> Linne blir mjukare f\u00f6r varje tv\u00e4tt, vilket g\u00f6r att det blir allt bekv\u00e4mare med tiden.<\/span><\/li>\n<li data-sourcepos=\"5:1-5:157\"><strong style=\"font-size: 14.4px;\">Skrynkelresistent:<\/strong><span style=\"font-size: 14.4px;\"> Linne \u00e4r k\u00e4nt f\u00f6r sina naturliga skrynklor, men det bidrar till dess avslappnade charm.<\/span><br \/>\n<h3 data-sourcepos=\"10:1-10:13\"><strong>Varf\u00f6r Ecru?<\/strong><\/h3>\n<\/li>\n<li data-sourcepos=\"5:1-5:157\"><strong>M\u00e5ngsidighet:<\/strong> <span class=\"citation-4 recitation citation-end-4\">Ecru, en ljus beige eller benvit f\u00e4rg, \u00e4r otroligt m\u00e5ngsidig.<\/span>Den passar bra ihop med en m\u00e4ngd olika f\u00e4rger, fr\u00e5n m\u00f6rk denim till ljusa chinos.<\/li>\n<li data-sourcepos=\"13:1-13:96\"><strong>Tidl\u00f6s:<\/strong> Den neutrala tonen i ecru g\u00f6r den till ett tidl\u00f6st plagg som aldrig blir omodernt.<\/li>\n<li data-sourcepos=\"14:1-15:0\"><strong>L\u00e4tt att styla:<\/strong> <span class=\"citation-5 recitation citation-end-5\"><span class=\"citation-5 recitation citation-end-5\"><span class=\"citation-5 recitation citation-end-5\">Den kan kl\u00e4s upp eller ner, vilket g\u00f6r den perfekt f\u00f6r olika tillf\u00e4llen.<\/span><\/span><\/span><br \/>\n<h3 data-sourcepos=\"16:1-16:36\"><strong>Hur stylar man en Linnen Ecru-skjorta f\u00f6r herrar?<\/strong><\/h3>\n<\/li>\n<li data-sourcepos=\"14:1-15:0\"><strong>Avslappnad:<\/strong> Kombinera den med jeans, chinos eller shorts och sneakers f\u00f6r en avslappnad vardagslook.<\/li>\n<li data-sourcepos=\"14:1-15:0\"><strong>Smart Casual:<\/strong> Kombinera den med skr\u00e4ddarsydda byxor och loafers f\u00f6r en sofistikerad men \u00e4nd\u00e5 avslappnad ensemble.<\/li>\n<li data-sourcepos=\"14:1-15:0\"><strong>Tropisk:<\/strong> B\u00e4r den tillsammans med linnebyxor eller shorts i en kontrasterande f\u00e4rg f\u00f6r en luftig, somrig outfit.<\/li>\n<\/ul>","protected":false},"excerpt":{"rendered":"<p>Material: Polyester\/Bomull\/Linne<\/p>\n<p>Teknik: Broderad<\/p>\n<p>Stil: Avslappnad<\/p>\n<p>F\u00e4rg: Svart och anpassade f\u00e4rger<\/p>\n<p>Storlek: S \/M \/L \/XL \/2XL<\/p>","protected":false},"featured_media":1750,"template":"","meta":[],"product_brand":[],"product_cat":[38],"product_tag":[],"class_list":{"0":"post-1687","1":"product","2":"type-product","3":"status-publish","4":"has-post-thumbnail","6":"product_cat-mens-clothing","8":"first","9":"instock","10":"shipping-taxable","11":"product-type-simple"},"_links":{"self":[{"href":"https:\/\/mj-clothing.com\/sv\/wp-json\/wp\/v2\/product\/1687","targetHints":{"allow":["GET"]}}],"collection":[{"href":"https:\/\/mj-clothing.com\/sv\/wp-json\/wp\/v2\/product"}],"about":[{"href":"https:\/\/mj-clothing.com\/sv\/wp-json\/wp\/v2\/types\/product"}],"wp:featuredmedia":[{"embeddable":true,"href":"https:\/\/mj-clothing.com\/sv\/wp-json\/wp\/v2\/media\/1750"}],"wp:attachment":[{"href":"https:\/\/mj-clothing.com\/sv\/wp-json\/wp\/v2\/media?parent=1687"}],"wp:term":[{"taxonomy":"product_brand","embeddable":true,"href":"https:\/\/mj-clothing.com\/sv\/wp-json\/wp\/v2\/product_brand?post=1687"},{"taxonomy":"product_cat","embeddable":true,"href":"https:\/\/mj-clothing.com\/sv\/wp-json\/wp\/v2\/product_cat?post=1687"},{"taxonomy":"product_tag","embeddable":true,"href":"https:\/\/mj-clothing.com\/sv\/wp-json\/wp\/v2\/product_tag?post=1687"}],"curies":[{"name":"wp","href":"https:\/\/api.w.org\/{rel}","templated":true}]}}