{"id":1744,"date":"2024-12-13T02:59:23","date_gmt":"2024-12-13T02:59:23","guid":{"rendered":"https:\/\/mj-clothing.com\/?post_type=product&#038;p=1744"},"modified":"2024-12-17T07:18:06","modified_gmt":"2024-12-17T07:18:06","slug":"mens-pocket-t-shirts","status":"publish","type":"product","link":"https:\/\/mj-clothing.com\/sv\/manufacturer\/mens-pocket-t-shirts\/","title":{"rendered":"T-tr\u00f6jor med fickor f\u00f6r herrar"},"content":{"rendered":"<div id=\"chat-history\" class=\"chat-history-scroll-container\">\n<div id=\"e1f51b489f031adc\" class=\"conversation-container ng-tns-c2150043242-1 message-actions-hover-boundary response-optimization ng-star-inserted\">\n<div class=\"response-container ng-tns-c1933435332-46 response-optimization response-container-with-gpi ng-star-inserted response-container-has-multiple-responses\">\n<div class=\"presented-response-container ng-tns-c1933435332-46\">\n<div class=\"response-container-content ng-tns-c1933435332-46 tunable-selection-with-avatar\">\n<div class=\"response-content ng-tns-c1933435332-46\">\n<div id=\"model-response-message-contentr_e1f51b489f031adc\" class=\"markdown markdown-main-panel response-optimization\" dir=\"ltr\">\n<h3 data-sourcepos=\"1:1-1:78\">T-tr\u00f6jor med fickor f\u00f6r herrar<\/h3>\n<p data-sourcepos=\"1:1-1:78\">H\u00e4r \u00e4r n\u00e5gra Mens Pocket T Shirts som f\u00f6r n\u00e4rvarande finns tillg\u00e4ngliga i Singapore:<\/p>\n<p data-sourcepos=\"3:1-3:19\"><strong>Casual Alternativ:<\/strong><\/p>\n<ul data-sourcepos=\"5:1-10:0\">\n<li data-sourcepos=\"5:1-7:0\">\n<p data-sourcepos=\"5:3-6:64\"><strong>Uniqlo Oversized Pocket Crew Neck T-shirt med halv \u00e4rm:<\/strong> <span class=\"citation-0 recitation citation-end-0\">Det h\u00e4r \u00e4r ett bekv\u00e4mt och snyggt alternativ som finns i en m\u00e4ngd olika f\u00e4rger.<\/span> Den \u00e4r perfekt f\u00f6r vardagsbruk.<span class=\"button-container hide-from-message-actions ng-star-inserted\">\u00a0 \u00a0<\/span><\/p>\n<div class=\"container ng-tns-c2946245707-59 hide\">\n<div class=\"carousel-container ng-tns-c2946245707-59\"><\/div>\n<\/div>\n<div class=\"attachment-container search-images\"><\/div>\n<\/li>\n<li data-sourcepos=\"8:1-10:0\">\n<p data-sourcepos=\"8:3-9:47\"><strong>Carhartt WIP S\/S Work Pocket T-Shirt:<\/strong> Detta \u00e4r ett mer h\u00e5llbart och robust alternativ som passar perfekt f\u00f6r arbete eller utomhusaktiviteter. <span class=\"citation-1 recitation citation-end-1\">Den har en br\u00f6stficka och en avslappnad passform.<\/span><span class=\"button-container hide-from-message-actions ng-star-inserted\">\u00a0 \u00a0<\/span><\/p>\n<div class=\"container ng-tns-c2946245707-60 hide\">\n<div class=\"carousel-container ng-tns-c2946245707-60\"><\/div>\n<\/div>\n<div class=\"attachment-container search-images\"><\/div>\n<\/li>\n<\/ul>\n<p data-sourcepos=\"11:1-11:20\"><strong>Premiumalternativ:<\/strong><\/p>\n<ul data-sourcepos=\"13:1-18:0\">\n<li data-sourcepos=\"13:1-15:0\">\n<p data-sourcepos=\"13:3-14:45\"><strong>Ralph Lauren Jersey Pocket T-Shirt:<\/strong> <span class=\"citation-2 recitation citation-end-2\">Detta \u00e4r en t-shirt av h\u00f6g kvalitet tillverkad av premiumbomull.<\/span> Den har en klassisk design och en liten ficka p\u00e5 br\u00f6stet.<\/p>\n<\/li>\n<li data-sourcepos=\"13:1-15:0\">\n<p data-sourcepos=\"13:3-14:45\"><strong style=\"font-size: 14.4px;\">Timberland Oxford Chest Pocket T-Shirt f\u00f6r m\u00e4n:<\/strong> <span class=\"citation-3 recitation citation-end-3\" style=\"font-size: 14.4px;\">Detta \u00e4r ett unikt och snyggt alternativ tillverkat av 100%-bomull.<\/span> <span class=\"citation-4 recitation citation-end-4\" style=\"font-size: 14.4px;\">Den har en button-down krage och en br\u00f6stficka.<\/span><span class=\"button-container hide-from-message-actions ng-star-inserted\" style=\"font-size: 14.4px;\">\u00a0 \u00a0<\/span><\/p>\n<div class=\"container ng-tns-c2946245707-62 hide\">\n<div class=\"carousel-container ng-tns-c2946245707-62\">\n<div class=\"carousel-content ng-tns-c2946245707-62\">\n<div class=\"sources-carousel-source ng-tns-c2946245707-62 hide ng-star-inserted\" data-test-id=\"sources-carousel-source\"><\/div>\n<\/div>\n<\/div>\n<\/div>\n<div class=\"attachment-container search-images\"><\/div>\n<\/li>\n<\/ul>\n<p data-sourcepos=\"19:1-19:24\"><strong>Alternativ f\u00f6r prestanda:<\/strong><\/p>\n<ul data-sourcepos=\"21:1-23:0\">\n<li data-sourcepos=\"21:1-23:0\"><strong>Under Armour UA Pocket T-Shirt f\u00f6r m\u00e4n:<\/strong> Det h\u00e4r \u00e4r en performance t-shirt som passar perfekt f\u00f6r tr\u00e4ning och andra aktiva aktiviteter. <span class=\"citation-5 recitation citation-end-5\">Den har fukttransporterande teknologi och en br\u00f6stficka.<\/span><span class=\"button-container hide-from-message-actions ng-star-inserted\"> \u00a0<\/span>\n<div class=\"container ng-tns-c2946245707-63 hide\">\n<div class=\"carousel-container ng-tns-c2946245707-63\"><\/div>\n<\/div>\n<div class=\"attachment-container search-images\">\n<div class=\"image-container hide-from-message-actions ng-star-inserted\">\n<div class=\"caption ellipsis gmat-caption ng-star-inserted\" aria-hidden=\"true\"><\/div>\n<\/div>\n<\/div>\n<\/li>\n<\/ul>\n<p data-sourcepos=\"24:1-24:171\">Det h\u00e4r \u00e4r bara n\u00e5gra av de m\u00e5nga pocket t-shirts f\u00f6r m\u00e4n som finns i Singapore. Du kan hitta ett bredare urval av alternativ p\u00e5 ditt lokala varuhus eller online-\u00e5terf\u00f6rs\u00e4ljare.<\/p>\n<p data-sourcepos=\"26:1-26:56\"><strong>Ytterligare tips f\u00f6r att v\u00e4lja en Mens Pocket T Shirts:<\/strong><\/p>\n<ul data-sourcepos=\"28:1-32:0\">\n<li data-sourcepos=\"28:1-28:273\">T\u00e4nk p\u00e5 tyget: Bomull \u00e4r ett popul\u00e4rt val f\u00f6r fick-t-shirts eftersom det \u00e4r bekv\u00e4mt och andas. Men,Mens Pocket T Shirts du kanske ocks\u00e5 vill \u00f6verv\u00e4ga prestanda tyger som polyester eller nylon om du letar efter en t-shirt som kommer att transportera bort fukt och h\u00e5lla dig sval.<\/li>\n<li data-sourcepos=\"29:1-29:174\">V\u00e4lj r\u00e4tt passform: Pocket t-shirts finns i en m\u00e4ngd olika passformer, fr\u00e5n slim fit till relaxed fit. V\u00e4lj en passform som smickrar din kroppstyp och som \u00e4r bekv\u00e4m f\u00f6r dig att b\u00e4ra.<\/li>\n<li data-sourcepos=\"30:1-30:209\">T\u00e4nk p\u00e5 fickornas stil: Vissa pocket t-shirts har en liten ficka p\u00e5 br\u00f6stet, medan andra har en st\u00f6rre ficka p\u00e5 sidan. V\u00e4lj en fickstil som du gillar och som \u00e4r praktisk f\u00f6r dina behov.<\/li>\n<li data-sourcepos=\"31:1-32:0\">T\u00e4nk p\u00e5 tillf\u00e4llet: Om du letar efter en pocket-t-shirt att ha p\u00e5 jobbet kanske du vill v\u00e4lja en mer formell stil. Om du letar efter en t-shirt att ha p\u00e5 helgen kanske du vill v\u00e4lja en mer avslappnad stil.<\/li>\n<\/ul>\n<p data-sourcepos=\"33:1-33:86\">Genom att f\u00f6lja dessa tips kan du hitta den perfekta herrficktr\u00f6jan f\u00f6r dina behov.<\/p>\n<\/div>\n<\/div>\n<\/div>\n<\/div>\n<\/div>\n<\/div>\n<\/div>\n<div class=\"input-area-container\">\n<div class=\"input-area\" data-node-type=\"input-area\">\n<div class=\"text-input-field\">\n<div class=\"text-input-field_textarea-wrapper\">\n<div class=\"text-input-field-main-area\">\n<div class=\"text-input-field_textarea-inner\">\n<div class=\"ql-editor textarea new-input-ui ql-blank\" role=\"textbox\" contenteditable=\"true\" data-gramm=\"false\" aria-multiline=\"true\" aria-label=\"Ange en uppmaning h\u00e4r\" data-placeholder=\"Ask Gemini\"><\/div>\n<\/div>\n<\/div>\n<\/div>\n<\/div>\n<\/div>\n<\/div>","protected":false},"excerpt":{"rendered":"<table style=\"height: 530px;\" width=\"498\">\n<tbody>\n<tr>\n<td width=\"146\"><strong><b>Produkt<\/b><\/strong>\u00a0<strong><b>Namn:<\/b><\/strong><\/td>\n<td width=\"601\"><strong>T-tr\u00f6jor med fickor f\u00f6r herrar<\/strong><\/td>\n<\/tr>\n<tr>\n<td width=\"146\"><strong><b>Materlal:<\/b><\/strong><\/td>\n<td width=\"601\">Polyester\/bomull<\/td>\n<\/tr>\n<tr>\n<td width=\"146\"><strong><b>Teknik:<\/b><\/strong><\/td>\n<td width=\"601\">Tryckning och f\u00e4rgning<\/td>\n<\/tr>\n<tr>\n<td width=\"146\"><strong><b>Stil:<\/b><\/strong><\/td>\n<td width=\"601\">Avslappnad<\/td>\n<\/tr>\n<tr>\n<td width=\"146\"><strong><b>F\u00e4rg<\/b><\/strong><strong><b>:<\/b><\/strong><\/td>\n<td width=\"601\">\u00a0Anpassade f\u00e4rger<\/td>\n<\/tr>\n<tr>\n<td width=\"146\"><strong><b>Storlek:<\/b><\/strong><\/td>\n<td width=\"601\">S \/M \/L \/XL \/2XL<\/td>\n<\/tr>\n<tr>\n<td width=\"146\"><strong><b>OEM\/ODM:<\/b><\/strong><\/td>\n<td width=\"601\">Godtagbar<\/td>\n<\/tr>\n<tr>\n<td width=\"146\"><strong><b>Kvalitet:<\/b><\/strong><\/td>\n<td width=\"601\">100% H\u00f6g kvalitet<\/td>\n<\/tr>\n<tr>\n<td width=\"146\"><strong><b>M<\/b><\/strong><strong><b>OQ:<\/b><\/strong><\/td>\n<td width=\"601\">200 st.<\/td>\n<\/tr>\n<\/tbody>\n<\/table>","protected":false},"featured_media":1751,"template":"","meta":[],"product_brand":[],"product_cat":[38],"product_tag":[],"class_list":{"0":"post-1744","1":"product","2":"type-product","3":"status-publish","4":"has-post-thumbnail","6":"product_cat-mens-clothing","8":"first","9":"instock","10":"shipping-taxable","11":"product-type-simple"},"_links":{"self":[{"href":"https:\/\/mj-clothing.com\/sv\/wp-json\/wp\/v2\/product\/1744","targetHints":{"allow":["GET"]}}],"collection":[{"href":"https:\/\/mj-clothing.com\/sv\/wp-json\/wp\/v2\/product"}],"about":[{"href":"https:\/\/mj-clothing.com\/sv\/wp-json\/wp\/v2\/types\/product"}],"wp:featuredmedia":[{"embeddable":true,"href":"https:\/\/mj-clothing.com\/sv\/wp-json\/wp\/v2\/media\/1751"}],"wp:attachment":[{"href":"https:\/\/mj-clothing.com\/sv\/wp-json\/wp\/v2\/media?parent=1744"}],"wp:term":[{"taxonomy":"product_brand","embeddable":true,"href":"https:\/\/mj-clothing.com\/sv\/wp-json\/wp\/v2\/product_brand?post=1744"},{"taxonomy":"product_cat","embeddable":true,"href":"https:\/\/mj-clothing.com\/sv\/wp-json\/wp\/v2\/product_cat?post=1744"},{"taxonomy":"product_tag","embeddable":true,"href":"https:\/\/mj-clothing.com\/sv\/wp-json\/wp\/v2\/product_tag?post=1744"}],"curies":[{"name":"wp","href":"https:\/\/api.w.org\/{rel}","templated":true}]}}