{"id":1761,"date":"2024-12-14T03:02:38","date_gmt":"2024-12-14T03:02:38","guid":{"rendered":"https:\/\/mj-clothing.com\/?post_type=product&#038;p=1761"},"modified":"2024-12-17T07:15:13","modified_gmt":"2024-12-17T07:15:13","slug":"floral-quilted-jacket","status":"publish","type":"product","link":"https:\/\/mj-clothing.com\/sv\/manufacturer\/floral-quilted-jacket\/","title":{"rendered":"Blommig quiltad jacka"},"content":{"rendered":"<h2 data-sourcepos=\"1:1-1:143\">Blommig quiltad jacka<\/h2>\n<p data-sourcepos=\"1:1-1:143\">En blommig quiltad jacka \u00e4r ett snyggt och mysigt plagg som kan ge en touch av femininitet och v\u00e4rme till vilken outfit som helst. H\u00e4r \u00e4r varf\u00f6r du kanske \u00e4lskar en:<\/p>\n<p data-sourcepos=\"3:1-3:39\"><strong>Varf\u00f6r v\u00e4lja en quiltad jacka med blommor?<\/strong><\/p>\n<ul data-sourcepos=\"5:1-9:0\">\n<li data-sourcepos=\"5:1-5:159\"><strong>Snygg och m\u00e5ngsidig:<\/strong> Det \u00e4r en perfekt blandning av komfort och mode. Du kan kl\u00e4 upp den med en kjol och st\u00f6vlar eller h\u00e5lla den avslappnad med jeans och sneakers.<\/li>\n<li data-sourcepos=\"6:1-6:100\"><strong>Varmt och mysigt:<\/strong> Den quiltade designen och det ofta isolerade fodret g\u00f6r den idealisk f\u00f6r kyligare v\u00e4der.<\/li>\n<li data-sourcepos=\"7:1-7:86\"><strong>Feminin och romantisk:<\/strong> Det blommiga m\u00f6nstret ger en touch av mjukhet och elegans.<\/li>\n<li data-sourcepos=\"8:1-9:0\"><strong>Trendigt:<\/strong> Blommiga m\u00f6nster \u00e4r alltid trendiga, s\u00e4rskilt under v\u00e5r- och h\u00f6sts\u00e4songen.<\/li>\n<\/ul>\n<p data-sourcepos=\"10:1-10:41\"><strong>Hur man stylar en quiltad jacka med blommor:<\/strong><\/p>\n<ul data-sourcepos=\"12:1-15:0\">\n<li data-sourcepos=\"12:1-12:82\"><strong>Casual Chic:<\/strong> Kombinera den med jeans, en t-shirt och sneakers f\u00f6r en avslappnad look.<\/li>\n<li data-sourcepos=\"13:1-13:85\"><strong>Boho Chic:<\/strong> L\u00e4gg den \u00f6ver en blommig kl\u00e4nning och addera ankelst\u00f6vlar f\u00f6r en bohemisk k\u00e4nsla.<\/li>\n<li data-sourcepos=\"14:1-15:0\"><strong>Smart Casual:<\/strong> B\u00e4r den med en tr\u00f6ja, byxor och loafers f\u00f6r en polerad look.<\/li>\n<\/ul>\n<p data-sourcepos=\"16:1-16:46\"><strong>Tips f\u00f6r att v\u00e4lja en quiltad jacka med blommor:<\/strong><\/p>\n<ul data-sourcepos=\"18:1-22:0\">\n<li data-sourcepos=\"18:1-18:93\"><strong>V\u00e4lj r\u00e4tt passform:<\/strong> Se till att jackan sitter bra och inte \u00f6verv\u00e4ldigar din figur.<\/li>\n<li data-sourcepos=\"19:1-19:80\"><strong>T\u00e4nk p\u00e5 tillf\u00e4llet:<\/strong> V\u00e4lj ett m\u00f6nster och en f\u00e4rg som passar f\u00f6r tillf\u00e4llet.<\/li>\n<li data-sourcepos=\"20:1-20:105\"><strong>Var uppm\u00e4rksam p\u00e5 tyget:<\/strong> V\u00e4lj ett slitstarkt och bekv\u00e4mt material, t.ex. bomull eller polyester.<\/li>\n<li data-sourcepos=\"21:1-22:0\"><strong>Accessoarer:<\/strong> Komplettera med en scarf, hatt eller v\u00e4ska f\u00f6r att g\u00f6ra din look komplett.<\/li>\n<\/ul>","protected":false},"excerpt":{"rendered":"<table style=\"height: 542px;\" width=\"483\">\n<tbody>\n<tr>\n<td width=\"146\"><strong><b>Produkt<\/b><\/strong>\u00a0<strong><b>Namn:<\/b><\/strong><\/td>\n<td width=\"601\"><strong>Blommig quiltad jacka<\/strong><\/td>\n<\/tr>\n<tr>\n<td width=\"146\"><strong><b>Materlal:<\/b><\/strong><\/td>\n<td width=\"601\">Polyester\/bomull<\/td>\n<\/tr>\n<tr>\n<td width=\"146\"><strong><b>Teknik:<\/b><\/strong><\/td>\n<td width=\"601\">Tryckning och f\u00e4rgning<\/td>\n<\/tr>\n<tr>\n<td width=\"146\"><strong><b>Stil:<\/b><\/strong><\/td>\n<td width=\"601\">Avslappnad<\/td>\n<\/tr>\n<tr>\n<td width=\"146\"><strong><b>F\u00e4rg<\/b><\/strong><strong><b>:<\/b><\/strong><\/td>\n<td width=\"601\">\u00a0Anpassade f\u00e4rger<\/td>\n<\/tr>\n<tr>\n<td width=\"146\"><strong><b>Storlek:<\/b><\/strong><\/td>\n<td width=\"601\">S \/M \/L \/XL \/2XL<\/td>\n<\/tr>\n<tr>\n<td width=\"146\"><strong><b>OEM\/ODM:<\/b><\/strong><\/td>\n<td width=\"601\">Godtagbar<\/td>\n<\/tr>\n<tr>\n<td width=\"146\"><strong><b>Kvalitet:<\/b><\/strong><\/td>\n<td width=\"601\">100% H\u00f6g kvalitet<\/td>\n<\/tr>\n<tr>\n<td width=\"146\"><strong><b>M<\/b><\/strong><strong><b>OQ:<\/b><\/strong><\/td>\n<td width=\"601\">200 st.<\/td>\n<\/tr>\n<\/tbody>\n<\/table>","protected":false},"featured_media":1762,"template":"","meta":[],"product_brand":[],"product_cat":[38],"product_tag":[],"class_list":{"0":"post-1761","1":"product","2":"type-product","3":"status-publish","4":"has-post-thumbnail","6":"product_cat-mens-clothing","8":"first","9":"instock","10":"shipping-taxable","11":"product-type-simple"},"_links":{"self":[{"href":"https:\/\/mj-clothing.com\/sv\/wp-json\/wp\/v2\/product\/1761","targetHints":{"allow":["GET"]}}],"collection":[{"href":"https:\/\/mj-clothing.com\/sv\/wp-json\/wp\/v2\/product"}],"about":[{"href":"https:\/\/mj-clothing.com\/sv\/wp-json\/wp\/v2\/types\/product"}],"wp:featuredmedia":[{"embeddable":true,"href":"https:\/\/mj-clothing.com\/sv\/wp-json\/wp\/v2\/media\/1762"}],"wp:attachment":[{"href":"https:\/\/mj-clothing.com\/sv\/wp-json\/wp\/v2\/media?parent=1761"}],"wp:term":[{"taxonomy":"product_brand","embeddable":true,"href":"https:\/\/mj-clothing.com\/sv\/wp-json\/wp\/v2\/product_brand?post=1761"},{"taxonomy":"product_cat","embeddable":true,"href":"https:\/\/mj-clothing.com\/sv\/wp-json\/wp\/v2\/product_cat?post=1761"},{"taxonomy":"product_tag","embeddable":true,"href":"https:\/\/mj-clothing.com\/sv\/wp-json\/wp\/v2\/product_tag?post=1761"}],"curies":[{"name":"wp","href":"https:\/\/api.w.org\/{rel}","templated":true}]}}