{"id":1763,"date":"2024-12-14T03:06:05","date_gmt":"2024-12-14T03:06:05","guid":{"rendered":"https:\/\/mj-clothing.com\/?post_type=product&#038;p=1763"},"modified":"2024-12-17T07:11:45","modified_gmt":"2024-12-17T07:11:45","slug":"black-tweed-jacket","status":"publish","type":"product","link":"https:\/\/mj-clothing.com\/sv\/manufacturer\/black-tweed-jacket\/","title":{"rendered":"Svart tweedkavaj"},"content":{"rendered":"<h2 data-sourcepos=\"1:1-1:113\">Svart tweedkavaj<\/h2>\n<p data-sourcepos=\"1:1-1:113\">En svart tweedkavaj \u00e4r ett m\u00e5ngsidigt och snyggt plagg som kan lyfta vilken outfit som helst. H\u00e4r \u00e4r varf\u00f6r du kanske \u00e4lskar en:<\/p>\n<p data-sourcepos=\"3:1-3:36\"><strong>Varf\u00f6r v\u00e4lja en Black Tweed-kavaj?<\/strong><\/p>\n<ul data-sourcepos=\"5:1-9:0\">\n<li data-sourcepos=\"5:1-5:101\"><strong>Tidl\u00f6s elegans:<\/strong> Svart tweed \u00e4r ett klassiskt, sofistikerat tyg som aldrig blir omodernt.<\/li>\n<li data-sourcepos=\"6:1-6:95\"><strong>M\u00e5ngsidig styling:<\/strong> Den kan kl\u00e4s upp eller ner, vilket g\u00f6r den perfekt f\u00f6r olika tillf\u00e4llen.<\/li>\n<li data-sourcepos=\"7:1-7:103\"><strong>V\u00e4rme och komfort:<\/strong> Tweed \u00e4r ett slitstarkt och isolerande tyg, vilket g\u00f6r det idealiskt f\u00f6r kallare v\u00e4der.<\/li>\n<li data-sourcepos=\"8:1-9:0\"><strong>Strukturerad look:<\/strong> Tweedens unika v\u00e4v ger din outfit ett visuellt intresse.<\/li>\n<\/ul>\n<p data-sourcepos=\"10:1-10:38\"><strong>Hur man stylar en svart-tweedkavaj:<\/strong><\/p>\n<ul data-sourcepos=\"12:1-15:0\">\n<li data-sourcepos=\"12:1-12:93\"><strong>Smart Casual:<\/strong> Kombinera den med chinos, en skjorta med knappar och loafers f\u00f6r en raffinerad look.<\/li>\n<li data-sourcepos=\"13:1-13:102\"><strong>Business Casual:<\/strong> B\u00e4r den med dressade byxor, en dressad skjorta och en slips f\u00f6r en professionell ensemble.<\/li>\n<li data-sourcepos=\"14:1-15:0\"><strong>Casual Chic:<\/strong> Kombinera den med jeans, en t-shirt och sneakers f\u00f6r en avslappnad stil.<\/li>\n<\/ul>\n<p data-sourcepos=\"16:1-16:43\"><strong>Tips f\u00f6r att v\u00e4lja en svart tweedkavaj:<\/strong><\/p>\n<ul data-sourcepos=\"18:1-22:0\">\n<li data-sourcepos=\"18:1-18:71\"><strong>Passar:<\/strong> V\u00e4lj en jacka som sitter bra och som smickrar din kroppsform.<\/li>\n<li data-sourcepos=\"19:1-19:109\"><strong>M\u00f6nster:<\/strong> T\u00e4nk p\u00e5 tweedens m\u00f6nster, oavsett om det \u00e4r en klassisk fiskbensm\u00f6nster eller en mer modern design.<\/li>\n<li data-sourcepos=\"20:1-20:76\"><strong>Vikt:<\/strong> Tweedens vikt avg\u00f6r hur varm jackan \u00e4r.<\/li>\n<li data-sourcepos=\"21:1-22:0\"><strong>Tillbeh\u00f6r:<\/strong> Komplettera med en fickn\u00e4sduk, slips eller scarf f\u00f6r att f\u00e5 en personlig touch.<\/li>\n<\/ul>","protected":false},"excerpt":{"rendered":"<table style=\"height: 587px;\" width=\"485\">\n<tbody>\n<tr>\n<td width=\"146\"><strong><b>Produkt<\/b><\/strong>\u00a0<strong><b>Namn:<\/b><\/strong><\/td>\n<td width=\"601\"><strong>Svart tweedkavaj<\/strong><\/td>\n<\/tr>\n<tr>\n<td width=\"146\"><strong><b>Materlal:<\/b><\/strong><\/td>\n<td width=\"601\">Polyester\/bomull<\/td>\n<\/tr>\n<tr>\n<td width=\"146\"><strong><b>Teknik:<\/b><\/strong><\/td>\n<td width=\"601\">Tryckning och f\u00e4rgning<\/td>\n<\/tr>\n<tr>\n<td width=\"146\"><strong><b>Stil:<\/b><\/strong><\/td>\n<td width=\"601\">Avslappnad<\/td>\n<\/tr>\n<tr>\n<td width=\"146\"><strong><b>F\u00e4rg<\/b><\/strong><strong><b>:<\/b><\/strong><\/td>\n<td width=\"601\">\u00a0Anpassade f\u00e4rger<\/td>\n<\/tr>\n<tr>\n<td width=\"146\"><strong><b>Storlek:<\/b><\/strong><\/td>\n<td width=\"601\">S \/M \/L \/XL \/2XL<\/td>\n<\/tr>\n<tr>\n<td width=\"146\"><strong><b>OEM\/ODM:<\/b><\/strong><\/td>\n<td width=\"601\">Godtagbar<\/td>\n<\/tr>\n<tr>\n<td width=\"146\"><strong><b>Kvalitet:<\/b><\/strong><\/td>\n<td width=\"601\">100% H\u00f6g kvalitet<\/td>\n<\/tr>\n<tr>\n<td width=\"146\"><strong><b>M<\/b><\/strong><strong><b>OQ:<\/b><\/strong><\/td>\n<td width=\"601\">200 st.<\/td>\n<\/tr>\n<\/tbody>\n<\/table>","protected":false},"featured_media":1764,"template":"","meta":[],"product_brand":[],"product_cat":[38],"product_tag":[],"class_list":{"0":"post-1763","1":"product","2":"type-product","3":"status-publish","4":"has-post-thumbnail","6":"product_cat-mens-clothing","8":"first","9":"instock","10":"shipping-taxable","11":"product-type-simple"},"_links":{"self":[{"href":"https:\/\/mj-clothing.com\/sv\/wp-json\/wp\/v2\/product\/1763","targetHints":{"allow":["GET"]}}],"collection":[{"href":"https:\/\/mj-clothing.com\/sv\/wp-json\/wp\/v2\/product"}],"about":[{"href":"https:\/\/mj-clothing.com\/sv\/wp-json\/wp\/v2\/types\/product"}],"wp:featuredmedia":[{"embeddable":true,"href":"https:\/\/mj-clothing.com\/sv\/wp-json\/wp\/v2\/media\/1764"}],"wp:attachment":[{"href":"https:\/\/mj-clothing.com\/sv\/wp-json\/wp\/v2\/media?parent=1763"}],"wp:term":[{"taxonomy":"product_brand","embeddable":true,"href":"https:\/\/mj-clothing.com\/sv\/wp-json\/wp\/v2\/product_brand?post=1763"},{"taxonomy":"product_cat","embeddable":true,"href":"https:\/\/mj-clothing.com\/sv\/wp-json\/wp\/v2\/product_cat?post=1763"},{"taxonomy":"product_tag","embeddable":true,"href":"https:\/\/mj-clothing.com\/sv\/wp-json\/wp\/v2\/product_tag?post=1763"}],"curies":[{"name":"wp","href":"https:\/\/api.w.org\/{rel}","templated":true}]}}