{"id":1765,"date":"2024-12-14T03:13:20","date_gmt":"2024-12-14T03:13:20","guid":{"rendered":"https:\/\/mj-clothing.com\/?post_type=product&#038;p=1765"},"modified":"2024-12-17T07:10:04","modified_gmt":"2024-12-17T07:10:04","slug":"vintage-jacket","status":"publish","type":"product","link":"https:\/\/mj-clothing.com\/sv\/manufacturer\/vintage-jacket\/","title":{"rendered":"Vintagejacka"},"content":{"rendered":"<p data-sourcepos=\"1:1-1:110\">En vintagejacka \u00e4r ett tidl\u00f6st plagg som kan ge en unik touch till vilken outfit som helst. H\u00e4r \u00e4r varf\u00f6r du kanske \u00e4lskar en:<\/p>\n<h3 data-sourcepos=\"3:1-3:32\"><strong>Varf\u00f6r v\u00e4lja en vintagejacka?<\/strong><\/h3>\n<ul data-sourcepos=\"5:1-9:0\">\n<li data-sourcepos=\"5:1-5:118\"><strong>Unik stil:<\/strong>\u00a0 Kavajer har ofta utm\u00e4rkande m\u00f6nster och detaljer som du inte hittar i moderna kl\u00e4der.<\/li>\n<li data-sourcepos=\"6:1-6:111\"><strong>H\u00f6g kvalitet:<\/strong> M\u00e5nga jackor \u00e4r tillverkade av h\u00f6gkvalitativa material som har st\u00e5tt sig genom tiderna.<\/li>\n<li data-sourcepos=\"7:1-7:125\"><strong>H\u00e5llbart mode:<\/strong> Genom att v\u00e4lja vintage minskar du din milj\u00f6p\u00e5verkan och ger ett plagg ett andra liv.<\/li>\n<li data-sourcepos=\"8:1-9:0\"><strong>Karakt\u00e4r och historia:<\/strong> En kavaj kan ber\u00e4tta en historia och ge din garderob en touch av nostalgi och personlighet.<\/li>\n<\/ul>\n<h3 data-sourcepos=\"10:1-10:34\"><strong>Hur man stylar en vintagejacka:<\/strong><\/h3>\n<ul data-sourcepos=\"12:1-16:0\">\n<li data-sourcepos=\"12:1-12:79\"><strong>Avslappnad:<\/strong> Kombinera den med jeans, en t-shirt och sneakers f\u00f6r en avslappnad look.<\/li>\n<li data-sourcepos=\"13:1-13:98\"><strong>Smart Casual:<\/strong> B\u00e4r den med chinos, en skjorta med knappar och loafers f\u00f6r en polerad ensemble.<\/li>\n<li data-sourcepos=\"14:1-14:93\"><strong>Edgy:<\/strong> Kombinera den med l\u00e4derbyxor, en grafisk t-shirt och boots f\u00f6r en rock-and-roll-vibe.<\/li>\n<li data-sourcepos=\"15:1-16:0\"><strong>Formellt:<\/strong> L\u00e4gg den \u00f6ver en kavaj f\u00f6r en unik twist p\u00e5 formell kl\u00e4dsel.<\/li>\n<\/ul>\n<h3 data-sourcepos=\"17:1-17:39\"><strong>Tips f\u00f6r att v\u00e4lja en vintagejacka:<\/strong><\/h3>\n<ul data-sourcepos=\"19:1-23:0\">\n<li data-sourcepos=\"19:1-19:82\"><strong>Passar:<\/strong> Se till att kavajen sitter bra och ta h\u00e4nsyn till eventuella \u00e4ndringar.<\/li>\n<li data-sourcepos=\"20:1-20:64\"><strong>Skick:<\/strong> Kontrollera om det finns n\u00e5gra skador, fl\u00e4ckar eller slitage.<\/li>\n<li data-sourcepos=\"21:1-21:93\"><strong>Stil:<\/strong> T\u00e4nk p\u00e5 din personliga stil och v\u00e4lj en jacka som kompletterar din garderob.<\/li>\n<li data-sourcepos=\"22:1-23:0\"><strong>Material:<\/strong> Leta efter h\u00f6gkvalitativa material som l\u00e4der, ull eller denim.<\/li>\n<\/ul>\n<h3 data-sourcepos=\"24:1-24:34\"><strong>Var hittar man vintagejackor?<\/strong><\/h3>\n<ul data-sourcepos=\"26:1-30:0\">\n<li data-sourcepos=\"26:1-26:76\"><strong>Secondhandbutiker:<\/strong> Ett utm\u00e4rkt st\u00e4lle att hitta dolda p\u00e4rlor till \u00f6verkomliga priser.<\/li>\n<li data-sourcepos=\"27:1-27:89\"><strong>S\u00e4ndningsbutiker:<\/strong> Dessa butiker har ofta kurerade samlingar av vintagekl\u00e4der.<\/li>\n<li data-sourcepos=\"28:1-28:97\"><strong>Marknadsplatser online:<\/strong> Webbplatser som eBay och Etsy erbjuder ett stort urval av jackor.<\/li>\n<li data-sourcepos=\"29:1-30:0\"><strong>Butiker f\u00f6r vintagekl\u00e4der:<\/strong> Specialbutiker som specialiserar sig p\u00e5 vintagemode.<\/li>\n<\/ul>\n<div class=\"attachment-container search-images\">\n<div class=\"image-container hide-from-message-actions ng-star-inserted\">\n<div class=\"overlay-container ng-star-inserted\"><\/div>\n<\/div>\n<\/div>","protected":false},"excerpt":{"rendered":"<table style=\"height: 442px;\" width=\"514\">\n<tbody>\n<tr>\n<td width=\"146\"><strong><b>Produkt<\/b><\/strong>\u00a0<strong><b>Namn:<\/b><\/strong><\/td>\n<td width=\"601\"><strong>Vintagejacka<\/strong><\/td>\n<\/tr>\n<tr>\n<td width=\"146\"><strong><b>Materlal:<\/b><\/strong><\/td>\n<td width=\"601\">Polyester\/bomull<\/td>\n<\/tr>\n<tr>\n<td width=\"146\"><strong><b>Teknik:<\/b><\/strong><\/td>\n<td width=\"601\">Tryckning och f\u00e4rgning<\/td>\n<\/tr>\n<tr>\n<td width=\"146\"><strong><b>Stil:<\/b><\/strong><\/td>\n<td width=\"601\">Avslappnad<\/td>\n<\/tr>\n<tr>\n<td width=\"146\"><strong><b>F\u00e4rg<\/b><\/strong><strong><b>:<\/b><\/strong><\/td>\n<td width=\"601\">\u00a0Anpassade f\u00e4rger<\/td>\n<\/tr>\n<tr>\n<td width=\"146\"><strong><b>Storlek:<\/b><\/strong><\/td>\n<td width=\"601\">S \/M \/L \/XL \/2XL<\/td>\n<\/tr>\n<tr>\n<td width=\"146\"><strong><b>OEM\/ODM:<\/b><\/strong><\/td>\n<td width=\"601\">Godtagbar<\/td>\n<\/tr>\n<tr>\n<td width=\"146\"><strong><b>Kvalitet:<\/b><\/strong><\/td>\n<td width=\"601\">100% H\u00f6g kvalitet<\/td>\n<\/tr>\n<tr>\n<td width=\"146\"><strong><b>M<\/b><\/strong><strong><b>OQ:<\/b><\/strong><\/td>\n<td width=\"601\">200 st.<\/td>\n<\/tr>\n<\/tbody>\n<\/table>","protected":false},"featured_media":1769,"template":"","meta":[],"product_brand":[],"product_cat":[38],"product_tag":[],"class_list":{"0":"post-1765","1":"product","2":"type-product","3":"status-publish","4":"has-post-thumbnail","6":"product_cat-mens-clothing","8":"first","9":"instock","10":"shipping-taxable","11":"product-type-simple"},"_links":{"self":[{"href":"https:\/\/mj-clothing.com\/sv\/wp-json\/wp\/v2\/product\/1765","targetHints":{"allow":["GET"]}}],"collection":[{"href":"https:\/\/mj-clothing.com\/sv\/wp-json\/wp\/v2\/product"}],"about":[{"href":"https:\/\/mj-clothing.com\/sv\/wp-json\/wp\/v2\/types\/product"}],"wp:featuredmedia":[{"embeddable":true,"href":"https:\/\/mj-clothing.com\/sv\/wp-json\/wp\/v2\/media\/1769"}],"wp:attachment":[{"href":"https:\/\/mj-clothing.com\/sv\/wp-json\/wp\/v2\/media?parent=1765"}],"wp:term":[{"taxonomy":"product_brand","embeddable":true,"href":"https:\/\/mj-clothing.com\/sv\/wp-json\/wp\/v2\/product_brand?post=1765"},{"taxonomy":"product_cat","embeddable":true,"href":"https:\/\/mj-clothing.com\/sv\/wp-json\/wp\/v2\/product_cat?post=1765"},{"taxonomy":"product_tag","embeddable":true,"href":"https:\/\/mj-clothing.com\/sv\/wp-json\/wp\/v2\/product_tag?post=1765"}],"curies":[{"name":"wp","href":"https:\/\/api.w.org\/{rel}","templated":true}]}}