{"id":1770,"date":"2024-12-14T03:18:13","date_gmt":"2024-12-14T03:18:13","guid":{"rendered":"https:\/\/mj-clothing.com\/?post_type=product&#038;p=1770"},"modified":"2024-12-17T07:08:53","modified_gmt":"2024-12-17T07:08:53","slug":"white-varsity-jacket","status":"publish","type":"product","link":"https:\/\/mj-clothing.com\/sv\/manufacturer\/white-varsity-jacket\/","title":{"rendered":"Vit Varsity-jacka"},"content":{"rendered":"<div class=\"user-query-container ng-star-inserted\">\n<div id=\"user-query-content-8\" class=\"query-content\">\n<div class=\"query-text ng-star-inserted\" dir=\"ltr\" role=\"heading\" aria-level=\"2\">\n<h2 class=\"query-text-line ng-star-inserted\"><span style=\"color: #555555; font-size: 14.4px;\">En vit varsity-jacka \u00e4r ett dj\u00e4rvt och snyggt val som kan ge en fr\u00e4sch och modern touch till din garderob. H\u00e4r \u00e4r varf\u00f6r du kanske \u00e4lskar en:<\/span><\/h2>\n<\/div>\n<\/div>\n<\/div>\n<div>\n<div class=\"response-container ng-tns-c1933435332-125 response-optimization response-container-with-gpi ng-star-inserted response-container-has-multiple-responses\">\n<div class=\"presented-response-container ng-tns-c1933435332-125\">\n<div class=\"response-container-content ng-tns-c1933435332-125 tunable-selection-with-avatar\">\n<div class=\"response-content ng-tns-c1933435332-125\">\n<div id=\"model-response-message-contentr_093b668a98236c3a\" class=\"markdown markdown-main-panel response-optimization\" dir=\"ltr\">\n<h3 data-sourcepos=\"3:1-3:38\"><strong>Varf\u00f6r v\u00e4lja en vit Varsity-kavaj?<\/strong><\/h3>\n<ul data-sourcepos=\"5:1-9:0\">\n<li data-sourcepos=\"5:1-5:102\"><strong>Unik och i\u00f6gonfallande:<\/strong> En varsity-jacka sticker ut fr\u00e5n m\u00e4ngden och g\u00f6r ett statement.<\/li>\n<li data-sourcepos=\"6:1-6:85\"><strong>M\u00e5ngsidig styling:<\/strong> Den kan kl\u00e4s upp eller ner, perfekt f\u00f6r olika tillf\u00e4llen.<\/li>\n<li data-sourcepos=\"7:1-7:74\"><strong>Ren och modern:<\/strong> Den vita f\u00e4rgen ger ett rent och minimalistiskt utseende.<\/li>\n<li data-sourcepos=\"8:1-9:0\"><strong>Bekv\u00e4ma och varma:<\/strong> Den klassiska designen med varsityjacka ger v\u00e4rme och komfort.<\/li>\n<\/ul>\n<h3 data-sourcepos=\"10:1-10:40\"><strong>Hur man stylar en vit Varsity-jacka:<\/strong><\/h3>\n<ul data-sourcepos=\"12:1-15:0\">\n<li data-sourcepos=\"12:1-12:82\"><strong>Casual Chic:<\/strong> Kombinera den med jeans, en t-shirt och sneakers f\u00f6r en avslappnad look.<\/li>\n<li data-sourcepos=\"13:1-13:82\"><strong>Sportig look:<\/strong> B\u00e4r den med joggers, en hoodie och sneakers f\u00f6r en sportig k\u00e4nsla.<\/li>\n<li data-sourcepos=\"14:1-15:0\"><strong>Smart Casual:<\/strong> Kombinera den med chinos, en skjorta med knappar och loafers f\u00f6r en elegant look.<\/li>\n<\/ul>\n<h3 data-sourcepos=\"16:1-16:45\"><strong>Tips f\u00f6r att v\u00e4lja en vit Varsity Jacket:<\/strong><\/h3>\n<ul data-sourcepos=\"18:1-22:0\">\n<li data-sourcepos=\"18:1-18:81\"><strong>Material:<\/strong> V\u00e4lj ett slitstarkt och h\u00f6gkvalitativt material som ull eller l\u00e4der.<\/li>\n<li data-sourcepos=\"19:1-19:71\"><strong>Passar:<\/strong> V\u00e4lj en jacka som sitter bra och som smickrar din kroppsform.<\/li>\n<li data-sourcepos=\"20:1-20:96\"><strong>Detaljer:<\/strong> T\u00e4nk p\u00e5 detaljerna, till exempel f\u00e4rgen p\u00e5 \u00e4rmarna och typen av bokst\u00e4ver.<\/li>\n<li data-sourcepos=\"21:1-22:0\"><strong>Ta hand om dig:<\/strong> Var uppm\u00e4rksam p\u00e5 eventuella fl\u00e4ckar och ta hand om jackan p\u00e5 r\u00e4tt s\u00e4tt.<\/li>\n<\/ul>\n<\/div>\n<\/div>\n<\/div>\n<\/div>\n<\/div>\n<\/div>","protected":false},"excerpt":{"rendered":"<table style=\"height: 507px;\" width=\"477\">\n<tbody>\n<tr>\n<td width=\"146\"><strong><b>Produkt<\/b><\/strong>\u00a0<strong><b>Namn:<\/b><\/strong><\/td>\n<td width=\"601\"><strong>Vit Varsity-jacka<\/strong><\/td>\n<\/tr>\n<tr>\n<td width=\"146\"><strong><b>Materlal:<\/b><\/strong><\/td>\n<td width=\"601\">Polyester\/bomull<\/td>\n<\/tr>\n<tr>\n<td width=\"146\"><strong><b>Teknik:<\/b><\/strong><\/td>\n<td width=\"601\">Tryckning och f\u00e4rgning<\/td>\n<\/tr>\n<tr>\n<td width=\"146\"><strong><b>Stil:<\/b><\/strong><\/td>\n<td width=\"601\">Avslappnad<\/td>\n<\/tr>\n<tr>\n<td width=\"146\"><strong><b>F\u00e4rg<\/b><\/strong><strong><b>:<\/b><\/strong><\/td>\n<td width=\"601\">\u00a0Anpassade f\u00e4rger<\/td>\n<\/tr>\n<tr>\n<td width=\"146\"><strong><b>Storlek:<\/b><\/strong><\/td>\n<td width=\"601\">S \/M \/L \/XL \/2XL<\/td>\n<\/tr>\n<tr>\n<td width=\"146\"><strong><b>OEM\/ODM:<\/b><\/strong><\/td>\n<td width=\"601\">Godtagbar<\/td>\n<\/tr>\n<tr>\n<td width=\"146\"><strong><b>Kvalitet:<\/b><\/strong><\/td>\n<td width=\"601\">100% H\u00f6g kvalitet<\/td>\n<\/tr>\n<tr>\n<td width=\"146\"><strong><b>M<\/b><\/strong><strong><b>OQ:<\/b><\/strong><\/td>\n<td width=\"601\">200 st.<\/td>\n<\/tr>\n<\/tbody>\n<\/table>","protected":false},"featured_media":1773,"template":"","meta":[],"product_brand":[],"product_cat":[38],"product_tag":[],"class_list":{"0":"post-1770","1":"product","2":"type-product","3":"status-publish","4":"has-post-thumbnail","6":"product_cat-mens-clothing","8":"first","9":"instock","10":"shipping-taxable","11":"product-type-simple"},"_links":{"self":[{"href":"https:\/\/mj-clothing.com\/sv\/wp-json\/wp\/v2\/product\/1770","targetHints":{"allow":["GET"]}}],"collection":[{"href":"https:\/\/mj-clothing.com\/sv\/wp-json\/wp\/v2\/product"}],"about":[{"href":"https:\/\/mj-clothing.com\/sv\/wp-json\/wp\/v2\/types\/product"}],"wp:featuredmedia":[{"embeddable":true,"href":"https:\/\/mj-clothing.com\/sv\/wp-json\/wp\/v2\/media\/1773"}],"wp:attachment":[{"href":"https:\/\/mj-clothing.com\/sv\/wp-json\/wp\/v2\/media?parent=1770"}],"wp:term":[{"taxonomy":"product_brand","embeddable":true,"href":"https:\/\/mj-clothing.com\/sv\/wp-json\/wp\/v2\/product_brand?post=1770"},{"taxonomy":"product_cat","embeddable":true,"href":"https:\/\/mj-clothing.com\/sv\/wp-json\/wp\/v2\/product_cat?post=1770"},{"taxonomy":"product_tag","embeddable":true,"href":"https:\/\/mj-clothing.com\/sv\/wp-json\/wp\/v2\/product_tag?post=1770"}],"curies":[{"name":"wp","href":"https:\/\/api.w.org\/{rel}","templated":true}]}}