{"id":1774,"date":"2024-12-14T03:23:26","date_gmt":"2024-12-14T03:23:26","guid":{"rendered":"https:\/\/mj-clothing.com\/?post_type=product&#038;p=1774"},"modified":"2024-12-17T07:06:57","modified_gmt":"2024-12-17T07:06:57","slug":"shell-jacket","status":"publish","type":"product","link":"https:\/\/mj-clothing.com\/sv\/manufacturer\/shell-jacket\/","title":{"rendered":"Skaljacka"},"content":{"rendered":"<p data-sourcepos=\"1:1-1:266\">En skaljacka \u00e4r ett l\u00e4tt, vatten- och vindt\u00e4tt ytterplagg som \u00e4r utformat f\u00f6r att skydda dig mot v\u00e4der och vind. Det \u00e4r ett m\u00e5ngsidigt ytterplagg som kan b\u00e4ras i olika v\u00e4derf\u00f6rh\u00e5llanden, vilket g\u00f6r det till ett popul\u00e4rt val f\u00f6r utomhusaktiviteter och vardagskl\u00e4der.<\/p>\n<h3 data-sourcepos=\"3:1-3:35\"><strong>De viktigaste egenskaperna hos en skaljacka:<\/strong><\/h3>\n<ul data-sourcepos=\"5:1-9:0\">\n<li data-sourcepos=\"5:1-5:218\"><strong>Vattent\u00e4t och vindt\u00e4t:<\/strong> Den prim\u00e4ra funktionen hos en jacka \u00e4r att h\u00e5lla dig torr och skyddad fr\u00e5n vinden. Den \u00e4r vanligtvis tillverkad av vattent\u00e4ta material med god andningsf\u00f6rm\u00e5ga, som Gore-Tex eller liknande tekniker.<\/li>\n<li data-sourcepos=\"6:1-6:155\"><strong>Andningsf\u00f6rm\u00e5ga:<\/strong> Samtidigt som en bra jacka h\u00e5ller dig torr sl\u00e4pper den ocks\u00e5 ut fukt\u00e5ngor, vilket g\u00f6r att du inte k\u00e4nner dig kladdig och obekv\u00e4m.<\/li>\n<li data-sourcepos=\"7:1-7:97\"><strong>H\u00e5llbarhet:<\/strong> Skaljackor \u00e4r utformade f\u00f6r att klara tuffa v\u00e4derf\u00f6rh\u00e5llanden och tung anv\u00e4ndning.<\/li>\n<li data-sourcepos=\"8:1-9:0\"><strong>Packbarhet:<\/strong> M\u00e5nga jackor \u00e4r l\u00e4tta och packbara, vilket g\u00f6r dem l\u00e4tta att b\u00e4ra med sig n\u00e4r de inte anv\u00e4nds.<\/li>\n<\/ul>\n<h3 data-sourcepos=\"10:1-10:32\"><strong>Hur man stylar en skaljacka:<\/strong><\/h3>\n<ul data-sourcepos=\"12:1-15:0\">\n<li data-sourcepos=\"12:1-12:96\"><strong>Avslappnad:<\/strong> Kombinera den med jeans, en t-shirt och sneakers f\u00f6r en bekv\u00e4m och funktionell look.<\/li>\n<li data-sourcepos=\"13:1-13:112\"><strong>Smart Casual:<\/strong> B\u00e4r den \u00f6ver en tr\u00f6ja, chinos och en skjorta med knappar f\u00f6r en snygg och praktisk outfit.<\/li>\n<li data-sourcepos=\"14:1-15:0\"><strong>Utomhusaktiviteter:<\/strong> B\u00e4r den med vandringsbyxor, fleece och rej\u00e4la st\u00f6vlar f\u00f6r att skydda dig mot v\u00e4der och vind.<\/li>\n<\/ul>\n<h3 data-sourcepos=\"16:1-16:37\"><strong>Popul\u00e4ra m\u00e4rken f\u00f6r Shell Jackets:<\/strong><\/h3>\n<ul data-sourcepos=\"18:1-21:0\">\n<li data-sourcepos=\"18:1-18:58\"><strong>Utomhusm\u00e4rken:<\/strong> Patagonia, The North Face, Arc'teryx<\/li>\n<li data-sourcepos=\"19:1-19:46\"><strong>Tekniska varum\u00e4rken:<\/strong> Gore-Tex, Helly Hansen<\/li>\n<li data-sourcepos=\"20:1-21:0\"><strong>Livsstilsvarum\u00e4rken:<\/strong> Columbia, Timberland, Jack Wolfskin<\/li>\n<\/ul>","protected":false},"excerpt":{"rendered":"<table style=\"height: 515px;\" width=\"509\">\n<tbody>\n<tr>\n<td width=\"146\"><strong><b>Produkt<\/b><\/strong>\u00a0<strong><b>Namn:<\/b><\/strong><\/td>\n<td width=\"601\"><strong>Skaljacka<\/strong><\/td>\n<\/tr>\n<tr>\n<td width=\"146\"><strong><b>Materlal:<\/b><\/strong><\/td>\n<td width=\"601\">Polyester\/bomull<\/td>\n<\/tr>\n<tr>\n<td width=\"146\"><strong><b>Teknik:<\/b><\/strong><\/td>\n<td width=\"601\">Tryckning och f\u00e4rgning<\/td>\n<\/tr>\n<tr>\n<td width=\"146\"><strong><b>Stil:<\/b><\/strong><\/td>\n<td width=\"601\">Avslappnad<\/td>\n<\/tr>\n<tr>\n<td width=\"146\"><strong><b>F\u00e4rg<\/b><\/strong><strong><b>:<\/b><\/strong><\/td>\n<td width=\"601\">\u00a0Anpassade f\u00e4rger<\/td>\n<\/tr>\n<tr>\n<td width=\"146\"><strong><b>Storlek:<\/b><\/strong><\/td>\n<td width=\"601\">S \/M \/L \/XL \/2XL<\/td>\n<\/tr>\n<tr>\n<td width=\"146\"><strong><b>OEM\/ODM:<\/b><\/strong><\/td>\n<td width=\"601\">Godtagbar<\/td>\n<\/tr>\n<tr>\n<td width=\"146\"><strong><b>Kvalitet:<\/b><\/strong><\/td>\n<td width=\"601\">100% H\u00f6g kvalitet<\/td>\n<\/tr>\n<tr>\n<td width=\"146\"><strong><b>M<\/b><\/strong><strong><b>OQ:<\/b><\/strong><\/td>\n<td width=\"601\">200 st.<\/td>\n<\/tr>\n<\/tbody>\n<\/table>","protected":false},"featured_media":1776,"template":"","meta":[],"product_brand":[],"product_cat":[38],"product_tag":[],"class_list":{"0":"post-1774","1":"product","2":"type-product","3":"status-publish","4":"has-post-thumbnail","6":"product_cat-mens-clothing","8":"first","9":"instock","10":"shipping-taxable","11":"product-type-simple"},"_links":{"self":[{"href":"https:\/\/mj-clothing.com\/sv\/wp-json\/wp\/v2\/product\/1774","targetHints":{"allow":["GET"]}}],"collection":[{"href":"https:\/\/mj-clothing.com\/sv\/wp-json\/wp\/v2\/product"}],"about":[{"href":"https:\/\/mj-clothing.com\/sv\/wp-json\/wp\/v2\/types\/product"}],"wp:featuredmedia":[{"embeddable":true,"href":"https:\/\/mj-clothing.com\/sv\/wp-json\/wp\/v2\/media\/1776"}],"wp:attachment":[{"href":"https:\/\/mj-clothing.com\/sv\/wp-json\/wp\/v2\/media?parent=1774"}],"wp:term":[{"taxonomy":"product_brand","embeddable":true,"href":"https:\/\/mj-clothing.com\/sv\/wp-json\/wp\/v2\/product_brand?post=1774"},{"taxonomy":"product_cat","embeddable":true,"href":"https:\/\/mj-clothing.com\/sv\/wp-json\/wp\/v2\/product_cat?post=1774"},{"taxonomy":"product_tag","embeddable":true,"href":"https:\/\/mj-clothing.com\/sv\/wp-json\/wp\/v2\/product_tag?post=1774"}],"curies":[{"name":"wp","href":"https:\/\/api.w.org\/{rel}","templated":true}]}}