{"id":1777,"date":"2024-12-14T03:30:07","date_gmt":"2024-12-14T03:30:07","guid":{"rendered":"https:\/\/mj-clothing.com\/?post_type=product&#038;p=1777"},"modified":"2024-12-17T07:04:15","modified_gmt":"2024-12-17T07:04:15","slug":"cropped-leather-jacket","status":"publish","type":"product","link":"https:\/\/mj-clothing.com\/sv\/manufacturer\/cropped-leather-jacket\/","title":{"rendered":"Croppad l\u00e4derjacka"},"content":{"rendered":"<p data-sourcepos=\"1:1-1:117\">En croppad skinnjacka \u00e4r ett snyggt och m\u00e5ngsidigt plagg som kan lyfta vilken outfit som helst. H\u00e4r \u00e4r varf\u00f6r du kanske \u00e4lskar en:<\/p>\n<h3 data-sourcepos=\"3:1-3:40\"><strong>Varf\u00f6r v\u00e4lja en croppad l\u00e4derjacka?<\/strong><\/h3>\n<ul data-sourcepos=\"5:1-9:0\">\n<li data-sourcepos=\"5:1-5:120\"><strong><span class=\"citation-0 recitation\">Trendigt och modernt:<\/span><\/strong><span class=\"citation-0 recitation citation-end-0\"> Croppade jackor \u00e4r en popul\u00e4r trend som kan ge din look en modern touch.<\/span><\/li>\n<li data-sourcepos=\"5:1-5:120\"><strong style=\"font-size: 14.4px;\">M\u00e5ngsidig styling:<\/strong><span style=\"font-size: 14.4px;\"> Den kan kl\u00e4s upp eller ner, vilket g\u00f6r den perfekt f\u00f6r olika tillf\u00e4llen.<\/span><\/li>\n<li data-sourcepos=\"7:1-7:113\"><strong><span class=\"citation-1 recitation\">Smickrande passform:<\/span><\/strong><span class=\"citation-1 recitation citation-end-1\"> En croppad jacka kan framh\u00e4va din midja och skapa en smickrande silhuett.<\/span><\/li>\n<li data-sourcepos=\"7:1-7:113\"><strong style=\"font-size: 14.4px;\">Edgy och chic:<\/strong><span style=\"font-size: 14.4px;\"> L\u00e4der ger en touch av tuffhet och sofistikering.<\/span><\/li>\n<\/ul>\n<h3 data-sourcepos=\"10:1-10:42\"><strong>Hur man stylar en croppad skinnjacka:<\/strong><\/h3>\n<ul data-sourcepos=\"12:1-15:0\">\n<li data-sourcepos=\"12:1-12:82\"><strong>Casual Chic:<\/strong> Kombinera den med jeans, en t-shirt och sneakers f\u00f6r en avslappnad look.<\/li>\n<li data-sourcepos=\"13:1-13:102\"><strong>Smart Casual:<\/strong> B\u00e4r den med en kjol, en blus och ankelst\u00f6vlar f\u00f6r en feminin och snygg outfit.<\/li>\n<li data-sourcepos=\"14:1-15:0\"><strong>Edgy look:<\/strong> Kombinera den med l\u00e4derbyxor, en grafisk t-shirt och boots f\u00f6r en rock-and-roll-vibe.<\/li>\n<\/ul>\n<h3 data-sourcepos=\"16:1-16:47\"><strong>Tips f\u00f6r att v\u00e4lja en croppad l\u00e4derjacka:<\/strong><\/h3>\n<ul data-sourcepos=\"18:1-22:0\">\n<li data-sourcepos=\"18:1-18:71\"><strong>Passar:<\/strong> V\u00e4lj en jacka som sitter bra och som smickrar din kroppsform.<\/li>\n<li data-sourcepos=\"19:1-19:60\"><strong>Material:<\/strong> V\u00e4lj l\u00e4der av h\u00f6g kvalitet som h\u00e5ller l\u00e4nge.<\/li>\n<li data-sourcepos=\"20:1-20:87\"><strong>Stil:<\/strong> T\u00e4nk p\u00e5 din personliga stil och v\u00e4lj en kavaj som speglar din smak.<\/li>\n<li data-sourcepos=\"21:1-22:0\"><strong>F\u00e4rg:<\/strong> Svart \u00e4r ett klassiskt val, men du kan ocks\u00e5 \u00f6verv\u00e4ga andra f\u00e4rger som brunt eller vinr\u00f6tt.<\/li>\n<\/ul>","protected":false},"excerpt":{"rendered":"<table style=\"height: 523px;\" width=\"508\">\n<tbody>\n<tr>\n<td width=\"146\"><strong><b>Produkt<\/b><\/strong>\u00a0<strong><b>Namn:<\/b><\/strong><\/td>\n<td width=\"601\"><strong>Croppad l\u00e4derjacka<\/strong><\/td>\n<\/tr>\n<tr>\n<td width=\"146\"><strong><b>Materlal:<\/b><\/strong><\/td>\n<td width=\"601\">Polyester\/bomull<\/td>\n<\/tr>\n<tr>\n<td width=\"146\"><strong><b>Teknik:<\/b><\/strong><\/td>\n<td width=\"601\">Hud<\/td>\n<\/tr>\n<tr>\n<td width=\"146\"><strong><b>Stil:<\/b><\/strong><\/td>\n<td width=\"601\">Avslappnad<\/td>\n<\/tr>\n<tr>\n<td width=\"146\"><strong><b>F\u00e4rg<\/b><\/strong><strong><b>:<\/b><\/strong><\/td>\n<td width=\"601\">\u00a0Anpassade f\u00e4rger<\/td>\n<\/tr>\n<tr>\n<td width=\"146\"><strong><b>Storlek:<\/b><\/strong><\/td>\n<td width=\"601\">S \/M \/L \/XL \/2XL<\/td>\n<\/tr>\n<tr>\n<td width=\"146\"><strong><b>OEM\/ODM:<\/b><\/strong><\/td>\n<td width=\"601\">Godtagbar<\/td>\n<\/tr>\n<tr>\n<td width=\"146\"><strong><b>Kvalitet:<\/b><\/strong><\/td>\n<td width=\"601\">100% H\u00f6g kvalitet<\/td>\n<\/tr>\n<tr>\n<td width=\"146\"><strong><b>M<\/b><\/strong><strong><b>OQ:<\/b><\/strong><\/td>\n<td width=\"601\">200 st.<\/td>\n<\/tr>\n<\/tbody>\n<\/table>","protected":false},"featured_media":1781,"template":"","meta":[],"product_brand":[],"product_cat":[38],"product_tag":[],"class_list":{"0":"post-1777","1":"product","2":"type-product","3":"status-publish","4":"has-post-thumbnail","6":"product_cat-mens-clothing","8":"first","9":"instock","10":"shipping-taxable","11":"product-type-simple"},"_links":{"self":[{"href":"https:\/\/mj-clothing.com\/sv\/wp-json\/wp\/v2\/product\/1777","targetHints":{"allow":["GET"]}}],"collection":[{"href":"https:\/\/mj-clothing.com\/sv\/wp-json\/wp\/v2\/product"}],"about":[{"href":"https:\/\/mj-clothing.com\/sv\/wp-json\/wp\/v2\/types\/product"}],"wp:featuredmedia":[{"embeddable":true,"href":"https:\/\/mj-clothing.com\/sv\/wp-json\/wp\/v2\/media\/1781"}],"wp:attachment":[{"href":"https:\/\/mj-clothing.com\/sv\/wp-json\/wp\/v2\/media?parent=1777"}],"wp:term":[{"taxonomy":"product_brand","embeddable":true,"href":"https:\/\/mj-clothing.com\/sv\/wp-json\/wp\/v2\/product_brand?post=1777"},{"taxonomy":"product_cat","embeddable":true,"href":"https:\/\/mj-clothing.com\/sv\/wp-json\/wp\/v2\/product_cat?post=1777"},{"taxonomy":"product_tag","embeddable":true,"href":"https:\/\/mj-clothing.com\/sv\/wp-json\/wp\/v2\/product_tag?post=1777"}],"curies":[{"name":"wp","href":"https:\/\/api.w.org\/{rel}","templated":true}]}}