{"id":1792,"date":"2024-12-14T03:52:01","date_gmt":"2024-12-14T03:52:01","guid":{"rendered":"https:\/\/mj-clothing.com\/?post_type=product&#038;p=1792"},"modified":"2024-12-17T07:00:56","modified_gmt":"2024-12-17T07:00:56","slug":"mens-alpaca-sweater","status":"publish","type":"product","link":"https:\/\/mj-clothing.com\/sv\/manufacturer\/mens-alpaca-sweater\/","title":{"rendered":"Alpaca tr\u00f6ja f\u00f6r herrar"},"content":{"rendered":"<p data-sourcepos=\"1:1-1:198\"><span class=\"citation-0 recitation citation-end-0\">En Mens Alpaca Sweater \u00e4r ett lyxigt och varmt plagg tillverkat av fina, mjuka fibrer fr\u00e5n alpackan, en sydamerikansk kameldjurart.<\/span> Alpackafiber \u00e4r k\u00e4nd f\u00f6r sina exceptionella egenskaper, bland annat<span class=\"button-container hide-from-message-actions ng-star-inserted\"> \u00a0<\/span><\/p>\n<ul data-sourcepos=\"3:1-7:0\">\n<li data-sourcepos=\"3:1-3:89\"><strong><span class=\"citation-1 recitation\">Mjukhet:<\/span><\/strong><span class=\"citation-1 recitation citation-end-1\"> Alpackafibrer \u00e4r otroligt mjuka, ofta mjukare \u00e4n kashmir.<\/span><\/li>\n<li data-sourcepos=\"3:1-3:89\"><span class=\"button-container hide-from-message-actions ng-star-inserted\"><strong style=\"font-size: 14.4px;\">V\u00e4rme:<\/strong> <span class=\"citation-2 recitation citation-end-2\" style=\"font-size: 14.4px;\">Den ger utm\u00e4rkt isolering och h\u00e5ller dig varm i kallt v\u00e4der.<\/span><\/span>\n<div class=\"container ng-tns-c2946245707-269 hide\">\n<div class=\"carousel-container ng-tns-c2946245707-269\"><\/div>\n<\/div>\n<\/li>\n<li data-sourcepos=\"5:1-5:80\"><strong>H\u00e5llbarhet:<\/strong> <span class=\"citation-3 recitation citation-end-3\">Alpackafibern \u00e4r slitstark och motst\u00e5ndskraftig mot noppbildning.<\/span><\/li>\n<li data-sourcepos=\"5:1-5:80\"><span class=\"button-container hide-from-message-actions ng-star-inserted\">\u00a0<\/span><span class=\"button-container hide-from-message-actions ng-star-inserted\"><strong style=\"font-size: 14.4px;\">Allergiv\u00e4nlig:<\/strong> <span class=\"citation-4 recitation citation-end-4\" style=\"font-size: 14.4px;\">Den \u00e4r naturligt allergiv\u00e4nlig, vilket g\u00f6r den till ett utm\u00e4rkt val f\u00f6r dem med k\u00e4nslig hud.<\/span><span class=\"button-container hide-from-message-actions ng-star-inserted\" style=\"font-size: 14.4px;\"> \u00a0<\/span><\/span>\n<div class=\"container ng-tns-c2946245707-271 hide\">\n<div class=\"carousel-container ng-tns-c2946245707-271\"><\/div>\n<\/div>\n<\/li>\n<\/ul>\n<h3 data-sourcepos=\"8:1-8:33\"><strong>Varf\u00f6r v\u00e4lja en alpackatr\u00f6ja f\u00f6r m\u00e4n?<\/strong><\/h3>\n<ul data-sourcepos=\"10:1-14:0\">\n<li data-sourcepos=\"10:1-10:93\"><strong>Lyxig k\u00e4nsla:<\/strong> Den mjuka, silkeslena strukturen hos alpackafibern k\u00e4nns fantastisk mot huden.<\/li>\n<li data-sourcepos=\"11:1-11:118\"><strong><span class=\"citation-5 recitation\">Exceptionell v\u00e4rme:<\/span><\/strong><span class=\"citation-5 recitation citation-end-5\"> Alpackatr\u00f6jor \u00e4r perfekta f\u00f6r kallt v\u00e4der och h\u00e5ller dig mysig och bekv\u00e4m.<\/span><\/li>\n<li data-sourcepos=\"11:1-11:118\"><strong style=\"font-size: 14.4px;\">Stil och elegans:<\/strong><span style=\"font-size: 14.4px;\"> Alpackatr\u00f6jor kan lyfta vilken outfit som helst och ge den en sofistikerad touch.<\/span><\/li>\n<li data-sourcepos=\"13:1-14:0\"><strong><span class=\"citation-6 recitation\">Etisk och h\u00e5llbar:<\/span><\/strong><span class=\"citation-6 recitation citation-end-6\"> Alpackauppf\u00f6dning anses ofta vara mer human och milj\u00f6v\u00e4nlig \u00e4n f\u00e5ruppf\u00f6dning.<\/span><span class=\"button-container hide-from-message-actions ng-star-inserted\">\u00a0 \u00a0<\/span>\n<div class=\"container ng-tns-c2946245707-273 hide\">\n<div class=\"carousel-container ng-tns-c2946245707-273\"><\/div>\n<\/div>\n<\/li>\n<\/ul>\n<h3 data-sourcepos=\"15:1-15:35\"><strong>Hur man stylar en alpackatr\u00f6ja f\u00f6r herrar:<\/strong><\/h3>\n<ul data-sourcepos=\"17:1-20:0\">\n<li data-sourcepos=\"17:1-17:77\"><strong>Avslappnad:<\/strong> Kombinera den med jeans, en t-shirt och sneakers f\u00f6r en avslappnad look.<\/li>\n<li data-sourcepos=\"18:1-18:96\"><strong>Smart Casual:<\/strong> B\u00e4r den med chinos, en skjorta med knappar och loafers f\u00f6r en polerad outfit.<\/li>\n<li data-sourcepos=\"19:1-20:0\"><strong>Formellt:<\/strong> L\u00e4gg den \u00f6ver en skjorta och slips f\u00f6r en sofistikerad look.<\/li>\n<\/ul>\n<p data-sourcepos=\"21:1-21:40\"><strong>Var hittar man alpackatr\u00f6jor f\u00f6r m\u00e4n:<\/strong><\/p>\n<ul data-sourcepos=\"23:1-26:0\">\n<li data-sourcepos=\"23:1-23:116\"><strong><span class=\"citation-7 recitation\">\u00c5terf\u00f6rs\u00e4ljare p\u00e5 n\u00e4tet:<\/span><\/strong><span class=\"citation-7 recitation citation-end-7\"> Amazon, Etsy och andra online-\u00e5terf\u00f6rs\u00e4ljare erbjuder ett brett utbud av alpackatr\u00f6jor.<\/span><\/li>\n<li data-sourcepos=\"23:1-23:116\"><strong style=\"font-size: 14.4px;\">Varuhus:<\/strong><span style=\"font-size: 14.4px;\"> I exklusiva varuhus finns ofta alpackatr\u00f6jor fr\u00e5n lyxm\u00e4rken.<\/span><\/li>\n<li data-sourcepos=\"25:1-26:0\"><strong>Specialbutiker:<\/strong> Leta efter butiker som specialiserar sig p\u00e5 lyxfibrer och h\u00e5llbart mode.<\/li>\n<\/ul>\n<p data-sourcepos=\"27:1-27:223\"><strong>Kom ih\u00e5g det:<\/strong> N\u00e4r du k\u00f6per en alpackatr\u00f6ja ska du leta efter h\u00f6gkvalitativa, etiskt framst\u00e4llda fibrer. T\u00e4nk ocks\u00e5 p\u00e5 tr\u00f6jans vikt och tjocklek, eftersom detta p\u00e5verkar dess v\u00e4rme och l\u00e4mplighet f\u00f6r olika klimat.<\/p>","protected":false},"excerpt":{"rendered":"<table style=\"height: 483px;\" width=\"499\">\n<tbody>\n<tr>\n<td width=\"146\"><strong><b>Produkt<\/b><\/strong>\u00a0<strong><b>Namn:<\/b><\/strong><\/td>\n<td width=\"601\"><strong>Alpaca tr\u00f6ja f\u00f6r herrar<\/strong><\/td>\n<\/tr>\n<tr>\n<td width=\"146\"><strong><b>Materlal:<\/b><\/strong><\/td>\n<td width=\"601\">Polyester\/bomull<\/td>\n<\/tr>\n<tr>\n<td width=\"146\"><strong><b>Teknik:<\/b><\/strong><\/td>\n<td width=\"601\">V\u00e4v<\/td>\n<\/tr>\n<tr>\n<td width=\"146\"><strong><b>Stil:<\/b><\/strong><\/td>\n<td width=\"601\">Avslappnad<\/td>\n<\/tr>\n<tr>\n<td width=\"146\"><strong><b>F\u00e4rg<\/b><\/strong><strong><b>:<\/b><\/strong><\/td>\n<td width=\"601\">\u00a0Anpassade f\u00e4rger<\/td>\n<\/tr>\n<tr>\n<td width=\"146\"><strong><b>Storlek:<\/b><\/strong><\/td>\n<td width=\"601\">S \/M \/L \/XL \/2XL<\/td>\n<\/tr>\n<tr>\n<td width=\"146\"><strong><b>OEM\/ODM:<\/b><\/strong><\/td>\n<td width=\"601\">Godtagbar<\/td>\n<\/tr>\n<tr>\n<td width=\"146\"><strong><b>Kvalitet:<\/b><\/strong><\/td>\n<td width=\"601\">100% H\u00f6g kvalitet<\/td>\n<\/tr>\n<tr>\n<td width=\"146\"><strong><b>M<\/b><\/strong><strong><b>OQ:<\/b><\/strong><\/td>\n<td width=\"601\">200 st.<\/td>\n<\/tr>\n<\/tbody>\n<\/table>","protected":false},"featured_media":1793,"template":"","meta":[],"product_brand":[],"product_cat":[38],"product_tag":[],"class_list":{"0":"post-1792","1":"product","2":"type-product","3":"status-publish","4":"has-post-thumbnail","6":"product_cat-mens-clothing","8":"first","9":"instock","10":"shipping-taxable","11":"product-type-simple"},"_links":{"self":[{"href":"https:\/\/mj-clothing.com\/sv\/wp-json\/wp\/v2\/product\/1792","targetHints":{"allow":["GET"]}}],"collection":[{"href":"https:\/\/mj-clothing.com\/sv\/wp-json\/wp\/v2\/product"}],"about":[{"href":"https:\/\/mj-clothing.com\/sv\/wp-json\/wp\/v2\/types\/product"}],"wp:featuredmedia":[{"embeddable":true,"href":"https:\/\/mj-clothing.com\/sv\/wp-json\/wp\/v2\/media\/1793"}],"wp:attachment":[{"href":"https:\/\/mj-clothing.com\/sv\/wp-json\/wp\/v2\/media?parent=1792"}],"wp:term":[{"taxonomy":"product_brand","embeddable":true,"href":"https:\/\/mj-clothing.com\/sv\/wp-json\/wp\/v2\/product_brand?post=1792"},{"taxonomy":"product_cat","embeddable":true,"href":"https:\/\/mj-clothing.com\/sv\/wp-json\/wp\/v2\/product_cat?post=1792"},{"taxonomy":"product_tag","embeddable":true,"href":"https:\/\/mj-clothing.com\/sv\/wp-json\/wp\/v2\/product_tag?post=1792"}],"curies":[{"name":"wp","href":"https:\/\/api.w.org\/{rel}","templated":true}]}}