{"id":1802,"date":"2024-12-14T06:48:03","date_gmt":"2024-12-14T06:48:03","guid":{"rendered":"https:\/\/mj-clothing.com\/?post_type=product&#038;p=1802"},"modified":"2024-12-17T06:59:40","modified_gmt":"2024-12-17T06:59:40","slug":"mens-mohair-sweater","status":"publish","type":"product","link":"https:\/\/mj-clothing.com\/sv\/manufacturer\/mens-mohair-sweater\/","title":{"rendered":"Mohairtr\u00f6ja f\u00f6r herrar"},"content":{"rendered":"<h2 data-sourcepos=\"1:1-1:44\">Mohairtr\u00f6jor f\u00f6r m\u00e4n: Ett lyxigt val<\/h2>\n<p data-sourcepos=\"3:1-3:167\"><span class=\"citation-0 recitation citation-end-0\">En mohairtr\u00f6ja f\u00f6r herrar \u00e4r ett lyxigt plagg tillverkat av angoragetens fina, mjuka fiber.<\/span> Mohair \u00e4r k\u00e4nt f\u00f6r sina exceptionella egenskaper, bland annat<span class=\"button-container hide-from-message-actions ng-star-inserted\">\u00a0<\/span><\/p>\n<div class=\"container ng-tns-c2946245707-308 hide\">\n<div class=\"carousel-container ng-tns-c2946245707-308\">\n<div class=\"carousel-content ng-tns-c2946245707-308\">\n<div class=\"sources-carousel-source ng-tns-c2946245707-308 hide ng-star-inserted\" data-test-id=\"sources-carousel-source\"><\/div>\n<\/div>\n<\/div>\n<\/div>\n<ul data-sourcepos=\"5:1-9:0\">\n<li data-sourcepos=\"5:1-5:70\"><strong>Mjukhet:<\/strong> Mohair \u00e4r otroligt mjukt, ofta mjukare \u00e4n kashmir.<\/li>\n<li data-sourcepos=\"6:1-6:94\"><strong>V\u00e4rme:<\/strong> <span class=\"citation-1 recitation citation-end-1\">Den ger utm\u00e4rkt isolering och h\u00e5ller dig varm i kallt v\u00e4der.<\/span><span class=\"button-container hide-from-message-actions ng-star-inserted\"> \u00a0<\/span><\/li>\n<li data-sourcepos=\"6:1-6:94\"><span class=\"button-container hide-from-message-actions ng-star-inserted\"><strong style=\"font-size: 14.4px;\"><span class=\"citation-2 recitation\">H\u00e5llbarhet:<\/span><\/strong><span class=\"citation-2 recitation citation-end-2\" style=\"font-size: 14.4px;\"> Mohair \u00e4r slitstarkt och motst\u00e5ndskraftigt mot pilling.<\/span><\/span>\n<div class=\"container ng-tns-c2946245707-310 hide\">\n<div class=\"carousel-container ng-tns-c2946245707-310\"><\/div>\n<\/div>\n<\/li>\n<li data-sourcepos=\"8:1-9:0\"><strong><span class=\"citation-3 recitation\">Lyster:<\/span><\/strong><span class=\"citation-3 recitation citation-end-3\"> Mohair har en naturlig lyster som ger den en unik glans.<\/span>\n<div class=\"container ng-tns-c2946245707-311 hide\">\n<div class=\"carousel-container ng-tns-c2946245707-311\"><\/div>\n<\/div>\n<\/li>\n<\/ul>\n<h3 data-sourcepos=\"10:1-10:32\"><strong>Varf\u00f6r v\u00e4lja en Mohair-tr\u00f6ja f\u00f6r m\u00e4n?<\/strong><\/h3>\n<ul data-sourcepos=\"12:1-16:0\">\n<li data-sourcepos=\"12:1-12:93\"><strong>Lyxig k\u00e4nsla:<\/strong> Den mjuka, silkeslena strukturen hos mohairfibern k\u00e4nns fantastisk mot huden.<\/li>\n<li data-sourcepos=\"13:1-13:118\"><strong><span class=\"citation-4 recitation\">Exceptionell v\u00e4rme:<\/span><\/strong><span class=\"citation-4 recitation citation-end-4\"> Mohairtr\u00f6jor \u00e4r perfekta f\u00f6r kallt v\u00e4der och h\u00e5ller dig mysig och bekv\u00e4m.<\/span><span class=\"button-container hide-from-message-actions ng-star-inserted\">\u00a0<\/span>\n<div class=\"container ng-tns-c2946245707-312 hide\">\n<div class=\"carousel-container ng-tns-c2946245707-312\"><\/div>\n<\/div>\n<\/li>\n<li data-sourcepos=\"14:1-14:99\"><strong>Stil och elegans:<\/strong> Mohairtr\u00f6jor kan lyfta vilken outfit som helst och ge den en sofistikerad touch.<\/li>\n<li data-sourcepos=\"15:1-16:0\"><strong>Unik textur:<\/strong> Den unika strukturen hos mohair ger ett visuellt intresse till din garderob.<\/li>\n<\/ul>\n<h3 data-sourcepos=\"17:1-17:34\"><strong>Hur man stylar en mohairtr\u00f6ja:<\/strong><\/h3>\n<ul data-sourcepos=\"19:1-22:0\">\n<li data-sourcepos=\"19:1-19:77\"><strong>Avslappnad:<\/strong> Kombinera den med jeans, en t-shirt och sneakers f\u00f6r en avslappnad look.<\/li>\n<li data-sourcepos=\"20:1-20:96\"><strong>Smart Casual:<\/strong> B\u00e4r den med chinos, en skjorta med knappar och loafers f\u00f6r en polerad outfit.<\/li>\n<li data-sourcepos=\"21:1-22:0\"><strong>Formellt:<\/strong> L\u00e4gg den \u00f6ver en skjorta och slips f\u00f6r en sofistikerad look.<\/li>\n<\/ul>\n<h3 data-sourcepos=\"23:1-23:40\"><strong>Var hittar man Mohair-tr\u00f6jor f\u00f6r m\u00e4n:<\/strong><\/h3>\n<ul data-sourcepos=\"25:1-28:0\">\n<li data-sourcepos=\"25:1-25:90\"><strong>H\u00f6gklassiga varuhus:<\/strong> Leta efter lyxm\u00e4rken som specialiserar sig p\u00e5 fina stickade kl\u00e4der.<\/li>\n<li data-sourcepos=\"26:1-26:130\"><strong><span class=\"citation-5 recitation\">\u00c5terf\u00f6rs\u00e4ljare p\u00e5 n\u00e4tet:<\/span><\/strong><span class=\"citation-5 recitation citation-end-5\"> Webbplatser som Amazon, Etsy och andra online-\u00e5terf\u00f6rs\u00e4ljare erbjuder ett brett utbud av mohairtr\u00f6jor.<\/span>\n<div class=\"container ng-tns-c2946245707-313 hide\">\n<div class=\"carousel-container ng-tns-c2946245707-313\"><\/div>\n<\/div>\n<\/li>\n<li data-sourcepos=\"27:1-28:0\"><strong>Specialbutiker:<\/strong> Butiker som specialiserar sig p\u00e5 lyxfibrer och h\u00e5llbart mode kan ha mohairtr\u00f6jor.<\/li>\n<\/ul>\n<p data-sourcepos=\"29:1-29:222\"><strong>Kom ih\u00e5g det:<\/strong> N\u00e4r du k\u00f6per en mohairtr\u00f6ja ska du leta efter h\u00f6gkvalitativ, etiskt framst\u00e4lld fiber. T\u00e4nk ocks\u00e5 p\u00e5 tr\u00f6jans vikt och tjocklek, eftersom detta p\u00e5verkar dess v\u00e4rme och l\u00e4mplighet f\u00f6r olika klimat.<\/p>","protected":false},"excerpt":{"rendered":"<table style=\"height: 484px;\" width=\"506\">\n<tbody>\n<tr>\n<td width=\"146\"><strong><b>Produkt<\/b><\/strong>\u00a0<strong><b>Namn:<\/b><\/strong><\/td>\n<td width=\"601\"><strong>Mohairtr\u00f6ja f\u00f6r herrar<\/strong><\/td>\n<\/tr>\n<tr>\n<td width=\"146\"><strong><b>Materlal:<\/b><\/strong><\/td>\n<td width=\"601\">Polyester\/bomull<\/td>\n<\/tr>\n<tr>\n<td width=\"146\"><strong><b>Teknik:<\/b><\/strong><\/td>\n<td width=\"601\">V\u00e4v<\/td>\n<\/tr>\n<tr>\n<td width=\"146\"><strong><b>Stil:<\/b><\/strong><\/td>\n<td width=\"601\">Avslappnad<\/td>\n<\/tr>\n<tr>\n<td width=\"146\"><strong><b>F\u00e4rg<\/b><\/strong><strong><b>:<\/b><\/strong><\/td>\n<td width=\"601\">\u00a0Anpassade f\u00e4rger<\/td>\n<\/tr>\n<tr>\n<td width=\"146\"><strong><b>Storlek:<\/b><\/strong><\/td>\n<td width=\"601\">S \/M \/L \/XL \/2XL<\/td>\n<\/tr>\n<tr>\n<td width=\"146\"><strong><b>OEM\/ODM:<\/b><\/strong><\/td>\n<td width=\"601\">Godtagbar<\/td>\n<\/tr>\n<tr>\n<td width=\"146\"><strong><b>Kvalitet:<\/b><\/strong><\/td>\n<td width=\"601\">100% H\u00f6g kvalitet<\/td>\n<\/tr>\n<tr>\n<td width=\"146\"><strong><b>M<\/b><\/strong><strong><b>OQ:<\/b><\/strong><\/td>\n<td width=\"601\">200 st.<\/td>\n<\/tr>\n<\/tbody>\n<\/table>","protected":false},"featured_media":1803,"template":"","meta":[],"product_brand":[],"product_cat":[38],"product_tag":[],"class_list":{"0":"post-1802","1":"product","2":"type-product","3":"status-publish","4":"has-post-thumbnail","6":"product_cat-mens-clothing","8":"first","9":"instock","10":"shipping-taxable","11":"product-type-simple"},"_links":{"self":[{"href":"https:\/\/mj-clothing.com\/sv\/wp-json\/wp\/v2\/product\/1802","targetHints":{"allow":["GET"]}}],"collection":[{"href":"https:\/\/mj-clothing.com\/sv\/wp-json\/wp\/v2\/product"}],"about":[{"href":"https:\/\/mj-clothing.com\/sv\/wp-json\/wp\/v2\/types\/product"}],"wp:featuredmedia":[{"embeddable":true,"href":"https:\/\/mj-clothing.com\/sv\/wp-json\/wp\/v2\/media\/1803"}],"wp:attachment":[{"href":"https:\/\/mj-clothing.com\/sv\/wp-json\/wp\/v2\/media?parent=1802"}],"wp:term":[{"taxonomy":"product_brand","embeddable":true,"href":"https:\/\/mj-clothing.com\/sv\/wp-json\/wp\/v2\/product_brand?post=1802"},{"taxonomy":"product_cat","embeddable":true,"href":"https:\/\/mj-clothing.com\/sv\/wp-json\/wp\/v2\/product_cat?post=1802"},{"taxonomy":"product_tag","embeddable":true,"href":"https:\/\/mj-clothing.com\/sv\/wp-json\/wp\/v2\/product_tag?post=1802"}],"curies":[{"name":"wp","href":"https:\/\/api.w.org\/{rel}","templated":true}]}}