{"id":1804,"date":"2024-12-14T06:55:24","date_gmt":"2024-12-14T06:55:24","guid":{"rendered":"https:\/\/mj-clothing.com\/?post_type=product&#038;p=1804"},"modified":"2024-12-17T06:56:31","modified_gmt":"2024-12-17T06:56:31","slug":"mens-cashmere-sweater","status":"publish","type":"product","link":"https:\/\/mj-clothing.com\/sv\/manufacturer\/mens-cashmere-sweater\/","title":{"rendered":"Kashmirtr\u00f6ja f\u00f6r herrar"},"content":{"rendered":"<p data-sourcepos=\"1:1-1:177\"><span class=\"citation-0 recitation citation-end-0\">En kashmirtr\u00f6ja f\u00f6r herrar \u00e4r ett lyxigt och tidl\u00f6st kl\u00e4desplagg som erbjuder o\u00f6vertr\u00e4ffad komfort och v\u00e4rme.<\/span> H\u00e4r \u00e4r varf\u00f6r du b\u00f6r \u00f6verv\u00e4ga att investera i en s\u00e5dan:<span class=\"button-container hide-from-message-actions ng-star-inserted\"> \u00a0<\/span><\/p>\n<div class=\"container ng-tns-c2946245707-329 hide\">\n<div class=\"carousel-container ng-tns-c2946245707-329\">\n<div class=\"carousel-content ng-tns-c2946245707-329\">\n<div class=\"sources-carousel-source ng-tns-c2946245707-329 hide ng-star-inserted\" data-test-id=\"sources-carousel-source\"><\/div>\n<\/div>\n<\/div>\n<\/div>\n<h3 data-sourcepos=\"3:1-3:34\"><strong>Varf\u00f6r v\u00e4lja en kashmirtr\u00f6ja f\u00f6r herrar?<\/strong><\/h3>\n<ul data-sourcepos=\"5:1-9:0\">\n<li data-sourcepos=\"5:1-5:124\"><strong><span class=\"citation-1 recitation\">Exceptionell mjukhet:<\/span><\/strong><span class=\"citation-1 recitation citation-end-1\"> Kashmir \u00e4r k\u00e4nd f\u00f6r sin otroligt mjuka textur, vilket g\u00f6r den till ett n\u00f6je att b\u00e4ra.<\/span><\/li>\n<li data-sourcepos=\"5:1-5:124\"><span class=\"button-container hide-from-message-actions ng-star-inserted\"><strong style=\"font-size: 14.4px;\"><span class=\"citation-2 recitation\">\u00d6verl\u00e4gsen v\u00e4rme:<\/span><\/strong><span class=\"citation-2 recitation citation-end-2\" style=\"font-size: 14.4px;\"> Trots sin l\u00e4tta vikt isolerar kashmir utm\u00e4rkt och h\u00e5ller dig varm i kallt v\u00e4der.<\/span><\/span>\n<div class=\"container ng-tns-c2946245707-331 hide\">\n<div class=\"carousel-container ng-tns-c2946245707-331\"><\/div>\n<\/div>\n<\/li>\n<li data-sourcepos=\"7:1-7:122\"><strong>H\u00e5llbarhet:<\/strong> <span class=\"citation-3 recitation citation-end-3\">Kashmir av h\u00f6g kvalitet \u00e4r f\u00f6rv\u00e5nansv\u00e4rt slitstark och kan h\u00e5lla i m\u00e5nga \u00e5r med r\u00e4tt sk\u00f6tsel.<\/span><span class=\"button-container hide-from-message-actions ng-star-inserted\">\u00a0<\/span>\n<div class=\"container ng-tns-c2946245707-332 hide\">\n<div class=\"carousel-container ng-tns-c2946245707-332\"><\/div>\n<\/div>\n<\/li>\n<li data-sourcepos=\"8:1-9:0\"><strong><span class=\"citation-4 recitation\">Allergiv\u00e4nlig:<\/span><\/strong><span class=\"citation-4 recitation citation-end-4\"> Kashmir \u00e4r allergiv\u00e4nligt, vilket g\u00f6r det l\u00e4mpligt f\u00f6r dem med k\u00e4nslig hud.<\/span><span class=\"button-container hide-from-message-actions ng-star-inserted\">\u00a0<\/span>\n<div class=\"container ng-tns-c2946245707-333 hide\">\n<div class=\"carousel-container ng-tns-c2946245707-333\">\n<div class=\"carousel-content ng-tns-c2946245707-333\">\n<div class=\"sources-carousel-source ng-tns-c2946245707-333 hide ng-star-inserted\" data-test-id=\"sources-carousel-source\"><\/div>\n<\/div>\n<\/div>\n<\/div>\n<\/li>\n<\/ul>\n<h3 data-sourcepos=\"10:1-10:36\"><strong>Hur man stylar en kashmirtr\u00f6ja f\u00f6r herrar:<\/strong><\/h3>\n<ul data-sourcepos=\"12:1-15:0\">\n<li data-sourcepos=\"12:1-12:77\">\n<h3><strong>Avslappnad:<\/strong> Kombinera den med jeans, en t-shirt och sneakers f\u00f6r en avslappnad look.<\/h3>\n<\/li>\n<li data-sourcepos=\"13:1-13:96\"><strong>Smart Casual:<\/strong> B\u00e4r den med chinos, en skjorta med knappar och loafers f\u00f6r en polerad outfit.<\/li>\n<li data-sourcepos=\"14:1-15:0\"><strong>Formellt:<\/strong> L\u00e4gg den \u00f6ver en skjorta och slips f\u00f6r en sofistikerad look.<\/li>\n<\/ul>\n<h3 data-sourcepos=\"16:1-16:42\"><strong>Var hittar man kashmirtr\u00f6jor f\u00f6r m\u00e4n:<\/strong><\/h3>\n<ul data-sourcepos=\"18:1-21:0\">\n<li data-sourcepos=\"18:1-18:90\"><strong>H\u00f6gklassiga varuhus:<\/strong> Leta efter lyxm\u00e4rken som specialiserar sig p\u00e5 fina stickade kl\u00e4der.<\/li>\n<li data-sourcepos=\"19:1-19:132\"><strong><span class=\"citation-5 recitation\">\u00c5terf\u00f6rs\u00e4ljare p\u00e5 n\u00e4tet:<\/span><\/strong><span class=\"citation-5 recitation citation-end-5\"> Webbplatser som Amazon, Etsy och andra online-\u00e5terf\u00f6rs\u00e4ljare erbjuder ett brett utbud av kashmirtr\u00f6jor.<\/span><\/li>\n<li data-sourcepos=\"19:1-19:132\"><strong style=\"font-size: 14.4px;\">Specialbutiker:<\/strong><span style=\"font-size: 14.4px;\"> Butiker som specialiserar sig p\u00e5 lyxfibrer och h\u00e5llbart mode kan ha kashmirtr\u00f6jor.<\/span><\/li>\n<\/ul>\n<h3 data-sourcepos=\"22:1-22:41\"><strong>Tips f\u00f6r att v\u00e4lja en kashmirtr\u00f6ja f\u00f6r m\u00e4n:<\/strong><\/h3>\n<ul data-sourcepos=\"24:1-28:0\">\n<li data-sourcepos=\"24:1-24:94\"><strong>Kvalitet:<\/strong> Leta efter kashmir av h\u00f6g kvalitet som \u00e4r mjuk, smidig och fri fr\u00e5n oj\u00e4mnheter.<\/li>\n<li data-sourcepos=\"25:1-25:95\"><strong>Vikt:<\/strong> T\u00e4nk p\u00e5 vikten p\u00e5 tr\u00f6jan, eftersom tyngre tr\u00f6jor ger mer v\u00e4rme.<\/li>\n<li data-sourcepos=\"26:1-26:72\"><strong>Passar:<\/strong> V\u00e4lj en tr\u00f6ja som sitter bra och som smickrar din kroppsform.<\/li>\n<li data-sourcepos=\"27:1-28:0\"><strong>Stil:<\/strong> V\u00e4lj en stil som passar din personliga smak, oavsett om det \u00e4r en rund halsringning, V-ringning eller polokrage.<\/li>\n<\/ul>\n<h4 data-sourcepos=\"29:1-29:37\"><strong>Ta hand om din kashmirtr\u00f6ja:<\/strong><\/h4>\n<ul data-sourcepos=\"31:1-34:0\">\n<li data-sourcepos=\"31:1-31:50\">Handtv\u00e4tt i kallt vatten med milt reng\u00f6ringsmedel.<\/li>\n<li data-sourcepos=\"32:1-32:31\">Torka plant f\u00f6r att undvika t\u00f6jning.<\/li>\n<li data-sourcepos=\"33:1-34:0\">F\u00f6rvara p\u00e5 en sval, torr plats, skyddad fr\u00e5n direkt solljus.<\/li>\n<\/ul>\n<p data-sourcepos=\"35:1-35:144\">Genom att investera i en kashmirtr\u00f6ja av h\u00f6g kvalitet f\u00e5r du inte bara ett snyggt och bekv\u00e4mt plagg utan ocks\u00e5 ett stycke tidl\u00f6s lyx.<\/p>\n<div class=\"attachment-container search-images\">\n<div class=\"image-container hide-from-message-actions ng-star-inserted\">\n<div class=\"overlay-container ng-star-inserted\"><\/div>\n<\/div>\n<\/div>","protected":false},"excerpt":{"rendered":"<table style=\"height: 529px;\" width=\"500\">\n<tbody>\n<tr>\n<td width=\"146\"><strong><b>Produkt<\/b><\/strong>\u00a0<strong><b>Namn:<\/b><\/strong><\/td>\n<td width=\"601\"><strong>Kashmirtr\u00f6ja f\u00f6r herrar<\/strong><\/td>\n<\/tr>\n<tr>\n<td width=\"146\"><strong><b>Materlal:<\/b><\/strong><\/td>\n<td width=\"601\">Polyester\/bomull<\/td>\n<\/tr>\n<tr>\n<td width=\"146\"><strong><b>Teknik:<\/b><\/strong><\/td>\n<td width=\"601\">V\u00e4v<\/td>\n<\/tr>\n<tr>\n<td width=\"146\"><strong><b>Stil:<\/b><\/strong><\/td>\n<td width=\"601\">Avslappnad<\/td>\n<\/tr>\n<tr>\n<td width=\"146\"><strong><b>F\u00e4rg<\/b><\/strong><strong><b>:<\/b><\/strong><\/td>\n<td width=\"601\">\u00a0Anpassade f\u00e4rger<\/td>\n<\/tr>\n<tr>\n<td width=\"146\"><strong><b>Storlek:<\/b><\/strong><\/td>\n<td width=\"601\">S \/M \/L \/XL \/2XL<\/td>\n<\/tr>\n<tr>\n<td width=\"146\"><strong><b>OEM\/ODM:<\/b><\/strong><\/td>\n<td width=\"601\">Godtagbar<\/td>\n<\/tr>\n<tr>\n<td width=\"146\"><strong><b>Kvalitet:<\/b><\/strong><\/td>\n<td width=\"601\">100% H\u00f6g kvalitet<\/td>\n<\/tr>\n<tr>\n<td width=\"146\"><strong><b>M<\/b><\/strong><strong><b>OQ:<\/b><\/strong><\/td>\n<td width=\"601\">200 st.<\/td>\n<\/tr>\n<\/tbody>\n<\/table>","protected":false},"featured_media":1805,"template":"","meta":[],"product_brand":[],"product_cat":[38],"product_tag":[],"class_list":{"0":"post-1804","1":"product","2":"type-product","3":"status-publish","4":"has-post-thumbnail","6":"product_cat-mens-clothing","8":"first","9":"instock","10":"shipping-taxable","11":"product-type-simple"},"_links":{"self":[{"href":"https:\/\/mj-clothing.com\/sv\/wp-json\/wp\/v2\/product\/1804","targetHints":{"allow":["GET"]}}],"collection":[{"href":"https:\/\/mj-clothing.com\/sv\/wp-json\/wp\/v2\/product"}],"about":[{"href":"https:\/\/mj-clothing.com\/sv\/wp-json\/wp\/v2\/types\/product"}],"wp:featuredmedia":[{"embeddable":true,"href":"https:\/\/mj-clothing.com\/sv\/wp-json\/wp\/v2\/media\/1805"}],"wp:attachment":[{"href":"https:\/\/mj-clothing.com\/sv\/wp-json\/wp\/v2\/media?parent=1804"}],"wp:term":[{"taxonomy":"product_brand","embeddable":true,"href":"https:\/\/mj-clothing.com\/sv\/wp-json\/wp\/v2\/product_brand?post=1804"},{"taxonomy":"product_cat","embeddable":true,"href":"https:\/\/mj-clothing.com\/sv\/wp-json\/wp\/v2\/product_cat?post=1804"},{"taxonomy":"product_tag","embeddable":true,"href":"https:\/\/mj-clothing.com\/sv\/wp-json\/wp\/v2\/product_tag?post=1804"}],"curies":[{"name":"wp","href":"https:\/\/api.w.org\/{rel}","templated":true}]}}