{"id":1806,"date":"2024-12-14T06:59:55","date_gmt":"2024-12-14T06:59:55","guid":{"rendered":"https:\/\/mj-clothing.com\/?post_type=product&#038;p=1806"},"modified":"2024-12-17T06:54:59","modified_gmt":"2024-12-17T06:54:59","slug":"mens-slim-fit-sweater","status":"publish","type":"product","link":"https:\/\/mj-clothing.com\/sv\/manufacturer\/mens-slim-fit-sweater\/","title":{"rendered":"Slim Fit-tr\u00f6ja f\u00f6r m\u00e4n"},"content":{"rendered":"<p data-sourcepos=\"1:1-1:224\"><span class=\"citation-0 recitation citation-end-0\">En slim fit-tr\u00f6ja f\u00f6r herrar \u00e4r ett m\u00e5ngsidigt kl\u00e4desplagg som ger en elegant och modern look.<\/span> <span class=\"citation-1 recitation citation-end-1\">Den \u00e4r utformad f\u00f6r att sitta n\u00e4rmare kroppen och framh\u00e4va din kroppsbyggnad samtidigt som den ger komfort och v\u00e4rme.<\/span><\/p>\n<h3 data-sourcepos=\"1:1-1:224\"><strong>\u00a0 \u00a0 Varf\u00f6r v\u00e4lja en slim fit-tr\u00f6ja f\u00f6r m\u00e4n?<\/strong><\/h3>\n<ul data-sourcepos=\"5:1-9:0\">\n<li data-sourcepos=\"5:1-5:95\"><strong><span class=\"citation-2 recitation\">Snygg och modern:<\/span><\/strong><span class=\"citation-2 recitation citation-end-2\"> En tr\u00f6ja med smal passform ger en modern och elegant look.<\/span>\n<div class=\"container ng-tns-c2946245707-350 hide\">\n<div class=\"carousel-container ng-tns-c2946245707-350\"><\/div>\n<\/div>\n<\/li>\n<li data-sourcepos=\"6:1-6:103\"><strong>Smickrande passform:<\/strong> Det kan bidra till att framh\u00e4va din kroppsbyggnad och skapa en mer str\u00f6mlinjeformad silhuett.<\/li>\n<li data-sourcepos=\"7:1-7:89\"><strong>M\u00e5ngsidighet:<\/strong> Den kan kl\u00e4s upp eller ner, vilket g\u00f6r den perfekt f\u00f6r olika tillf\u00e4llen.<\/li>\n<li data-sourcepos=\"8:1-9:0\"><strong>Komfort:<\/strong> Trots den figursydda stilen kan en v\u00e4lgjord slim fit-tr\u00f6ja vara otroligt bekv\u00e4m.<\/li>\n<\/ul>\n<h3 data-sourcepos=\"10:1-10:36\"><strong>Hur man stylar en slim fit-tr\u00f6ja f\u00f6r m\u00e4n:<\/strong><\/h3>\n<ul data-sourcepos=\"12:1-15:0\">\n<li data-sourcepos=\"12:1-12:77\"><strong>Avslappnad:<\/strong> Kombinera den med jeans, en t-shirt och sneakers f\u00f6r en avslappnad look.<\/li>\n<li data-sourcepos=\"13:1-13:96\"><strong>Smart Casual:<\/strong> B\u00e4r den med chinos, en skjorta med knappar och loafers f\u00f6r en polerad outfit.<\/li>\n<li data-sourcepos=\"14:1-15:0\"><strong>Formellt:<\/strong> L\u00e4gg den \u00f6ver en skjorta och slips f\u00f6r en sofistikerad look.<\/li>\n<\/ul>\n<h3 data-sourcepos=\"16:1-16:41\"><strong>Tips f\u00f6r att v\u00e4lja en slim fit-tr\u00f6ja f\u00f6r m\u00e4n:<\/strong><\/h3>\n<ul data-sourcepos=\"18:1-22:0\">\n<li data-sourcepos=\"18:1-18:164\"><strong>Material:<\/strong> T\u00e4nk p\u00e5 materialet, eftersom det p\u00e5verkar tr\u00f6jans v\u00e4rme, komfort och h\u00e5llbarhet. <span class=\"citation-3 recitation citation-end-3\">Ull, kashmir och bomull \u00e4r popul\u00e4ra val.<\/span><\/li>\n<li data-sourcepos=\"18:1-18:164\"><strong style=\"font-size: 14.4px;\">Passar:<\/strong><span style=\"font-size: 14.4px;\"> Se till att tr\u00f6jan sitter bra utan att vara f\u00f6r tr\u00e5ng eller f\u00f6r l\u00f6s.<\/span><\/li>\n<li data-sourcepos=\"20:1-20:103\"><strong>Stil:<\/strong> V\u00e4lj en stil som passar din personliga smak, t.ex. rund halsringning, V-ringning eller polokrage.<\/li>\n<li data-sourcepos=\"21:1-22:0\"><strong>F\u00e4rg:<\/strong> T\u00e4nk p\u00e5 att f\u00e4rg och m\u00f6nster p\u00e5 tr\u00f6jan ska komplettera din garderob.<\/li>\n<\/ul>\n<p data-sourcepos=\"23:1-23:96\"><strong>Kom ih\u00e5g det:<\/strong> En v\u00e4lsittande tr\u00f6ja med smal passform kan lyfta din stil och f\u00e5 dig att se ut fr\u00e5n din b\u00e4sta sida.<\/p>","protected":false},"excerpt":{"rendered":"<table style=\"height: 520px;\" width=\"518\">\n<tbody>\n<tr>\n<td width=\"146\"><strong><b>Produkt<\/b><\/strong>\u00a0<strong><b>Namn:<\/b><\/strong><\/td>\n<td width=\"601\"><strong>Slim Fit-tr\u00f6ja f\u00f6r m\u00e4n<\/strong><\/td>\n<\/tr>\n<tr>\n<td width=\"146\"><strong><b>Materlal:<\/b><\/strong><\/td>\n<td width=\"601\">Polyester\/bomull<\/td>\n<\/tr>\n<tr>\n<td width=\"146\"><strong><b>Teknik:<\/b><\/strong><\/td>\n<td width=\"601\">V\u00e4v<\/td>\n<\/tr>\n<tr>\n<td width=\"146\"><strong><b>Stil:<\/b><\/strong><\/td>\n<td width=\"601\">Avslappnad<\/td>\n<\/tr>\n<tr>\n<td width=\"146\"><strong><b>F\u00e4rg<\/b><\/strong><strong><b>:<\/b><\/strong><\/td>\n<td width=\"601\">\u00a0Anpassade f\u00e4rger<\/td>\n<\/tr>\n<tr>\n<td width=\"146\"><strong><b>Storlek:<\/b><\/strong><\/td>\n<td width=\"601\">S \/M \/L \/XL \/2XL<\/td>\n<\/tr>\n<tr>\n<td width=\"146\"><strong><b>OEM\/ODM:<\/b><\/strong><\/td>\n<td width=\"601\">Godtagbar<\/td>\n<\/tr>\n<tr>\n<td width=\"146\"><strong><b>Kvalitet:<\/b><\/strong><\/td>\n<td width=\"601\">100% H\u00f6g kvalitet<\/td>\n<\/tr>\n<tr>\n<td width=\"146\"><strong><b>M<\/b><\/strong><strong><b>OQ:<\/b><\/strong><\/td>\n<td width=\"601\">200 st.<\/td>\n<\/tr>\n<\/tbody>\n<\/table>","protected":false},"featured_media":1807,"template":"","meta":[],"product_brand":[],"product_cat":[38],"product_tag":[],"class_list":{"0":"post-1806","1":"product","2":"type-product","3":"status-publish","4":"has-post-thumbnail","6":"product_cat-mens-clothing","8":"first","9":"instock","10":"shipping-taxable","11":"product-type-simple"},"_links":{"self":[{"href":"https:\/\/mj-clothing.com\/sv\/wp-json\/wp\/v2\/product\/1806","targetHints":{"allow":["GET"]}}],"collection":[{"href":"https:\/\/mj-clothing.com\/sv\/wp-json\/wp\/v2\/product"}],"about":[{"href":"https:\/\/mj-clothing.com\/sv\/wp-json\/wp\/v2\/types\/product"}],"wp:featuredmedia":[{"embeddable":true,"href":"https:\/\/mj-clothing.com\/sv\/wp-json\/wp\/v2\/media\/1807"}],"wp:attachment":[{"href":"https:\/\/mj-clothing.com\/sv\/wp-json\/wp\/v2\/media?parent=1806"}],"wp:term":[{"taxonomy":"product_brand","embeddable":true,"href":"https:\/\/mj-clothing.com\/sv\/wp-json\/wp\/v2\/product_brand?post=1806"},{"taxonomy":"product_cat","embeddable":true,"href":"https:\/\/mj-clothing.com\/sv\/wp-json\/wp\/v2\/product_cat?post=1806"},{"taxonomy":"product_tag","embeddable":true,"href":"https:\/\/mj-clothing.com\/sv\/wp-json\/wp\/v2\/product_tag?post=1806"}],"curies":[{"name":"wp","href":"https:\/\/api.w.org\/{rel}","templated":true}]}}