{"id":1809,"date":"2024-12-14T07:05:10","date_gmt":"2024-12-14T07:05:10","guid":{"rendered":"https:\/\/mj-clothing.com\/?post_type=product&#038;p=1809"},"modified":"2024-12-17T06:53:15","modified_gmt":"2024-12-17T06:53:15","slug":"mens-quilted-sweater","status":"publish","type":"product","link":"https:\/\/mj-clothing.com\/sv\/manufacturer\/mens-quilted-sweater\/","title":{"rendered":"Quiltad tr\u00f6ja f\u00f6r herrar"},"content":{"rendered":"<p data-sourcepos=\"1:1-1:189\"><span class=\"citation-0 recitation citation-end-0\">En quiltad tr\u00f6ja f\u00f6r herrar \u00e4r ett snyggt och funktionellt kl\u00e4desplagg som erbjuder b\u00e5de v\u00e4rme och en unik estetik.<\/span> H\u00e4r \u00e4r n\u00e5gra sk\u00e4l till varf\u00f6r du b\u00f6r \u00f6verv\u00e4ga att skaffa en s\u00e5dan till din garderob:<span class=\"button-container hide-from-message-actions ng-star-inserted\"> \u00a0<\/span><\/p>\n<h3 data-sourcepos=\"3:1-3:33\"><strong>\u00a0 Varf\u00f6r v\u00e4lja en quiltad tr\u00f6ja f\u00f6r m\u00e4n?<\/strong><\/h3>\n<ul data-sourcepos=\"5:1-9:0\">\n<li data-sourcepos=\"5:1-5:139\"><strong>V\u00e4rme och komfort:<\/strong> <span class=\"citation-1 recitation citation-end-1\">Den quiltade designen f\u00e5ngar upp luft, ger utm\u00e4rkt isolering och h\u00e5ller dig varm i kallare v\u00e4der.<\/span><span class=\"button-container hide-from-message-actions ng-star-inserted\"> \u00a0<\/span>\n<div class=\"container ng-tns-c2946245707-367 hide\">\n<div class=\"carousel-container ng-tns-c2946245707-367\"><\/div>\n<\/div>\n<\/li>\n<li data-sourcepos=\"6:1-6:129\"><strong>Stil och m\u00e5ngsidighet:<\/strong> <span class=\"citation-2 recitation citation-end-2\">Quiltade tr\u00f6jor kan kl\u00e4s upp eller ner, vilket g\u00f6r dem l\u00e4mpliga f\u00f6r olika tillf\u00e4llen.<\/span><\/li>\n<li data-sourcepos=\"6:1-6:129\"><strong style=\"font-size: 14.4px;\">Unik estetik:<\/strong><span style=\"font-size: 14.4px;\"> Det quiltade m\u00f6nstret g\u00f6r din outfit mer intressant och ger den mer struktur.<\/span><\/li>\n<li data-sourcepos=\"8:1-9:0\"><strong>H\u00e5llbarhet:<\/strong> <span class=\"citation-3 recitation citation-end-3\">Quiltade tr\u00f6jor \u00e4r ofta tillverkade av slitstarka material, vilket s\u00e4kerst\u00e4ller att de t\u00e5l regelbundet slitage.<\/span><span class=\"button-container hide-from-message-actions ng-star-inserted\">\u00a0<\/span>\n<div class=\"container ng-tns-c2946245707-369 hide\">\n<div class=\"carousel-container ng-tns-c2946245707-369\">\n<div class=\"carousel-content ng-tns-c2946245707-369\">\n<div class=\"sources-carousel-source ng-tns-c2946245707-369 hide ng-star-inserted\" data-test-id=\"sources-carousel-source\"><\/div>\n<\/div>\n<\/div>\n<\/div>\n<\/li>\n<\/ul>\n<h3 data-sourcepos=\"10:1-10:35\"><strong>Hur man stylar en quiltad tr\u00f6ja f\u00f6r m\u00e4n:<\/strong><\/h3>\n<ul data-sourcepos=\"12:1-15:0\">\n<li data-sourcepos=\"12:1-12:77\"><strong>Avslappnad:<\/strong> Kombinera den med jeans, en t-shirt och sneakers f\u00f6r en avslappnad look.<\/li>\n<li data-sourcepos=\"13:1-13:96\"><strong>Smart Casual:<\/strong> B\u00e4r den med chinos, en skjorta med knappar och loafers f\u00f6r en polerad outfit.<\/li>\n<li data-sourcepos=\"14:1-15:0\"><strong>Utomhusaktiviteter:<\/strong> B\u00e4r den \u00f6ver en fleece- eller huvtr\u00f6ja f\u00f6r extra v\u00e4rme under utomhus\u00e4ventyren.<\/li>\n<\/ul>\n<h3 data-sourcepos=\"16:1-16:41\"><strong>Var hittar man quiltade tr\u00f6jor f\u00f6r m\u00e4n:<\/strong><\/h3>\n<ul data-sourcepos=\"18:1-21:0\">\n<li data-sourcepos=\"18:1-18:86\"><strong>Varuhus:<\/strong> Leta efter m\u00e4rken som erbjuder en m\u00e4ngd olika stilar och material.<\/li>\n<li data-sourcepos=\"19:1-19:131\"><strong><span class=\"citation-4 recitation\">\u00c5terf\u00f6rs\u00e4ljare p\u00e5 n\u00e4tet:<\/span><\/strong><span class=\"citation-4 recitation citation-end-4\"> Webbplatser som Amazon, eBay och andra online-\u00e5terf\u00f6rs\u00e4ljare erbjuder ett brett utbud av quiltade tr\u00f6jor.<\/span><span class=\"button-container hide-from-message-actions ng-star-inserted\">\u00a0<\/span>\n<div class=\"container ng-tns-c2946245707-370 hide\">\n<div class=\"carousel-container ng-tns-c2946245707-370\">\n<div class=\"carousel-content ng-tns-c2946245707-370\">\n<div class=\"sources-carousel-source ng-tns-c2946245707-370 hide ng-star-inserted\" data-test-id=\"sources-carousel-source\"><\/div>\n<\/div>\n<\/div>\n<\/div>\n<\/li>\n<li data-sourcepos=\"20:1-21:0\"><strong>Butiker f\u00f6r utomhuskl\u00e4der:<\/strong> Butiker som specialiserar sig p\u00e5 friluftsutrustning har ofta quiltade tr\u00f6jor som \u00e4r utformade f\u00f6r specifika aktiviteter.<\/li>\n<\/ul>\n<h3 data-sourcepos=\"22:1-22:40\"><strong>Tips f\u00f6r att v\u00e4lja en quiltad tr\u00f6ja:<\/strong><\/h3>\n<ul data-sourcepos=\"24:1-28:0\">\n<li data-sourcepos=\"24:1-24:169\"><strong>Material:<\/strong> T\u00e4nk p\u00e5 materialet i t\u00e4cket, eftersom det p\u00e5verkar tr\u00f6jans v\u00e4rme och h\u00e5llbarhet. Ull, fleece och syntetmaterial \u00e4r vanliga materialval.<\/li>\n<li data-sourcepos=\"25:1-25:70\"><strong>Passar:<\/strong> V\u00e4lj en tr\u00f6ja som sitter bra och \u00e4r bekv\u00e4m att ha p\u00e5 sig.<\/li>\n<li data-sourcepos=\"26:1-26:102\"><strong>Stil:<\/strong> V\u00e4lj en modell som passar din personliga smak, t.ex. med hel dragkedja, halv dragkedja eller pullover.<\/li>\n<li data-sourcepos=\"27:1-28:0\"><strong>F\u00e4rg och m\u00f6nster:<\/strong> T\u00e4nk p\u00e5 att f\u00e4rg och m\u00f6nster p\u00e5 t\u00e4cket ska komplettera din garderob.<\/li>\n<\/ul>\n<p data-sourcepos=\"29:1-29:193\">Genom att investera i en quiltad tr\u00f6ja av h\u00f6g kvalitet f\u00e5r du inte bara ett snyggt och funktionellt plagg utan ocks\u00e5 ett kl\u00e4desplagg som kommer att h\u00e5lla dig varm och bekv\u00e4m i m\u00e5nga \u00e5r fram\u00f6ver.<\/p>","protected":false},"excerpt":{"rendered":"<table style=\"height: 486px;\" width=\"466\">\n<tbody>\n<tr>\n<td width=\"146\"><strong><b>Produkt<\/b><\/strong>\u00a0<strong><b>Namn:<\/b><\/strong><\/td>\n<td width=\"601\"><strong>Quiltad tr\u00f6ja f\u00f6r herrar<\/strong><\/td>\n<\/tr>\n<tr>\n<td width=\"146\"><strong><b>Materlal:<\/b><\/strong><\/td>\n<td width=\"601\">Polyester\/bomull<\/td>\n<\/tr>\n<tr>\n<td width=\"146\"><strong><b>Teknik:<\/b><\/strong><\/td>\n<td width=\"601\">V\u00e4v<\/td>\n<\/tr>\n<tr>\n<td width=\"146\"><strong><b>Stil:<\/b><\/strong><\/td>\n<td width=\"601\">Avslappnad<\/td>\n<\/tr>\n<tr>\n<td width=\"146\"><strong><b>F\u00e4rg<\/b><\/strong><strong><b>:<\/b><\/strong><\/td>\n<td width=\"601\">\u00a0Anpassade f\u00e4rger<\/td>\n<\/tr>\n<tr>\n<td width=\"146\"><strong><b>Storlek:<\/b><\/strong><\/td>\n<td width=\"601\">S \/M \/L \/XL \/2XL<\/td>\n<\/tr>\n<tr>\n<td width=\"146\"><strong><b>OEM\/ODM:<\/b><\/strong><\/td>\n<td width=\"601\">Godtagbar<\/td>\n<\/tr>\n<tr>\n<td width=\"146\"><strong><b>Kvalitet:<\/b><\/strong><\/td>\n<td width=\"601\">100% H\u00f6g kvalitet<\/td>\n<\/tr>\n<tr>\n<td width=\"146\"><strong><b>M<\/b><\/strong><strong><b>OQ:<\/b><\/strong><\/td>\n<td width=\"601\">200 st.<\/td>\n<\/tr>\n<\/tbody>\n<\/table>","protected":false},"featured_media":1810,"template":"","meta":[],"product_brand":[],"product_cat":[38],"product_tag":[],"class_list":{"0":"post-1809","1":"product","2":"type-product","3":"status-publish","4":"has-post-thumbnail","6":"product_cat-mens-clothing","8":"first","9":"instock","10":"shipping-taxable","11":"product-type-simple"},"_links":{"self":[{"href":"https:\/\/mj-clothing.com\/sv\/wp-json\/wp\/v2\/product\/1809","targetHints":{"allow":["GET"]}}],"collection":[{"href":"https:\/\/mj-clothing.com\/sv\/wp-json\/wp\/v2\/product"}],"about":[{"href":"https:\/\/mj-clothing.com\/sv\/wp-json\/wp\/v2\/types\/product"}],"wp:featuredmedia":[{"embeddable":true,"href":"https:\/\/mj-clothing.com\/sv\/wp-json\/wp\/v2\/media\/1810"}],"wp:attachment":[{"href":"https:\/\/mj-clothing.com\/sv\/wp-json\/wp\/v2\/media?parent=1809"}],"wp:term":[{"taxonomy":"product_brand","embeddable":true,"href":"https:\/\/mj-clothing.com\/sv\/wp-json\/wp\/v2\/product_brand?post=1809"},{"taxonomy":"product_cat","embeddable":true,"href":"https:\/\/mj-clothing.com\/sv\/wp-json\/wp\/v2\/product_cat?post=1809"},{"taxonomy":"product_tag","embeddable":true,"href":"https:\/\/mj-clothing.com\/sv\/wp-json\/wp\/v2\/product_tag?post=1809"}],"curies":[{"name":"wp","href":"https:\/\/api.w.org\/{rel}","templated":true}]}}