{"id":1816,"date":"2024-12-14T07:48:01","date_gmt":"2024-12-14T07:48:01","guid":{"rendered":"https:\/\/mj-clothing.com\/?post_type=product&#038;p=1816"},"modified":"2024-12-17T06:46:30","modified_gmt":"2024-12-17T06:46:30","slug":"black-suede-jacket","status":"publish","type":"product","link":"https:\/\/mj-clothing.com\/sv\/manufacturer\/black-suede-jacket\/","title":{"rendered":"Svart mockajacka"},"content":{"rendered":"<p data-sourcepos=\"1:1-1:164\">En svart mockajacka \u00e4r ett tidl\u00f6st plagg som kan lyfta vilken outfit som helst. Det \u00e4r ett m\u00e5ngsidigt plagg som kan kl\u00e4s upp eller ner, vilket g\u00f6r det till ett m\u00e5ste i varje garderob.<\/p>\n<h3 data-sourcepos=\"3:1-3:36\"><strong>Varf\u00f6r v\u00e4lja en svart mockajacka?<\/strong><\/h3>\n<ul data-sourcepos=\"5:1-9:0\">\n<li data-sourcepos=\"5:1-5:76\"><strong>Tidl\u00f6s stil:<\/strong> Svart mocka \u00e4r en klassiker som aldrig blir omodern.<\/li>\n<li data-sourcepos=\"6:1-6:94\"><strong>M\u00e5ngsidighet:<\/strong> Den kan kombineras med jeans, chinos eller till och med en kostym f\u00f6r en mer formell look.<\/li>\n<li data-sourcepos=\"7:1-7:78\"><strong>H\u00e5llbarhet:<\/strong> Mocka \u00e4r ett robust material som t\u00e5l att slitas p\u00e5.<\/li>\n<li data-sourcepos=\"8:1-9:0\"><strong>Edgy:<\/strong> Svart mocka ger en touch av kant till alla outfits.<\/li>\n<\/ul>\n<h3 data-sourcepos=\"10:1-10:38\"><strong>Hur man stylar en svart mockajacka:<\/strong><\/h3>\n<ul data-sourcepos=\"12:1-16:0\">\n<li data-sourcepos=\"12:1-12:84\"><strong>Avslappnad look:<\/strong> Kombinera den med jeans, en t-shirt och sneakers f\u00f6r en avslappnad look.<\/li>\n<li data-sourcepos=\"13:1-13:99\"><strong>Smart Casual:<\/strong> B\u00e4r den med chinos, en skjorta med knappar och loafers f\u00f6r en mer polerad look.<\/li>\n<li data-sourcepos=\"14:1-14:95\"><strong>Edgy look:<\/strong> Kombinera den med l\u00e4derbyxor, en grafisk t-shirt och boots f\u00f6r en rock-and-roll-vibe.<\/li>\n<li data-sourcepos=\"15:1-16:0\"><strong>Formell look:<\/strong> L\u00e4gg den \u00f6ver en kavaj f\u00f6r en unik twist p\u00e5 formell kl\u00e4dsel.<\/li>\n<\/ul>\n<h3 data-sourcepos=\"17:1-17:43\"><strong>Tips f\u00f6r att v\u00e4lja en svart mockajacka:<\/strong><\/h3>\n<ul data-sourcepos=\"19:1-22:0\">\n<li data-sourcepos=\"19:1-19:71\"><strong>Passar:<\/strong> V\u00e4lj en jacka som sitter bra och som smickrar din kroppsform.<\/li>\n<li data-sourcepos=\"20:1-20:78\"><strong>Material:<\/strong> Leta efter en mocka av h\u00f6g kvalitet som \u00e4r slitstark och bekv\u00e4m.<\/li>\n<li data-sourcepos=\"21:1-22:0\"><strong>Stil:<\/strong> T\u00e4nk p\u00e5 din personliga stil och v\u00e4lj en kavaj som speglar din smak.<\/li>\n<\/ul>","protected":false},"excerpt":{"rendered":"<table style=\"height: 494px;\" width=\"458\">\n<tbody>\n<tr>\n<td width=\"146\"><strong><b>Produkt<\/b><\/strong>\u00a0<strong><b>Namn:<\/b><\/strong><\/td>\n<td width=\"601\"><strong>Svart mockajacka<\/strong><\/td>\n<\/tr>\n<tr>\n<td width=\"146\"><strong><b>Materlal:<\/b><\/strong><\/td>\n<td width=\"601\">Polyester\/bomull<\/td>\n<\/tr>\n<tr>\n<td width=\"146\"><strong><b>Teknik:<\/b><\/strong><\/td>\n<td width=\"601\">Ull<\/td>\n<\/tr>\n<tr>\n<td width=\"146\"><strong><b>Stil:<\/b><\/strong><\/td>\n<td width=\"601\">Avslappnad<\/td>\n<\/tr>\n<tr>\n<td width=\"146\"><strong><b>F\u00e4rg<\/b><\/strong><strong><b>:<\/b><\/strong><\/td>\n<td width=\"601\">\u00a0Anpassade f\u00e4rger<\/td>\n<\/tr>\n<tr>\n<td width=\"146\"><strong><b>Storlek:<\/b><\/strong><\/td>\n<td width=\"601\">S \/M \/L \/XL \/2XL<\/td>\n<\/tr>\n<tr>\n<td width=\"146\"><strong><b>OEM\/ODM:<\/b><\/strong><\/td>\n<td width=\"601\">Godtagbar<\/td>\n<\/tr>\n<tr>\n<td width=\"146\"><strong><b>Kvalitet:<\/b><\/strong><\/td>\n<td width=\"601\">100% H\u00f6g kvalitet<\/td>\n<\/tr>\n<tr>\n<td width=\"146\"><strong><b>M<\/b><\/strong><strong><b>OQ:<\/b><\/strong><\/td>\n<td width=\"601\">200 st.<\/td>\n<\/tr>\n<\/tbody>\n<\/table>","protected":false},"featured_media":1817,"template":"","meta":[],"product_brand":[],"product_cat":[38],"product_tag":[],"class_list":{"0":"post-1816","1":"product","2":"type-product","3":"status-publish","4":"has-post-thumbnail","6":"product_cat-mens-clothing","8":"first","9":"instock","10":"shipping-taxable","11":"product-type-simple"},"_links":{"self":[{"href":"https:\/\/mj-clothing.com\/sv\/wp-json\/wp\/v2\/product\/1816","targetHints":{"allow":["GET"]}}],"collection":[{"href":"https:\/\/mj-clothing.com\/sv\/wp-json\/wp\/v2\/product"}],"about":[{"href":"https:\/\/mj-clothing.com\/sv\/wp-json\/wp\/v2\/types\/product"}],"wp:featuredmedia":[{"embeddable":true,"href":"https:\/\/mj-clothing.com\/sv\/wp-json\/wp\/v2\/media\/1817"}],"wp:attachment":[{"href":"https:\/\/mj-clothing.com\/sv\/wp-json\/wp\/v2\/media?parent=1816"}],"wp:term":[{"taxonomy":"product_brand","embeddable":true,"href":"https:\/\/mj-clothing.com\/sv\/wp-json\/wp\/v2\/product_brand?post=1816"},{"taxonomy":"product_cat","embeddable":true,"href":"https:\/\/mj-clothing.com\/sv\/wp-json\/wp\/v2\/product_cat?post=1816"},{"taxonomy":"product_tag","embeddable":true,"href":"https:\/\/mj-clothing.com\/sv\/wp-json\/wp\/v2\/product_tag?post=1816"}],"curies":[{"name":"wp","href":"https:\/\/api.w.org\/{rel}","templated":true}]}}