{"id":1819,"date":"2024-12-14T07:53:41","date_gmt":"2024-12-14T07:53:41","guid":{"rendered":"https:\/\/mj-clothing.com\/?post_type=product&#038;p=1819"},"modified":"2024-12-17T06:39:12","modified_gmt":"2024-12-17T06:39:12","slug":"royal-blue-jacket","status":"publish","type":"product","link":"https:\/\/mj-clothing.com\/sv\/manufacturer\/royal-blue-jacket\/","title":{"rendered":"Kungsbl\u00e5 jacka"},"content":{"rendered":"<p data-sourcepos=\"1:1-1:164\">En kavaj i kungabl\u00e5tt \u00e4r ett m\u00e5ngsidigt plagg som kan lyfta vilken outfit som helst. Det \u00e4r en rik, levande f\u00e4rg som kan ge en touch av sofistikering och stil till din garderob.<\/p>\n<h3 data-sourcepos=\"3:1-3:35\"><strong>Varf\u00f6r v\u00e4lja en Royal Blue Jacket?<\/strong><\/h3>\n<ul data-sourcepos=\"5:1-8:0\">\n<li data-sourcepos=\"5:1-5:106\"><strong>M\u00e5ngsidighet:<\/strong> En kungsbl\u00e5 kavaj kan kl\u00e4s upp eller ner, vilket g\u00f6r den perfekt f\u00f6r olika tillf\u00e4llen.<\/li>\n<li data-sourcepos=\"6:1-6:72\"><strong>Sofistikerad:<\/strong> Den rika f\u00e4rgen ger en touch av elegans och klass.<\/li>\n<li data-sourcepos=\"7:1-8:0\"><strong>Unik stil:<\/strong> Den sticker ut fr\u00e5n m\u00e4ngden och g\u00f6r ett dj\u00e4rvt uttalande.<\/li>\n<\/ul>\n<h3 data-sourcepos=\"9:1-9:37\"><strong>Hur man stylar en kungsbl\u00e5 kavaj:<\/strong><\/h3>\n<ul data-sourcepos=\"11:1-14:0\">\n<li data-sourcepos=\"11:1-11:77\"><strong>Avslappnad:<\/strong> Kombinera den med jeans, en t-shirt och sneakers f\u00f6r en avslappnad look.<\/li>\n<li data-sourcepos=\"12:1-12:96\"><strong>Smart Casual:<\/strong> B\u00e4r den med chinos, en skjorta med knappar och loafers f\u00f6r en polerad outfit.<\/li>\n<li data-sourcepos=\"13:1-14:0\"><strong>Formellt:<\/strong> L\u00e4gg den \u00f6ver en kavaj f\u00f6r en unik twist p\u00e5 formell kl\u00e4dsel.<\/li>\n<\/ul>\n<h3 data-sourcepos=\"15:1-15:42\"><strong>Tips f\u00f6r att v\u00e4lja en kungsbl\u00e5 kavaj:<\/strong><\/h3>\n<ul data-sourcepos=\"17:1-20:0\">\n<li data-sourcepos=\"17:1-17:154\"><strong>Material:<\/strong> T\u00e4nk p\u00e5 materialet, eftersom det p\u00e5verkar jackans v\u00e4rme, h\u00e5llbarhet och \u00f6vergripande utseende. Ull, bomull och l\u00e4der \u00e4r popul\u00e4ra val.<\/li>\n<li data-sourcepos=\"18:1-18:71\"><strong>Passar:<\/strong> V\u00e4lj en jacka som sitter bra och som smickrar din kroppsform.<\/li>\n<li data-sourcepos=\"19:1-20:0\"><strong>Stil:<\/strong> V\u00e4lj en stil som passar din personliga smak, t.ex. bomberjacka, f\u00e4ltjacka eller kavaj.<\/li>\n<\/ul>","protected":false},"excerpt":{"rendered":"<table style=\"height: 563px;\" width=\"468\">\n<tbody>\n<tr>\n<td width=\"146\"><strong><b>Produkt<\/b><\/strong>\u00a0<strong><b>Namn:<\/b><\/strong><\/td>\n<td width=\"601\"><strong>Kungsbl\u00e5 jacka<\/strong><\/td>\n<\/tr>\n<tr>\n<td width=\"146\"><strong><b>Materlal:<\/b><\/strong><\/td>\n<td width=\"601\">Polyester\/bomull<\/td>\n<\/tr>\n<tr>\n<td width=\"146\"><strong><b>Teknik:<\/b><\/strong><\/td>\n<td width=\"601\">Enf\u00e4rgad bomull<\/td>\n<\/tr>\n<tr>\n<td width=\"146\"><strong><b>Stil:<\/b><\/strong><\/td>\n<td width=\"601\">Avslappnad<\/td>\n<\/tr>\n<tr>\n<td width=\"146\"><strong><b>F\u00e4rg<\/b><\/strong><strong><b>:<\/b><\/strong><\/td>\n<td width=\"601\">\u00a0Anpassade f\u00e4rger<\/td>\n<\/tr>\n<tr>\n<td width=\"146\"><strong><b>Storlek:<\/b><\/strong><\/td>\n<td width=\"601\">S \/M \/L \/XL \/2XL<\/td>\n<\/tr>\n<tr>\n<td width=\"146\"><strong><b>OEM\/ODM:<\/b><\/strong><\/td>\n<td width=\"601\">Godtagbar<\/td>\n<\/tr>\n<tr>\n<td width=\"146\"><strong><b>Kvalitet:<\/b><\/strong><\/td>\n<td width=\"601\">100% H\u00f6g kvalitet<\/td>\n<\/tr>\n<tr>\n<td width=\"146\"><strong><b>M<\/b><\/strong><strong><b>OQ:<\/b><\/strong><\/td>\n<td width=\"601\">200 st.<\/td>\n<\/tr>\n<\/tbody>\n<\/table>","protected":false},"featured_media":1820,"template":"","meta":[],"product_brand":[],"product_cat":[38],"product_tag":[],"class_list":{"0":"post-1819","1":"product","2":"type-product","3":"status-publish","4":"has-post-thumbnail","6":"product_cat-mens-clothing","8":"first","9":"instock","10":"shipping-taxable","11":"product-type-simple"},"_links":{"self":[{"href":"https:\/\/mj-clothing.com\/sv\/wp-json\/wp\/v2\/product\/1819","targetHints":{"allow":["GET"]}}],"collection":[{"href":"https:\/\/mj-clothing.com\/sv\/wp-json\/wp\/v2\/product"}],"about":[{"href":"https:\/\/mj-clothing.com\/sv\/wp-json\/wp\/v2\/types\/product"}],"wp:featuredmedia":[{"embeddable":true,"href":"https:\/\/mj-clothing.com\/sv\/wp-json\/wp\/v2\/media\/1820"}],"wp:attachment":[{"href":"https:\/\/mj-clothing.com\/sv\/wp-json\/wp\/v2\/media?parent=1819"}],"wp:term":[{"taxonomy":"product_brand","embeddable":true,"href":"https:\/\/mj-clothing.com\/sv\/wp-json\/wp\/v2\/product_brand?post=1819"},{"taxonomy":"product_cat","embeddable":true,"href":"https:\/\/mj-clothing.com\/sv\/wp-json\/wp\/v2\/product_cat?post=1819"},{"taxonomy":"product_tag","embeddable":true,"href":"https:\/\/mj-clothing.com\/sv\/wp-json\/wp\/v2\/product_tag?post=1819"}],"curies":[{"name":"wp","href":"https:\/\/api.w.org\/{rel}","templated":true}]}}