{"id":1825,"date":"2024-12-16T02:30:24","date_gmt":"2024-12-16T02:30:24","guid":{"rendered":"https:\/\/mj-clothing.com\/?post_type=product&#038;p=1825"},"modified":"2024-12-17T06:30:13","modified_gmt":"2024-12-17T06:30:13","slug":"alchemai-hoodie","status":"publish","type":"product","link":"https:\/\/mj-clothing.com\/sv\/manufacturer\/alchemai-hoodie\/","title":{"rendered":"Alchemai Hoodie"},"content":{"rendered":"<h3 data-sourcepos=\"1:1-1:266\">Alchemai Hoodie<\/h3>\n<p data-sourcepos=\"1:1-1:266\">Alchemai Hoodie \u00e4r ett snyggt och bekv\u00e4mt kl\u00e4desplagg som passar perfekt f\u00f6r vardagsbruk. Den \u00e4r tillverkad av h\u00f6gkvalitativa material och finns i en m\u00e4ngd olika f\u00e4rger. Hoodien \u00e4r ocks\u00e5 mycket prisv\u00e4rd, vilket g\u00f6r den till ett bra alternativ f\u00f6r m\u00e4nniskor med en budget.<\/p>\n<p data-sourcepos=\"3:1-3:57\">H\u00e4r \u00e4r n\u00e5gra av de viktigaste egenskaperna hos Alchemai Hoodie:<\/p>\n<ul data-sourcepos=\"5:1-10:0\">\n<li data-sourcepos=\"5:1-5:153\"><strong>Tillverkad av h\u00f6gkvalitativa material:<\/strong> Hoodien \u00e4r tillverkad i ett mjukt och sk\u00f6nt fleecematerial som \u00e4r perfekt f\u00f6r att h\u00e5lla dig varm under kalla dagar.<\/li>\n<li data-sourcepos=\"6:1-6:122\"><strong>Finns i en m\u00e4ngd olika f\u00e4rger:<\/strong> Du kan v\u00e4lja mellan en m\u00e4ngd olika f\u00e4rger f\u00f6r att hitta den perfekta huvtr\u00f6jan f\u00f6r din stil.<\/li>\n<li data-sourcepos=\"7:1-7:97\"><strong>Prisv\u00e4rd:<\/strong> Luvtr\u00f6jan \u00e4r mycket prisv\u00e4rd, vilket g\u00f6r den till ett bra alternativ f\u00f6r m\u00e4nniskor med en budget.<\/li>\n<li data-sourcepos=\"8:1-8:103\"><strong>Bekv\u00e4mt:<\/strong> Luvtr\u00f6jan \u00e4r mycket bekv\u00e4m att b\u00e4ra tack vare sin mjuka och l\u00f6st sittande design.<\/li>\n<li data-sourcepos=\"9:1-10:0\"><strong>Snyggt:<\/strong> Hoodien \u00e4r ocks\u00e5 mycket snygg och kan enkelt kl\u00e4s upp eller ner.<\/li>\n<\/ul>\n<p data-sourcepos=\"11:1-11:174\">Om du letar efter en snygg och bekv\u00e4m huvtr\u00f6ja som ocks\u00e5 \u00e4r prisv\u00e4rd, \u00e4r Alchemai Hoodie ett bra alternativ. Du kan hitta den online eller hos din lokala \u00e5terf\u00f6rs\u00e4ljare.<\/p>","protected":false},"excerpt":{"rendered":"<table style=\"height: 538px;\" width=\"470\">\n<tbody>\n<tr>\n<td width=\"146\"><strong><b>Produkt<\/b><\/strong>\u00a0<strong><b>Namn:<\/b><\/strong><\/td>\n<td width=\"601\"><strong>Alchemai Hoodie<\/strong><\/td>\n<\/tr>\n<tr>\n<td width=\"146\"><strong><b>Materlal:<\/b><\/strong><\/td>\n<td width=\"601\">Polyester\/bomull<\/td>\n<\/tr>\n<tr>\n<td width=\"146\"><strong><b>Teknik:<\/b><\/strong><\/td>\n<td width=\"601\">Tryckning och f\u00e4rgning<\/td>\n<\/tr>\n<tr>\n<td width=\"146\"><strong><b>Stil:<\/b><\/strong><\/td>\n<td width=\"601\">Avslappnad<\/td>\n<\/tr>\n<tr>\n<td width=\"146\"><strong><b>F\u00e4rg<\/b><\/strong><strong><b>:<\/b><\/strong><\/td>\n<td width=\"601\">\u00a0Anpassade f\u00e4rger<\/td>\n<\/tr>\n<tr>\n<td width=\"146\"><strong><b>Storlek:<\/b><\/strong><\/td>\n<td width=\"601\">S \/M \/L \/XL \/2XL<\/td>\n<\/tr>\n<tr>\n<td width=\"146\"><strong><b>OEM\/ODM:<\/b><\/strong><\/td>\n<td width=\"601\">Godtagbar<\/td>\n<\/tr>\n<tr>\n<td width=\"146\"><strong><b>Kvalitet:<\/b><\/strong><\/td>\n<td width=\"601\">100% H\u00f6g kvalitet<\/td>\n<\/tr>\n<tr>\n<td width=\"146\"><strong><b>M<\/b><\/strong><strong><b>OQ:<\/b><\/strong><\/td>\n<td width=\"601\">200 st.<\/td>\n<\/tr>\n<\/tbody>\n<\/table>","protected":false},"featured_media":1826,"template":"","meta":[],"product_brand":[],"product_cat":[38],"product_tag":[],"class_list":{"0":"post-1825","1":"product","2":"type-product","3":"status-publish","4":"has-post-thumbnail","6":"product_cat-mens-clothing","8":"first","9":"instock","10":"shipping-taxable","11":"product-type-simple"},"_links":{"self":[{"href":"https:\/\/mj-clothing.com\/sv\/wp-json\/wp\/v2\/product\/1825","targetHints":{"allow":["GET"]}}],"collection":[{"href":"https:\/\/mj-clothing.com\/sv\/wp-json\/wp\/v2\/product"}],"about":[{"href":"https:\/\/mj-clothing.com\/sv\/wp-json\/wp\/v2\/types\/product"}],"wp:featuredmedia":[{"embeddable":true,"href":"https:\/\/mj-clothing.com\/sv\/wp-json\/wp\/v2\/media\/1826"}],"wp:attachment":[{"href":"https:\/\/mj-clothing.com\/sv\/wp-json\/wp\/v2\/media?parent=1825"}],"wp:term":[{"taxonomy":"product_brand","embeddable":true,"href":"https:\/\/mj-clothing.com\/sv\/wp-json\/wp\/v2\/product_brand?post=1825"},{"taxonomy":"product_cat","embeddable":true,"href":"https:\/\/mj-clothing.com\/sv\/wp-json\/wp\/v2\/product_cat?post=1825"},{"taxonomy":"product_tag","embeddable":true,"href":"https:\/\/mj-clothing.com\/sv\/wp-json\/wp\/v2\/product_tag?post=1825"}],"curies":[{"name":"wp","href":"https:\/\/api.w.org\/{rel}","templated":true}]}}