{"id":1834,"date":"2024-12-16T03:01:13","date_gmt":"2024-12-16T03:01:13","guid":{"rendered":"https:\/\/mj-clothing.com\/?post_type=product&#038;p=1834"},"modified":"2024-12-17T06:27:12","modified_gmt":"2024-12-17T06:27:12","slug":"pullover-hoodie","status":"publish","type":"product","link":"https:\/\/mj-clothing.com\/sv\/manufacturer\/pullover-hoodie\/","title":{"rendered":"Pullover Hoodie"},"content":{"rendered":"<p data-sourcepos=\"1:1-1:345\"><span class=\"citation-0 recitation citation-end-0\">En pullover hoodie \u00e4r ett avslappnat och bekv\u00e4mt kl\u00e4desplagg som passar perfekt f\u00f6r vardagsbruk.<\/span> <span class=\"citation-1 recitation citation-end-1\">Den har en typisk huva, en k\u00e4nguruficka och elastiska muddar i \u00e4rmslut och midja.<\/span> <span class=\"citation-2 recitation citation-end-2\">Luvtr\u00f6jor \u00e4r ofta tillverkade av mjuka och varma material som fleece eller bomull, vilket g\u00f6r dem idealiska f\u00f6r kallare v\u00e4der.<\/span><\/p>\n<h3 data-sourcepos=\"3:1-3:38\"><strong>Viktiga egenskaper hos en Pullover-Hoodie:<\/strong><\/h3>\n<ul data-sourcepos=\"5:1-9:0\">\n<li data-sourcepos=\"5:1-5:61\"><strong>Hood:<\/strong> Ger v\u00e4rme och skydd mot v\u00e4der och vind.<\/li>\n<li data-sourcepos=\"6:1-6:125\"><strong><span class=\"citation-3 recitation\">Kangaroo-ficka:<\/span><\/strong><span class=\"citation-3 recitation citation-end-3\"> En stor framficka som \u00e4r perfekt f\u00f6r att h\u00e5lla h\u00e4nderna varma eller f\u00f6r att b\u00e4ra sm\u00e5saker.<\/span><span class=\"button-container hide-from-message-actions ng-star-inserted\"> \u00a0<\/span>\n<div class=\"container ng-tns-c2946245707-75 hide\">\n<div class=\"carousel-container ng-tns-c2946245707-75\"><\/div>\n<\/div>\n<\/li>\n<li data-sourcepos=\"7:1-7:74\"><strong>Elastiska muddar i \u00e4rmslut och midjeband:<\/strong> S\u00e4kerst\u00e4ller en bekv\u00e4m och \u00e5tsittande passform.<\/li>\n<li data-sourcepos=\"8:1-9:0\"><strong><span class=\"citation-4 recitation\">Mjuk och varm Material:<\/span><\/strong><span class=\"citation-4 recitation citation-end-4\"> Ofta tillverkade av fleece eller bomull f\u00f6r optimal komfort.<\/span>\n<div class=\"container ng-tns-c2946245707-76 hide\">\n<div class=\"carousel-container ng-tns-c2946245707-76\">\n<div class=\"carousel-content ng-tns-c2946245707-76\">\n<div class=\"sources-carousel-source ng-tns-c2946245707-76 hide ng-star-inserted\" data-test-id=\"sources-carousel-source\"><\/div>\n<\/div>\n<\/div>\n<\/div>\n<\/li>\n<\/ul>\n<h3 data-sourcepos=\"10:1-10:35\"><strong>Hur man stylar en pullover -Hoodie:<\/strong><\/h3>\n<p data-sourcepos=\"12:1-12:118\"><span class=\"citation-5 recitation citation-end-5\">Luvtr\u00f6jor \u00e4r otroligt m\u00e5ngsidiga och kan stylas p\u00e5 m\u00e5nga olika s\u00e4tt.<\/span> H\u00e4r \u00e4r n\u00e5gra id\u00e9er:<\/p>\n<p data-sourcepos=\"12:1-12:118\"><strong>Avslappnad:<\/strong> Kombinera en pullover hoodie med jeans och sneakers f\u00f6r en avslappnad och bekv\u00e4m look.<\/p>\n<ul data-sourcepos=\"14:1-18:0\">\n<li data-sourcepos=\"15:1-15:93\"><strong>Sportig:<\/strong> B\u00e4r en pullover-hoodies med sweatpants eller joggers f\u00f6r en sportig och aktiv look.<\/li>\n<li data-sourcepos=\"16:1-16:92\"><strong>Skiktad:<\/strong> L\u00e4gg en pullover-hoodies \u00f6ver en t-shirt eller l\u00e5ng\u00e4rmad skjorta f\u00f6r extra v\u00e4rme.<\/li>\n<li data-sourcepos=\"17:1-18:0\"><strong>Dressy Casual:<\/strong> Kl\u00e4 upp en pullover-hoodie genom att kombinera den med en skinnjacka, m\u00f6rkt tv\u00e4ttade jeans och st\u00f6vlar.<\/li>\n<\/ul>\n<h3 data-sourcepos=\"19:1-19:39\"><strong>Popul\u00e4ra m\u00e4rken av Pullover-Hoodies:<\/strong><\/h3>\n<ul data-sourcepos=\"21:1-26:0\">\n<li data-sourcepos=\"21:1-21:77\"><strong><span class=\"citation-6 recitation\">M\u00e4stare:<\/span><\/strong><span class=\"citation-6 recitation citation-end-6\"> K\u00e4nda f\u00f6r sin h\u00f6ga kvalitet och sina klassiska stilar.<\/span><span class=\"button-container hide-from-message-actions ng-star-inserted\"> \u00a0<\/span>\n<div class=\"container ng-tns-c2946245707-78 hide\">\n<div class=\"carousel-container ng-tns-c2946245707-78\"><\/div>\n<\/div>\n<\/li>\n<li data-sourcepos=\"22:1-22:81\"><strong>Nike:<\/strong> Erbjuder ett brett sortiment av huvtr\u00f6jor i olika stilar och f\u00e4rger.<\/li>\n<li data-sourcepos=\"23:1-23:58\"><strong>Adidas:<\/strong> K\u00e4nda f\u00f6r sin atletiska och sportiga design.<\/li>\n<li data-sourcepos=\"24:1-24:63\"><strong>H&amp;M:<\/strong> Erbjuder prisv\u00e4rda och trendiga pullover-hoodies.<\/li>\n<li data-sourcepos=\"25:1-26:0\"><strong>Zara:<\/strong> Erbjuder snygga och moderiktiga pullover-hoodies.<\/li>\n<\/ul>","protected":false},"excerpt":{"rendered":"<table style=\"height: 508px;\" width=\"446\">\n<tbody>\n<tr>\n<td width=\"146\"><strong><b>Produkt<\/b><\/strong>\u00a0<strong><b>Namn:<\/b><\/strong><\/td>\n<td width=\"601\"><strong>Pullover Hoodie<\/strong><\/td>\n<\/tr>\n<tr>\n<td width=\"146\"><strong><b>Materlal:<\/b><\/strong><\/td>\n<td width=\"601\">Polyester\/bomull<\/td>\n<\/tr>\n<tr>\n<td width=\"146\"><strong><b>Teknik:<\/b><\/strong><\/td>\n<td width=\"601\">Tryckning och f\u00e4rgning<\/td>\n<\/tr>\n<tr>\n<td width=\"146\"><strong><b>Stil:<\/b><\/strong><\/td>\n<td width=\"601\">Avslappnad<\/td>\n<\/tr>\n<tr>\n<td width=\"146\"><strong><b>F\u00e4rg<\/b><\/strong><strong><b>:<\/b><\/strong><\/td>\n<td width=\"601\">\u00a0Anpassade f\u00e4rger<\/td>\n<\/tr>\n<tr>\n<td width=\"146\"><strong><b>Storlek:<\/b><\/strong><\/td>\n<td width=\"601\">S \/M \/L \/XL \/2XL<\/td>\n<\/tr>\n<tr>\n<td width=\"146\"><strong><b>OEM\/ODM:<\/b><\/strong><\/td>\n<td width=\"601\">Godtagbar<\/td>\n<\/tr>\n<tr>\n<td width=\"146\"><strong><b>Kvalitet:<\/b><\/strong><\/td>\n<td width=\"601\">100% H\u00f6g kvalitet<\/td>\n<\/tr>\n<tr>\n<td width=\"146\"><strong><b>M<\/b><\/strong><strong><b>OQ:<\/b><\/strong><\/td>\n<td width=\"601\">200 st.<\/td>\n<\/tr>\n<\/tbody>\n<\/table>","protected":false},"featured_media":1836,"template":"","meta":[],"product_brand":[],"product_cat":[38],"product_tag":[],"class_list":{"0":"post-1834","1":"product","2":"type-product","3":"status-publish","4":"has-post-thumbnail","6":"product_cat-mens-clothing","8":"first","9":"instock","10":"shipping-taxable","11":"product-type-simple"},"_links":{"self":[{"href":"https:\/\/mj-clothing.com\/sv\/wp-json\/wp\/v2\/product\/1834","targetHints":{"allow":["GET"]}}],"collection":[{"href":"https:\/\/mj-clothing.com\/sv\/wp-json\/wp\/v2\/product"}],"about":[{"href":"https:\/\/mj-clothing.com\/sv\/wp-json\/wp\/v2\/types\/product"}],"wp:featuredmedia":[{"embeddable":true,"href":"https:\/\/mj-clothing.com\/sv\/wp-json\/wp\/v2\/media\/1836"}],"wp:attachment":[{"href":"https:\/\/mj-clothing.com\/sv\/wp-json\/wp\/v2\/media?parent=1834"}],"wp:term":[{"taxonomy":"product_brand","embeddable":true,"href":"https:\/\/mj-clothing.com\/sv\/wp-json\/wp\/v2\/product_brand?post=1834"},{"taxonomy":"product_cat","embeddable":true,"href":"https:\/\/mj-clothing.com\/sv\/wp-json\/wp\/v2\/product_cat?post=1834"},{"taxonomy":"product_tag","embeddable":true,"href":"https:\/\/mj-clothing.com\/sv\/wp-json\/wp\/v2\/product_tag?post=1834"}],"curies":[{"name":"wp","href":"https:\/\/api.w.org\/{rel}","templated":true}]}}