{"id":1843,"date":"2024-12-16T03:21:20","date_gmt":"2024-12-16T03:21:20","guid":{"rendered":"https:\/\/mj-clothing.com\/?post_type=product&#038;p=1843"},"modified":"2024-12-17T06:40:16","modified_gmt":"2024-12-17T06:40:16","slug":"golf-hoodie","status":"publish","type":"product","link":"https:\/\/mj-clothing.com\/sv\/manufacturer\/golf-hoodie\/","title":{"rendered":"Golf Hoodie"},"content":{"rendered":"<p data-sourcepos=\"1:1-1:192\">En golfhoodie \u00e4r en typ av tr\u00e4ningskl\u00e4der som \u00e4r s\u00e4rskilt utformade f\u00f6r golfare och kombinerar komforten och v\u00e4rmen hos en traditionell hoodie med prestanda som passar f\u00f6r golfbanan.<\/p>\n<h3 data-sourcepos=\"3:1-3:34\"><strong>Viktiga egenskaper hos en Golf Hoodie:<\/strong><\/h3>\n<ul data-sourcepos=\"5:1-10:0\">\n<li data-sourcepos=\"5:1-5:283\"><strong>H\u00f6gpresterande tyger:<\/strong> Golfhoodies \u00e4r ofta tillverkade av h\u00f6gpresterande tyger som polyester eller en blandning av polyester och bomull. Dessa tyger \u00e4r utformade f\u00f6r att vara fukttransporterande, andas och \u00e4r stretchiga, vilket h\u00e5ller golfare torra, bekv\u00e4ma och obegr\u00e4nsade under svingen.<\/li>\n<li data-sourcepos=\"6:1-6:207\"><strong>V\u00e4derbest\u00e4ndighet:<\/strong> M\u00e5nga golfhoodies \u00e4r vattent\u00e4ta eller vattenavvisande, vilket skyddar golfare fr\u00e5n l\u00e4tt regn eller duggregn. Vissa har ocks\u00e5 v\u00e4rmeisolering f\u00f6r att h\u00e5lla golfare varma i kallare v\u00e4der.<\/li>\n<li data-sourcepos=\"7:1-7:100\"><strong>Solskydd:<\/strong> Vissa golf-hoodies erbjuder UV-skydd f\u00f6r att skydda golfare fr\u00e5n skadliga solstr\u00e5lar.<\/li>\n<li data-sourcepos=\"8:1-8:162\"><strong>Funktionell design:<\/strong> Golfhoodies har ofta funktioner som fickor med blixtl\u00e5s f\u00f6r att s\u00e4kra v\u00e4rdesaker, justerbara huvor och tumh\u00e5l f\u00f6r att h\u00e5lla \u00e4rmarna p\u00e5 plats.<\/li>\n<li data-sourcepos=\"9:1-10:0\"><strong>Snygg design:<\/strong> Golfhoodies finns i en m\u00e4ngd olika stilar, f\u00e4rger och m\u00f6nster, vilket g\u00f6r att golfare kan uttrycka sin personliga stil samtidigt som de \u00e4r funktionella.<\/li>\n<\/ul>\n<h3 data-sourcepos=\"11:1-11:31\"><strong>N\u00e4r man ska b\u00e4ra en golfhoodie:<\/strong><\/h3>\n<p data-sourcepos=\"13:1-13:112\">Golfhoodies \u00e4r m\u00e5ngsidiga och kan b\u00e4ras i en m\u00e4ngd olika v\u00e4derf\u00f6rh\u00e5llanden. De \u00e4r s\u00e4rskilt anv\u00e4ndbara f\u00f6r:<\/p>\n<ul data-sourcepos=\"15:1-18:0\">\n<li data-sourcepos=\"15:1-15:87\"><strong>Svalare v\u00e4der:<\/strong> Golf-hoodies kan ge v\u00e4rme och komfort under kallare rundor.<\/li>\n<li data-sourcepos=\"16:1-16:101\"><strong>Regnigt v\u00e4der:<\/strong> Vattenavvisande golfhoodies kan h\u00e5lla golfare torra och bekv\u00e4ma i l\u00e4tt regn.<\/li>\n<li data-sourcepos=\"17:1-18:0\"><strong>Lager p\u00e5 lager:<\/strong> Golfhoodies kan kombineras med andra golfkl\u00e4der f\u00f6r att skapa en skr\u00e4ddarsydd outfit f\u00f6r olika v\u00e4derf\u00f6rh\u00e5llanden.<\/li>\n<\/ul>\n<p data-sourcepos=\"19:1-19:138\">Genom att v\u00e4lja en golfhoodie som uppfyller dina specifika behov och preferenser kan du f\u00f6rb\u00e4ttra din komfort och prestanda p\u00e5 golfbanan.<\/p>","protected":false},"excerpt":{"rendered":"<table style=\"height: 543px;\" width=\"471\">\n<tbody>\n<tr>\n<td width=\"146\"><strong><b>Produkt<\/b><\/strong>\u00a0<strong><b>Namn:<\/b><\/strong><\/td>\n<td width=\"601\">\n<p data-sourcepos=\"3:1-3:34\"><strong>Golf Hoodie<\/strong><\/p>\n<\/td>\n<\/tr>\n<tr>\n<td width=\"146\"><strong><b>Materlal:<\/b><\/strong><\/td>\n<td width=\"601\">Polyester\/bomull<\/td>\n<\/tr>\n<tr>\n<td width=\"146\"><strong><b>Teknik: <\/b><\/strong><\/td>\n<td width=\"601\">Tryckning och f\u00e4rgning<\/td>\n<\/tr>\n<tr>\n<td width=\"146\"><strong><b>Stil: <\/b><\/strong><\/td>\n<td width=\"601\">Avslappnad<\/td>\n<\/tr>\n<tr>\n<td width=\"146\"><strong><b>F\u00e4rg<\/b><\/strong><strong><b>:<\/b><\/strong><\/td>\n<td width=\"601\">Vit och anpassade f\u00e4rger<\/td>\n<\/tr>\n<tr>\n<td width=\"146\"><strong><b>Storlek:<\/b><\/strong><\/td>\n<td width=\"601\">S \/M \/L \/XL \/2XL<\/td>\n<\/tr>\n<tr>\n<td width=\"146\"><strong><b>OEM\/ODM:<\/b><\/strong><\/td>\n<td width=\"601\">Godtagbar<\/td>\n<\/tr>\n<tr>\n<td width=\"146\"><strong><b>Kvalitet:<\/b><\/strong><\/td>\n<td width=\"601\">100% H\u00f6g kvalitet<\/td>\n<\/tr>\n<tr>\n<td width=\"146\"><strong><b>M<\/b><\/strong><strong><b>OQ:<\/b><\/strong><\/td>\n<td width=\"601\">200 st.<\/td>\n<\/tr>\n<\/tbody>\n<\/table>","protected":false},"featured_media":1844,"template":"","meta":[],"product_brand":[],"product_cat":[38],"product_tag":[],"class_list":{"0":"post-1843","1":"product","2":"type-product","3":"status-publish","4":"has-post-thumbnail","6":"product_cat-mens-clothing","8":"first","9":"instock","10":"shipping-taxable","11":"product-type-simple"},"_links":{"self":[{"href":"https:\/\/mj-clothing.com\/sv\/wp-json\/wp\/v2\/product\/1843","targetHints":{"allow":["GET"]}}],"collection":[{"href":"https:\/\/mj-clothing.com\/sv\/wp-json\/wp\/v2\/product"}],"about":[{"href":"https:\/\/mj-clothing.com\/sv\/wp-json\/wp\/v2\/types\/product"}],"wp:featuredmedia":[{"embeddable":true,"href":"https:\/\/mj-clothing.com\/sv\/wp-json\/wp\/v2\/media\/1844"}],"wp:attachment":[{"href":"https:\/\/mj-clothing.com\/sv\/wp-json\/wp\/v2\/media?parent=1843"}],"wp:term":[{"taxonomy":"product_brand","embeddable":true,"href":"https:\/\/mj-clothing.com\/sv\/wp-json\/wp\/v2\/product_brand?post=1843"},{"taxonomy":"product_cat","embeddable":true,"href":"https:\/\/mj-clothing.com\/sv\/wp-json\/wp\/v2\/product_cat?post=1843"},{"taxonomy":"product_tag","embeddable":true,"href":"https:\/\/mj-clothing.com\/sv\/wp-json\/wp\/v2\/product_tag?post=1843"}],"curies":[{"name":"wp","href":"https:\/\/api.w.org\/{rel}","templated":true}]}}