{"id":1846,"date":"2024-12-16T03:37:19","date_gmt":"2024-12-16T03:37:19","guid":{"rendered":"https:\/\/mj-clothing.com\/?post_type=product&#038;p=1846"},"modified":"2024-12-17T06:24:41","modified_gmt":"2024-12-17T06:24:41","slug":"weighted-hoodie","status":"publish","type":"product","link":"https:\/\/mj-clothing.com\/sv\/manufacturer\/weighted-hoodie\/","title":{"rendered":"Viktad huvtr\u00f6ja"},"content":{"rendered":"<p data-sourcepos=\"1:1-1:292\"><span class=\"citation-0 recitation citation-end-0\">En hoodie med tyngd \u00e4r en typ av kl\u00e4desplagg som inneh\u00e5ller tyngd, vanligtvis glasp\u00e4rlor eller plastpellets, i tyget f\u00f6r att ge en lugnande och jordande effekt.<\/span> <span class=\"citation-1 recitation citation-end-1\">Detta mjuka tryck kan bidra till att minska \u00e5ngest, f\u00f6rb\u00e4ttra fokus och fr\u00e4mja b\u00e4ttre s\u00f6mn.<\/span><span class=\"button-container hide-from-message-actions ng-star-inserted\"> \u00a0<\/span><\/p>\n<h3 data-sourcepos=\"3:1-3:38\"><strong>Viktiga egenskaper hos en viktad huvtr\u00f6ja:<\/strong><\/h3>\n<ul data-sourcepos=\"5:1-10:0\">\n<li data-sourcepos=\"5:1-5:145\"><strong>Viktade material:<\/strong> <span class=\"citation-2 recitation citation-end-2\">Sm\u00e5 p\u00e4rlor eller pellets \u00e4r j\u00e4mnt f\u00f6rdelade \u00f6ver hela huvtr\u00f6jan och ger ett mjukt, lugnande tryck.<\/span><span class=\"button-container hide-from-message-actions ng-star-inserted\"> \u00a0<\/span>\n<div class=\"container ng-tns-c2946245707-171 hide\">\n<div class=\"carousel-container ng-tns-c2946245707-171\"><\/div>\n<\/div>\n<\/li>\n<li data-sourcepos=\"6:1-6:93\"><strong>Komfort:<\/strong> <span class=\"citation-3 recitation citation-end-3\">Hoodien \u00e4r utformad f\u00f6r att vara mjuk, mysig och bekv\u00e4m att b\u00e4ra.<\/span><span class=\"button-container hide-from-message-actions ng-star-inserted\"> \u00a0<\/span>\n<div class=\"container ng-tns-c2946245707-172 hide\">\n<div class=\"carousel-container ng-tns-c2946245707-172\"><\/div>\n<\/div>\n<\/li>\n<li data-sourcepos=\"7:1-7:108\"><strong>M\u00e5ngsidighet:<\/strong> <span class=\"citation-4 recitation citation-end-4\">Den kan b\u00e4ras under dagen f\u00f6r avslappning eller p\u00e5 natten f\u00f6r f\u00f6rb\u00e4ttrad s\u00f6mn.<\/span><span class=\"button-container hide-from-message-actions ng-star-inserted\"> \u00a0<\/span>\n<div class=\"container ng-tns-c2946245707-173 hide\">\n<div class=\"carousel-container ng-tns-c2946245707-173\"><\/div>\n<\/div>\n<\/li>\n<li data-sourcepos=\"8:1-8:127\"><strong>Lugnande effekt:<\/strong> <span class=\"citation-5 recitation citation-end-5\">Vikten kan bidra till att minska stress och \u00e5ngest, vilket fr\u00e4mjar en k\u00e4nsla av lugn och v\u00e4lbefinnande.<\/span><span class=\"button-container hide-from-message-actions ng-star-inserted\">\u00a0<\/span>\n<div class=\"container ng-tns-c2946245707-174 hide\">\n<div class=\"carousel-container ng-tns-c2946245707-174\"><\/div>\n<\/div>\n<\/li>\n<li data-sourcepos=\"9:1-10:0\"><strong><span class=\"citation-6 recitation\">F\u00f6rb\u00e4ttrad fokusering:<\/span><\/strong><span class=\"citation-6 recitation citation-end-6\"> Det mjuka trycket kan hj\u00e4lpa till att f\u00f6rb\u00e4ttra fokus och koncentration.<\/span><span class=\"button-container hide-from-message-actions ng-star-inserted\"> \u00a0<\/span>\n<div class=\"container ng-tns-c2946245707-175 hide\">\n<div class=\"carousel-container ng-tns-c2946245707-175\"><\/div>\n<\/div>\n<\/li>\n<\/ul>\n<h3 data-sourcepos=\"11:1-11:36\"><strong>Hur man v\u00e4ljer en viktad huvtr\u00f6ja:<\/strong><\/h3>\n<ul data-sourcepos=\"13:1-17:0\">\n<li data-sourcepos=\"13:1-13:82\"><strong>Vikt:<\/strong> Vikten p\u00e5 huvtr\u00f6jan b\u00f6r vara cirka 5-10% av din kroppsvikt.<\/li>\n<li data-sourcepos=\"14:1-14:75\"><strong>Material:<\/strong> V\u00e4lj ett mjukt material som andas, t.ex. bomull eller fleece.<\/li>\n<li data-sourcepos=\"15:1-15:92\"><strong>F\u00f6rdelning av vikt:<\/strong> Se till att vikten \u00e4r j\u00e4mnt f\u00f6rdelad \u00f6ver hela huvtr\u00f6jan.<\/li>\n<li data-sourcepos=\"16:1-17:0\"><strong>Komfort:<\/strong> Luvtr\u00f6jan ska sitta bekv\u00e4mt och inte vara f\u00f6r tajt eller f\u00f6r l\u00f6s.<\/li>\n<\/ul>\n<h3 data-sourcepos=\"18:1-18:33\"><strong>Hur man anv\u00e4nder en viktad huvtr\u00f6ja:<\/strong><\/h3>\n<ul data-sourcepos=\"20:1-23:0\">\n<li data-sourcepos=\"20:1-20:72\"><strong>Avslappning:<\/strong> B\u00e4r huvtr\u00f6jan n\u00e4r du kopplar av i soffan eller i s\u00e4ngen.<\/li>\n<li data-sourcepos=\"21:1-21:81\"><strong><span class=\"citation-7 recitation\">Sov:<\/span><\/strong><span class=\"citation-7 recitation citation-end-7\"> Anv\u00e4nd huvtr\u00f6jan som s\u00f6mnmedel f\u00f6r att f\u00f6rb\u00e4ttra s\u00f6mnkvaliteten.<\/span><span class=\"button-container hide-from-message-actions ng-star-inserted\"> \u00a0<\/span>\n<div class=\"container ng-tns-c2946245707-176 hide\">\n<div class=\"carousel-container ng-tns-c2946245707-176\"><\/div>\n<\/div>\n<\/li>\n<li data-sourcepos=\"22:1-23:0\"><strong><span class=\"citation-8 recitation\">Fokus:<\/span><\/strong><span class=\"citation-8 recitation citation-end-8\"> B\u00e4r huvtr\u00f6jan n\u00e4r du studerar, arbetar eller \u00e4gnar dig \u00e5t andra aktiviteter som kr\u00e4ver fokus.<\/span><span class=\"button-container hide-from-message-actions ng-star-inserted\">\u00a0 \u00a0<\/span>\n<div class=\"container ng-tns-c2946245707-177 hide\">\n<div class=\"carousel-container ng-tns-c2946245707-177\"><\/div>\n<\/div>\n<\/li>\n<\/ul>\n<h3 data-sourcepos=\"24:1-24:40\"><strong>F\u00f6rdelar med att anv\u00e4nda en viktad huvtr\u00f6ja:<\/strong><\/h3>\n<ul data-sourcepos=\"26:1-30:0\">\n<li data-sourcepos=\"26:1-26:92\"><strong>Minskad \u00e5ngest:<\/strong> <span class=\"citation-9 recitation citation-end-9\">Det mjuka trycket kan hj\u00e4lpa till att lugna nervsystemet.<\/span><span class=\"button-container hide-from-message-actions ng-star-inserted\"> \u00a0<\/span>\n<div class=\"container ng-tns-c2946245707-178 hide\">\n<div class=\"carousel-container ng-tns-c2946245707-178\"><\/div>\n<\/div>\n<\/li>\n<li data-sourcepos=\"27:1-27:87\"><strong><span class=\"citation-10 recitation\">F\u00f6rb\u00e4ttrad s\u00f6mn:<\/span><\/strong><span class=\"citation-10 recitation citation-end-10\"> Vikten kan bidra till en djupare och mer vilsam s\u00f6mn.<\/span><span class=\"button-container hide-from-message-actions ng-star-inserted\">\u00a0<\/span>\n<div class=\"container ng-tns-c2946245707-179 hide\">\n<div class=\"carousel-container ng-tns-c2946245707-179\"><\/div>\n<\/div>\n<\/li>\n<li data-sourcepos=\"28:1-28:101\"><strong><span class=\"citation-11 recitation\">B\u00e4ttre fokus:<\/span><\/strong><span class=\"citation-11 recitation citation-end-11\"> Trycket kan bidra till att f\u00f6rb\u00e4ttra koncentrationsf\u00f6rm\u00e5gan och uppm\u00e4rksamhetsf\u00f6rm\u00e5gan.<\/span><span class=\"button-container hide-from-message-actions ng-star-inserted\">\u00a0 \u00a0<\/span>\n<div class=\"container ng-tns-c2946245707-180 hide\">\n<div class=\"carousel-container ng-tns-c2946245707-180\"><\/div>\n<\/div>\n<\/li>\n<li data-sourcepos=\"29:1-30:0\"><strong><span class=\"citation-12 recitation\">Minskad stress:<\/span><\/strong><span class=\"citation-12 recitation citation-end-12\"> Den lugnande effekten av vikten kan bidra till att minska stressniv\u00e5erna.<\/span><span class=\"button-container hide-from-message-actions ng-star-inserted\">\u00a0<\/span>\n<div class=\"container ng-tns-c2946245707-181 hide\">\n<div class=\"carousel-container ng-tns-c2946245707-181\"><\/div>\n<\/div>\n<\/li>\n<\/ul>\n<p data-sourcepos=\"31:1-31:269\">Om du letar efter ett naturligt s\u00e4tt att minska stress och \u00e5ngest kan en hoodie med tyngd vara ett bra alternativ f\u00f6r dig. Det \u00e4r dock viktigt att r\u00e5dg\u00f6ra med sjukv\u00e5rdspersonal innan du anv\u00e4nder en tyngdprodukt, s\u00e4rskilt om du har n\u00e5gra underliggande h\u00e4lsotillst\u00e5nd.<\/p>","protected":false},"excerpt":{"rendered":"<table style=\"height: 478px;\" width=\"402\">\n<tbody>\n<tr>\n<td width=\"146\"><strong><b>Produkt<\/b><\/strong>\u00a0<strong><b>Namn:<\/b><\/strong><\/td>\n<td width=\"601\"><strong>Viktad huvtr\u00f6ja<\/strong><\/td>\n<\/tr>\n<tr>\n<td width=\"146\"><strong><b>Materlal:<\/b><\/strong><\/td>\n<td width=\"601\">Polyester\/bomull<\/td>\n<\/tr>\n<tr>\n<td width=\"146\"><strong><b>Teknik:<\/b><\/strong><\/td>\n<td width=\"601\">Tryckning och f\u00e4rgning<\/td>\n<\/tr>\n<tr>\n<td width=\"146\"><strong><b>Stil:<\/b><\/strong><\/td>\n<td width=\"601\">Avslappnad<\/td>\n<\/tr>\n<tr>\n<td width=\"146\"><strong><b>F\u00e4rg<\/b><\/strong><strong><b>:<\/b><\/strong><\/td>\n<td width=\"601\">\u00a0Anpassade f\u00e4rger<\/td>\n<\/tr>\n<tr>\n<td width=\"146\"><strong><b>Storlek:<\/b><\/strong><\/td>\n<td width=\"601\">S \/M \/L \/XL \/2XL<\/td>\n<\/tr>\n<tr>\n<td width=\"146\"><strong><b>OEM\/ODM:<\/b><\/strong><\/td>\n<td width=\"601\">Godtagbar<\/td>\n<\/tr>\n<tr>\n<td width=\"146\"><strong><b>Kvalitet:<\/b><\/strong><\/td>\n<td width=\"601\">100% H\u00f6g kvalitet<\/td>\n<\/tr>\n<tr>\n<td width=\"146\"><strong><b>M<\/b><\/strong><strong><b>OQ:<\/b><\/strong><\/td>\n<td width=\"601\">200 st.<\/td>\n<\/tr>\n<\/tbody>\n<\/table>","protected":false},"featured_media":1848,"template":"","meta":[],"product_brand":[],"product_cat":[38],"product_tag":[],"class_list":{"0":"post-1846","1":"product","2":"type-product","3":"status-publish","4":"has-post-thumbnail","6":"product_cat-mens-clothing","8":"first","9":"instock","10":"shipping-taxable","11":"product-type-simple"},"_links":{"self":[{"href":"https:\/\/mj-clothing.com\/sv\/wp-json\/wp\/v2\/product\/1846","targetHints":{"allow":["GET"]}}],"collection":[{"href":"https:\/\/mj-clothing.com\/sv\/wp-json\/wp\/v2\/product"}],"about":[{"href":"https:\/\/mj-clothing.com\/sv\/wp-json\/wp\/v2\/types\/product"}],"wp:featuredmedia":[{"embeddable":true,"href":"https:\/\/mj-clothing.com\/sv\/wp-json\/wp\/v2\/media\/1848"}],"wp:attachment":[{"href":"https:\/\/mj-clothing.com\/sv\/wp-json\/wp\/v2\/media?parent=1846"}],"wp:term":[{"taxonomy":"product_brand","embeddable":true,"href":"https:\/\/mj-clothing.com\/sv\/wp-json\/wp\/v2\/product_brand?post=1846"},{"taxonomy":"product_cat","embeddable":true,"href":"https:\/\/mj-clothing.com\/sv\/wp-json\/wp\/v2\/product_cat?post=1846"},{"taxonomy":"product_tag","embeddable":true,"href":"https:\/\/mj-clothing.com\/sv\/wp-json\/wp\/v2\/product_tag?post=1846"}],"curies":[{"name":"wp","href":"https:\/\/api.w.org\/{rel}","templated":true}]}}