{"id":1859,"date":"2024-12-16T06:23:43","date_gmt":"2024-12-16T06:23:43","guid":{"rendered":"https:\/\/mj-clothing.com\/?post_type=product&#038;p=1859"},"modified":"2024-12-17T06:20:37","modified_gmt":"2024-12-17T06:20:37","slug":"white-crew-neck-sweatshirt","status":"publish","type":"product","link":"https:\/\/mj-clothing.com\/sv\/manufacturer\/white-crew-neck-sweatshirt\/","title":{"rendered":"Sweatshirt med rund halsringning, vit"},"content":{"rendered":"<p data-sourcepos=\"1:1-1:170\"><span class=\"citation-0 recitation citation-end-0\">En vit sweatshirt med rund halsringning \u00e4r ett klassiskt och m\u00e5ngsidigt kl\u00e4desplagg som kan kl\u00e4s upp eller ner.<\/span> Det \u00e4r ett basplagg i garderoben som kan b\u00e4ras \u00e5ret runt.<span class=\"button-container hide-from-message-actions ng-star-inserted\"> \u00a0<\/span><\/p>\n<h3 data-sourcepos=\"3:1-3:49\"><strong>Viktiga egenskaper hos en vit sweatshirt med rund hals:<\/strong><\/h3>\n<ul data-sourcepos=\"5:1-9:0\">\n<li data-sourcepos=\"5:1-5:89\"><strong>Enkel design:<\/strong> En klassisk, minimalistisk design med rund halsringning och l\u00e5nga \u00e4rmar.<\/li>\n<li data-sourcepos=\"6:1-6:97\"><strong>Komfort:<\/strong> <span class=\"citation-1 recitation citation-end-1\">Vanligtvis tillverkade av mjuka material som andas, t.ex. bomull eller fleece.<\/span><span class=\"button-container hide-from-message-actions ng-star-inserted\"> \u00a0<\/span>\n<div class=\"container ng-tns-c2946245707-216 hide\">\n<div class=\"carousel-container ng-tns-c2946245707-216\"><\/div>\n<\/div>\n<\/li>\n<li data-sourcepos=\"7:1-7:91\"><strong><span class=\"citation-2 recitation\">M\u00e5ngsidighet:<\/span><\/strong><span class=\"citation-2 recitation citation-end-2\"> Kan kombineras med jeans, leggings, kjol eller byxor.<\/span>\n<div class=\"container ng-tns-c2946245707-217 hide\">\n<div class=\"carousel-container ng-tns-c2946245707-217\"><\/div>\n<\/div>\n<\/li>\n<li data-sourcepos=\"8:1-9:0\"><strong>Tidl\u00f6s:<\/strong> Ett tidl\u00f6st plagg som aldrig blir omodernt.<\/li>\n<\/ul>\n<h3 data-sourcepos=\"10:1-10:46\"><strong>Hur man stylar en vit sweatshirt med rund halsringning:<\/strong><\/h3>\n<p data-sourcepos=\"12:1-12:66\">H\u00e4r \u00e4r n\u00e5gra id\u00e9er om hur du kan styla en vit sweatshirt med rund halsringning:<\/p>\n<ul data-sourcepos=\"14:1-18:0\">\n<li data-sourcepos=\"14:1-14:67\"><strong>Avslappnad:<\/strong> Kombinera den med jeans och sneakers f\u00f6r en avslappnad look.<\/li>\n<li data-sourcepos=\"15:1-15:69\"><strong>Sportig:<\/strong> B\u00e4r den med joggingbyxor eller leggings och sportskor.<\/li>\n<li data-sourcepos=\"16:1-16:73\"><strong>Dressy Casual:<\/strong> Kl\u00e4 upp den med en kavaj, dressade byxor och loafers.<\/li>\n<li data-sourcepos=\"17:1-18:0\"><strong>Skiktad:<\/strong> L\u00e4gg den under en jeansjacka eller skinnjacka f\u00f6r en snygg look.<\/li>\n<\/ul>\n<h3 data-sourcepos=\"19:1-19:51\"><strong>Tips f\u00f6r att v\u00e4lja en vit Crew Neck-Sweatshirt:<\/strong><\/h3>\n<ul data-sourcepos=\"21:1-24:0\">\n<li data-sourcepos=\"21:1-21:88\"><strong>Material:<\/strong> Leta efter ett mjukt material av h\u00f6g kvalitet som \u00e4r bekv\u00e4mt att b\u00e4ra.<\/li>\n<li data-sourcepos=\"22:1-22:109\"><strong>Passar:<\/strong> V\u00e4lj en passform som passar din personliga stil. Du kan v\u00e4lja en avslappnad passform eller en mer figurn\u00e4ra stil.<\/li>\n<li data-sourcepos=\"23:1-24:0\"><strong>Ta hand om dig:<\/strong> F\u00f6lj sk\u00f6tselanvisningarna p\u00e5 etiketten f\u00f6r att h\u00e5lla din sweatshirt snyggast.<\/li>\n<\/ul>\n<p data-sourcepos=\"25:1-25:101\">Genom att f\u00f6lja dessa tips kan du hitta den perfekta vita sweatshirten med rund hals som du kan l\u00e4gga till i din garderob.<\/p>","protected":false},"excerpt":{"rendered":"<table style=\"height: 481px;\" width=\"465\">\n<tbody>\n<tr>\n<td width=\"146\"><strong><b>Produkt<\/b><\/strong>\u00a0<strong><b>Namn:<\/b><\/strong><\/td>\n<td width=\"601\"><strong>Sweatshirt med rund halsringning, vit<\/strong><\/td>\n<\/tr>\n<tr>\n<td width=\"146\"><strong><b>Materlal:<\/b><\/strong><\/td>\n<td width=\"601\">Polyester\/bomull<\/td>\n<\/tr>\n<tr>\n<td width=\"146\"><strong><b>Teknik:<\/b><\/strong><\/td>\n<td width=\"601\">Tryckning och f\u00e4rgning<\/td>\n<\/tr>\n<tr>\n<td width=\"146\"><strong><b>Stil:<\/b><\/strong><\/td>\n<td width=\"601\">Avslappnad<\/td>\n<\/tr>\n<tr>\n<td width=\"146\"><strong><b>F\u00e4rg<\/b><\/strong><strong><b>:<\/b><\/strong><\/td>\n<td width=\"601\">\u00a0Anpassade f\u00e4rger<\/td>\n<\/tr>\n<tr>\n<td width=\"146\"><strong><b>Storlek:<\/b><\/strong><\/td>\n<td width=\"601\">S \/M \/L \/XL \/2XL<\/td>\n<\/tr>\n<tr>\n<td width=\"146\"><strong><b>OEM\/ODM:<\/b><\/strong><\/td>\n<td width=\"601\">Godtagbar<\/td>\n<\/tr>\n<tr>\n<td width=\"146\"><strong><b>Kvalitet:<\/b><\/strong><\/td>\n<td width=\"601\">100% H\u00f6g kvalitet<\/td>\n<\/tr>\n<tr>\n<td width=\"146\"><strong><b>M<\/b><\/strong><strong><b>OQ:<\/b><\/strong><\/td>\n<td width=\"601\">200 st.<\/td>\n<\/tr>\n<\/tbody>\n<\/table>","protected":false},"featured_media":1860,"template":"","meta":[],"product_brand":[],"product_cat":[38],"product_tag":[],"class_list":{"0":"post-1859","1":"product","2":"type-product","3":"status-publish","4":"has-post-thumbnail","6":"product_cat-mens-clothing","8":"first","9":"instock","10":"shipping-taxable","11":"product-type-simple"},"_links":{"self":[{"href":"https:\/\/mj-clothing.com\/sv\/wp-json\/wp\/v2\/product\/1859","targetHints":{"allow":["GET"]}}],"collection":[{"href":"https:\/\/mj-clothing.com\/sv\/wp-json\/wp\/v2\/product"}],"about":[{"href":"https:\/\/mj-clothing.com\/sv\/wp-json\/wp\/v2\/types\/product"}],"wp:featuredmedia":[{"embeddable":true,"href":"https:\/\/mj-clothing.com\/sv\/wp-json\/wp\/v2\/media\/1860"}],"wp:attachment":[{"href":"https:\/\/mj-clothing.com\/sv\/wp-json\/wp\/v2\/media?parent=1859"}],"wp:term":[{"taxonomy":"product_brand","embeddable":true,"href":"https:\/\/mj-clothing.com\/sv\/wp-json\/wp\/v2\/product_brand?post=1859"},{"taxonomy":"product_cat","embeddable":true,"href":"https:\/\/mj-clothing.com\/sv\/wp-json\/wp\/v2\/product_cat?post=1859"},{"taxonomy":"product_tag","embeddable":true,"href":"https:\/\/mj-clothing.com\/sv\/wp-json\/wp\/v2\/product_tag?post=1859"}],"curies":[{"name":"wp","href":"https:\/\/api.w.org\/{rel}","templated":true}]}}