{"id":1861,"date":"2024-12-16T06:40:02","date_gmt":"2024-12-16T06:40:02","guid":{"rendered":"https:\/\/mj-clothing.com\/?post_type=product&#038;p=1861"},"modified":"2024-12-17T06:17:43","modified_gmt":"2024-12-17T06:17:43","slug":"couple-sweatshirt","status":"publish","type":"product","link":"https:\/\/mj-clothing.com\/sv\/manufacturer\/couple-sweatshirt\/","title":{"rendered":"Sweatshirt f\u00f6r par"},"content":{"rendered":"<p data-sourcepos=\"1:1-1:238\">Par sweatshirts \u00e4r en popul\u00e4r trend som g\u00f6r det m\u00f6jligt f\u00f6r par att uttrycka sin k\u00e4rlek och anslutning genom matchande eller kompletterande kl\u00e4der. De finns i olika stilar, f\u00e4rger och m\u00f6nster, som tillgodoser olika preferenser och tillf\u00e4llen.<\/p>\n<h3 data-sourcepos=\"3:1-3:39\"><strong>Viktiga egenskaper hos Couple Sweatshirts:<\/strong><\/h3>\n<ul data-sourcepos=\"5:1-10:0\">\n<li data-sourcepos=\"5:1-5:109\"><strong>Matchande m\u00f6nster:<\/strong> Ofta har de matchande m\u00f6nster, f\u00e4rger eller fraser som symboliserar parets band.<\/li>\n<li data-sourcepos=\"6:1-6:134\"><strong>Kompletterande konstruktioner:<\/strong> Kan ha olika men relaterade m\u00f6nster, t.ex. \"King\" och \"Queen\", \"Yin\" och \"Yang\" eller \"Her\" och \"Him\".<\/li>\n<li data-sourcepos=\"7:1-7:105\"><strong>Personliga meddelanden:<\/strong> Kan anpassas med namn, initialer, speciella datum eller personliga meddelanden.<\/li>\n<li data-sourcepos=\"8:1-8:95\"><strong>Bekv\u00e4ma material:<\/strong> Vanligtvis tillverkade av mjuka och sk\u00f6na material som bomull eller fleece.<\/li>\n<li data-sourcepos=\"9:1-10:0\"><strong>M\u00e5ngsidiga stilar:<\/strong> Finns i olika modeller, inklusive hoodies, crewnecks och pullover-sweatshirts.<\/li>\n<\/ul>\n<h3 data-sourcepos=\"11:1-11:36\"><strong>Var man kan k\u00f6pa Couple-Sweatshirts:<\/strong><\/h3>\n<ul data-sourcepos=\"13:1-16:0\">\n<li data-sourcepos=\"13:1-13:121\"><strong>\u00c5terf\u00f6rs\u00e4ljare p\u00e5 n\u00e4tet:<\/strong> Webbplatser som Etsy, Amazon och specialiserade par kl\u00e4dbutiker erbjuder ett brett utbud av alternativ.<\/li>\n<li data-sourcepos=\"14:1-14:94\"><strong>Fysiska butiker:<\/strong> Kolla in lokala butiker och varuhus f\u00f6r personlig shopping.<\/li>\n<li data-sourcepos=\"15:1-16:0\"><strong>Anpassade tryckeritj\u00e4nster:<\/strong> Skapa dina egna personliga sweatshirts f\u00f6r par med egna m\u00f6nster och meddelanden.<\/li>\n<\/ul>\n<h3 data-sourcepos=\"17:1-17:41\"><strong>Tips f\u00f6r att v\u00e4lja par sweatshirts:<\/strong><\/h3>\n<ul data-sourcepos=\"19:1-24:0\">\n<li data-sourcepos=\"19:1-19:99\"><strong>T\u00e4nk p\u00e5 din stil:<\/strong> V\u00e4lj en stil som \u00e5terspeglar dina personliga preferenser och tillf\u00e4llet.<\/li>\n<li data-sourcepos=\"20:1-20:97\"><strong>V\u00e4lj r\u00e4tt material:<\/strong> V\u00e4lj bekv\u00e4ma och slitstarka material som bomull eller fleece.<\/li>\n<li data-sourcepos=\"21:1-21:65\"><strong>Kontrollera storleken:<\/strong> S\u00e4kerst\u00e4ll korrekt storlek f\u00f6r b\u00e5da parter.<\/li>\n<li data-sourcepos=\"22:1-22:89\"><strong>G\u00f6r dina sweatshirts personliga:<\/strong> L\u00e4gg till en personlig touch med egna meddelanden eller m\u00f6nster.<\/li>\n<li data-sourcepos=\"23:1-24:0\"><strong>Samordna med din partner:<\/strong> Diskutera era preferenser och samordna era outfits.<\/li>\n<\/ul>\n<p data-sourcepos=\"25:1-25:123\">Genom att v\u00e4lja r\u00e4tt par-sweatshirts kan du skapa en unik och snygg look som \u00e5terspeglar din k\u00e4rlek och samh\u00f6righet.<\/p>","protected":false},"excerpt":{"rendered":"<table style=\"height: 499px;\" width=\"433\">\n<tbody>\n<tr>\n<td width=\"146\"><strong><b>Produkt<\/b><\/strong>\u00a0<strong><b>Namn:<\/b><\/strong><\/td>\n<td width=\"601\"><strong>Sweatshirt f\u00f6r par<\/strong><\/td>\n<\/tr>\n<tr>\n<td width=\"146\"><strong><b>Materlal:<\/b><\/strong><\/td>\n<td width=\"601\">Polyester\/bomull<\/td>\n<\/tr>\n<tr>\n<td width=\"146\"><strong><b>Teknik:<\/b><\/strong><\/td>\n<td width=\"601\">Tryckning och f\u00e4rgning<\/td>\n<\/tr>\n<tr>\n<td width=\"146\"><strong><b>Stil:<\/b><\/strong><\/td>\n<td width=\"601\">Avslappnad<\/td>\n<\/tr>\n<tr>\n<td width=\"146\"><strong><b>F\u00e4rg<\/b><\/strong><strong><b>:<\/b><\/strong><\/td>\n<td width=\"601\">\u00a0Anpassade f\u00e4rger<\/td>\n<\/tr>\n<tr>\n<td width=\"146\"><strong><b>Storlek:<\/b><\/strong><\/td>\n<td width=\"601\">S \/M \/L \/XL \/2XL<\/td>\n<\/tr>\n<tr>\n<td width=\"146\"><strong><b>OEM\/ODM:<\/b><\/strong><\/td>\n<td width=\"601\">Godtagbar<\/td>\n<\/tr>\n<tr>\n<td width=\"146\"><strong><b>Kvalitet:<\/b><\/strong><\/td>\n<td width=\"601\">100% H\u00f6g kvalitet<\/td>\n<\/tr>\n<tr>\n<td width=\"146\"><strong><b>M<\/b><\/strong><strong><b>OQ:<\/b><\/strong><\/td>\n<td width=\"601\">200 st.<\/td>\n<\/tr>\n<\/tbody>\n<\/table>","protected":false},"featured_media":1862,"template":"","meta":[],"product_brand":[],"product_cat":[38],"product_tag":[],"class_list":{"0":"post-1861","1":"product","2":"type-product","3":"status-publish","4":"has-post-thumbnail","6":"product_cat-mens-clothing","8":"first","9":"instock","10":"shipping-taxable","11":"product-type-simple"},"_links":{"self":[{"href":"https:\/\/mj-clothing.com\/sv\/wp-json\/wp\/v2\/product\/1861","targetHints":{"allow":["GET"]}}],"collection":[{"href":"https:\/\/mj-clothing.com\/sv\/wp-json\/wp\/v2\/product"}],"about":[{"href":"https:\/\/mj-clothing.com\/sv\/wp-json\/wp\/v2\/types\/product"}],"wp:featuredmedia":[{"embeddable":true,"href":"https:\/\/mj-clothing.com\/sv\/wp-json\/wp\/v2\/media\/1862"}],"wp:attachment":[{"href":"https:\/\/mj-clothing.com\/sv\/wp-json\/wp\/v2\/media?parent=1861"}],"wp:term":[{"taxonomy":"product_brand","embeddable":true,"href":"https:\/\/mj-clothing.com\/sv\/wp-json\/wp\/v2\/product_brand?post=1861"},{"taxonomy":"product_cat","embeddable":true,"href":"https:\/\/mj-clothing.com\/sv\/wp-json\/wp\/v2\/product_cat?post=1861"},{"taxonomy":"product_tag","embeddable":true,"href":"https:\/\/mj-clothing.com\/sv\/wp-json\/wp\/v2\/product_tag?post=1861"}],"curies":[{"name":"wp","href":"https:\/\/api.w.org\/{rel}","templated":true}]}}