{"id":1864,"date":"2024-12-16T06:43:48","date_gmt":"2024-12-16T06:43:48","guid":{"rendered":"https:\/\/mj-clothing.com\/?post_type=product&#038;p=1864"},"modified":"2024-12-17T03:58:09","modified_gmt":"2024-12-17T03:58:09","slug":"collared-sweatshirt","status":"publish","type":"product","link":"https:\/\/mj-clothing.com\/sv\/manufacturer\/collared-sweatshirt\/","title":{"rendered":"Sweatshirt med krage"},"content":{"rendered":"<p data-sourcepos=\"1:1-1:242\">En sweatshirt med krage, \u00e4ven k\u00e4nd som en mock neck eller turtleneck sweatshirt, \u00e4r ett m\u00e5ngsidigt kl\u00e4desplagg som kombinerar komforten hos en sweatshirt med stilen hos en krage. Det \u00e4r ett popul\u00e4rt val f\u00f6r b\u00e5de avslappnade och halvformella tillf\u00e4llen.<\/p>\n<h3 data-sourcepos=\"3:1-3:42\"><strong>Viktiga egenskaper hos en Collared Sweatshirt:<\/strong><\/h3>\n<ul data-sourcepos=\"5:1-9:0\">\n<li data-sourcepos=\"5:1-5:174\"><strong>Krage:<\/strong> Det som k\u00e4nnetecknar en sweatshirt med krage \u00e4r kragen, som kan vara en mock neck (kort och \u00e5tsittande) eller en full turtleneck (l\u00e4ngre och mer t\u00e4ckande).<\/li>\n<li data-sourcepos=\"6:1-6:109\"><strong>Bekv\u00e4mt material:<\/strong> Vanligtvis tillverkade av mjuka, varma material som bomull, fleece eller en blandning av b\u00e5da.<\/li>\n<li data-sourcepos=\"7:1-7:96\"><strong>M\u00e5ngsidig stil:<\/strong> Kan kl\u00e4s upp eller ner, vilket g\u00f6r den l\u00e4mplig f\u00f6r en m\u00e4ngd olika tillf\u00e4llen.<\/li>\n<li data-sourcepos=\"8:1-9:0\"><strong>Potential f\u00f6r skiktning:<\/strong> Kan kombineras med andra kl\u00e4desplagg, t.ex. en t-shirt, en jacka eller en v\u00e4st.<\/li>\n<\/ul>\n<h3 data-sourcepos=\"10:1-10:39\"><strong>Hur man stylar en tr\u00f6ja med krage:<\/strong><\/h3>\n<p data-sourcepos=\"12:1-12:59\">H\u00e4r \u00e4r n\u00e5gra id\u00e9er om hur du kan styla en sweatshirt med krage:<\/p>\n<ul data-sourcepos=\"14:1-18:0\">\n<li data-sourcepos=\"14:1-14:65\"><strong>Avslappnad:<\/strong> Kombinera den med jeans och sneakers f\u00f6r en avslappnad look.<\/li>\n<li data-sourcepos=\"15:1-15:68\"><strong>Sportig:<\/strong> B\u00e4r den med sweatpants eller joggers och sportskor.<\/li>\n<li data-sourcepos=\"16:1-16:73\"><strong>Dressy Casual:<\/strong> Kl\u00e4 upp den med en kavaj, dressade byxor och loafers.<\/li>\n<li data-sourcepos=\"17:1-18:0\"><strong>Skiktad:<\/strong> L\u00e4gg den under en jeansjacka eller skinnjacka f\u00f6r en snygg look.<\/li>\n<\/ul>\n<h3 data-sourcepos=\"19:1-19:44\"><strong>Tips f\u00f6r att v\u00e4lja en sweatshirt med krage:<\/strong><\/h3>\n<ul data-sourcepos=\"21:1-25:0\">\n<li data-sourcepos=\"21:1-21:88\"><strong>Material:<\/strong> Leta efter ett mjukt material av h\u00f6g kvalitet som \u00e4r bekv\u00e4mt att b\u00e4ra.<\/li>\n<li data-sourcepos=\"22:1-22:109\"><strong>Passar:<\/strong> V\u00e4lj en passform som passar din personliga stil. Du kan v\u00e4lja en avslappnad passform eller en mer figurn\u00e4ra stil.<\/li>\n<li data-sourcepos=\"23:1-23:103\"><strong>F\u00e4rg:<\/strong> T\u00e4nk p\u00e5 f\u00e4rgen p\u00e5 sweatshirten och hur den kommer att komplettera dina andra kl\u00e4desplagg.<\/li>\n<li data-sourcepos=\"24:1-25:0\"><strong>Stil p\u00e5 krage:<\/strong> Best\u00e4m dig f\u00f6r vilken typ av krage du f\u00f6redrar, om det \u00e4r en mock neck eller en full turtleneck.<\/li>\n<\/ul>\n<p data-sourcepos=\"26:1-26:94\">Genom att f\u00f6lja dessa tips kan du hitta den perfekta sweatshirten med krage att l\u00e4gga till i din garderob.<\/p>","protected":false},"excerpt":{"rendered":"<table style=\"height: 544px;\" width=\"428\">\n<tbody>\n<tr>\n<td width=\"146\"><strong><b>Produkt<\/b><\/strong>\u00a0<strong><b>Namn:<\/b><\/strong><\/td>\n<td width=\"601\"><strong>Sweatshirt med krage<\/strong><\/td>\n<\/tr>\n<tr>\n<td width=\"146\"><strong><b>Materlal:<\/b><\/strong><\/td>\n<td width=\"601\">Polyester\/bomull<\/td>\n<\/tr>\n<tr>\n<td width=\"146\"><strong><b>Teknik: <\/b><\/strong><\/td>\n<td width=\"601\">Tryckning och f\u00e4rgning<\/td>\n<\/tr>\n<tr>\n<td width=\"146\"><strong><b>Stil: <\/b><\/strong><\/td>\n<td width=\"601\">Avslappnad<\/td>\n<\/tr>\n<tr>\n<td width=\"146\"><strong><b>F\u00e4rg<\/b><\/strong><strong><b>:<\/b><\/strong><\/td>\n<td width=\"601\">\u00a0Anpassade f\u00e4rger<\/td>\n<\/tr>\n<tr>\n<td width=\"146\"><strong><b>Storlek:<\/b><\/strong><\/td>\n<td width=\"601\">S \/M \/L \/XL \/2XL<\/td>\n<\/tr>\n<tr>\n<td width=\"146\"><strong><b>OEM\/ODM:<\/b><\/strong><\/td>\n<td width=\"601\">Godtagbar<\/td>\n<\/tr>\n<tr>\n<td width=\"146\"><strong><b>Kvalitet:<\/b><\/strong><\/td>\n<td width=\"601\">100% H\u00f6g kvalitet<\/td>\n<\/tr>\n<tr>\n<td width=\"146\"><strong><b>M<\/b><\/strong><strong><b>OQ:<\/b><\/strong><\/td>\n<td width=\"601\">200 st.<\/td>\n<\/tr>\n<\/tbody>\n<\/table>","protected":false},"featured_media":1865,"template":"","meta":[],"product_brand":[],"product_cat":[38],"product_tag":[],"class_list":{"0":"post-1864","1":"product","2":"type-product","3":"status-publish","4":"has-post-thumbnail","6":"product_cat-mens-clothing","8":"first","9":"instock","10":"shipping-taxable","11":"product-type-simple"},"_links":{"self":[{"href":"https:\/\/mj-clothing.com\/sv\/wp-json\/wp\/v2\/product\/1864","targetHints":{"allow":["GET"]}}],"collection":[{"href":"https:\/\/mj-clothing.com\/sv\/wp-json\/wp\/v2\/product"}],"about":[{"href":"https:\/\/mj-clothing.com\/sv\/wp-json\/wp\/v2\/types\/product"}],"wp:featuredmedia":[{"embeddable":true,"href":"https:\/\/mj-clothing.com\/sv\/wp-json\/wp\/v2\/media\/1865"}],"wp:attachment":[{"href":"https:\/\/mj-clothing.com\/sv\/wp-json\/wp\/v2\/media?parent=1864"}],"wp:term":[{"taxonomy":"product_brand","embeddable":true,"href":"https:\/\/mj-clothing.com\/sv\/wp-json\/wp\/v2\/product_brand?post=1864"},{"taxonomy":"product_cat","embeddable":true,"href":"https:\/\/mj-clothing.com\/sv\/wp-json\/wp\/v2\/product_cat?post=1864"},{"taxonomy":"product_tag","embeddable":true,"href":"https:\/\/mj-clothing.com\/sv\/wp-json\/wp\/v2\/product_tag?post=1864"}],"curies":[{"name":"wp","href":"https:\/\/api.w.org\/{rel}","templated":true}]}}