{"id":1891,"date":"2024-12-16T07:27:51","date_gmt":"2024-12-16T07:27:51","guid":{"rendered":"https:\/\/mj-clothing.com\/?post_type=product&#038;p=1891"},"modified":"2024-12-17T03:45:11","modified_gmt":"2024-12-17T03:45:11","slug":"african-print-womens-tops","status":"publish","type":"product","link":"https:\/\/mj-clothing.com\/sv\/manufacturer\/african-print-womens-tops\/","title":{"rendered":"Damtoppar med afrikanskt tryck"},"content":{"rendered":"<div id=\"model-response-message-contentr_ec3773cab81b3474\" class=\"markdown markdown-main-panel response-optimization\" dir=\"ltr\">\n<p data-sourcepos=\"1:1-1:255\"><span class=\"citation-0 recitation citation-end-0\">African Print Womens Tops \u00e4r livfulla och snygga plagg som hyllar Afrikas rika kulturarv.<\/span> <span class=\"citation-1 recitation citation-end-1\">Dessa toppar \u00e4r ofta tillverkade av Ankara-tyg, ett f\u00e4rgstarkt och m\u00f6nstrat bomullstyg som \u00e4r popul\u00e4rt i V\u00e4stafrika.<\/span><span class=\"button-container hide-from-message-actions ng-star-inserted\">\u00a0 \u00a0<\/span><\/p>\n<h3 data-sourcepos=\"5:1-5:58\">Damtoppar med afrikanskt tryck finns i en m\u00e4ngd olika stilar, inklusive:<\/h3>\n<ul data-sourcepos=\"7:1-11:0\">\n<li data-sourcepos=\"7:1-7:88\"><strong>Blusar:<\/strong> Dessa toppar \u00e4r ofta figursydda och kan b\u00e4ras till kjolar, byxor eller jeans.<\/li>\n<li data-sourcepos=\"8:1-8:80\"><strong>Kl\u00e4nningar:<\/strong> Kl\u00e4nningar med afrikanskt tryck \u00e4r ett popul\u00e4rt val f\u00f6r speciella tillf\u00e4llen.<\/li>\n<li data-sourcepos=\"9:1-9:77\"><strong><span class=\"citation-2 recitation\">T-shirts:<\/span><\/strong><span class=\"citation-2 recitation citation-end-2\"> Dessa lediga toppar \u00e4r perfekta f\u00f6r vardagsbruk.<\/span><span class=\"button-container hide-from-message-actions ng-star-inserted\"> \u00a0<\/span><\/li>\n<li data-sourcepos=\"9:1-9:77\"><strong style=\"font-size: 14.4px;\"><span class=\"citation-3 recitation\">Hoppdr\u00e4kter:<\/span><\/strong><span class=\"citation-3 recitation citation-end-3\" style=\"font-size: 14.4px;\"> Dessa snygga jumpsuits \u00e4r perfekta f\u00f6r en utekv\u00e4ll.<\/span><span class=\"button-container hide-from-message-actions ng-star-inserted\" style=\"font-size: 14.4px;\">\u00a0\u00a0<\/span>\n<div class=\"container ng-tns-c2946245707-271 hide\">\n<div class=\"carousel-container ng-tns-c2946245707-271\">\n<div class=\"carousel-content ng-tns-c2946245707-271\">\n<div class=\"sources-carousel-source ng-tns-c2946245707-271 hide ng-star-inserted\" data-test-id=\"sources-carousel-source\"><\/div>\n<\/div>\n<\/div>\n<\/div>\n<\/li>\n<\/ul>\n<p data-sourcepos=\"12:1-12:147\">Toppar med afrikanskt tryck \u00e4r inte bara vackra utan ocks\u00e5 bekv\u00e4ma och m\u00e5ngsidiga. De kan kl\u00e4s upp eller ner, vilket g\u00f6r dem perfekta f\u00f6r alla tillf\u00e4llen.<\/p>\n<h3 data-sourcepos=\"14:1-14:50\">H\u00e4r \u00e4r n\u00e5gra tips f\u00f6r styling av African Print Womens Tops:<\/h3>\n<ul data-sourcepos=\"16:1-20:0\">\n<li data-sourcepos=\"16:1-16:100\"><strong>Mixa och matcha:<\/strong> Var inte r\u00e4dd f\u00f6r att mixa och matcha afrikanska tryck med andra m\u00f6nster och f\u00e4rger.<\/li>\n<li data-sourcepos=\"17:1-17:102\"><strong><span class=\"citation-4 recitation\">Accessoarer:<\/span><\/strong><span class=\"citation-4 recitation citation-end-4\"> Komplettera med accessoarer som smycken, halsdukar och hattar f\u00f6r att g\u00f6ra din look komplett.<\/span><span class=\"button-container hide-from-message-actions ng-star-inserted\"> \u00a0<\/span><\/li>\n<li data-sourcepos=\"17:1-17:102\"><strong style=\"font-size: 14.4px;\">H\u00e5ll det enkelt:<\/strong><span style=\"font-size: 14.4px;\"> Om du b\u00e4r en dj\u00e4rv topp med afrikanskt tryck, h\u00e5ll resten av din outfit enkel.<\/span><\/li>\n<li data-sourcepos=\"19:1-20:0\"><strong>Omfamna din individualitet:<\/strong> <span class=\"citation-5 recitation citation-end-5\">Toppar med afrikanskt tryck \u00e4r ett bra s\u00e4tt att uttrycka din personliga stil.<\/span><span class=\"button-container hide-from-message-actions ng-star-inserted\"> \u00a0<\/span>\n<div class=\"container ng-tns-c2946245707-273 hide\">\n<div class=\"carousel-container ng-tns-c2946245707-273\"><\/div>\n<\/div>\n<\/li>\n<\/ul>\n<p data-sourcepos=\"21:1-21:147\">Oavsett om du letar efter en avslappnad topp att b\u00e4ra runt huset eller en snygg outfit f\u00f6r ett speciellt tillf\u00e4lle \u00e4r toppar med afrikanskt tryck ett bra alternativ.<\/p>\n<\/div>","protected":false},"excerpt":{"rendered":"<table style=\"height: 455px;\" width=\"420\">\n<tbody>\n<tr>\n<td width=\"146\"><strong><b>Produkt<\/b><\/strong>\u00a0<strong><b>Namn:<\/b><\/strong><\/td>\n<td width=\"601\"><strong>Damtoppar med afrikanskt tryck<\/strong><\/td>\n<\/tr>\n<tr>\n<td width=\"146\"><strong><b>Materlal:<\/b><\/strong><\/td>\n<td width=\"601\">Stickning<\/td>\n<\/tr>\n<tr>\n<td width=\"146\"><strong><b>Teknik:<\/b><\/strong><\/td>\n<td width=\"601\">Broderad<\/td>\n<\/tr>\n<tr>\n<td width=\"146\"><strong><b>Stil:<\/b><\/strong><\/td>\n<td width=\"601\">Avslappnad<\/td>\n<\/tr>\n<tr>\n<td width=\"146\"><strong><b>F\u00e4rg<\/b><\/strong><strong><b>:<\/b><\/strong><\/td>\n<td width=\"601\">\u00a0Anpassade f\u00e4rger<\/td>\n<\/tr>\n<tr>\n<td width=\"146\"><strong><b>Storlek:<\/b><\/strong><\/td>\n<td width=\"601\">S \/M \/L \/XL \/2XL<\/td>\n<\/tr>\n<tr>\n<td width=\"146\"><strong><b>OEM\/ODM:<\/b><\/strong><\/td>\n<td width=\"601\">Godtagbar<\/td>\n<\/tr>\n<tr>\n<td width=\"146\"><strong><b>Kvalitet:<\/b><\/strong><\/td>\n<td width=\"601\">100% H\u00f6g kvalitet<\/td>\n<\/tr>\n<tr>\n<td width=\"146\"><strong><b>M<\/b><\/strong><strong><b>OQ:<\/b><\/strong><\/td>\n<td width=\"601\">200 st.<\/td>\n<\/tr>\n<\/tbody>\n<\/table>","protected":false},"featured_media":1892,"template":"","meta":[],"product_brand":[],"product_cat":[39],"product_tag":[],"class_list":{"0":"post-1891","1":"product","2":"type-product","3":"status-publish","4":"has-post-thumbnail","6":"product_cat-womens-clothing","8":"first","9":"instock","10":"shipping-taxable","11":"product-type-simple"},"_links":{"self":[{"href":"https:\/\/mj-clothing.com\/sv\/wp-json\/wp\/v2\/product\/1891","targetHints":{"allow":["GET"]}}],"collection":[{"href":"https:\/\/mj-clothing.com\/sv\/wp-json\/wp\/v2\/product"}],"about":[{"href":"https:\/\/mj-clothing.com\/sv\/wp-json\/wp\/v2\/types\/product"}],"wp:featuredmedia":[{"embeddable":true,"href":"https:\/\/mj-clothing.com\/sv\/wp-json\/wp\/v2\/media\/1892"}],"wp:attachment":[{"href":"https:\/\/mj-clothing.com\/sv\/wp-json\/wp\/v2\/media?parent=1891"}],"wp:term":[{"taxonomy":"product_brand","embeddable":true,"href":"https:\/\/mj-clothing.com\/sv\/wp-json\/wp\/v2\/product_brand?post=1891"},{"taxonomy":"product_cat","embeddable":true,"href":"https:\/\/mj-clothing.com\/sv\/wp-json\/wp\/v2\/product_cat?post=1891"},{"taxonomy":"product_tag","embeddable":true,"href":"https:\/\/mj-clothing.com\/sv\/wp-json\/wp\/v2\/product_tag?post=1891"}],"curies":[{"name":"wp","href":"https:\/\/api.w.org\/{rel}","templated":true}]}}