{"id":1919,"date":"2024-12-16T08:23:18","date_gmt":"2024-12-16T08:23:18","guid":{"rendered":"https:\/\/mj-clothing.com\/?post_type=product&#038;p=1919"},"modified":"2024-12-17T03:44:00","modified_gmt":"2024-12-17T03:44:00","slug":"womens-pink-long-sleeve-tops","status":"publish","type":"product","link":"https:\/\/mj-clothing.com\/sv\/manufacturer\/womens-pink-long-sleeve-tops\/","title":{"rendered":"Rosa l\u00e5ng\u00e4rmade toppar f\u00f6r kvinnor"},"content":{"rendered":"<p data-sourcepos=\"1:1-1:189\">L\u00e5ng\u00e4rmade rosa toppar f\u00f6r damer \u00e4r ett m\u00e5ngsidigt och snyggt val f\u00f6r kvinnor. <span class=\"citation-0 recitation citation-end-0\">De finns i olika nyanser, fr\u00e5n mjuk rouge till livlig varmrosa, och kan stylas f\u00f6r olika tillf\u00e4llen.<\/span><span class=\"button-container hide-from-message-actions ng-star-inserted\"> \u00a0<\/span><\/p>\n<h3 data-sourcepos=\"5:1-5:54\">\u00a0 \u00a0 \u00a0 H\u00e4r \u00e4r n\u00e5gra popul\u00e4ra stilar av rosa l\u00e5ng\u00e4rmade toppar f\u00f6r kvinnor:<\/h3>\n<ul data-sourcepos=\"7:1-18:0\">\n<li data-sourcepos=\"7:1-9:0\">\n<p data-sourcepos=\"7:3-8:22\"><strong><span class=\"citation-1 recitation\">Blusar:<\/span><\/strong><span class=\"citation-1 recitation citation-end-1\"> Rosa blusar kan tillverkas av olika tyger, t.ex. siden, bomull eller linne.<\/span> De kan kombineras med kjolar, byxor eller jeans f\u00f6r en elegant och sofistikerad look.<span class=\"button-container hide-from-message-actions ng-star-inserted\">\u00a0 \u00a0<\/span><\/p>\n<\/li>\n<li data-sourcepos=\"7:1-9:0\">\n<p data-sourcepos=\"7:3-8:22\"><strong style=\"font-size: 14.4px;\"><span class=\"citation-2 recitation\">T-shirts:<\/span><\/strong><span class=\"citation-2 recitation citation-end-2\" style=\"font-size: 14.4px;\"> Rosa t-shirts \u00e4r ett avslappnat och bekv\u00e4mt alternativ som kan kombineras med jeans, shorts eller kjolar.<\/span><span class=\"button-container hide-from-message-actions ng-star-inserted\" style=\"font-size: 14.4px;\">\u00a0 \u00a0<\/span><\/p>\n<\/li>\n<li data-sourcepos=\"7:1-9:0\">\n<p data-sourcepos=\"7:3-8:22\"><strong style=\"font-size: 14.4px;\"><span class=\"citation-3 recitation\">Tr\u00f6jor:<\/span><\/strong><span class=\"citation-3 recitation citation-end-3\" style=\"font-size: 14.4px;\"> Rosa tr\u00f6jor \u00e4r perfekta f\u00f6r kyligare v\u00e4der.<\/span><span style=\"font-size: 14.4px;\"> De kan b\u00e4ras med jeans, leggings eller kjolar.<\/span><\/p>\n<\/li>\n<li data-sourcepos=\"7:1-9:0\">\n<p data-sourcepos=\"7:3-8:22\"><strong style=\"font-size: 14.4px;\"><span class=\"citation-4 recitation\">Tank tops:<\/span><\/strong><span class=\"citation-4 recitation citation-end-4\" style=\"font-size: 14.4px;\"> Rosa linnen \u00e4r ett m\u00e5ngsidigt plagg som kan kombineras med andra toppar eller b\u00e4ras ensamt.<\/span><span class=\"button-container hide-from-message-actions ng-star-inserted\" style=\"font-size: 14.4px;\">\u00a0 \u00a0<\/span><\/p>\n<div class=\"container ng-tns-c2946245707-318 hide\">\n<div class=\"carousel-container ng-tns-c2946245707-318\"><\/div>\n<\/div>\n<div class=\"attachment-container search-images\">\n<div class=\"image-container hide-from-message-actions ng-star-inserted\">\n<div class=\"caption ellipsis gmat-caption ng-star-inserted\" aria-hidden=\"true\"><span style=\"font-size: 20.16px;\">N\u00e4r kvinnliga rosa l\u00e5ng\u00e4rmade toppar, \u00f6verv\u00e4ga f\u00f6ljande tips:<\/span><\/div>\n<\/div>\n<\/div>\n<\/li>\n<\/ul>\n<ul data-sourcepos=\"21:1-25:0\">\n<li data-sourcepos=\"21:1-21:94\"><strong>Accessoarer:<\/strong> L\u00e4gg till accessoarer som halsband, \u00f6rh\u00e4ngen och halsdukar f\u00f6r att f\u00f6rh\u00f6ja din look.<\/li>\n<li data-sourcepos=\"22:1-22:121\"><strong>Lek med texturer:<\/strong> Mixa och matcha olika texturer, som spets, sammet eller stickat, f\u00f6r att skapa intressanta outfits.<\/li>\n<li data-sourcepos=\"23:1-23:114\"><strong>Experimentera med f\u00e4rger:<\/strong> Kombinera din rosa topp med andra f\u00e4rger som svart, vitt eller denim f\u00f6r en klassisk look.<\/li>\n<li data-sourcepos=\"24:1-25:0\"><strong>H\u00e5ll det enkelt:<\/strong> Om du b\u00e4r en dj\u00e4rvt rosa topp, h\u00e5ll resten av din outfit enkel.<\/li>\n<\/ul>\n<p data-sourcepos=\"26:1-26:192\">Rosa l\u00e5ng\u00e4rmade toppar \u00e4r ett m\u00e5ngsidigt och snyggt val som kan b\u00e4ras vid alla tillf\u00e4llen. Genom att f\u00f6lja dessa tips kan du skapa fantastiska outfits som f\u00e5r dig att se ut och k\u00e4nna dig som b\u00e4st.<\/p>","protected":false},"excerpt":{"rendered":"<table style=\"height: 488px;\" width=\"438\">\n<tbody>\n<tr>\n<td width=\"146\"><strong><b>Produkt<\/b><\/strong>\u00a0<strong><b>Namn:<\/b><\/strong><\/td>\n<td width=\"601\"><strong>Rosa l\u00e5ng\u00e4rmade toppar f\u00f6r kvinnor<\/strong><\/td>\n<\/tr>\n<tr>\n<td width=\"146\"><strong><b>Materlal:<\/b><\/strong><\/td>\n<td width=\"601\">Stickning<\/td>\n<\/tr>\n<tr>\n<td width=\"146\"><strong><b>Teknik:<\/b><\/strong><\/td>\n<td width=\"601\">Broderad<\/td>\n<\/tr>\n<tr>\n<td width=\"146\"><strong><b>Stil:<\/b><\/strong><\/td>\n<td width=\"601\">Avslappnad<\/td>\n<\/tr>\n<tr>\n<td width=\"146\"><strong><b>F\u00e4rg<\/b><\/strong><strong><b>:<\/b><\/strong><\/td>\n<td width=\"601\">\u00a0Anpassade f\u00e4rger<\/td>\n<\/tr>\n<tr>\n<td width=\"146\"><strong><b>Storlek:<\/b><\/strong><\/td>\n<td width=\"601\">S \/M \/L \/XL \/2XL<\/td>\n<\/tr>\n<tr>\n<td width=\"146\"><strong><b>OEM\/ODM:<\/b><\/strong><\/td>\n<td width=\"601\">Godtagbar<\/td>\n<\/tr>\n<tr>\n<td width=\"146\"><strong><b>Kvalitet:<\/b><\/strong><\/td>\n<td width=\"601\">100% H\u00f6g kvalitet<\/td>\n<\/tr>\n<tr>\n<td width=\"146\"><strong><b>M<\/b><\/strong><strong><b>OQ:<\/b><\/strong><\/td>\n<td width=\"601\">200 st.<\/td>\n<\/tr>\n<\/tbody>\n<\/table>","protected":false},"featured_media":1922,"template":"","meta":[],"product_brand":[],"product_cat":[39],"product_tag":[],"class_list":{"0":"post-1919","1":"product","2":"type-product","3":"status-publish","4":"has-post-thumbnail","6":"product_cat-womens-clothing","8":"first","9":"instock","10":"shipping-taxable","11":"product-type-simple"},"_links":{"self":[{"href":"https:\/\/mj-clothing.com\/sv\/wp-json\/wp\/v2\/product\/1919","targetHints":{"allow":["GET"]}}],"collection":[{"href":"https:\/\/mj-clothing.com\/sv\/wp-json\/wp\/v2\/product"}],"about":[{"href":"https:\/\/mj-clothing.com\/sv\/wp-json\/wp\/v2\/types\/product"}],"wp:featuredmedia":[{"embeddable":true,"href":"https:\/\/mj-clothing.com\/sv\/wp-json\/wp\/v2\/media\/1922"}],"wp:attachment":[{"href":"https:\/\/mj-clothing.com\/sv\/wp-json\/wp\/v2\/media?parent=1919"}],"wp:term":[{"taxonomy":"product_brand","embeddable":true,"href":"https:\/\/mj-clothing.com\/sv\/wp-json\/wp\/v2\/product_brand?post=1919"},{"taxonomy":"product_cat","embeddable":true,"href":"https:\/\/mj-clothing.com\/sv\/wp-json\/wp\/v2\/product_cat?post=1919"},{"taxonomy":"product_tag","embeddable":true,"href":"https:\/\/mj-clothing.com\/sv\/wp-json\/wp\/v2\/product_tag?post=1919"}],"curies":[{"name":"wp","href":"https:\/\/api.w.org\/{rel}","templated":true}]}}