{"id":1937,"date":"2024-12-16T08:58:11","date_gmt":"2024-12-16T08:58:11","guid":{"rendered":"https:\/\/mj-clothing.com\/?post_type=product&#038;p=1937"},"modified":"2024-12-18T06:12:05","modified_gmt":"2024-12-18T06:12:05","slug":"womens-flowy-tops","status":"publish","type":"product","link":"https:\/\/mj-clothing.com\/sv\/manufacturer\/womens-flowy-tops\/","title":{"rendered":"Flowy toppar f\u00f6r kvinnor"},"content":{"rendered":"<div id=\"model-response-message-contentr_088ece0303c648c2\" class=\"markdown markdown-main-panel response-optimization\" dir=\"ltr\">\n<p data-sourcepos=\"1:1-1:232\">Fl\u00f6dande toppar f\u00f6r kvinnor \u00e4r ett popul\u00e4rt val f\u00f6r kvinnor p\u00e5 grund av deras komfort och m\u00e5ngsidighet. <span class=\"citation-0 recitation citation-end-0\">De finns i olika stilar, f\u00e4rger och tyger, vilket g\u00f6r dem l\u00e4mpliga f\u00f6r olika tillf\u00e4llen.<\/span> H\u00e4r \u00e4r n\u00e5gra popul\u00e4ra stilar av fl\u00f6dande toppar:<span class=\"button-container hide-from-message-actions ng-star-inserted\">\u00a0<\/span><\/p>\n<h3 data-sourcepos=\"3:1-3:21\"><strong>1. Fl\u00f6dande toppar f\u00f6r kvinnor Blusar:<\/strong><\/h3>\n<ul data-sourcepos=\"5:1-11:0\">\n<li data-sourcepos=\"5:1-6:31\"><strong><span class=\"citation-1 recitation\">Blusar med rufsiga \u00e4rmar:<\/span><\/strong><span class=\"citation-1 recitation citation-end-1\"> Dessa blusar ger en touch av femininitet och romantik till alla outfits.<\/span><\/li>\n<li data-sourcepos=\"5:1-6:31\"><span class=\"button-container hide-from-message-actions ng-star-inserted\"><strong style=\"font-size: 14.4px;\"><span class=\"citation-2 recitation\">Blusar utan axlar:<\/span><\/strong><span class=\"citation-2 recitation citation-end-2\" style=\"font-size: 14.4px;\"> Dessa blusar \u00e4r perfekta f\u00f6r att visa upp axlarna och skapa en flirtig look.<\/span><\/span><\/li>\n<li data-sourcepos=\"5:1-6:31\"><strong><span class=\"citation-3 recitation\">Blusar med knytfront:<\/span><\/strong><span class=\"citation-3 recitation citation-end-3\"> Dessa blusar har en smickrande och justerbar passform.<\/span>\n<div class=\"container ng-tns-c2946245707-355 hide\">\n<div class=\"carousel-container ng-tns-c2946245707-355\"><\/div>\n<\/div>\n<div class=\"attachment-container search-images\">\n<div class=\"image-container hide-from-message-actions ng-star-inserted\">\n<div class=\"caption ellipsis gmat-caption ng-star-inserted\" aria-hidden=\"true\"><\/div>\n<\/div>\n<\/div>\n<\/li>\n<\/ul>\n<h3 data-sourcepos=\"12:1-12:20\"><strong>2. Fl\u00f6dande toppar f\u00f6r kvinnor Tunikor:<\/strong><\/h3>\n<ul data-sourcepos=\"14:1-20:0\">\n<li data-sourcepos=\"14:1-15:24\"><strong><span class=\"citation-4 recitation\">Tunikor med tryck:<\/span><\/strong><span class=\"citation-4 recitation citation-end-4\"> Dessa tunikor \u00e4r perfekta f\u00f6r att ge din garderob en f\u00e4rg- och m\u00f6nsterklick.<\/span><\/li>\n<li data-sourcepos=\"14:1-15:24\"><strong style=\"font-size: 14.4px;\">Tunika i enf\u00e4rgad modell:<\/strong><span style=\"font-size: 14.4px;\"> Dessa tunikor \u00e4r m\u00e5ngsidiga och kan kl\u00e4s upp eller ner.<\/span><\/li>\n<li data-sourcepos=\"14:1-15:24\"><strong style=\"font-size: 14.4px;\">Broderade tunikor:<\/strong><span style=\"font-size: 14.4px;\"> Dessa tunikor ger en touch av elegans och sofistikeradhet.<\/span>\n<div class=\"attachment-container search-images\">\n<div class=\"image-container hide-from-message-actions ng-star-inserted\">\n<div class=\"caption ellipsis gmat-caption ng-star-inserted\" aria-hidden=\"true\"><\/div>\n<\/div>\n<\/div>\n<\/li>\n<\/ul>\n<h3 data-sourcepos=\"21:1-21:23\"><strong>3.Womens Flowy Tops Tank Tops:<\/strong><\/h3>\n<ul data-sourcepos=\"23:1-29:0\">\n<li data-sourcepos=\"23:1-24:24\"><strong>Linne med spets:<\/strong> Dessa linnen \u00e4r perfekta f\u00f6r att ge en touch av femininitet och romantik till alla outfits.<\/li>\n<li data-sourcepos=\"23:1-24:24\"><strong style=\"font-size: 14.4px;\">Tank Tops med axelband:<\/strong><span style=\"font-size: 14.4px;\"> De h\u00e4r linnena \u00e4r perfekta f\u00f6r lager p\u00e5 lager eller att b\u00e4ra som de \u00e4r.<\/span><\/li>\n<li data-sourcepos=\"23:1-24:24\"><span class=\"button-container hide-from-message-actions ng-star-inserted\"><strong style=\"font-size: 14.4px;\"><span class=\"citation-5 recitation\">Tank Tops med rufs:<\/span><\/strong><span class=\"citation-5 recitation citation-end-5\" style=\"font-size: 14.4px;\"> De h\u00e4r linnena ger en lekfull och flirtig touch till alla outfits.<\/span><span class=\"button-container hide-from-message-actions ng-star-inserted\" style=\"font-size: 14.4px;\"> \u00a0<\/span><\/span>\n<div class=\"container ng-tns-c2946245707-357 hide\">\n<div class=\"carousel-container ng-tns-c2946245707-357\"><\/div>\n<\/div>\n<div class=\"attachment-container search-images\"><\/div>\n<\/li>\n<\/ul>\n<h4 data-sourcepos=\"30:1-30:22\"><strong>4. Fl\u00f6dande tr\u00f6jor:<\/strong><\/h4>\n<ul data-sourcepos=\"32:1-38:0\">\n<li data-sourcepos=\"32:1-33:28\"><strong><span class=\"citation-6 recitation\">\u00d6verdimensionerade tr\u00f6jor:<\/span><\/strong><span class=\"citation-6 recitation citation-end-6\"> Dessa tr\u00f6jor \u00e4r perfekta f\u00f6r att mysa med en kylig dag.<\/span><span class=\"button-container hide-from-message-actions ng-star-inserted\">\u00a0 \u00a0<\/span>\n<div class=\"container ng-tns-c2946245707-358 hide\">\n<div class=\"carousel-container ng-tns-c2946245707-358\"><\/div>\n<\/div>\n<div class=\"attachment-container search-images\"><\/div>\n<\/li>\n<li data-sourcepos=\"34:1-35:29\"><strong><span class=\"citation-7 recitation\">Kabelstickade tr\u00f6jor:<\/span><\/strong><span class=\"citation-7 recitation citation-end-7\"> Dessa tr\u00f6jor \u00e4r ett klassiskt och tidl\u00f6st val.<\/span><span class=\"button-container hide-from-message-actions ng-star-inserted\"> \u00a0<\/span><\/li>\n<li data-sourcepos=\"34:1-35:29\"><span class=\"button-container hide-from-message-actions ng-star-inserted\"><strong style=\"font-size: 14.4px;\"><span class=\"citation-8 recitation\">Cardigan Tr\u00f6jor:<\/span><\/strong><span class=\"citation-8 recitation citation-end-8\" style=\"font-size: 14.4px;\"> Dessa tr\u00f6jor \u00e4r perfekta f\u00f6r lager p\u00e5 lager och kan kl\u00e4s upp eller ner.<\/span><span class=\"button-container hide-from-message-actions ng-star-inserted\" style=\"font-size: 14.4px;\"> \u00a0<\/span><\/span>\n<div class=\"container ng-tns-c2946245707-360 hide\">\n<div class=\"carousel-container ng-tns-c2946245707-360\"><\/div>\n<\/div>\n<div class=\"attachment-container search-images\">\n<div class=\"image-container hide-from-message-actions ng-star-inserted\">\n<div class=\"caption ellipsis gmat-caption ng-star-inserted\" aria-hidden=\"true\"><\/div>\n<\/div>\n<\/div>\n<\/li>\n<\/ul>\n<h3 data-sourcepos=\"39:1-39:53\">T\u00e4nk p\u00e5 f\u00f6ljande tips n\u00e4r du stylar blommiga toppar:<\/h3>\n<ul data-sourcepos=\"41:1-45:0\">\n<li data-sourcepos=\"41:1-41:94\"><strong>Accessoarer:<\/strong> L\u00e4gg till accessoarer som halsband, \u00f6rh\u00e4ngen och halsdukar f\u00f6r att f\u00f6rh\u00f6ja din look.<\/li>\n<li data-sourcepos=\"42:1-42:121\"><strong>Lek med texturer:<\/strong> Mixa och matcha olika texturer, som spets, sammet eller stickat, f\u00f6r att skapa intressanta outfits.<\/li>\n<li data-sourcepos=\"43:1-43:112\"><strong>Experimentera med f\u00e4rger:<\/strong> Kombinera din flowy top med andra f\u00e4rger f\u00f6r att skapa en snygg och i\u00f6gonfallande outfit.<\/li>\n<li data-sourcepos=\"44:1-45:0\"><strong>H\u00e5ll det enkelt:<\/strong> Om du b\u00e4r en dj\u00e4rv och f\u00e4rgglad fl\u00f6dande topp, h\u00e5ll resten av din outfit enkel.<\/li>\n<\/ul>\n<\/div>","protected":false},"excerpt":{"rendered":"<table style=\"height: 541px;\" width=\"431\">\n<tbody>\n<tr>\n<td width=\"146\"><strong><b>Produkt<\/b><\/strong>\u00a0<strong><b>Namn:<\/b><\/strong><\/td>\n<td width=\"601\"><strong>Flowy toppar f\u00f6r kvinnor<\/strong><\/td>\n<\/tr>\n<tr>\n<td width=\"146\"><strong><b>Materlal:<\/b><\/strong><\/td>\n<td width=\"601\">Stickning<\/td>\n<\/tr>\n<tr>\n<td width=\"146\"><strong><b>Teknik:<\/b><\/strong><\/td>\n<td width=\"601\">Broderad<\/td>\n<\/tr>\n<tr>\n<td width=\"146\"><strong><b>Stil:<\/b><\/strong><\/td>\n<td width=\"601\">Avslappnad<\/td>\n<\/tr>\n<tr>\n<td width=\"146\"><strong><b>F\u00e4rg<\/b><\/strong><strong><b>:<\/b><\/strong><\/td>\n<td width=\"601\">\u00a0Anpassade f\u00e4rger<\/td>\n<\/tr>\n<tr>\n<td width=\"146\"><strong><b>Storlek:<\/b><\/strong><\/td>\n<td width=\"601\">S \/M \/L \/XL \/2XL<\/td>\n<\/tr>\n<tr>\n<td width=\"146\"><strong><b>OEM\/ODM:<\/b><\/strong><\/td>\n<td width=\"601\">Godtagbar<\/td>\n<\/tr>\n<tr>\n<td width=\"146\"><strong><b>Kvalitet:<\/b><\/strong><\/td>\n<td width=\"601\">100% H\u00f6g kvalitet<\/td>\n<\/tr>\n<tr>\n<td width=\"146\"><strong><b>M<\/b><\/strong><strong><b>OQ:<\/b><\/strong><\/td>\n<td width=\"601\">200 st.<\/td>\n<\/tr>\n<\/tbody>\n<\/table>","protected":false},"featured_media":1938,"template":"","meta":[],"product_brand":[],"product_cat":[39],"product_tag":[],"class_list":{"0":"post-1937","1":"product","2":"type-product","3":"status-publish","4":"has-post-thumbnail","6":"product_cat-womens-clothing","8":"first","9":"instock","10":"shipping-taxable","11":"product-type-simple"},"_links":{"self":[{"href":"https:\/\/mj-clothing.com\/sv\/wp-json\/wp\/v2\/product\/1937","targetHints":{"allow":["GET"]}}],"collection":[{"href":"https:\/\/mj-clothing.com\/sv\/wp-json\/wp\/v2\/product"}],"about":[{"href":"https:\/\/mj-clothing.com\/sv\/wp-json\/wp\/v2\/types\/product"}],"wp:featuredmedia":[{"embeddable":true,"href":"https:\/\/mj-clothing.com\/sv\/wp-json\/wp\/v2\/media\/1938"}],"wp:attachment":[{"href":"https:\/\/mj-clothing.com\/sv\/wp-json\/wp\/v2\/media?parent=1937"}],"wp:term":[{"taxonomy":"product_brand","embeddable":true,"href":"https:\/\/mj-clothing.com\/sv\/wp-json\/wp\/v2\/product_brand?post=1937"},{"taxonomy":"product_cat","embeddable":true,"href":"https:\/\/mj-clothing.com\/sv\/wp-json\/wp\/v2\/product_cat?post=1937"},{"taxonomy":"product_tag","embeddable":true,"href":"https:\/\/mj-clothing.com\/sv\/wp-json\/wp\/v2\/product_tag?post=1937"}],"curies":[{"name":"wp","href":"https:\/\/api.w.org\/{rel}","templated":true}]}}