{"id":1939,"date":"2024-12-16T09:14:41","date_gmt":"2024-12-16T09:14:41","guid":{"rendered":"https:\/\/mj-clothing.com\/?post_type=product&#038;p=1939"},"modified":"2024-12-17T03:42:51","modified_gmt":"2024-12-17T03:42:51","slug":"womens-spring-tops-2024","status":"publish","type":"product","link":"https:\/\/mj-clothing.com\/sv\/manufacturer\/womens-spring-tops-2024\/","title":{"rendered":"V\u00e5rtr\u00f6jor f\u00f6r damer 2024"},"content":{"rendered":"<p data-sourcepos=\"1:1-1:118\"><span class=\"citation-0 recitation citation-end-0\">Womens Spring Tops 2024 \u00e4r en blandning av klassiska stilar med moderna twistar.<\/span> H\u00e4r \u00e4r n\u00e5gra av de viktigaste trenderna:<\/p>\n<h3 data-sourcepos=\"1:1-1:118\"><strong>1. V\u00e5riga toppar f\u00f6r damer 2024 m\u00f6nster:<\/strong><\/h3>\n<ul data-sourcepos=\"5:1-7:0\">\n<li data-sourcepos=\"5:1-5:80\"><strong>Delikata blommor:<\/strong> Mjuka, romantiska blomm\u00f6nster \u00e4r en klassisk v\u00e5rtrend.<\/li>\n<li data-sourcepos=\"6:1-7:0\"><strong>Dj\u00e4rva blommor:<\/strong> Stora, livfulla blomm\u00f6nster g\u00f6r intryck.<\/li>\n<\/ul>\n<h3 data-sourcepos=\"8:1-8:20\"><strong>2. Dam Spring Tops 2024 Relaxed Fits:<\/strong><\/h3>\n<ul data-sourcepos=\"10:1-12:0\">\n<li data-sourcepos=\"10:1-10:99\"><strong>\u00d6verdimensionerad Silhuetter:<\/strong> \u00d6verdimensionerade toppar \u00e4r bekv\u00e4ma och snygga och passar perfekt f\u00f6r en avslappnad look.<\/li>\n<li data-sourcepos=\"11:1-12:0\"><strong>Fl\u00f6dande blusar:<\/strong> L\u00e4ttviktiga och luftiga blusar \u00e4r perfekta f\u00f6r varmare v\u00e4der.<\/li>\n<\/ul>\n<h3 data-sourcepos=\"13:1-13:21\"><strong>3. V\u00e5rens toppar f\u00f6r kvinnor 2024 Ljusa f\u00e4rger:<\/strong><\/h3>\n<ul data-sourcepos=\"15:1-17:0\">\n<li data-sourcepos=\"15:1-15:83\"><strong>Dj\u00e4rva nyanser:<\/strong> Levande f\u00e4rger som rosa, gult och orange ger en glad touch.<\/li>\n<li data-sourcepos=\"16:1-17:0\"><strong>Pastellf\u00e4rgade toner:<\/strong> Mjuka pasteller som lavendel, mintgr\u00f6nt och babybl\u00e5tt \u00e4r perfekta f\u00f6r en romantisk look.<\/li>\n<\/ul>\n<h3 data-sourcepos=\"18:1-18:24\"><strong>4. Unika halsringningar:<\/strong><\/h3>\n<ul data-sourcepos=\"20:1-23:0\">\n<li data-sourcepos=\"20:1-20:59\"><strong>Off-the-Shoulder:<\/strong> En feminin och smickrande halsringning.<\/li>\n<li data-sourcepos=\"21:1-21:55\"><strong>Fyrkantig halsringning:<\/strong> En modern och sofistikerad look.<\/li>\n<li data-sourcepos=\"22:1-23:0\"><strong>En axel:<\/strong> Ett dj\u00e4rvt och dramatiskt val.<\/li>\n<\/ul>\n<h3 data-sourcepos=\"24:1-24:24\"><strong>5. Strukturerade tyger:<\/strong><\/h3>\n<ul data-sourcepos=\"26:1-29:0\">\n<li data-sourcepos=\"26:1-26:52\"><strong>Spets:<\/strong> Ger en touch av elegans och femininitet.<\/li>\n<li data-sourcepos=\"27:1-27:49\"><strong>Sticka:<\/strong> Bekv\u00e4mt och mysigt f\u00f6r svalare dagar.<\/li>\n<li data-sourcepos=\"28:1-29:0\"><strong>Satin:<\/strong> Ett lyxigt och glamor\u00f6st tyg.<\/li>\n<\/ul>\n<h3 data-sourcepos=\"30:1-30:27\"><strong>6. H\u00e5llbara tyger:<\/strong><\/h3>\n<ul data-sourcepos=\"32:1-35:0\">\n<li data-sourcepos=\"32:1-32:44\"><strong>Ekologisk bomull:<\/strong> Milj\u00f6v\u00e4nlig och mjuk.<\/li>\n<li data-sourcepos=\"33:1-33:50\"><strong>\u00c5tervunnen polyester:<\/strong> H\u00e5llbar och slitstark.<\/li>\n<li data-sourcepos=\"34:1-35:0\"><strong><span class=\"citation-1 recitation\">Tencel:<\/span><\/strong><span class=\"citation-1 recitation citation-end-1\"> Ett andningsbart och fukttransporterande material.<\/span><span class=\"button-container hide-from-message-actions ng-star-inserted\"> \u00a0<\/span>\n<div class=\"container ng-tns-c2946245707-383 hide\">\n<div class=\"carousel-container ng-tns-c2946245707-383\"><\/div>\n<\/div>\n<\/li>\n<\/ul>\n<p data-sourcepos=\"36:1-36:226\">Kom ih\u00e5g att det b\u00e4sta s\u00e4ttet att hitta den perfekta v\u00e5rtoppen f\u00f6r dig \u00e4r att experimentera med olika stilar, f\u00e4rger och tyger. T\u00e4nk p\u00e5 din personliga stil och det tillf\u00e4lle du ska b\u00e4ra toppen n\u00e4r du g\u00f6r ditt val.<\/p>","protected":false},"excerpt":{"rendered":"<table style=\"height: 470px;\" width=\"398\">\n<tbody>\n<tr>\n<td width=\"146\"><strong><b>Produkt<\/b><\/strong>\u00a0<strong><b>Namn:<\/b><\/strong><\/td>\n<td width=\"601\"><strong>V\u00e5rtr\u00f6jor f\u00f6r damer 2024<\/strong><\/td>\n<\/tr>\n<tr>\n<td width=\"146\"><strong><b>Materlal:<\/b><\/strong><\/td>\n<td width=\"601\">Stickning<\/td>\n<\/tr>\n<tr>\n<td width=\"146\"><strong><b>Teknik:<\/b><\/strong><\/td>\n<td width=\"601\">Broderad<\/td>\n<\/tr>\n<tr>\n<td width=\"146\"><strong><b>Stil:<\/b><\/strong><\/td>\n<td width=\"601\">Avslappnad<\/td>\n<\/tr>\n<tr>\n<td width=\"146\"><strong><b>F\u00e4rg<\/b><\/strong><strong><b>:<\/b><\/strong><\/td>\n<td width=\"601\">\u00a0Anpassade f\u00e4rger<\/td>\n<\/tr>\n<tr>\n<td width=\"146\"><strong><b>Storlek:<\/b><\/strong><\/td>\n<td width=\"601\">S \/M \/L \/XL \/2XL<\/td>\n<\/tr>\n<tr>\n<td width=\"146\"><strong><b>OEM\/ODM:<\/b><\/strong><\/td>\n<td width=\"601\">Godtagbar<\/td>\n<\/tr>\n<tr>\n<td width=\"146\"><strong><b>Kvalitet:<\/b><\/strong><\/td>\n<td width=\"601\">100% H\u00f6g kvalitet<\/td>\n<\/tr>\n<tr>\n<td width=\"146\"><strong><b>M<\/b><\/strong><strong><b>OQ:<\/b><\/strong><\/td>\n<td width=\"601\">200 st.<\/td>\n<\/tr>\n<\/tbody>\n<\/table>","protected":false},"featured_media":1940,"template":"","meta":[],"product_brand":[],"product_cat":[39],"product_tag":[],"class_list":{"0":"post-1939","1":"product","2":"type-product","3":"status-publish","4":"has-post-thumbnail","6":"product_cat-womens-clothing","8":"first","9":"instock","10":"shipping-taxable","11":"product-type-simple"},"_links":{"self":[{"href":"https:\/\/mj-clothing.com\/sv\/wp-json\/wp\/v2\/product\/1939","targetHints":{"allow":["GET"]}}],"collection":[{"href":"https:\/\/mj-clothing.com\/sv\/wp-json\/wp\/v2\/product"}],"about":[{"href":"https:\/\/mj-clothing.com\/sv\/wp-json\/wp\/v2\/types\/product"}],"wp:featuredmedia":[{"embeddable":true,"href":"https:\/\/mj-clothing.com\/sv\/wp-json\/wp\/v2\/media\/1940"}],"wp:attachment":[{"href":"https:\/\/mj-clothing.com\/sv\/wp-json\/wp\/v2\/media?parent=1939"}],"wp:term":[{"taxonomy":"product_brand","embeddable":true,"href":"https:\/\/mj-clothing.com\/sv\/wp-json\/wp\/v2\/product_brand?post=1939"},{"taxonomy":"product_cat","embeddable":true,"href":"https:\/\/mj-clothing.com\/sv\/wp-json\/wp\/v2\/product_cat?post=1939"},{"taxonomy":"product_tag","embeddable":true,"href":"https:\/\/mj-clothing.com\/sv\/wp-json\/wp\/v2\/product_tag?post=1939"}],"curies":[{"name":"wp","href":"https:\/\/api.w.org\/{rel}","templated":true}]}}