{"id":1957,"date":"2024-12-17T02:54:13","date_gmt":"2024-12-17T02:54:13","guid":{"rendered":"https:\/\/mj-clothing.com\/?post_type=product&#038;p=1957"},"modified":"2024-12-18T06:10:01","modified_gmt":"2024-12-18T06:10:01","slug":"womens-shell-top","status":"publish","type":"product","link":"https:\/\/mj-clothing.com\/sv\/manufacturer\/womens-shell-top\/","title":{"rendered":"Shell-topp f\u00f6r kvinnor"},"content":{"rendered":"<p data-sourcepos=\"1:1-1:134\"><span class=\"citation-0 recitation citation-end-0\">En skalplagg f\u00f6r damer \u00e4r ett m\u00e5ngsidigt och klassiskt basplagg i garderoben.<\/span> H\u00e4r \u00e4r en uppdelning av vad det \u00e4r och varf\u00f6r det \u00e4r s\u00e5 popul\u00e4rt:<span class=\"button-container hide-from-message-actions ng-star-inserted\"> \u00a0<\/span><\/p>\n<h3 data-sourcepos=\"3:1-3:24\"><strong>Vad \u00e4r en Shell Top f\u00f6r kvinnor?<\/strong><\/h3>\n<ul data-sourcepos=\"5:1-9:0\">\n<li data-sourcepos=\"5:1-5:173\"><strong><span class=\"citation-1 recitation\">Enkel och \u00e4rml\u00f6s:<\/span><\/strong><span class=\"citation-1 recitation citation-end-1\"> Det \u00e4r i princip en \u00e4rml\u00f6s topp.<\/span> Den har ofta en enkel halsringning (t.ex. rund halsringning, rund halsringning eller V-ringning) och ingen krage.<span class=\"button-container hide-from-message-actions ng-star-inserted\"> \u00a0<\/span>\n<div class=\"container ng-tns-c2960411664-35 hide\">\n<div class=\"carousel-container ng-tns-c2960411664-35\"><\/div>\n<\/div>\n<\/li>\n<li data-sourcepos=\"6:1-6:278\"><strong>M\u00e5ngsidigt tyg:<\/strong> <span class=\"citation-2 recitation citation-end-2\">Shell-toppar kan tillverkas av en m\u00e4ngd olika tyger, inklusive bomull, siden, linne, rayon eller blandningar.<\/span> <span class=\"citation-3 recitation citation-end-3\">Valet av tyg kan ha stor inverkan p\u00e5 toppens utseende och k\u00e4nsla, vilket g\u00f6r den l\u00e4mplig f\u00f6r avslappnade eller mer formella tillf\u00e4llen.<\/span>\n<div class=\"container ng-tns-c2960411664-36 hide\">\n<div class=\"carousel-container ng-tns-c2960411664-36\"><\/div>\n<\/div>\n<\/li>\n<li data-sourcepos=\"7:1-7:186\"><strong>Lager p\u00e5 lager \u00e4r viktigt:<\/strong> Shell-toppar \u00e4r utm\u00e4rkta som lager under koftor, blazers, jackor eller till och med skira toppar. De ger ett smidigt baslager utan att g\u00f6ra armarna tjockare.<\/li>\n<li data-sourcepos=\"8:1-9:0\"><strong><span class=\"citation-4 recitation\">Frist\u00e5ende verk:<\/span><\/strong><span class=\"citation-4 recitation citation-end-4\"> \u00c4ven om skalplagg passar bra som lager p\u00e5 lager kan de ocks\u00e5 b\u00e4ras f\u00f6r sig sj\u00e4lva, s\u00e4rskilt i varmare v\u00e4der.<\/span>\n<div class=\"container ng-tns-c2960411664-37 hide\">\n<div class=\"carousel-container ng-tns-c2960411664-37\"><\/div>\n<\/div>\n<\/li>\n<\/ul>\n<h3 data-sourcepos=\"10:1-10:24\"><strong>Viktiga egenskaper:<\/strong><\/h3>\n<ul data-sourcepos=\"12:1-15:0\">\n<li data-sourcepos=\"12:1-12:120\"><strong>Rena linjer:<\/strong> Shell-toppar har vanligtvis en ren och enkel design, fri fr\u00e5n \u00f6verdrivna utsmyckningar eller detaljer.<\/li>\n<li data-sourcepos=\"13:1-13:128\"><strong>Passform eller halvpassform:<\/strong> De \u00e4r vanligtvis utformade f\u00f6r att sitta relativt n\u00e4ra kroppen och ge en smickrande silhuett.<\/li>\n<li data-sourcepos=\"14:1-15:0\"><strong>Tidl\u00f6s stil:<\/strong> Skaltoppen \u00e4r en klassiker som tack vare sin enkelhet och anpassningsbarhet har varit snygg i \u00e5rtionden.<\/li>\n<\/ul>\n<h3 data-sourcepos=\"16:1-16:25\"><strong>Varf\u00f6r \u00e4r Womens Shell Top popul\u00e4ra?<\/strong><\/h3>\n<ul data-sourcepos=\"18:1-22:0\">\n<li data-sourcepos=\"18:1-18:95\"><strong>M\u00e5ngsidighet:<\/strong> Som n\u00e4mnts kan de kl\u00e4s upp eller ner och b\u00e4ras i olika sammanhang.<\/li>\n<li data-sourcepos=\"19:1-19:130\"><strong>Komfort:<\/strong> Den \u00e4rml\u00f6sa designen och de ofta l\u00e4tta tygerna g\u00f6r dem bekv\u00e4ma att b\u00e4ra, s\u00e4rskilt i varmare klimat.<\/li>\n<li data-sourcepos=\"20:1-20:92\"><strong>F\u00f6rm\u00e5ga till skiktning:<\/strong> De \u00e4r perfekta f\u00f6r att skapa lager-p\u00e5-lager-outfits utan att bli f\u00f6r stora.<\/li>\n<li data-sourcepos=\"21:1-22:0\"><strong>Tidl\u00f6shet:<\/strong> De \u00e4r en klassisk basvara i garderoben som aldrig blir omodern.<\/li>\n<\/ul>\n<h3 data-sourcepos=\"23:1-23:28\"><strong>Hur man b\u00e4r en Shell Top f\u00f6r kvinnor:<\/strong><\/h3>\n<ul data-sourcepos=\"25:1-28:0\">\n<li data-sourcepos=\"25:1-25:81\"><strong>Avslappnad:<\/strong> Kombinera den med jeans, shorts eller en ledig kjol f\u00f6r en avslappnad look.<\/li>\n<li data-sourcepos=\"26:1-26:122\"><strong>Business casual:<\/strong> B\u00e4r den under en kavaj med byxor eller en pennkjol f\u00f6r en professionell men \u00e4nd\u00e5 bekv\u00e4m outfit.<\/li>\n<li data-sourcepos=\"27:1-28:0\"><strong>Kl\u00e4dsamt:<\/strong> V\u00e4lj en skalmodell i ett lyxigt tyg som siden eller satin och kombinera den med en kl\u00e4dsam kjol eller byxor f\u00f6r ett kv\u00e4llsevenemang.<\/li>\n<\/ul>\n<p data-sourcepos=\"29:1-29:132\">Oavsett om du letar efter ett enkelt lagerplagg eller en enkel topp f\u00f6r varmt v\u00e4der \u00e4r skalplagget ett m\u00e5ngsidigt och snyggt val.<\/p>","protected":false},"excerpt":{"rendered":"<table style=\"height: 495px;\" width=\"411\">\n<tbody>\n<tr>\n<td width=\"146\"><strong><b>Produkt<\/b><\/strong>\u00a0<strong><b>Namn:<\/b><\/strong><\/td>\n<td width=\"601\"><strong>Shell-topp f\u00f6r kvinnor<\/strong><\/td>\n<\/tr>\n<tr>\n<td width=\"146\"><strong><b>Materlal:<\/b><\/strong><\/td>\n<td width=\"601\">Stickning<\/td>\n<\/tr>\n<tr>\n<td width=\"146\"><strong><b>Teknik:<\/b><\/strong><\/td>\n<td width=\"601\">Broderad<\/td>\n<\/tr>\n<tr>\n<td width=\"146\"><strong><b>Stil:<\/b><\/strong><\/td>\n<td width=\"601\">Avslappnad<\/td>\n<\/tr>\n<tr>\n<td width=\"146\"><strong><b>F\u00e4rg<\/b><\/strong><strong><b>:<\/b><\/strong><\/td>\n<td width=\"601\">\u00a0Anpassade f\u00e4rger<\/td>\n<\/tr>\n<tr>\n<td width=\"146\"><strong><b>Storlek:<\/b><\/strong><\/td>\n<td width=\"601\">S \/M \/L \/XL \/2XL<\/td>\n<\/tr>\n<tr>\n<td width=\"146\"><strong><b>OEM\/ODM:<\/b><\/strong><\/td>\n<td width=\"601\">Godtagbar<\/td>\n<\/tr>\n<tr>\n<td width=\"146\"><strong><b>Kvalitet:<\/b><\/strong><\/td>\n<td width=\"601\">100% H\u00f6g kvalitet<\/td>\n<\/tr>\n<tr>\n<td width=\"146\"><strong><b>M<\/b><\/strong><strong><b>OQ:<\/b><\/strong><\/td>\n<td width=\"601\">200 st.<\/td>\n<\/tr>\n<\/tbody>\n<\/table>","protected":false},"featured_media":1958,"template":"","meta":[],"product_brand":[],"product_cat":[39],"product_tag":[],"class_list":{"0":"post-1957","1":"product","2":"type-product","3":"status-publish","4":"has-post-thumbnail","6":"product_cat-womens-clothing","8":"first","9":"instock","10":"shipping-taxable","11":"product-type-simple"},"_links":{"self":[{"href":"https:\/\/mj-clothing.com\/sv\/wp-json\/wp\/v2\/product\/1957","targetHints":{"allow":["GET"]}}],"collection":[{"href":"https:\/\/mj-clothing.com\/sv\/wp-json\/wp\/v2\/product"}],"about":[{"href":"https:\/\/mj-clothing.com\/sv\/wp-json\/wp\/v2\/types\/product"}],"wp:featuredmedia":[{"embeddable":true,"href":"https:\/\/mj-clothing.com\/sv\/wp-json\/wp\/v2\/media\/1958"}],"wp:attachment":[{"href":"https:\/\/mj-clothing.com\/sv\/wp-json\/wp\/v2\/media?parent=1957"}],"wp:term":[{"taxonomy":"product_brand","embeddable":true,"href":"https:\/\/mj-clothing.com\/sv\/wp-json\/wp\/v2\/product_brand?post=1957"},{"taxonomy":"product_cat","embeddable":true,"href":"https:\/\/mj-clothing.com\/sv\/wp-json\/wp\/v2\/product_cat?post=1957"},{"taxonomy":"product_tag","embeddable":true,"href":"https:\/\/mj-clothing.com\/sv\/wp-json\/wp\/v2\/product_tag?post=1957"}],"curies":[{"name":"wp","href":"https:\/\/api.w.org\/{rel}","templated":true}]}}