{"id":1960,"date":"2024-12-17T03:10:50","date_gmt":"2024-12-17T03:10:50","guid":{"rendered":"https:\/\/mj-clothing.com\/?post_type=product&#038;p=1960"},"modified":"2024-12-17T03:10:50","modified_gmt":"2024-12-17T03:10:50","slug":"periwinkle-womens-tops","status":"publish","type":"product","link":"https:\/\/mj-clothing.com\/sv\/manufacturer\/periwinkle-womens-tops\/","title":{"rendered":"Periwinkle Damtoppar"},"content":{"rendered":"<div id=\"model-response-message-contentr_7f973865284483ec\" class=\"markdown markdown-main-panel response-optimization\" dir=\"ltr\">\n<p data-sourcepos=\"1:1-1:279\">Periwinkle damtoppar \u00e4r en vacker, mjuk och m\u00e5ngsidig f\u00e4rg som kan ge en touch av elegans och femininitet till alla kl\u00e4der. <span class=\"citation-0 recitation citation-end-0\">Det \u00e4r en ljuslila f\u00e4rg med en antydan till bl\u00e5tt, som ofta beskrivs som en ljus lavendel eller en ljus violett.<\/span> H\u00e4r \u00e4r vad som g\u00f6r periwinkle damtoppar s\u00e5 tilltalande:<span class=\"button-container hide-from-message-actions ng-star-inserted\">\u00a0 \u00a0<\/span><\/p>\n<h3 data-sourcepos=\"3:1-3:39\"><strong>Varf\u00f6r Periwinkle Womens Tops fungerar bra f\u00f6r toppar:<\/strong><\/h3>\n<ul data-sourcepos=\"5:1-9:0\">\n<li data-sourcepos=\"5:1-5:138\"><strong>Smickrande p\u00e5 m\u00e5nga hudtoner:<\/strong> Periwinkle har b\u00e5de kalla och varma undertoner, vilket g\u00f6r den smickrande f\u00f6r ett brett spektrum av hudf\u00e4rger.<\/li>\n<li data-sourcepos=\"6:1-6:105\"><strong>Mjukt och lugnande:<\/strong> <span class=\"citation-1 recitation citation-end-1\">Det \u00e4r en mild f\u00e4rg som framkallar k\u00e4nslor av lugn och ro.<\/span><span class=\"button-container hide-from-message-actions ng-star-inserted\"> \u00a0<\/span>\n<div class=\"container ng-tns-c2960411664-45 hide\">\n<div class=\"carousel-container ng-tns-c2960411664-45\"><\/div>\n<\/div>\n<\/li>\n<li data-sourcepos=\"7:1-7:111\"><strong><span class=\"citation-2 recitation\">M\u00e5ngsidig:<\/span><\/strong><span class=\"citation-2 recitation citation-end-2\"> Periwinkle kan kl\u00e4s upp eller ner, vilket g\u00f6r den l\u00e4mplig f\u00f6r olika tillf\u00e4llen.<\/span><span class=\"button-container hide-from-message-actions ng-star-inserted\"> \u00a0<\/span>\n<div class=\"container ng-tns-c2960411664-46 hide\">\n<div class=\"carousel-container ng-tns-c2960411664-46\"><\/div>\n<\/div>\n<\/li>\n<li data-sourcepos=\"8:1-9:0\"><strong>Passar bra ihop med andra f\u00e4rger:<\/strong> Den kompletterar neutrala f\u00e4rger som vitt, gr\u00e5tt och beige, liksom andra f\u00e4rger som rosa, gr\u00f6nt och till och med gult.<\/li>\n<\/ul>\n<h3 data-sourcepos=\"10:1-10:44\"><strong>Typer av Periwinkle Womens Tops du kan hitta:<\/strong><\/h3>\n<ul data-sourcepos=\"12:1-16:0\">\n<li data-sourcepos=\"12:1-12:164\"><strong>T-shirts och lediga toppar:<\/strong> En periwinkle t-shirt eller en ledig topp \u00e4r perfekt f\u00f6r vardagsbruk. Kombinera den med jeans, shorts eller en ledig kjol f\u00f6r en avslappnad look.<\/li>\n<li data-sourcepos=\"13:1-13:198\"><strong><span class=\"citation-3 recitation\">Blusar och kl\u00e4dsammare toppar:<\/span><\/strong><span class=\"citation-3 recitation citation-end-3\"> En periwinkle-blus i siden, satin eller chiffong kan kl\u00e4s upp f\u00f6r mer formella tillf\u00e4llen.<\/span> Kombinera den med byxor, kjol eller till och med under en kavaj.<span class=\"button-container hide-from-message-actions ng-star-inserted\"> \u00a0<\/span>\n<div class=\"container ng-tns-c2960411664-47 hide\">\n<div class=\"carousel-container ng-tns-c2960411664-47\"><\/div>\n<\/div>\n<\/li>\n<li data-sourcepos=\"14:1-14:110\"><strong>Tr\u00f6jor och koftor:<\/strong> En periwinkle-tr\u00f6ja eller -kofta \u00e4r ett bra lagerplagg f\u00f6r svalare v\u00e4der.<\/li>\n<li data-sourcepos=\"15:1-16:0\"><strong><span class=\"citation-4 recitation\">Tank Tops och Camisoles:<\/span><\/strong><span class=\"citation-4 recitation citation-end-4\"> Ett periwinkle-linne eller camisole kan b\u00e4ras ensamt i varmt v\u00e4der eller i lager under andra toppar.<\/span><span class=\"button-container hide-from-message-actions ng-star-inserted\">\u00a0<\/span>\n<div class=\"container ng-tns-c2960411664-48 hide\">\n<div class=\"carousel-container ng-tns-c2960411664-48\">\n<div class=\"carousel-content ng-tns-c2960411664-48\">\n<div class=\"sources-carousel-source ng-tns-c2960411664-48 hide ng-star-inserted\" data-test-id=\"sources-carousel-source\"><\/div>\n<\/div>\n<\/div>\n<\/div>\n<\/li>\n<\/ul>\n<h3 data-sourcepos=\"17:1-17:33\"><strong>Hur man stylar periwinkle toppar:<\/strong><\/h3>\n<ul data-sourcepos=\"19:1-23:0\">\n<li data-sourcepos=\"19:1-19:100\"><strong>Avslappnad:<\/strong> Kombinera en periwinkle t-shirt med vita jeans och sneakers f\u00f6r en fr\u00e4sch och avslappnad look.<\/li>\n<li data-sourcepos=\"20:1-20:117\"><strong>Business Casual:<\/strong> B\u00e4r en periwinkle blus med gr\u00e5 byxor och klackar f\u00f6r en professionell men \u00e4nd\u00e5 snygg outfit.<\/li>\n<li data-sourcepos=\"21:1-21:104\"><strong>Kl\u00e4dsamt:<\/strong> Kombinera en periwinkle satin topp med en svart kjol och klackar f\u00f6r en elegant kv\u00e4llslook.<\/li>\n<li data-sourcepos=\"22:1-23:0\"><strong>Bohemisk:<\/strong> Styla en periwinkle fl\u00f6dande topp med en l\u00e5ng kjol och sandaler f\u00f6r en bohemisk k\u00e4nsla.<\/li>\n<\/ul>\n<p data-sourcepos=\"32:1-32:113\">\n<\/div>","protected":false},"excerpt":{"rendered":"<table style=\"height: 501px;\" width=\"369\">\n<tbody>\n<tr>\n<td width=\"146\"><strong><b>Produkt<\/b><\/strong>\u00a0<strong><b>Namn:<\/b><\/strong><\/td>\n<td width=\"601\"><strong>Periwinkle Damtoppar<\/strong><\/td>\n<\/tr>\n<tr>\n<td width=\"146\"><strong><b>Materlal:<\/b><\/strong><\/td>\n<td width=\"601\">Stickning<\/td>\n<\/tr>\n<tr>\n<td width=\"146\"><strong><b>Teknik: <\/b><\/strong><\/td>\n<td width=\"601\">Broderad<\/td>\n<\/tr>\n<tr>\n<td width=\"146\"><strong><b>Stil: <\/b><\/strong><\/td>\n<td width=\"601\">Avslappnad<\/td>\n<\/tr>\n<tr>\n<td width=\"146\"><strong><b>F\u00e4rg<\/b><\/strong><strong><b>:<\/b><\/strong><\/td>\n<td width=\"601\">\u00a0Anpassade f\u00e4rger<\/td>\n<\/tr>\n<tr>\n<td width=\"146\"><strong><b>Storlek:<\/b><\/strong><\/td>\n<td width=\"601\">S \/M \/L \/XL \/2XL<\/td>\n<\/tr>\n<tr>\n<td width=\"146\"><strong><b>OEM\/ODM:<\/b><\/strong><\/td>\n<td width=\"601\">Godtagbar<\/td>\n<\/tr>\n<tr>\n<td width=\"146\"><strong><b>Kvalitet:<\/b><\/strong><\/td>\n<td width=\"601\">100% H\u00f6g kvalitet<\/td>\n<\/tr>\n<tr>\n<td width=\"146\"><strong><b>M<\/b><\/strong><strong><b>OQ:<\/b><\/strong><\/td>\n<td width=\"601\">200 st.<\/td>\n<\/tr>\n<\/tbody>\n<\/table>","protected":false},"featured_media":1961,"template":"","meta":[],"product_brand":[],"product_cat":[39],"product_tag":[],"class_list":{"0":"post-1960","1":"product","2":"type-product","3":"status-publish","4":"has-post-thumbnail","6":"product_cat-womens-clothing","8":"first","9":"instock","10":"shipping-taxable","11":"product-type-simple"},"_links":{"self":[{"href":"https:\/\/mj-clothing.com\/sv\/wp-json\/wp\/v2\/product\/1960","targetHints":{"allow":["GET"]}}],"collection":[{"href":"https:\/\/mj-clothing.com\/sv\/wp-json\/wp\/v2\/product"}],"about":[{"href":"https:\/\/mj-clothing.com\/sv\/wp-json\/wp\/v2\/types\/product"}],"wp:featuredmedia":[{"embeddable":true,"href":"https:\/\/mj-clothing.com\/sv\/wp-json\/wp\/v2\/media\/1961"}],"wp:attachment":[{"href":"https:\/\/mj-clothing.com\/sv\/wp-json\/wp\/v2\/media?parent=1960"}],"wp:term":[{"taxonomy":"product_brand","embeddable":true,"href":"https:\/\/mj-clothing.com\/sv\/wp-json\/wp\/v2\/product_brand?post=1960"},{"taxonomy":"product_cat","embeddable":true,"href":"https:\/\/mj-clothing.com\/sv\/wp-json\/wp\/v2\/product_cat?post=1960"},{"taxonomy":"product_tag","embeddable":true,"href":"https:\/\/mj-clothing.com\/sv\/wp-json\/wp\/v2\/product_tag?post=1960"}],"curies":[{"name":"wp","href":"https:\/\/api.w.org\/{rel}","templated":true}]}}