{"id":1999,"date":"2024-12-17T07:46:21","date_gmt":"2024-12-17T07:46:21","guid":{"rendered":"https:\/\/mj-clothing.com\/?post_type=product&#038;p=1999"},"modified":"2024-12-17T08:30:43","modified_gmt":"2024-12-17T08:30:43","slug":"womens-shell-tops","status":"publish","type":"product","link":"https:\/\/mj-clothing.com\/sv\/manufacturer\/womens-shell-tops\/","title":{"rendered":"Shell-toppar f\u00f6r kvinnor"},"content":{"rendered":"<p data-sourcepos=\"1:1-1:189\">Det l\u00e5ter som om du \u00e4r intresserad av skalplagg f\u00f6r kvinnor! De \u00e4r ett klassiskt och m\u00e5ngsidigt basplagg i garderoben. H\u00e4r \u00e4r en uppdelning av vad de \u00e4r, deras viktigaste funktioner och varf\u00f6r de \u00e4r s\u00e5 popul\u00e4ra:<\/p>\n<h3 data-sourcepos=\"3:1-3:24\"><strong>Vad \u00e4r en Shell Tops f\u00f6r kvinnor?<\/strong><\/h3>\n<p data-sourcepos=\"5:1-5:161\"><span class=\"citation-0 recitation citation-end-0\">En shell top \u00e4r en enkel, \u00e4rml\u00f6s topp med en enkel halsringning.<\/span> T\u00e4nk p\u00e5 det som en blank canvas f\u00f6r din outfit. H\u00e4r \u00e4r de definierande egenskaperna:<span class=\"button-container hide-from-message-actions ng-star-inserted\"> \u00a0<\/span><\/p>\n<ul data-sourcepos=\"7:1-12:0\">\n<li data-sourcepos=\"7:1-7:148\"><strong>\u00c4rml\u00f6s:<\/strong> Detta \u00e4r den viktigaste funktionen. Shell-toppar \u00e4r alltid \u00e4rml\u00f6sa, vilket g\u00f6r dem perfekta f\u00f6r lager p\u00e5 lager eller att b\u00e4ra i varmt v\u00e4der.<\/li>\n<li data-sourcepos=\"8:1-8:137\"><strong>Enkel halsringning:<\/strong> <span class=\"citation-1 recitation citation-end-1\">Vanliga halsringningar \u00e4r scoop neck, crew neck, V-neck eller till och med en h\u00f6gre halsringning som mock neck.<\/span><span class=\"button-container hide-from-message-actions ng-star-inserted\"> \u00a0<\/span>\n<div class=\"container ng-tns-c2960411664-59 hide\">\n<div class=\"carousel-container ng-tns-c2960411664-59\"><\/div>\n<\/div>\n<\/li>\n<li data-sourcepos=\"9:1-9:165\"><strong>Ren design:<\/strong> Shell-toppar \u00e4r vanligtvis fria fr\u00e5n \u00f6verdrivna utsmyckningar som volanger, spetsar eller stora tryck. Denna enkelhet g\u00f6r dem otroligt m\u00e5ngsidiga.<\/li>\n<li data-sourcepos=\"10:1-10:226\"><strong><span class=\"citation-2 recitation\">Olika tyger:<\/span><\/strong><span class=\"citation-2 recitation citation-end-2\"> De kan tillverkas av en m\u00e4ngd olika tyger, t.ex. bomull, siden, linne, rayon, polyester eller blandningar.<\/span> <span class=\"citation-3 recitation citation-end-3\">Valet av tyg p\u00e5verkar toppens drapering, k\u00e4nsla och formalitet.<\/span><span class=\"button-container hide-from-message-actions ng-star-inserted\"> \u00a0<\/span>\n<div class=\"container ng-tns-c2960411664-60 hide\">\n<div class=\"carousel-container ng-tns-c2960411664-60\"><\/div>\n<\/div>\n<\/li>\n<li data-sourcepos=\"11:1-12:0\"><strong>Passform eller halvpassform:<\/strong> De har i allm\u00e4nhet en kroppsn\u00e4ra passform, men inte alltid hudn\u00e4ra. <span class=\"citation-4 recitation citation-end-4\">Vissa skalplagg har en n\u00e5got l\u00f6sare, mer avslappnad passform.<\/span><span class=\"button-container hide-from-message-actions ng-star-inserted\"> \u00a0<\/span>\n<div class=\"container ng-tns-c2960411664-61 hide\">\n<div class=\"carousel-container ng-tns-c2960411664-61\"><\/div>\n<\/div>\n<\/li>\n<\/ul>\n<h3 data-sourcepos=\"13:1-13:34\"><strong>Varf\u00f6r \u00e4r Shell-toppar f\u00f6r kvinnor s\u00e5 popul\u00e4ra?<\/strong><\/h3>\n<ul data-sourcepos=\"15:1-19:0\">\n<li data-sourcepos=\"15:1-15:143\"><strong>M\u00e5ngsidighet:<\/strong> Detta \u00e4r deras st\u00f6rsta styrka. <span class=\"citation-5 recitation citation-end-5\">De kan kl\u00e4s upp eller ner, vilket g\u00f6r dem l\u00e4mpliga f\u00f6r n\u00e4stan alla tillf\u00e4llen.<\/span><span class=\"button-container hide-from-message-actions ng-star-inserted\">\u00a0 \u00a0<\/span>\n<div class=\"container ng-tns-c2960411664-62 hide\">\n<div class=\"carousel-container ng-tns-c2960411664-62\"><\/div>\n<\/div>\n<\/li>\n<li data-sourcepos=\"16:1-16:168\"><strong>Lager p\u00e5 lager:<\/strong> De \u00e4r perfekta som lager under koftor, kavajer, jackor och till och med skira toppar. De ger ett smidigt baslager utan att g\u00f6ra armarna tjockare.<\/li>\n<li data-sourcepos=\"17:1-17:127\"><strong>Komfort:<\/strong> Den \u00e4rml\u00f6sa designen och de ofta l\u00e4tta tygerna g\u00f6r dem bekv\u00e4ma att b\u00e4ra, s\u00e4rskilt i varmt v\u00e4der.<\/li>\n<li data-sourcepos=\"18:1-19:0\"><strong>Tidl\u00f6s stil:<\/strong> Shell-toppar \u00e4r en klassisk basvara i garderoben som aldrig blir omodern.<\/li>\n<\/ul>\n<h3 data-sourcepos=\"20:1-20:28\"><strong>Hur man b\u00e4r en Shell-topp f\u00f6r kvinnor:<\/strong><\/h3>\n<ul data-sourcepos=\"22:1-26:0\">\n<li data-sourcepos=\"22:1-22:90\"><strong>Avslappnad:<\/strong> Kombinera den med jeans, shorts eller en ledig kjol f\u00f6r en avslappnad vardagslook.<\/li>\n<li data-sourcepos=\"23:1-23:122\"><strong>Business Casual:<\/strong> B\u00e4r den under en kavaj med byxor eller en pennkjol f\u00f6r en professionell men \u00e4nd\u00e5 bekv\u00e4m outfit.<\/li>\n<li data-sourcepos=\"24:1-24:138\"><strong>Kl\u00e4dsamt:<\/strong> V\u00e4lj en skalmodell i ett lyxigt tyg som siden eller satin och kombinera den med en kl\u00e4dsam kjol eller byxor f\u00f6r ett kv\u00e4llsevenemang.<\/li>\n<li data-sourcepos=\"25:1-26:0\"><strong>Lager p\u00e5 lager:<\/strong> L\u00e4gg den under en kofta, jacka eller till och med en kl\u00e4nning f\u00f6r extra v\u00e4rme och stil.<\/li>\n<\/ul>\n<h3 data-sourcepos=\"27:1-27:28\"><strong>Shell-toppar f\u00f6r kvinnor Exempel och variationer:<\/strong><\/h3>\n<ul data-sourcepos=\"29:1-33:0\">\n<li data-sourcepos=\"29:1-29:89\"><strong>Silk Shell Topp:<\/strong> Perfekt f\u00f6r finare tillf\u00e4llen och ger en mjuk och elegant look.<\/li>\n<li data-sourcepos=\"30:1-30:87\"><strong>Bomullsskal Topp:<\/strong> Perfekt f\u00f6r fritidskl\u00e4der och ger komfort och andningsf\u00f6rm\u00e5ga.<\/li>\n<li data-sourcepos=\"31:1-31:89\"><strong><span class=\"citation-6 recitation\">Ribbad stickad skal topp:<\/span><\/strong><span class=\"citation-6 recitation citation-end-6\"> Ger en mer strukturerad look och en n\u00e4rmare passform.<\/span><span class=\"button-container hide-from-message-actions ng-star-inserted\"> \u00a0<\/span>\n<div class=\"container ng-tns-c2960411664-63 hide\">\n<div class=\"carousel-container ng-tns-c2960411664-63\"><\/div>\n<\/div>\n<\/li>\n<li data-sourcepos=\"32:1-33:0\"><strong>Topp med spetsskal:<\/strong> Ger en feminin touch och kan kl\u00e4s b\u00e5de upp och ner.<\/li>\n<\/ul>","protected":false},"excerpt":{"rendered":"<table style=\"height: 542px;\" width=\"437\">\n<tbody>\n<tr>\n<td width=\"146\"><strong><b>Produkt<\/b><\/strong>\u00a0<strong><b>Namn:<\/b><\/strong><\/td>\n<td width=\"601\">Shell-toppar f\u00f6r kvinnor<\/td>\n<\/tr>\n<tr>\n<td width=\"146\"><strong><b>Materlal:<\/b><\/strong><\/td>\n<td width=\"601\">Stickning<\/td>\n<\/tr>\n<tr>\n<td width=\"146\"><strong><b>Teknik:<\/b><\/strong><\/td>\n<td width=\"601\">Broderad<\/td>\n<\/tr>\n<tr>\n<td width=\"146\"><strong><b>Stil:<\/b><\/strong><\/td>\n<td width=\"601\">Avslappnad<\/td>\n<\/tr>\n<tr>\n<td width=\"146\"><strong><b>F\u00e4rg<\/b><\/strong><strong><b>:<\/b><\/strong><\/td>\n<td width=\"601\">\u00a0Anpassade f\u00e4rger<\/td>\n<\/tr>\n<tr>\n<td width=\"146\"><strong><b>Storlek:<\/b><\/strong><\/td>\n<td width=\"601\">S \/M \/L \/XL \/2XL<\/td>\n<\/tr>\n<tr>\n<td width=\"146\"><strong><b>OEM\/ODM:<\/b><\/strong><\/td>\n<td width=\"601\">Godtagbar<\/td>\n<\/tr>\n<tr>\n<td width=\"146\"><strong><b>Kvalitet:<\/b><\/strong><\/td>\n<td width=\"601\">100% H\u00f6g kvalitet<\/td>\n<\/tr>\n<tr>\n<td width=\"146\"><strong><b>M<\/b><\/strong><strong><b>OQ:<\/b><\/strong><\/td>\n<td width=\"601\">200 st.<\/td>\n<\/tr>\n<\/tbody>\n<\/table>","protected":false},"featured_media":2007,"template":"","meta":[],"product_brand":[],"product_cat":[39],"product_tag":[],"class_list":{"0":"post-1999","1":"product","2":"type-product","3":"status-publish","4":"has-post-thumbnail","6":"product_cat-womens-clothing","8":"first","9":"instock","10":"shipping-taxable","11":"product-type-simple"},"_links":{"self":[{"href":"https:\/\/mj-clothing.com\/sv\/wp-json\/wp\/v2\/product\/1999","targetHints":{"allow":["GET"]}}],"collection":[{"href":"https:\/\/mj-clothing.com\/sv\/wp-json\/wp\/v2\/product"}],"about":[{"href":"https:\/\/mj-clothing.com\/sv\/wp-json\/wp\/v2\/types\/product"}],"wp:featuredmedia":[{"embeddable":true,"href":"https:\/\/mj-clothing.com\/sv\/wp-json\/wp\/v2\/media\/2007"}],"wp:attachment":[{"href":"https:\/\/mj-clothing.com\/sv\/wp-json\/wp\/v2\/media?parent=1999"}],"wp:term":[{"taxonomy":"product_brand","embeddable":true,"href":"https:\/\/mj-clothing.com\/sv\/wp-json\/wp\/v2\/product_brand?post=1999"},{"taxonomy":"product_cat","embeddable":true,"href":"https:\/\/mj-clothing.com\/sv\/wp-json\/wp\/v2\/product_cat?post=1999"},{"taxonomy":"product_tag","embeddable":true,"href":"https:\/\/mj-clothing.com\/sv\/wp-json\/wp\/v2\/product_tag?post=1999"}],"curies":[{"name":"wp","href":"https:\/\/api.w.org\/{rel}","templated":true}]}}