{"id":2003,"date":"2024-12-17T08:19:49","date_gmt":"2024-12-17T08:19:49","guid":{"rendered":"https:\/\/mj-clothing.com\/?post_type=product&#038;p=2003"},"modified":"2025-01-04T03:04:40","modified_gmt":"2025-01-04T03:04:40","slug":"womens-tops-for-winter","status":"publish","type":"product","link":"https:\/\/mj-clothing.com\/sv\/manufacturer\/womens-tops-for-winter\/","title":{"rendered":"Toppar f\u00f6r kvinnor f\u00f6r vintern"},"content":{"rendered":"<p data-sourcepos=\"1:1-1:137\">N\u00e4r det g\u00e4ller damtoppar f\u00f6r vintern \u00e4r det viktigt att balansera stil med v\u00e4rme och komfort. H\u00e4r \u00e4r n\u00e5gra popul\u00e4ra och praktiska alternativ f\u00f6r kvinnor:<\/p>\n<h3 data-sourcepos=\"3:1-3:28\"><strong>F\u00f6r damtoppar f\u00f6r vinterv\u00e4rme och lager p\u00e5 lager:<\/strong><\/h3>\n<ul data-sourcepos=\"5:1-9:0\">\n<li data-sourcepos=\"5:1-5:239\"><strong>Sk\u00f6ldpaddshalsar och mockahalsar:<\/strong> Dessa \u00e4r utm\u00e4rkta f\u00f6r att h\u00e5lla halsen varm och kan b\u00e4ras som de \u00e4r eller under tr\u00f6jor eller jackor. Leta efter dem i material som merinoull, kashmir eller termotrik\u00e5er f\u00f6r extra v\u00e4rme.<\/li>\n<li data-sourcepos=\"6:1-6:205\"><strong>L\u00e5ng\u00e4rmade termotoppar:<\/strong> Dessa \u00e4r utformade f\u00f6r att h\u00e5lla v\u00e4rmen och h\u00e5lla dig varm \u00e4ven under mycket kalla f\u00f6rh\u00e5llanden. De \u00e4r perfekta att l\u00e4gga i lager under andra toppar eller b\u00e4ra ensamma f\u00f6r utomhusaktiviteter.<\/li>\n<li data-sourcepos=\"7:1-7:199\"><strong>Tr\u00f6jor:<\/strong> Tr\u00f6jor \u00e4r ett klassiskt vinterplagg och finns i olika stilar, t.ex. med rund halsringning, V-ringning, kofta och polokrage. V\u00e4lj material som ull, kashmir eller fleece f\u00f6r maximal v\u00e4rme.<\/li>\n<li data-sourcepos=\"8:1-9:0\"><strong>Fleecetoppar:<\/strong> De h\u00e4r \u00e4r otroligt mjuka, varma och bekv\u00e4ma. De \u00e4r perfekta f\u00f6r fritidskl\u00e4der och utomhusaktiviteter.<\/li>\n<\/ul>\n<h3 data-sourcepos=\"10:1-10:20\"><strong>Toppar f\u00f6r kvinnor f\u00f6r vintern Snygga alternativ:<\/strong><\/h3>\n<ul data-sourcepos=\"12:1-16:0\">\n<li data-sourcepos=\"12:1-12:140\"><strong>Tr\u00f6ja Kl\u00e4nningar:<\/strong> Dessa \u00e4r ett moderiktigt och mysigt alternativ f\u00f6r vintern. De kan kombineras med strumpbyxor och st\u00f6vlar f\u00f6r en komplett outfit.<\/li>\n<li data-sourcepos=\"13:1-13:144\"><strong>Stickade tunikor:<\/strong> Dessa har en avslappnad och bekv\u00e4m passform samtidigt som de ser snygga ut. De kan kombineras med leggings eller skinny jeans.<\/li>\n<li data-sourcepos=\"14:1-14:142\"><strong>Velvet Toppar:<\/strong> Sammet ger en touch av elegans och v\u00e4rme till varje outfit. De \u00e4r perfekta f\u00f6r semesterfester eller andra speciella tillf\u00e4llen.<\/li>\n<li data-sourcepos=\"15:1-16:0\"><strong>Kn\u00e4ppta skjortor (flanell eller manchester):<\/strong> De kan b\u00e4ras som de \u00e4r eller i lager \u00f6ver en polotr\u00f6ja eller en v\u00e4rmetr\u00f6ja f\u00f6r extra v\u00e4rme.<\/li>\n<\/ul>\n<h3 data-sourcepos=\"17:1-17:26\"><strong>Material f\u00f6r att leta efter damtoppar f\u00f6r vintern:<\/strong><\/h3>\n<ul data-sourcepos=\"19:1-24:0\">\n<li data-sourcepos=\"19:1-19:68\"><strong>Ull:<\/strong> En naturlig isolator som h\u00e5ller dig varm \u00e4ven n\u00e4r den \u00e4r v\u00e5t.<\/li>\n<li data-sourcepos=\"20:1-20:90\"><strong>Kashmir:<\/strong> Ett lyxigt och otroligt mjukt material som ger utm\u00e4rkt v\u00e4rme.<\/li>\n<li data-sourcepos=\"21:1-21:91\"><strong>Fleece:<\/strong> Ett mjukt och varmt syntetmaterial som samtidigt \u00e4r l\u00e4tt och andas.<\/li>\n<li data-sourcepos=\"22:1-22:82\"><strong>Termiska stickningar:<\/strong> Designad f\u00f6r att f\u00e5nga upp v\u00e4rme och h\u00e5lla dig varm i kalla f\u00f6rh\u00e5llanden.<\/li>\n<li data-sourcepos=\"23:1-24:0\"><strong>Bomull:<\/strong> Bomull \u00e4r inte lika varmt som ull eller fleece, men det andas och \u00e4r bekv\u00e4mt att b\u00e4ra i lager p\u00e5 lager.<\/li>\n<\/ul>\n<h3 data-sourcepos=\"25:1-25:34\"><strong>Tips f\u00f6r damtoppar f\u00f6r vintern:<\/strong><\/h3>\n<ul data-sourcepos=\"27:1-30:0\">\n<li data-sourcepos=\"27:1-27:222\"><strong>T\u00e4nk p\u00e5 klimatet:<\/strong> Om du bor i ett mycket kallt klimat b\u00f6r du prioritera v\u00e4rme och v\u00e4lja material som ull eller fleece. Om du bor i ett mildare klimat kan du v\u00e4lja l\u00e4ttare material som bomull eller tunnare stickade material.<\/li>\n<li data-sourcepos=\"28:1-28:107\"><strong>T\u00e4nk p\u00e5 lager p\u00e5 lager:<\/strong> V\u00e4lj toppar som enkelt kan l\u00e4ggas under andra plagg f\u00f6r extra v\u00e4rme.<\/li>\n<li data-sourcepos=\"29:1-30:0\"><strong>Gl\u00f6m inte bort stilen:<\/strong> Vintertoppar kan vara b\u00e5de funktionella och moderiktiga. V\u00e4lj stilar och f\u00e4rger som du gillar och som kompletterar din garderob.<\/li>\n<\/ul>\n<p data-sourcepos=\"31:1-31:126\">Genom att ta h\u00e4nsyn till dessa faktorer kan du hitta de perfekta damtopparna som h\u00e5ller dig varm och snygg under hela vinters\u00e4songen.<\/p>","protected":false},"excerpt":{"rendered":"<table style=\"height: 515px;\" width=\"480\">\n<tbody>\n<tr>\n<td width=\"146\"><strong><b>Produkt<\/b><\/strong>\u00a0<strong><b>Namn:<\/b><\/strong><\/td>\n<td width=\"601\"><strong>Toppar f\u00f6r kvinnor f\u00f6r vintern<\/strong><\/td>\n<\/tr>\n<tr>\n<td width=\"146\"><strong><b>Materlal:<\/b><\/strong><\/td>\n<td width=\"601\">Stickning<\/td>\n<\/tr>\n<tr>\n<td width=\"146\"><strong><b>Teknik:<\/b><\/strong><\/td>\n<td width=\"601\">Broderad<\/td>\n<\/tr>\n<tr>\n<td width=\"146\"><strong><b>Stil:<\/b><\/strong><\/td>\n<td width=\"601\">Avslappnad<\/td>\n<\/tr>\n<tr>\n<td width=\"146\"><strong><b>F\u00e4rg<\/b><\/strong><strong><b>:<\/b><\/strong><\/td>\n<td width=\"601\">\u00a0Anpassade f\u00e4rger<\/td>\n<\/tr>\n<tr>\n<td width=\"146\"><strong><b>Storlek:<\/b><\/strong><\/td>\n<td width=\"601\">S \/M \/L \/XL \/2XL<\/td>\n<\/tr>\n<tr>\n<td width=\"146\"><strong><b>OEM\/ODM:<\/b><\/strong><\/td>\n<td width=\"601\">Godtagbar<\/td>\n<\/tr>\n<tr>\n<td width=\"146\"><strong><b>Kvalitet:<\/b><\/strong><\/td>\n<td width=\"601\">100% H\u00f6g kvalitet<\/td>\n<\/tr>\n<tr>\n<td width=\"146\"><strong><b>M<\/b><\/strong><strong><b>OQ:<\/b><\/strong><\/td>\n<td width=\"601\">200 st.<\/td>\n<\/tr>\n<\/tbody>\n<\/table>","protected":false},"featured_media":2088,"template":"","meta":[],"product_brand":[],"product_cat":[39],"product_tag":[],"class_list":{"0":"post-2003","1":"product","2":"type-product","3":"status-publish","4":"has-post-thumbnail","6":"product_cat-womens-clothing","8":"first","9":"instock","10":"shipping-taxable","11":"product-type-simple"},"_links":{"self":[{"href":"https:\/\/mj-clothing.com\/sv\/wp-json\/wp\/v2\/product\/2003","targetHints":{"allow":["GET"]}}],"collection":[{"href":"https:\/\/mj-clothing.com\/sv\/wp-json\/wp\/v2\/product"}],"about":[{"href":"https:\/\/mj-clothing.com\/sv\/wp-json\/wp\/v2\/types\/product"}],"wp:featuredmedia":[{"embeddable":true,"href":"https:\/\/mj-clothing.com\/sv\/wp-json\/wp\/v2\/media\/2088"}],"wp:attachment":[{"href":"https:\/\/mj-clothing.com\/sv\/wp-json\/wp\/v2\/media?parent=2003"}],"wp:term":[{"taxonomy":"product_brand","embeddable":true,"href":"https:\/\/mj-clothing.com\/sv\/wp-json\/wp\/v2\/product_brand?post=2003"},{"taxonomy":"product_cat","embeddable":true,"href":"https:\/\/mj-clothing.com\/sv\/wp-json\/wp\/v2\/product_cat?post=2003"},{"taxonomy":"product_tag","embeddable":true,"href":"https:\/\/mj-clothing.com\/sv\/wp-json\/wp\/v2\/product_tag?post=2003"}],"curies":[{"name":"wp","href":"https:\/\/api.w.org\/{rel}","templated":true}]}}