{"id":2005,"date":"2024-12-17T08:27:39","date_gmt":"2024-12-17T08:27:39","guid":{"rendered":"https:\/\/mj-clothing.com\/?post_type=product&#038;p=2005"},"modified":"2024-12-18T06:08:53","modified_gmt":"2024-12-18T06:08:53","slug":"glorya-long-sleeve-hooded-top-womens","status":"publish","type":"product","link":"https:\/\/mj-clothing.com\/sv\/manufacturer\/glorya-long-sleeve-hooded-top-womens\/","title":{"rendered":"Glorya l\u00e5ng\u00e4rmad topp med huva-Damer"},"content":{"rendered":"<div id=\"model-response-message-contentr_2042c454bde921df\" class=\"markdown markdown-main-panel response-optimization\" dir=\"ltr\">\n<p data-sourcepos=\"1:1-1:220\">Det l\u00e5ter som om du \u00e4r intresserad av Patagonia Long-Sleeve Glorya Long-Sleeve Hooded Top-Women's. Detta \u00e4r ett popul\u00e4rt plagg fr\u00e5n Patagonia som \u00e4r k\u00e4nt f\u00f6r sin komfort och m\u00e5ngsidighet. H\u00e4r \u00e4r en uppdelning av vad som g\u00f6r att den sticker ut:<\/p>\n<h3 data-sourcepos=\"3:1-3:17\"><strong>Egenskaper Glorya L\u00e5ng\u00e4rmad Hooded Top-Damer's:<\/strong><\/h3>\n<ul data-sourcepos=\"5:1-12:0\">\n<li data-sourcepos=\"5:1-5:186\"><strong>L\u00e4tt och bekv\u00e4m:<\/strong> <span class=\"citation-0 recitation citation-end-0\">Den h\u00e4r huvtr\u00f6jan \u00e4r tillverkad i en mjuk blandning av \u00e5tervunnen polyester, TENCEL\u2122 lyocell och spandex och \u00e4r utformad f\u00f6r komfort och r\u00f6relsefrihet.<\/span>\n<div class=\"container ng-tns-c2960411664-80 hide\">\n<div class=\"carousel-container ng-tns-c2960411664-80\"><\/div>\n<\/div>\n<\/li>\n<li data-sourcepos=\"6:1-6:176\"><strong>Fukttransporterande och snabbtorkande:<\/strong> <span class=\"citation-1 recitation citation-end-1\">Tyget \u00e4r utm\u00e4rkt p\u00e5 att transportera bort fukt och torka snabbt, vilket g\u00f6r det l\u00e4mpligt f\u00f6r aktiv anv\u00e4ndning eller vardagsbruk.<\/span><span class=\"button-container hide-from-message-actions ng-star-inserted\">\u00a0 \u00a0<\/span>\n<div class=\"container ng-tns-c2960411664-81 hide\">\n<div class=\"carousel-container ng-tns-c2960411664-81\"><\/div>\n<\/div>\n<\/li>\n<li data-sourcepos=\"7:1-7:106\"><strong>Avslappnad passform:<\/strong> <span class=\"citation-2 recitation citation-end-2\">Glorya Hoody har en avslappnad passform som g\u00f6r den bekv\u00e4m att b\u00e4ra i flera lager.<\/span><span class=\"button-container hide-from-message-actions ng-star-inserted\">\u00a0<\/span>\n<div class=\"container ng-tns-c2960411664-82 hide\">\n<div class=\"carousel-container ng-tns-c2960411664-82\"><\/div>\n<\/div>\n<\/li>\n<li data-sourcepos=\"8:1-8:121\"><strong>Justerbar huva:<\/strong> <span class=\"citation-3 recitation citation-end-3\">Huvan har en dragsko som g\u00f6r att du kan justera den f\u00f6r optimal t\u00e4ckning och v\u00e4rme.<\/span><span class=\"button-container hide-from-message-actions ng-star-inserted\">\u00a0<\/span>\n<div class=\"container ng-tns-c2960411664-83 hide\">\n<div class=\"carousel-container ng-tns-c2960411664-83\"><\/div>\n<\/div>\n<\/li>\n<li data-sourcepos=\"9:1-9:157\"><strong>M\u00e5ngsidig:<\/strong> <span class=\"citation-4 recitation citation-end-4\">Den kan b\u00e4ras som den \u00e4r eller i lager \u00f6ver andra toppar, vilket g\u00f6r den till ett utm\u00e4rkt val f\u00f6r olika aktiviteter och v\u00e4derf\u00f6rh\u00e5llanden.<\/span><span class=\"button-container hide-from-message-actions ng-star-inserted\"> \u00a0<\/span>\n<div class=\"container ng-tns-c2960411664-84 hide\">\n<div class=\"carousel-container ng-tns-c2960411664-84\"><\/div>\n<\/div>\n<\/li>\n<li data-sourcepos=\"10:1-10:148\"><strong><span class=\"citation-5 recitation\">H\u00e5llbara material:<\/span><\/strong><span class=\"citation-5 recitation citation-end-5\"> Den h\u00e4r huvtr\u00f6jan \u00e4r tillverkad av \u00e5tervunnen polyester och TENCEL\u2122 lyocell och \u00e4r ett mer milj\u00f6medvetet val.<\/span><span class=\"button-container hide-from-message-actions ng-star-inserted\"> \u00a0<\/span>\n<div class=\"container ng-tns-c2960411664-85 hide\">\n<div class=\"carousel-container ng-tns-c2960411664-85\"><\/div>\n<\/div>\n<\/li>\n<li data-sourcepos=\"11:1-12:0\"><strong><span class=\"citation-6 recitation\">Fair Trade Certified\u2122 Sydd:<\/span><\/strong><span class=\"citation-6 recitation citation-end-6\"> Det inneb\u00e4r att de som tillverkade plagget fick en premie f\u00f6r sitt arbete.<\/span><span class=\"button-container hide-from-message-actions ng-star-inserted\">\u00a0<\/span>\n<div class=\"container ng-tns-c2960411664-86 hide\">\n<div class=\"carousel-container ng-tns-c2960411664-86\"><\/div>\n<\/div>\n<\/li>\n<\/ul>\n<h3 data-sourcepos=\"13:1-13:30\"><strong>Varf\u00f6r det \u00e4r ett popul\u00e4rt val Glorya Long-Sleeve Hooded Top-Women's:<\/strong><\/h3>\n<ul data-sourcepos=\"15:1-19:0\">\n<li data-sourcepos=\"15:1-15:151\"><strong>Komfort f\u00f6r r\u00f6relse:<\/strong> <span class=\"citation-7 recitation citation-end-7\">Det l\u00e4tta, stretchiga tyget g\u00f6r den idealisk f\u00f6r aktiviteter som vandring, yoga eller bara f\u00f6r att g\u00f6ra \u00e4renden.<\/span><span class=\"button-container hide-from-message-actions ng-star-inserted\">\u00a0<\/span>\n<div class=\"container ng-tns-c2960411664-87 hide\">\n<div class=\"carousel-container ng-tns-c2960411664-87\"><\/div>\n<\/div>\n<\/li>\n<li data-sourcepos=\"16:1-16:101\"><strong>Vardagskl\u00e4der:<\/strong> Den lediga stilen och den bekv\u00e4ma passformen g\u00f6r den till ett utm\u00e4rkt val f\u00f6r vardagsbruk.<\/li>\n<li data-sourcepos=\"17:1-17:91\"><strong>L\u00e4gga p\u00e5 en bit:<\/strong> Den \u00e4r perfekt att l\u00e4gga under jackor eller v\u00e4star i svalare v\u00e4der.<\/li>\n<li data-sourcepos=\"18:1-19:0\"><strong>Kvalitet och h\u00e5llbarhet:<\/strong> Patagonia \u00e4r k\u00e4nt f\u00f6r att tillverka h\u00f6gkvalitativa och h\u00e5llbara produkter.<\/li>\n<\/ul>\n<h3 data-sourcepos=\"20:1-20:21\"><strong>Var hittar du Glorya l\u00e5ng\u00e4rmad topp med huva - Dam:<\/strong><\/h3>\n<p data-sourcepos=\"22:1-22:86\">Du kan vanligtvis hitta Patagonia Long-Sleeve Glorya Hooded Top hos dessa \u00e5terf\u00f6rs\u00e4ljare:<\/p>\n<ul data-sourcepos=\"24:1-27:0\">\n<li data-sourcepos=\"24:1-24:80\"><strong>Patagonias webbplats:<\/strong> Detta \u00e4r den officiella k\u00e4llan f\u00f6r Patagonia-produkter.<\/li>\n<li data-sourcepos=\"25:1-25:114\"><strong>\u00c5terf\u00f6rs\u00e4ljare av utomhusprodukter:<\/strong> <span class=\"citation-8 recitation citation-end-8\">Butiker som REI, Backcountry och Moosejaw har ofta Patagonia-kl\u00e4der.<\/span><span class=\"button-container hide-from-message-actions ng-star-inserted\">\u00a0<\/span>\n<div class=\"container ng-tns-c2960411664-88 hide\">\n<div class=\"carousel-container ng-tns-c2960411664-88\"><\/div>\n<\/div>\n<\/li>\n<li data-sourcepos=\"26:1-27:0\"><strong>Varuhus:<\/strong> Vissa varuhus kan ocks\u00e5 ha Patagonia-produkter.<\/li>\n<\/ul>\n<p data-sourcepos=\"28:1-28:153\">Om du letar efter en bekv\u00e4m, m\u00e5ngsidig och h\u00e5llbart tillverkad huvtr\u00f6ja \u00e4r Patagonia Long-Sleeve Glorya Hooded Top definitivt v\u00e4rd att \u00f6verv\u00e4ga.<\/p>\n<\/div>\n<div class=\"skeleton-loader-container\"><\/div>\n<div class=\"response-footer gap complete\">\n<div class=\"container ng-tns-c2960411664-79\">\n<div class=\"carousel-container ng-tns-c2960411664-79\">\n<div class=\"carousel-content ng-tns-c2960411664-79\">\n<div class=\"sources-carousel-source ng-tns-c2960411664-79 ng-star-inserted\" data-test-id=\"sources-carousel-source\">\n<div class=\"source-card-container\">\n<div class=\"source-card-content\">\n<div class=\"source-card-body\">\n<div class=\"source-card-header\">\n<div class=\"source-card-title\"><\/div>\n<\/div>\n<\/div>\n<\/div>\n<\/div>\n<\/div>\n<\/div>\n<\/div>\n<\/div>\n<\/div>","protected":false},"excerpt":{"rendered":"<table style=\"height: 661px;\" width=\"527\">\n<tbody>\n<tr>\n<td width=\"146\"><strong><b>Produkt<\/b><\/strong>\u00a0<strong><b>Namn:<\/b><\/strong><\/td>\n<td width=\"601\"><strong>Glorya l\u00e5ng\u00e4rmad topp med huva-Damer<\/strong><\/td>\n<\/tr>\n<tr>\n<td width=\"146\"><strong><b>Materlal:<\/b><\/strong><\/td>\n<td width=\"601\">Stickning<\/td>\n<\/tr>\n<tr>\n<td width=\"146\"><strong><b>Teknik:<\/b><\/strong><\/td>\n<td width=\"601\">Broderad<\/td>\n<\/tr>\n<tr>\n<td width=\"146\"><strong><b>Stil:<\/b><\/strong><\/td>\n<td width=\"601\">Avslappnad<\/td>\n<\/tr>\n<tr>\n<td width=\"146\"><strong><b>F\u00e4rg<\/b><\/strong><strong><b>:<\/b><\/strong><\/td>\n<td width=\"601\">\u00a0Anpassade f\u00e4rger<\/td>\n<\/tr>\n<tr>\n<td width=\"146\"><strong><b>Storlek:<\/b><\/strong><\/td>\n<td width=\"601\">S \/M \/L \/XL \/2XL<\/td>\n<\/tr>\n<tr>\n<td width=\"146\"><strong><b>OEM\/ODM:<\/b><\/strong><\/td>\n<td width=\"601\">Godtagbar<\/td>\n<\/tr>\n<tr>\n<td width=\"146\"><strong><b>Kvalitet:<\/b><\/strong><\/td>\n<td width=\"601\">100% H\u00f6g kvalitet<\/td>\n<\/tr>\n<tr>\n<td width=\"146\"><strong><b>M<\/b><\/strong><strong><b>OQ:<\/b><\/strong><\/td>\n<td width=\"601\">200 st.<\/td>\n<\/tr>\n<\/tbody>\n<\/table>","protected":false},"featured_media":2006,"template":"","meta":[],"product_brand":[],"product_cat":[39],"product_tag":[],"class_list":{"0":"post-2005","1":"product","2":"type-product","3":"status-publish","4":"has-post-thumbnail","6":"product_cat-womens-clothing","8":"first","9":"instock","10":"shipping-taxable","11":"product-type-simple"},"_links":{"self":[{"href":"https:\/\/mj-clothing.com\/sv\/wp-json\/wp\/v2\/product\/2005","targetHints":{"allow":["GET"]}}],"collection":[{"href":"https:\/\/mj-clothing.com\/sv\/wp-json\/wp\/v2\/product"}],"about":[{"href":"https:\/\/mj-clothing.com\/sv\/wp-json\/wp\/v2\/types\/product"}],"wp:featuredmedia":[{"embeddable":true,"href":"https:\/\/mj-clothing.com\/sv\/wp-json\/wp\/v2\/media\/2006"}],"wp:attachment":[{"href":"https:\/\/mj-clothing.com\/sv\/wp-json\/wp\/v2\/media?parent=2005"}],"wp:term":[{"taxonomy":"product_brand","embeddable":true,"href":"https:\/\/mj-clothing.com\/sv\/wp-json\/wp\/v2\/product_brand?post=2005"},{"taxonomy":"product_cat","embeddable":true,"href":"https:\/\/mj-clothing.com\/sv\/wp-json\/wp\/v2\/product_cat?post=2005"},{"taxonomy":"product_tag","embeddable":true,"href":"https:\/\/mj-clothing.com\/sv\/wp-json\/wp\/v2\/product_tag?post=2005"}],"curies":[{"name":"wp","href":"https:\/\/api.w.org\/{rel}","templated":true}]}}