{"id":2008,"date":"2024-12-17T08:49:20","date_gmt":"2024-12-17T08:49:20","guid":{"rendered":"https:\/\/mj-clothing.com\/?post_type=product&#038;p=2008"},"modified":"2024-12-17T08:56:51","modified_gmt":"2024-12-17T08:56:51","slug":"womens-cashmere-long-coat","status":"publish","type":"product","link":"https:\/\/mj-clothing.com\/sv\/manufacturer\/womens-cashmere-long-coat\/","title":{"rendered":"L\u00e5ng kashmirrock f\u00f6r kvinnor"},"content":{"rendered":"<div id=\"model-response-message-contentr_21586b4a0aa106d5\" class=\"markdown markdown-main-panel response-optimization\" dir=\"ltr\">\n<p data-sourcepos=\"1:1-1:191\">En l\u00e5ng kashmirrock f\u00f6r damer \u00e4r sj\u00e4lva sinnebilden f\u00f6r lyx, v\u00e4rme och tidl\u00f6s stil. Det \u00e4r en viktig investering som kan f\u00f6rh\u00f6ja vilken vintergarderob som helst. H\u00e4r \u00e4r vad som g\u00f6r dem s\u00e5 speciella:<\/p>\n<h3 data-sourcepos=\"3:1-3:17\"><strong>Varf\u00f6r en l\u00e5ng kashmirjacka f\u00f6r kvinnor?<\/strong><\/h3>\n<ul data-sourcepos=\"5:1-9:0\">\n<li data-sourcepos=\"5:1-5:146\"><strong><span class=\"citation-0 recitation\">O\u00f6vertr\u00e4ffad mjukhet:<\/span><\/strong><span class=\"citation-0 recitation citation-end-0\"> Kashmirfibrerna \u00e4r otroligt fina, vilket ger en lyxigt mjuk och len k\u00e4nsla mot huden.<\/span><span class=\"button-container hide-from-message-actions ng-star-inserted\"> \u00a0<\/span>\n<div class=\"container ng-tns-c2960411664-95 hide\">\n<div class=\"carousel-container ng-tns-c2960411664-95\"><\/div>\n<\/div>\n<\/li>\n<li data-sourcepos=\"6:1-6:147\"><strong><span class=\"citation-1 recitation\">Exceptionell v\u00e4rme:<\/span><\/strong><span class=\"citation-1 recitation citation-end-1\"> Trots sin l\u00e4tta vikt isolerar kashmir utm\u00e4rkt och h\u00e5ller dig varm utan att k\u00e4nnas klumpig.<\/span><span class=\"button-container hide-from-message-actions ng-star-inserted\">\u00a0<\/span>\n<div class=\"container ng-tns-c2960411664-96 hide\">\n<div class=\"carousel-container ng-tns-c2960411664-96\"><\/div>\n<\/div>\n<\/li>\n<li data-sourcepos=\"7:1-7:152\"><strong>L\u00e4tt och bekv\u00e4m:<\/strong> <span class=\"citation-2 recitation citation-end-2\">Kashmirplagg \u00e4r k\u00e4nda f\u00f6r sin l\u00e4tthet, vilket g\u00f6r dem bekv\u00e4ma att b\u00e4ra under l\u00e4ngre perioder.<\/span><span class=\"button-container hide-from-message-actions ng-star-inserted\">\u00a0 \u00a0<\/span>\n<div class=\"container ng-tns-c2960411664-97 hide\">\n<div class=\"carousel-container ng-tns-c2960411664-97\"><\/div>\n<\/div>\n<\/li>\n<li data-sourcepos=\"8:1-9:0\"><strong><span class=\"citation-3 recitation\">H\u00e5llbarhet:<\/span><\/strong><span class=\"citation-3 recitation citation-end-3\"> Med r\u00e4tt sk\u00f6tsel kan en kashmirrock av h\u00f6g kvalitet h\u00e5lla i m\u00e5nga \u00e5r, vilket g\u00f6r den till en v\u00e4rdefull investering.<\/span><span class=\"button-container hide-from-message-actions ng-star-inserted\">\u00a0 \u00a0<\/span>\n<div class=\"container ng-tns-c2960411664-98 hide\">\n<div class=\"carousel-container ng-tns-c2960411664-98\"><\/div>\n<\/div>\n<\/li>\n<\/ul>\n<h3 data-sourcepos=\"10:1-10:41\"><strong>Viktiga egenskaper hos en l\u00e5ng kashmirrock f\u00f6r kvinnor:<\/strong><\/h3>\n<ul data-sourcepos=\"12:1-22:0\">\n<li data-sourcepos=\"12:1-12:85\"><strong>L\u00e4ngd:<\/strong> Faller normalt nedanf\u00f6r kn\u00e4t och ger maximal t\u00e4ckning och v\u00e4rme.<\/li>\n<li data-sourcepos=\"13:1-16:93\"><strong>Klassiska stilar:<\/strong> Ofta med tidl\u00f6sa silhuetter som:\n<ul data-sourcepos=\"14:5-16:93\">\n<li data-sourcepos=\"14:5-14:88\"><strong>Enkelbr\u00f6stad:<\/strong> En klassisk och m\u00e5ngsidig stil med en enda rad knappar.<\/li>\n<li data-sourcepos=\"15:5-15:87\"><strong>Dubbelkn\u00e4ppt:<\/strong> <span class=\"citation-4 recitation citation-end-4\">En mer formell stil med tv\u00e5 rader knappar.<\/span><span class=\"button-container hide-from-message-actions ng-star-inserted\">\u00a0 \u00a0<\/span>\n<div class=\"container ng-tns-c2960411664-99 hide\">\n<div class=\"carousel-container ng-tns-c2960411664-99\"><\/div>\n<\/div>\n<\/li>\n<li data-sourcepos=\"16:5-16:93\"><strong><span class=\"citation-5 recitation\">Omlottrock:<\/span><\/strong><span class=\"citation-5 recitation citation-end-5\"> En avslappnad och elegant stil som kan knytas med ett b\u00e4lte.<\/span><span class=\"button-container hide-from-message-actions ng-star-inserted\"> \u00a0<\/span>\n<div class=\"container ng-tns-c2960411664-100 hide\">\n<div class=\"carousel-container ng-tns-c2960411664-100\">\n<div class=\"carousel-content ng-tns-c2960411664-100\">\n<div class=\"sources-carousel-source ng-tns-c2960411664-100 hide ng-star-inserted\" data-test-id=\"sources-carousel-source\"><\/div>\n<\/div>\n<\/div>\n<\/div>\n<\/li>\n<\/ul>\n<\/li>\n<li data-sourcepos=\"17:1-20:67\"><strong>Alternativ f\u00f6r krage:<\/strong> Kan ha olika kragstilar, t.ex:\n<ul data-sourcepos=\"18:5-20:67\">\n<li data-sourcepos=\"18:5-18:69\"><strong><span class=\"citation-6 recitation\">Hakknapp p\u00e5 kavajslaget:<\/span><\/strong><span class=\"citation-6 recitation citation-end-6\"> En klassisk och m\u00e5ngsidig krage.<\/span><span class=\"button-container hide-from-message-actions ng-star-inserted\">\u00a0<\/span>\n<div class=\"container ng-tns-c2960411664-101 hide\">\n<div class=\"carousel-container ng-tns-c2960411664-101\"><\/div>\n<\/div>\n<\/li>\n<li data-sourcepos=\"19:5-19:57\"><strong>Sjalkrage:<\/strong> En mer avslappnad och mysig krage.<\/li>\n<li data-sourcepos=\"20:5-20:67\"><strong>Uppst\u00e5ende krage:<\/strong> Ger extra v\u00e4rme runt halsen.<\/li>\n<\/ul>\n<\/li>\n<li data-sourcepos=\"21:1-22:0\"><strong>Minimala detaljer:<\/strong> Ofta med rena linjer och minimala detaljer f\u00f6r att framh\u00e4va det lyxiga tyget.<\/li>\n<\/ul>\n<h3 data-sourcepos=\"23:1-23:56\"><strong>Saker att t\u00e4nka p\u00e5 n\u00e4r du k\u00f6per en l\u00e5ng kashmirjacka f\u00f6r kvinnor:<\/strong><\/h3>\n<ul data-sourcepos=\"25:1-30:0\">\n<li data-sourcepos=\"25:1-25:129\"><strong>Kashmir Kvalitet:<\/strong> Leta efter kappor som \u00e4r tillverkade av 100%-kashmir eller en h\u00f6g andel kashmir blandad med andra fina fibrer.<\/li>\n<li data-sourcepos=\"26:1-26:134\"><strong>Vikt:<\/strong> Kashmirens vikt p\u00e5verkar dess v\u00e4rme och drapering. Tyngre kashmir \u00e4r i allm\u00e4nhet varmare men kan ocks\u00e5 vara mer skrymmande.<\/li>\n<li data-sourcepos=\"27:1-27:89\"><strong>Konstruktion:<\/strong> Kontrollera kvaliteten p\u00e5 s\u00f6mmarna och fodret f\u00f6r att s\u00e4kerst\u00e4lla h\u00e5llbarheten.<\/li>\n<li data-sourcepos=\"28:1-28:99\"><strong>Passar:<\/strong> V\u00e4lj en kappa som sitter bra \u00f6ver axlarna och ger m\u00f6jlighet till bekv\u00e4ma lager p\u00e5 lager.<\/li>\n<li data-sourcepos=\"29:1-30:0\"><strong>Pris:<\/strong> <span class=\"citation-7 recitation citation-end-7\">Kashmirrockar \u00e4r en investering, s\u00e5 var beredd p\u00e5 att spendera en betydande summa.<\/span> Med r\u00e4tt sk\u00f6tsel kommer den dock att h\u00e5lla i m\u00e5nga \u00e5r.<span class=\"button-container hide-from-message-actions ng-star-inserted\">\u00a0<\/span>\n<div class=\"container ng-tns-c2960411664-102 hide\">\n<div class=\"carousel-container ng-tns-c2960411664-102\"><\/div>\n<\/div>\n<\/li>\n<\/ul>\n<h3 data-sourcepos=\"31:1-31:46\"><strong>Var hittar man l\u00e5nga kashmirrockar f\u00f6r kvinnor:<\/strong><\/h3>\n<ul data-sourcepos=\"33:1-37:0\">\n<li data-sourcepos=\"33:1-33:80\"><strong>H\u00f6gklassiga varuhus:<\/strong> Nordstrom, Saks Fifth Avenue, Bloomingdale's<\/li>\n<li data-sourcepos=\"34:1-34:52\"><strong>Lyxiga varum\u00e4rken:<\/strong> Max Mara, Loro Piana, The Row<\/li>\n<li data-sourcepos=\"35:1-35:80\"><strong>Specialiserade \u00e5terf\u00f6rs\u00e4ljare av kashmir:<\/strong> <span class=\"citation-8 recitation citation-end-8\">GOBI Kashmir, Sofia Kashmir<\/span><span class=\"button-container hide-from-message-actions ng-star-inserted\">\u00a0 \u00a0<\/span>\n<div class=\"container ng-tns-c2960411664-103 hide\">\n<div class=\"carousel-container ng-tns-c2960411664-103\"><\/div>\n<\/div>\n<\/li>\n<li data-sourcepos=\"36:1-37:0\"><strong>\u00c5terf\u00f6rs\u00e4ljare p\u00e5 n\u00e4tet:<\/strong> Farfetch, Net-a-Porter, Mytheresa<\/li>\n<\/ul>\n<p data-sourcepos=\"38:1-38:122\">En l\u00e5ng kashmirrock f\u00f6r damer \u00e4r en lyxig och tidl\u00f6s investering som kommer att h\u00e5lla dig varm och snygg i m\u00e5nga \u00e5r fram\u00f6ver.<\/p>\n<\/div>\n<div class=\"response-footer gap complete\">\n<div class=\"container ng-tns-c2960411664-94\">\n<div class=\"carousel-container ng-tns-c2960411664-94\">\n<div class=\"carousel-content ng-tns-c2960411664-94\">\n<div class=\"sources-carousel-source ng-tns-c2960411664-94 ng-star-inserted\" data-test-id=\"sources-carousel-source\">\n<div class=\"source-card-container\">\n<div class=\"source-card-content\">\n<div class=\"source-card-body\">\n<div class=\"source-card-header\">\n<div class=\"source-card-title\"><\/div>\n<\/div>\n<\/div>\n<\/div>\n<\/div>\n<\/div>\n<\/div>\n<\/div>\n<\/div>\n<\/div>","protected":false},"excerpt":{"rendered":"<table style=\"height: 596px;\" width=\"487\">\n<tbody>\n<tr>\n<td width=\"146\"><strong><b>Produkt<\/b><\/strong>\u00a0<strong><b>Namn:<\/b><\/strong><\/td>\n<td width=\"601\"><strong>L\u00e5ng kashmirrock f\u00f6r kvinnor<\/strong><\/td>\n<\/tr>\n<tr>\n<td width=\"146\"><strong><b>Materlal:<\/b><\/strong><\/td>\n<td width=\"601\">Stickning<\/td>\n<\/tr>\n<tr>\n<td width=\"146\"><strong><b>Teknik:<\/b><\/strong><\/td>\n<td width=\"601\">Broderad<\/td>\n<\/tr>\n<tr>\n<td width=\"146\"><strong><b>Stil:<\/b><\/strong><\/td>\n<td width=\"601\">Avslappnad<\/td>\n<\/tr>\n<tr>\n<td width=\"146\"><strong><b>F\u00e4rg<\/b><\/strong><strong><b>:<\/b><\/strong><\/td>\n<td width=\"601\">\u00a0Anpassade f\u00e4rger<\/td>\n<\/tr>\n<tr>\n<td width=\"146\"><strong><b>Storlek:<\/b><\/strong><\/td>\n<td width=\"601\">S \/M \/L \/XL \/2XL<\/td>\n<\/tr>\n<tr>\n<td width=\"146\"><strong><b>OEM\/ODM:<\/b><\/strong><\/td>\n<td width=\"601\">Godtagbar<\/td>\n<\/tr>\n<tr>\n<td width=\"146\"><strong><b>Kvalitet:<\/b><\/strong><\/td>\n<td width=\"601\">100% H\u00f6g kvalitet<\/td>\n<\/tr>\n<tr>\n<td width=\"146\"><strong><b>M<\/b><\/strong><strong><b>OQ:<\/b><\/strong><\/td>\n<td width=\"601\">200 st.<\/td>\n<\/tr>\n<\/tbody>\n<\/table>","protected":false},"featured_media":2009,"template":"","meta":[],"product_brand":[],"product_cat":[39],"product_tag":[],"class_list":{"0":"post-2008","1":"product","2":"type-product","3":"status-publish","4":"has-post-thumbnail","6":"product_cat-womens-clothing","8":"first","9":"instock","10":"shipping-taxable","11":"product-type-simple"},"_links":{"self":[{"href":"https:\/\/mj-clothing.com\/sv\/wp-json\/wp\/v2\/product\/2008","targetHints":{"allow":["GET"]}}],"collection":[{"href":"https:\/\/mj-clothing.com\/sv\/wp-json\/wp\/v2\/product"}],"about":[{"href":"https:\/\/mj-clothing.com\/sv\/wp-json\/wp\/v2\/types\/product"}],"wp:featuredmedia":[{"embeddable":true,"href":"https:\/\/mj-clothing.com\/sv\/wp-json\/wp\/v2\/media\/2009"}],"wp:attachment":[{"href":"https:\/\/mj-clothing.com\/sv\/wp-json\/wp\/v2\/media?parent=2008"}],"wp:term":[{"taxonomy":"product_brand","embeddable":true,"href":"https:\/\/mj-clothing.com\/sv\/wp-json\/wp\/v2\/product_brand?post=2008"},{"taxonomy":"product_cat","embeddable":true,"href":"https:\/\/mj-clothing.com\/sv\/wp-json\/wp\/v2\/product_cat?post=2008"},{"taxonomy":"product_tag","embeddable":true,"href":"https:\/\/mj-clothing.com\/sv\/wp-json\/wp\/v2\/product_tag?post=2008"}],"curies":[{"name":"wp","href":"https:\/\/api.w.org\/{rel}","templated":true}]}}