{"id":2010,"date":"2024-12-17T08:55:56","date_gmt":"2024-12-17T08:55:56","guid":{"rendered":"https:\/\/mj-clothing.com\/?post_type=product&#038;p=2010"},"modified":"2024-12-17T08:55:56","modified_gmt":"2024-12-17T08:55:56","slug":"black-long-wool-coat-womens","status":"publish","type":"product","link":"https:\/\/mj-clothing.com\/sv\/manufacturer\/black-long-wool-coat-womens\/","title":{"rendered":"Svart L\u00e5ng ullrock Dam"},"content":{"rendered":"<p data-sourcepos=\"1:1-1:191\">Black Long Wool Coat Women's \u00e4r en riktig garderobsf\u00f6rem\u00e5l f\u00f6r alla kvinnor. Det \u00e4r ett klassiskt plagg som kombinerar praktiska egenskaper, v\u00e4rme och tidl\u00f6s stil. H\u00e4r \u00e4r en uppdelning av vad som g\u00f6r dem s\u00e5 bra:<\/p>\n<h3 data-sourcepos=\"3:1-3:13\"><strong>Varf\u00f6r svart l\u00e5ng ullkappa damull?<\/strong><\/h3>\n<ul data-sourcepos=\"5:1-9:0\">\n<li data-sourcepos=\"5:1-5:116\"><strong><span class=\"citation-0 recitation\">V\u00e4rme:<\/span><\/strong><span class=\"citation-0 recitation citation-end-0\"> Ull \u00e4r en naturlig isolator som ger utm\u00e4rkt v\u00e4rme \u00e4ven i mycket kalla temperaturer.<\/span><span class=\"button-container hide-from-message-actions ng-star-inserted\"> \u00a0<\/span>\n<div class=\"container ng-tns-c2960411664-110 hide\">\n<div class=\"carousel-container ng-tns-c2960411664-110\"><\/div>\n<\/div>\n<\/li>\n<li data-sourcepos=\"6:1-6:114\"><strong><span class=\"citation-1 recitation\">H\u00e5llbarhet:<\/span><\/strong><span class=\"citation-1 recitation citation-end-1\"> Ullfibrerna \u00e4r starka och elastiska, vilket g\u00f6r att ullrockar \u00e4r slitstarka och har l\u00e5ng livsl\u00e4ngd.<\/span><span class=\"button-container hide-from-message-actions ng-star-inserted\"> \u00a0<\/span>\n<div class=\"container ng-tns-c2960411664-111 hide\">\n<div class=\"carousel-container ng-tns-c2960411664-111\"><\/div>\n<\/div>\n<\/li>\n<li data-sourcepos=\"7:1-7:130\"><strong><span class=\"citation-2 recitation\">Vattenbest\u00e4ndighet:<\/span><\/strong><span class=\"citation-2 recitation citation-end-2\"> Ull har naturligt vattenavvisande egenskaper som h\u00e5ller dig torr i l\u00e4tt regn eller sn\u00f6.<\/span><span class=\"button-container hide-from-message-actions ng-star-inserted\"> \u00a0<\/span>\n<div class=\"container ng-tns-c2960411664-112 hide\">\n<div class=\"carousel-container ng-tns-c2960411664-112\"><\/div>\n<\/div>\n<\/li>\n<li data-sourcepos=\"8:1-9:0\"><strong><span class=\"citation-3 recitation\">Andningsf\u00f6rm\u00e5ga:<\/span><\/strong><span class=\"citation-3 recitation citation-end-3\"> Ull andas, vilket bidrar till att reglera kroppstemperaturen och f\u00f6rhindra \u00f6verhettning.<\/span><span class=\"button-container hide-from-message-actions ng-star-inserted\">\u00a0 \u00a0<\/span>\n<div class=\"container ng-tns-c2960411664-113 hide\">\n<div class=\"carousel-container ng-tns-c2960411664-113\"><\/div>\n<\/div>\n<\/li>\n<\/ul>\n<h3 data-sourcepos=\"10:1-10:43\"><strong>Viktiga egenskaper hos aBlack Long Wool Coat Women's:<\/strong><\/h3>\n<ul data-sourcepos=\"12:1-23:0\">\n<li data-sourcepos=\"12:1-12:137\"><strong>L\u00e4ngd:<\/strong> Faller normalt under kn\u00e4t och ger maximal t\u00e4ckning och v\u00e4rme. Den h\u00e4r l\u00e4ngden \u00e4r ocks\u00e5 mycket smickrande och f\u00f6rl\u00e4ngande.<\/li>\n<li data-sourcepos=\"13:1-13:125\"><strong>F\u00e4rg:<\/strong> Svart \u00e4r otroligt m\u00e5ngsidigt och passar till allt. Det \u00e4r ett klassiskt val som aldrig kommer att bli omodernt.<\/li>\n<li data-sourcepos=\"14:1-18:62\"><strong>Klassiska stilar:<\/strong> Vanliga stilar inkluderar:\n<ul data-sourcepos=\"15:5-18:62\">\n<li data-sourcepos=\"15:5-15:89\"><strong>Enkelbr\u00f6stad:<\/strong> En tidl\u00f6s och m\u00e5ngsidig stil med en enda rad knappar.<\/li>\n<li data-sourcepos=\"16:5-16:102\"><strong>Dubbelkn\u00e4ppt:<\/strong> <span class=\"citation-4 recitation citation-end-4\">En mer formell och strukturerad stil med tv\u00e5 rader knappar.<\/span><span class=\"button-container hide-from-message-actions ng-star-inserted\">\u00a0<\/span>\n<div class=\"container ng-tns-c2960411664-114 hide\">\n<div class=\"carousel-container ng-tns-c2960411664-114\"><\/div>\n<\/div>\n<\/li>\n<li data-sourcepos=\"17:5-17:93\"><strong><span class=\"citation-5 recitation\">Omlottrock:<\/span><\/strong><span class=\"citation-5 recitation citation-end-5\"> En avslappnad och elegant stil som kan knytas med ett b\u00e4lte.<\/span><span class=\"button-container hide-from-message-actions ng-star-inserted\"> \u00a0<\/span>\n<div class=\"container ng-tns-c2960411664-115 hide\">\n<div class=\"carousel-container ng-tns-c2960411664-115\"><\/div>\n<\/div>\n<\/li>\n<li data-sourcepos=\"18:5-18:62\"><strong>Chesterfield:<\/strong> En formell stil med sammetskrage.<\/li>\n<\/ul>\n<\/li>\n<li data-sourcepos=\"19:1-23:0\"><strong>Alternativ f\u00f6r krage:<\/strong>\n<ul data-sourcepos=\"20:5-23:0\">\n<li data-sourcepos=\"20:5-20:69\"><strong><span class=\"citation-6 recitation\">Hakknapp p\u00e5 kavajslaget:<\/span><\/strong><span class=\"citation-6 recitation citation-end-6\"> En klassisk och m\u00e5ngsidig krage.<\/span><span class=\"button-container hide-from-message-actions ng-star-inserted\"> \u00a0<\/span>\n<div class=\"container ng-tns-c2960411664-116 hide\">\n<div class=\"carousel-container ng-tns-c2960411664-116\"><\/div>\n<\/div>\n<\/li>\n<li data-sourcepos=\"21:5-21:71\"><strong><span class=\"citation-7 recitation\">H\u00f6gre kavajslag:<\/span><\/strong><span class=\"citation-7 recitation citation-end-7\"> En mer formell och dramatisk krage.<\/span><span class=\"button-container hide-from-message-actions ng-star-inserted\"> \u00a0<\/span>\n<div class=\"container ng-tns-c2960411664-117 hide\">\n<div class=\"carousel-container ng-tns-c2960411664-117\"><\/div>\n<\/div>\n<\/li>\n<li data-sourcepos=\"22:5-23:0\"><strong>Uppst\u00e5ende krage:<\/strong> Ger extra v\u00e4rme runt halsen.<\/li>\n<\/ul>\n<\/li>\n<\/ul>\n<h3 data-sourcepos=\"24:1-24:58\"><strong>Saker att t\u00e4nka p\u00e5 n\u00e4r du k\u00f6per en svart l\u00e5ng ullrock dam:<\/strong><\/h3>\n<ul data-sourcepos=\"26:1-31:0\">\n<li data-sourcepos=\"26:1-26:101\"><strong>Ullkvalitet:<\/strong> Leta efter kappor tillverkade av h\u00f6gkvalitativ ull, t.ex. merinoull eller jungfruull.<\/li>\n<li data-sourcepos=\"27:1-27:75\"><strong>Foder:<\/strong> Ett bra foder g\u00f6r kappan varmare och mer slitstark.<\/li>\n<li data-sourcepos=\"28:1-28:99\"><strong>Passar:<\/strong> Se till att kappan sitter bra \u00f6ver axlarna och ger m\u00f6jlighet till bekv\u00e4ma lager p\u00e5 lager.<\/li>\n<li data-sourcepos=\"29:1-29:72\"><strong>Detaljer:<\/strong> T\u00e4nk p\u00e5 detaljer som fickor, knappar och b\u00e4ltesh\u00e4llor.<\/li>\n<li data-sourcepos=\"30:1-31:0\"><strong><span class=\"citation-8 recitation\">Pris:<\/span><\/strong><span class=\"citation-8 recitation citation-end-8\"> En ullrock av god kvalitet \u00e4r en investering, men den kommer att h\u00e5lla i m\u00e5nga \u00e5r.<\/span><span class=\"button-container hide-from-message-actions ng-star-inserted\">\u00a0 \u00a0<\/span>\n<div class=\"container ng-tns-c2960411664-118 hide\">\n<div class=\"carousel-container ng-tns-c2960411664-118\"><\/div>\n<\/div>\n<\/li>\n<\/ul>\n<h3 data-sourcepos=\"32:1-32:40\"><strong>Hur man stylar en svart l\u00e5ng ullrock Dam:<\/strong><\/h3>\n<ul data-sourcepos=\"34:1-37:0\">\n<li data-sourcepos=\"34:1-34:85\"><strong>Avslappnad:<\/strong> Kombinera den med jeans, en tr\u00f6ja och st\u00f6vlar f\u00f6r en klassisk vardagslook.<\/li>\n<li data-sourcepos=\"35:1-35:95\"><strong>Business Casual:<\/strong> B\u00e4r den \u00f6ver en blus och byxor eller en kjol f\u00f6r en professionell look.<\/li>\n<li data-sourcepos=\"36:1-37:0\"><strong>Kl\u00e4dsamt:<\/strong> L\u00e4gg den \u00f6ver en kl\u00e4nning eller aftonkl\u00e4nning f\u00f6r en sofistikerad look.<\/li>\n<\/ul>\n<p data-sourcepos=\"38:1-38:217\"><span class=\"citation-9 recitation citation-end-9\">En svart l\u00e5ng ullrock \u00e4r ett m\u00e5ngsidigt och viktigt plagg som kommer att h\u00e5lla dig varm och snygg under hela vinters\u00e4songen.<\/span> Det \u00e4r en v\u00e4rdefull investering som du kommer att kunna b\u00e4ra i m\u00e5nga \u00e5r fram\u00f6ver.<span class=\"button-container hide-from-message-actions ng-star-inserted\"> \u00a0 <\/span><\/p>","protected":false},"excerpt":{"rendered":"<table style=\"height: 647px;\" width=\"508\">\n<tbody>\n<tr>\n<td width=\"146\"><strong><b>Produkt<\/b><\/strong>\u00a0<strong><b>Namn:<\/b><\/strong><\/td>\n<td width=\"601\"><strong>Svart L\u00e5ng ullrock Dam<\/strong><\/td>\n<\/tr>\n<tr>\n<td width=\"146\"><strong><b>Materlal:<\/b><\/strong><\/td>\n<td width=\"601\">Stickning<\/td>\n<\/tr>\n<tr>\n<td width=\"146\"><strong><b>Teknik:<\/b><\/strong><\/td>\n<td width=\"601\">Broderad<\/td>\n<\/tr>\n<tr>\n<td width=\"146\"><strong><b>Stil:<\/b><\/strong><\/td>\n<td width=\"601\">Avslappnad<\/td>\n<\/tr>\n<tr>\n<td width=\"146\"><strong><b>F\u00e4rg<\/b><\/strong><strong><b>:<\/b><\/strong><\/td>\n<td width=\"601\">\u00a0Anpassade f\u00e4rger<\/td>\n<\/tr>\n<tr>\n<td width=\"146\"><strong><b>Storlek:<\/b><\/strong><\/td>\n<td width=\"601\">S \/M \/L \/XL \/2XL<\/td>\n<\/tr>\n<tr>\n<td width=\"146\"><strong><b>OEM\/ODM:<\/b><\/strong><\/td>\n<td width=\"601\">Godtagbar<\/td>\n<\/tr>\n<tr>\n<td width=\"146\"><strong><b>Kvalitet:<\/b><\/strong><\/td>\n<td width=\"601\">100% H\u00f6g kvalitet<\/td>\n<\/tr>\n<tr>\n<td width=\"146\"><strong><b>M<\/b><\/strong><strong><b>OQ:<\/b><\/strong><\/td>\n<td width=\"601\">200 st.<\/td>\n<\/tr>\n<\/tbody>\n<\/table>","protected":false},"featured_media":2011,"template":"","meta":[],"product_brand":[],"product_cat":[39],"product_tag":[],"class_list":{"0":"post-2010","1":"product","2":"type-product","3":"status-publish","4":"has-post-thumbnail","6":"product_cat-womens-clothing","8":"first","9":"instock","10":"shipping-taxable","11":"product-type-simple"},"_links":{"self":[{"href":"https:\/\/mj-clothing.com\/sv\/wp-json\/wp\/v2\/product\/2010","targetHints":{"allow":["GET"]}}],"collection":[{"href":"https:\/\/mj-clothing.com\/sv\/wp-json\/wp\/v2\/product"}],"about":[{"href":"https:\/\/mj-clothing.com\/sv\/wp-json\/wp\/v2\/types\/product"}],"wp:featuredmedia":[{"embeddable":true,"href":"https:\/\/mj-clothing.com\/sv\/wp-json\/wp\/v2\/media\/2011"}],"wp:attachment":[{"href":"https:\/\/mj-clothing.com\/sv\/wp-json\/wp\/v2\/media?parent=2010"}],"wp:term":[{"taxonomy":"product_brand","embeddable":true,"href":"https:\/\/mj-clothing.com\/sv\/wp-json\/wp\/v2\/product_brand?post=2010"},{"taxonomy":"product_cat","embeddable":true,"href":"https:\/\/mj-clothing.com\/sv\/wp-json\/wp\/v2\/product_cat?post=2010"},{"taxonomy":"product_tag","embeddable":true,"href":"https:\/\/mj-clothing.com\/sv\/wp-json\/wp\/v2\/product_tag?post=2010"}],"curies":[{"name":"wp","href":"https:\/\/api.w.org\/{rel}","templated":true}]}}